{"id":11082,"date":"2018-05-07T16:51:58","date_gmt":"2018-05-07T16:51:58","guid":{"rendered":"https:\/\/www.compatible-capsules.com\/a-beautiful-idea\/"},"modified":"2020-03-04T13:04:09","modified_gmt":"2020-03-04T13:04:09","slug":"eine-shone-idee","status":"publish","type":"page","link":"https:\/\/www.compatible-capsules.com\/de\/eine-shone-idee\/","title":{"rendered":"A Beautiful Idea"},"content":{"rendered":"[vc_row type=&#8220;in_container&#8220; full_screen_row_position=&#8220;middle&#8220; scene_position=&#8220;center&#8220; text_color=&#8220;dark&#8220; text_align=&#8220;left&#8220; top_padding=&#8220;40&#8243; overlay_strength=&#8220;0.3&#8243; shape_divider_position=&#8220;bottom&#8220; bg_image_animation=&#8220;none&#8220; shape_type=&#8220;&#8220;][vc_column column_padding=&#8220;no-extra-padding&#8220; column_padding_position=&#8220;all&#8220; background_color_opacity=&#8220;1&#8243; background_hover_color_opacity=&#8220;1&#8243; column_link_target=&#8220;_self&#8220; column_shadow=&#8220;none&#8220; column_border_radius=&#8220;none&#8220; width=&#8220;1\/1&#8243; tablet_width_inherit=&#8220;default&#8220; tablet_text_alignment=&#8220;default&#8220; phone_text_alignment=&#8220;default&#8220; column_border_width=&#8220;none&#8220; column_border_style=&#8220;solid&#8220; bg_image_animation=&#8220;none&#8220;][vc_column_text]\n<h3>ZWEI PATENTE, EINE KAPSEL, DIE EIN LEBEN LANG H\u00c4LT<\/h3>\n<p>Als wir mit einem M\u00fclleimer voller leerer Kaffeekapseln konfrontiert waren\u2014dazu bestimmt, unsere Umwelt zu be- und verschmutzen\u2014Ist uns die Idee einer technischen L\u00f6sung gekommen, die eine Kaffeepause in eine Bewusstseinstat verwandelt.<\/p>\n<p>Unsere Mission ist einfach:<strong> so viele Menschen wie m\u00f6glich auf die Risiken und Auswirkungen aufmerksam machen, die durch den \u201eWegwerf\u201c-Lebensstil entstehen.<\/strong><\/p>\n<p>So sind wir auf ein Produkt gekommen, dass lange h\u00e4lt, das auch sch\u00f6n anzusehen ist, leicht zu bedienen, schnell zu reinigen und immer wiederverwendbar ist.<\/p>\n<h3>EINE MIT LIEBE HERGESTELLTE KAPSEL<\/h3>\n<p>WayCap ist ein Designst\u00fcck, das sich harmonisch in Ihren Alltag einf\u00fcgt, mit Liebe hergestellt.<\/p>\n<p>WayCap ist Ihre <strong>biologische, kompatible und wiederverwendbare Kapsel<\/strong>, die mit Ihrem Lieblingskaffee bef\u00fcllt werden kann, damit Sie Ihren Tag genie\u00dfen. WayCap ist Ihr nachhaltiges Ritual, um der Welt zu zeigen, das sein wunderbares Produkt auch gut sein kann, gut f\u00fcr Sie und gut f\u00fcr die Umwelt.<\/p>\n<p>&nbsp;<\/p>\n<p style=\"text-align: center;\"><a class=\"nectar-button n-sc-button medium accent-color regular-button\"  href=\"https:\/\/www.compatible-capsules.com\/shop\/\" data-color-override=\"false\" data-hover-color-override=\"false\" data-hover-text-color-override=\"#fff\"><span>PROBIEREN SIE ES AUS!<\/span><\/a>\n[\/vc_column_text][\/vc_column][\/vc_row][vc_row type=&#8220;in_container&#8220; full_screen_row_position=&#8220;middle&#8220; scene_position=&#8220;center&#8220; text_color=&#8220;dark&#8220; text_align=&#8220;left&#8220; top_padding=&#8220;40&#8243; disable_element=&#8220;yes&#8220; overlay_strength=&#8220;0.3&#8243; shape_divider_position=&#8220;bottom&#8220; bg_image_animation=&#8220;none&#8220; shape_type=&#8220;&#8220;][vc_column column_padding=&#8220;no-extra-padding&#8220; column_padding_position=&#8220;all&#8220; background_color_opacity=&#8220;1&#8243; background_hover_color_opacity=&#8220;1&#8243; column_link_target=&#8220;_self&#8220; column_shadow=&#8220;none&#8220; column_border_radius=&#8220;none&#8220; width=&#8220;1\/1&#8243; tablet_width_inherit=&#8220;default&#8220; tablet_text_alignment=&#8220;default&#8220; phone_text_alignment=&#8220;default&#8220; column_border_width=&#8220;none&#8220; column_border_style=&#8220;solid&#8220; bg_image_animation=&#8220;none&#8220;][vc_column_text]\n<h3>ZWEI PATENTE, EINE KAPSEL, DIE EIN LEBEN LANG H\u00c4LT<\/h3>\n<p>Als wir mit einem M\u00fclleimer voller leerer Kaffeekapseln konfrontiert waren\u2014dazu bestimmt, unsere Umwelt zu be- und verschmutzen\u2014Ist uns die Idee einer technischen L\u00f6sung gekommen, die eine Kaffeepause in eine Bewusstseinstat verwandelt.<\/p>\n<p>Unsere Mission ist einfach:<strong> so viele Menschen wie m\u00f6glich auf die Risiken und Auswirkungen aufmerksam machen, die durch den \u201eWegwerf\u201c-Lebensstil entstehen.<\/strong><\/p>\n<p>So sind wir auf ein Produkt gekommen, dass lange h\u00e4lt, das auch sch\u00f6n anzusehen ist, leicht zu bedienen, schnell zu reinigen und immer wiederverwendbar ist.<\/p>\n<h3>EINE IN ITALIEN HERGESTELLTE KAPSEL<\/h3>\n<p>WayCap ist ein Designst\u00fcck, das sich harmonisch in Ihren Alltag einf\u00fcgt, in Italien mit Liebe hergestellt.<\/p>\n<p>WayCap ist Ihre <strong>biologische, kompatible und wiederverwendbare Kapsel<\/strong>, die mit Ihrem Lieblingskaffee bef\u00fcllt werden kann, damit Sie Ihren Tag genie\u00dfen. WayCap ist Ihr nachhaltiges Ritual, um der Welt zu zeigen, das sein wunderbares Produkt auch gut sein kann, gut f\u00fcr Sie und gut f\u00fcr die Umwelt.<\/p>\n<p>&nbsp;<\/p>\n<p style=\"text-align: center;\"><a class=\"nectar-button n-sc-button medium accent-color regular-button\"  href=\"https:\/\/www.compatible-capsules.com\/shop\/\" data-color-override=\"false\" data-hover-color-override=\"false\" data-hover-text-color-override=\"#fff\"><span>PROBIEREN SIE ES AUS!<\/span><\/a>\n[\/vc_column_text][\/vc_column][\/vc_row]\n","protected":false},"excerpt":{"rendered":"<p>[vc_row type=&#8220;in_container&#8220; full_screen_row_position=&#8220;middle&#8220; scene_position=&#8220;center&#8220; text_color=&#8220;dark&#8220; text_align=&#8220;left&#8220; top_padding=&#8220;40&#8243; overlay_strength=&#8220;0.3&#8243; shape_divider_position=&#8220;bottom&#8220; bg_image_animation=&#8220;none&#8220; shape_type=&#8220;&#8220;][vc_column column_padding=&#8220;no-extra-padding&#8220; column_padding_position=&#8220;all&#8220; background_color_opacity=&#8220;1&#8243; background_hover_color_opacity=&#8220;1&#8243; column_link_target=&#8220;_self&#8220; column_shadow=&#8220;none&#8220; column_border_radius=&#8220;none&#8220; width=&#8220;1\/1&#8243; tablet_width_inherit=&#8220;default&#8220; tablet_text_alignment=&#8220;default&#8220; phone_text_alignment=&#8220;default&#8220; column_border_width=&#8220;none&#8220; column_border_style=&#8220;solid&#8220; bg_image_animation=&#8220;none&#8220;][vc_column_text] ZWEI PATENTE, EINE KAPSEL, DIE&#8230;<\/p>\n","protected":false},"author":1,"featured_media":0,"parent":0,"menu_order":0,"comment_status":"closed","ping_status":"closed","template":"","meta":{"footnotes":""},"class_list":["post-11082","page","type-page","status-publish"],"yoast_head":"<!-- This site is optimized with the Yoast SEO plugin v26.0 - https:\/\/yoast.com\/wordpress\/plugins\/seo\/ -->\n<title>Eine sch\u00f6ne Idee - WayCap wiederbef\u00fcllbare Kapseln f\u00fcr das Nespresso-System<\/title>\n<meta name=\"description\" content=\"Zwei Patente, eine Kapsel, die ein Leben lang h\u00e4lt. Ein Produkt das lange h\u00e4lt, das sch\u00f6n anzusehen ist, leicht zu bedienen, schnell zu reinigen und immer wiederverwendbar.\" \/>\n<meta name=\"robots\" content=\"index, follow, max-snippet:-1, max-image-preview:large, max-video-preview:-1\" \/>\n<link rel=\"canonical\" href=\"https:\/\/www.compatible-capsules.com\/de\/eine-shone-idee\/\" \/>\n<meta property=\"og:locale\" content=\"de_DE\" \/>\n<meta property=\"og:type\" content=\"article\" \/>\n<meta property=\"og:title\" content=\"Eine sch\u00f6ne Idee - WayCap wiederbef\u00fcllbare Kapseln f\u00fcr das Nespresso-System\" \/>\n<meta property=\"og:description\" content=\"Zwei Patente, eine Kapsel, die ein Leben lang h\u00e4lt. Ein Produkt das lange h\u00e4lt, das sch\u00f6n anzusehen ist, leicht zu bedienen, schnell zu reinigen und immer wiederverwendbar.\" \/>\n<meta property=\"og:url\" content=\"https:\/\/www.compatible-capsules.com\/de\/eine-shone-idee\/\" \/>\n<meta property=\"og:site_name\" content=\"WayCap\" \/>\n<meta property=\"article:publisher\" content=\"https:\/\/www.facebook.com\/waycapcoffee\/\" \/>\n<meta property=\"article:modified_time\" content=\"2020-03-04T13:04:09+00:00\" \/>\n<meta name=\"twitter:card\" content=\"summary_large_image\" \/>\n<meta name=\"twitter:site\" content=\"@waycapcoffee\" \/>\n<meta name=\"twitter:label1\" content=\"Gesch\u00e4tzte Lesezeit\" \/>\n\t<meta name=\"twitter:data1\" content=\"3\u00a0Minuten\" \/>\n<script type=\"application\/ld+json\" class=\"yoast-schema-graph\">{\"@context\":\"https:\/\/schema.org\",\"@graph\":[{\"@type\":\"WebPage\",\"@id\":\"https:\/\/www.compatible-capsules.com\/de\/eine-shone-idee\/\",\"url\":\"https:\/\/www.compatible-capsules.com\/de\/eine-shone-idee\/\",\"name\":\"Eine sch\u00f6ne Idee - WayCap wiederbef\u00fcllbare Kapseln f\u00fcr das Nespresso-System\",\"isPartOf\":{\"@id\":\"https:\/\/www.compatible-capsules.com\/#website\"},\"datePublished\":\"2018-05-07T16:51:58+00:00\",\"dateModified\":\"2020-03-04T13:04:09+00:00\",\"description\":\"Zwei Patente, eine Kapsel, die ein Leben lang h\u00e4lt. Ein Produkt das lange h\u00e4lt, das sch\u00f6n anzusehen ist, leicht zu bedienen, schnell zu reinigen und immer wiederverwendbar.\",\"breadcrumb\":{\"@id\":\"https:\/\/www.compatible-capsules.com\/de\/eine-shone-idee\/#breadcrumb\"},\"inLanguage\":\"de\",\"potentialAction\":[{\"@type\":\"ReadAction\",\"target\":[\"https:\/\/www.compatible-capsules.com\/de\/eine-shone-idee\/\"]}]},{\"@type\":\"BreadcrumbList\",\"@id\":\"https:\/\/www.compatible-capsules.com\/de\/eine-shone-idee\/#breadcrumb\",\"itemListElement\":[{\"@type\":\"ListItem\",\"position\":1,\"name\":\"Home\",\"item\":\"https:\/\/www.compatible-capsules.com\/de\/\"},{\"@type\":\"ListItem\",\"position\":2,\"name\":\"A Beautiful Idea\"}]},{\"@type\":\"WebSite\",\"@id\":\"https:\/\/www.compatible-capsules.com\/#website\",\"url\":\"https:\/\/www.compatible-capsules.com\/\",\"name\":\"WayCap\",\"description\":\"Compatible Capsules for Nespresso Systems\",\"publisher\":{\"@id\":\"https:\/\/www.compatible-capsules.com\/#organization\"},\"potentialAction\":[{\"@type\":\"SearchAction\",\"target\":{\"@type\":\"EntryPoint\",\"urlTemplate\":\"https:\/\/www.compatible-capsules.com\/?s={search_term_string}\"},\"query-input\":{\"@type\":\"PropertyValueSpecification\",\"valueRequired\":true,\"valueName\":\"search_term_string\"}}],\"inLanguage\":\"de\"},{\"@type\":\"Organization\",\"@id\":\"https:\/\/www.compatible-capsules.com\/#organization\",\"name\":\"WAYCAP SRLS\",\"url\":\"https:\/\/www.compatible-capsules.com\/\",\"logo\":{\"@type\":\"ImageObject\",\"inLanguage\":\"de\",\"@id\":\"https:\/\/www.compatible-capsules.com\/#\/schema\/logo\/image\/\",\"url\":\"https:\/\/www.compatible-capsules.com\/wp-content\/uploads\/2015\/11\/logo_menu_200px.png\",\"contentUrl\":\"https:\/\/www.compatible-capsules.com\/wp-content\/uploads\/2015\/11\/logo_menu_200px.png\",\"width\":200,\"height\":200,\"caption\":\"WAYCAP SRLS\"},\"image\":{\"@id\":\"https:\/\/www.compatible-capsules.com\/#\/schema\/logo\/image\/\"},\"sameAs\":[\"https:\/\/www.facebook.com\/waycapcoffee\/\",\"https:\/\/x.com\/waycapcoffee\",\"https:\/\/www.youtube.com\/channel\/UCi6AsQOPaPIVku3lqfWf4Dg\"]}]}<\/script>\n<!-- \/ Yoast SEO plugin. -->","yoast_head_json":{"title":"Eine sch\u00f6ne Idee - WayCap wiederbef\u00fcllbare Kapseln f\u00fcr das Nespresso-System","description":"Zwei Patente, eine Kapsel, die ein Leben lang h\u00e4lt. Ein Produkt das lange h\u00e4lt, das sch\u00f6n anzusehen ist, leicht zu bedienen, schnell zu reinigen und immer wiederverwendbar.","robots":{"index":"index","follow":"follow","max-snippet":"max-snippet:-1","max-image-preview":"max-image-preview:large","max-video-preview":"max-video-preview:-1"},"canonical":"https:\/\/www.compatible-capsules.com\/de\/eine-shone-idee\/","og_locale":"de_DE","og_type":"article","og_title":"Eine sch\u00f6ne Idee - WayCap wiederbef\u00fcllbare Kapseln f\u00fcr das Nespresso-System","og_description":"Zwei Patente, eine Kapsel, die ein Leben lang h\u00e4lt. Ein Produkt das lange h\u00e4lt, das sch\u00f6n anzusehen ist, leicht zu bedienen, schnell zu reinigen und immer wiederverwendbar.","og_url":"https:\/\/www.compatible-capsules.com\/de\/eine-shone-idee\/","og_site_name":"WayCap","article_publisher":"https:\/\/www.facebook.com\/waycapcoffee\/","article_modified_time":"2020-03-04T13:04:09+00:00","twitter_card":"summary_large_image","twitter_site":"@waycapcoffee","twitter_misc":{"Gesch\u00e4tzte Lesezeit":"3\u00a0Minuten"},"schema":{"@context":"https:\/\/schema.org","@graph":[{"@type":"WebPage","@id":"https:\/\/www.compatible-capsules.com\/de\/eine-shone-idee\/","url":"https:\/\/www.compatible-capsules.com\/de\/eine-shone-idee\/","name":"Eine sch\u00f6ne Idee - WayCap wiederbef\u00fcllbare Kapseln f\u00fcr das Nespresso-System","isPartOf":{"@id":"https:\/\/www.compatible-capsules.com\/#website"},"datePublished":"2018-05-07T16:51:58+00:00","dateModified":"2020-03-04T13:04:09+00:00","description":"Zwei Patente, eine Kapsel, die ein Leben lang h\u00e4lt. Ein Produkt das lange h\u00e4lt, das sch\u00f6n anzusehen ist, leicht zu bedienen, schnell zu reinigen und immer wiederverwendbar.","breadcrumb":{"@id":"https:\/\/www.compatible-capsules.com\/de\/eine-shone-idee\/#breadcrumb"},"inLanguage":"de","potentialAction":[{"@type":"ReadAction","target":["https:\/\/www.compatible-capsules.com\/de\/eine-shone-idee\/"]}]},{"@type":"BreadcrumbList","@id":"https:\/\/www.compatible-capsules.com\/de\/eine-shone-idee\/#breadcrumb","itemListElement":[{"@type":"ListItem","position":1,"name":"Home","item":"https:\/\/www.compatible-capsules.com\/de\/"},{"@type":"ListItem","position":2,"name":"A Beautiful Idea"}]},{"@type":"WebSite","@id":"https:\/\/www.compatible-capsules.com\/#website","url":"https:\/\/www.compatible-capsules.com\/","name":"WayCap","description":"Compatible Capsules for Nespresso Systems","publisher":{"@id":"https:\/\/www.compatible-capsules.com\/#organization"},"potentialAction":[{"@type":"SearchAction","target":{"@type":"EntryPoint","urlTemplate":"https:\/\/www.compatible-capsules.com\/?s={search_term_string}"},"query-input":{"@type":"PropertyValueSpecification","valueRequired":true,"valueName":"search_term_string"}}],"inLanguage":"de"},{"@type":"Organization","@id":"https:\/\/www.compatible-capsules.com\/#organization","name":"WAYCAP SRLS","url":"https:\/\/www.compatible-capsules.com\/","logo":{"@type":"ImageObject","inLanguage":"de","@id":"https:\/\/www.compatible-capsules.com\/#\/schema\/logo\/image\/","url":"https:\/\/www.compatible-capsules.com\/wp-content\/uploads\/2015\/11\/logo_menu_200px.png","contentUrl":"https:\/\/www.compatible-capsules.com\/wp-content\/uploads\/2015\/11\/logo_menu_200px.png","width":200,"height":200,"caption":"WAYCAP SRLS"},"image":{"@id":"https:\/\/www.compatible-capsules.com\/#\/schema\/logo\/image\/"},"sameAs":["https:\/\/www.facebook.com\/waycapcoffee\/","https:\/\/x.com\/waycapcoffee","https:\/\/www.youtube.com\/channel\/UCi6AsQOPaPIVku3lqfWf4Dg"]}]}},"_links":{"self":[{"href":"https:\/\/www.compatible-capsules.com\/de\/wp-json\/wp\/v2\/pages\/11082","targetHints":{"allow":["GET"]}}],"collection":[{"href":"https:\/\/www.compatible-capsules.com\/de\/wp-json\/wp\/v2\/pages"}],"about":[{"href":"https:\/\/www.compatible-capsules.com\/de\/wp-json\/wp\/v2\/types\/page"}],"author":[{"embeddable":true,"href":"https:\/\/www.compatible-capsules.com\/de\/wp-json\/wp\/v2\/users\/1"}],"replies":[{"embeddable":true,"href":"https:\/\/www.compatible-capsules.com\/de\/wp-json\/wp\/v2\/comments?post=11082"}],"version-history":[{"count":4,"href":"https:\/\/www.compatible-capsules.com\/de\/wp-json\/wp\/v2\/pages\/11082\/revisions"}],"predecessor-version":[{"id":66924,"href":"https:\/\/www.compatible-capsules.com\/de\/wp-json\/wp\/v2\/pages\/11082\/revisions\/66924"}],"wp:attachment":[{"href":"https:\/\/www.compatible-capsules.com\/de\/wp-json\/wp\/v2\/media?parent=11082"}],"curies":[{"name":"wp","href":"https:\/\/api.w.org\/{rel}","templated":true}]}}