{"id":11107,"date":"2018-04-19T20:20:35","date_gmt":"2018-04-19T20:20:35","guid":{"rendered":"https:\/\/www.compatible-capsules.com\/the-original\/"},"modified":"2018-05-08T09:09:34","modified_gmt":"2018-05-08T09:09:34","slug":"das-original","status":"publish","type":"page","link":"https:\/\/www.compatible-capsules.com\/de\/das-original\/","title":{"rendered":"The Original"},"content":{"rendered":"[vc_row type=&#8220;in_container&#8220; full_screen_row_position=&#8220;middle&#8220; scene_position=&#8220;center&#8220; text_color=&#8220;dark&#8220; text_align=&#8220;left&#8220; top_padding=&#8220;40&#8243; overlay_strength=&#8220;0.3&#8243; shape_divider_position=&#8220;bottom&#8220; shape_type=&#8220;&#8220;][vc_column column_padding=&#8220;no-extra-padding&#8220; column_padding_position=&#8220;all&#8220; background_color_opacity=&#8220;1&#8243; background_hover_color_opacity=&#8220;1&#8243; column_shadow=&#8220;none&#8220; column_border_radius=&#8220;none&#8220; width=&#8220;1\/1&#8243; tablet_text_alignment=&#8220;default&#8220; phone_text_alignment=&#8220;default&#8220; column_border_width=&#8220;none&#8220; column_border_style=&#8220;solid&#8220;][vc_column_text]\n<h3>WIEDERBEF\u00dcLLBAR, WIEDERVERWENDBAR, SO OFT SIE WOLLEN<\/h3>\n<p>&nbsp;<\/p>\n<p>WayCap, die <strong>mit dem Nespresso-System compatible Kapsel<\/strong>, ist das Ergebnis der F\u00e4higkeiten und des EInfallsreichtums von Matteo, Davide und Matteo sowie deren Respekt f\u00fcr die Umwelt. Dieses Produkt hat sofort dank einer Crowdfunding-Kampagne weltweit 4.000 Unterst\u00fctzer gefunden. So kommt es zu Ihnen nach Hause.<br \/>\nEs gibt viele Gr\u00fcnde, sich daf\u00fcr zu entscheiden.[\/vc_column_text][\/vc_column][\/vc_row][vc_row type=&#8220;full_width_background&#8220; full_screen_row_position=&#8220;middle&#8220; bg_color=&#8220;#ffffff&#8220; scene_position=&#8220;center&#8220; text_color=&#8220;dark&#8220; text_align=&#8220;left&#8220; top_padding=&#8220;1%&#8220; bottom_padding=&#8220;10%&#8220; overlay_strength=&#8220;0.5&#8243; shape_divider_position=&#8220;bottom&#8220; shape_type=&#8220;&#8220;][vc_column column_padding=&#8220;no-extra-padding&#8220; column_padding_position=&#8220;all&#8220; background_color_opacity=&#8220;1&#8243; background_hover_color_opacity=&#8220;1&#8243; column_shadow=&#8220;none&#8220; column_border_radius=&#8220;none&#8220; width=&#8220;1\/1&#8243; tablet_text_alignment=&#8220;default&#8220; phone_text_alignment=&#8220;default&#8220; column_border_width=&#8220;none&#8220; column_border_style=&#8220;solid&#8220;][vc_row_inner column_margin=&#8220;default&#8220; top_padding=&#8220;20&#8243; text_align=&#8220;left&#8220;][vc_column_inner enable_animation=&#8220;true&#8220; animation=&#8220;fade-in-from-bottom&#8220; column_padding=&#8220;padding-3-percent&#8220; column_padding_position=&#8220;all&#8220; centered_text=&#8220;true&#8220; background_color_opacity=&#8220;1&#8243; background_hover_color_opacity=&#8220;1&#8243; column_shadow=&#8220;none&#8220; column_border_radius=&#8220;none&#8220; width=&#8220;1\/3&#8243; column_border_width=&#8220;none&#8220; column_border_style=&#8220;solid&#8220;][nectar_icon icon_family=&#8220;fontawesome&#8220; icon_style=&#8220;default&#8220; icon_color=&#8220;Accent-Color&#8220; icon_padding=&#8220;0px&#8220; url=&#8220;#&#8220; icon_fontawesome=&#8220;fa fa-recycle&#8220;][vc_column_text css_animation=&#8220;fadeInUp&#8220; css=&#8220;.vc_custom_1525770149288{margin-bottom: 15px !important;}&#8220;]\n<h4>Wiederverwendbar<\/h4>\n[\/vc_column_text][vc_custom_heading text=&#8220;Es ist eine wiederbef\u00fcllbare Kapsel mit einem patentierten Design, damit Sie Kaffee machen k\u00f6nnen, der so cremig und gut wie der eines Profis ist.<br \/>\n&#8220; font_container=&#8220;tag:p|text_align:justify|color:rgba(10%2C10%2C10%2C0.65)&#8220; use_theme_fonts=&#8220;yes&#8220; css_animation=&#8220;fadeInUp&#8220;][\/vc_column_inner][vc_column_inner enable_animation=&#8220;true&#8220; animation=&#8220;fade-in-from-bottom&#8220; column_padding=&#8220;padding-3-percent&#8220; column_padding_position=&#8220;all&#8220; centered_text=&#8220;true&#8220; background_color_opacity=&#8220;1&#8243; background_hover_color_opacity=&#8220;1&#8243; column_shadow=&#8220;none&#8220; column_border_radius=&#8220;none&#8220; width=&#8220;1\/3&#8243; column_border_width=&#8220;none&#8220; column_border_style=&#8220;solid&#8220;][nectar_icon icon_family=&#8220;fontawesome&#8220; icon_style=&#8220;default&#8220; icon_color=&#8220;Accent-Color&#8220; icon_padding=&#8220;0px&#8220; url=&#8220;#&#8220; icon_fontawesome=&#8220;fa fa-lightbulb-o&#8220;][vc_column_text css_animation=&#8220;fadeInUp&#8220; css=&#8220;.vc_custom_1525770181421{margin-bottom: 15px !important;}&#8220;]\n<h4>Entworfen und hergestellt in Italien<\/h4>\n[\/vc_column_text][vc_custom_heading text=&#8220;Sie wurde in Turin in Italien konzipiert und hergestellt. Es wurde das Beste aus dem K\u00f6nnen lokaler Handwerker geholt. Hergestellt mit zertifizierten Qualit\u00e4tsmaterialien.<br \/>\n&#8220; font_container=&#8220;tag:p|text_align:justify|color:rgba(10%2C10%2C10%2C0.65)&#8220; use_theme_fonts=&#8220;yes&#8220; css_animation=&#8220;fadeInUp&#8220;][\/vc_column_inner][vc_column_inner enable_animation=&#8220;true&#8220; animation=&#8220;fade-in-from-bottom&#8220; column_padding=&#8220;padding-3-percent&#8220; column_padding_position=&#8220;all&#8220; centered_text=&#8220;true&#8220; background_color_opacity=&#8220;1&#8243; background_hover_color_opacity=&#8220;1&#8243; column_shadow=&#8220;none&#8220; column_border_radius=&#8220;none&#8220; width=&#8220;1\/3&#8243; column_border_width=&#8220;none&#8220; column_border_style=&#8220;solid&#8220;][nectar_icon icon_family=&#8220;fontawesome&#8220; icon_style=&#8220;default&#8220; icon_color=&#8220;Accent-Color&#8220; icon_padding=&#8220;0px&#8220; url=&#8220;#&#8220; icon_fontawesome=&#8220;fa fa-leaf&#8220;][vc_column_text css_animation=&#8220;fadeInUp&#8220; css=&#8220;.vc_custom_1525770212358{margin-bottom: 15px !important;}&#8220;]\n<h4>\u00d6koligisch<\/h4>\n[\/vc_column_text][vc_custom_heading text=&#8220;Es ist eine M\u00f6glichkeit etwas Gutes f\u00fcr die Umwelt zu tun und sie nicht zu verschmutzen. Eine M\u00f6glichkeit, einen Unterschied zu machen und Abfall zu reduzieren, obwohl man lediglich Kaffee trinkt.&#8220; font_container=&#8220;tag:p|text_align:justify|color:rgba(10%2C10%2C10%2C0.65)&#8220; use_theme_fonts=&#8220;yes&#8220; css_animation=&#8220;fadeInUp&#8220;][\/vc_column_inner][\/vc_row_inner][vc_row_inner column_margin=&#8220;default&#8220; top_padding=&#8220;20&#8243; text_align=&#8220;left&#8220;][vc_column_inner enable_animation=&#8220;true&#8220; animation=&#8220;fade-in-from-bottom&#8220; column_padding=&#8220;padding-3-percent&#8220; column_padding_position=&#8220;all&#8220; centered_text=&#8220;true&#8220; background_color_opacity=&#8220;1&#8243; background_hover_color_opacity=&#8220;1&#8243; column_shadow=&#8220;none&#8220; column_border_radius=&#8220;none&#8220; width=&#8220;1\/3&#8243; column_border_width=&#8220;none&#8220; column_border_style=&#8220;solid&#8220;][nectar_icon icon_family=&#8220;fontawesome&#8220; icon_style=&#8220;default&#8220; icon_color=&#8220;Accent-Color&#8220; icon_padding=&#8220;0px&#8220; url=&#8220;#&#8220; icon_fontawesome=&#8220;fa fa-coffee&#8220;][vc_column_text css_animation=&#8220;fadeInUp&#8220; css=&#8220;.vc_custom_1525770240184{margin-bottom: 15px !important;}&#8220;]\n<h4>Sie entscheiden<\/h4>\n[\/vc_column_text][vc_custom_heading text=&#8220;Bei WayCap bestimmen Sie die Qualit\u00e4t Ihres Kaffees. Sie wissen, wo der Kaffee herkommt, weil Sie die Kapsel selbst bef\u00fcllen und Ihr Lieblingsaroma ausw\u00e4hlen k\u00f6nnen.<br \/>\n&#8220; font_container=&#8220;tag:p|text_align:justify|color:rgba(10%2C10%2C10%2C0.65)&#8220; use_theme_fonts=&#8220;yes&#8220; css_animation=&#8220;fadeInUp&#8220;][\/vc_column_inner][vc_column_inner enable_animation=&#8220;true&#8220; animation=&#8220;fade-in-from-bottom&#8220; column_padding=&#8220;padding-3-percent&#8220; column_padding_position=&#8220;all&#8220; centered_text=&#8220;true&#8220; background_color_opacity=&#8220;1&#8243; background_hover_color_opacity=&#8220;1&#8243; column_shadow=&#8220;none&#8220; column_border_radius=&#8220;none&#8220; width=&#8220;1\/3&#8243; column_border_width=&#8220;none&#8220; column_border_style=&#8220;solid&#8220;][nectar_icon icon_family=&#8220;fontawesome&#8220; icon_style=&#8220;default&#8220; icon_color=&#8220;Accent-Color&#8220; icon_padding=&#8220;0px&#8220; url=&#8220;#&#8220; icon_fontawesome=&#8220;fa fa-usd&#8220;][vc_column_text css_animation=&#8220;fadeInUp&#8220; css=&#8220;.vc_custom_1525770274666{margin-bottom: 15px !important;}&#8220;]\n<h4>Sie sparen<\/h4>\n[\/vc_column_text][vc_custom_heading text=&#8220;Sie sparen durch die Nutzung eines Gegenstands, der praktisch, funktional und einfach zu pflegen ist.&#8220; font_container=&#8220;tag:p|text_align:justify|color:rgba(10%2C10%2C10%2C0.65)&#8220; use_theme_fonts=&#8220;yes&#8220; css_animation=&#8220;fadeInUp&#8220;][\/vc_column_inner][vc_column_inner enable_animation=&#8220;true&#8220; animation=&#8220;fade-in-from-bottom&#8220; column_padding=&#8220;padding-3-percent&#8220; column_padding_position=&#8220;all&#8220; centered_text=&#8220;true&#8220; background_color_opacity=&#8220;1&#8243; background_hover_color_opacity=&#8220;1&#8243; column_shadow=&#8220;none&#8220; column_border_radius=&#8220;none&#8220; width=&#8220;1\/3&#8243; column_border_width=&#8220;none&#8220; column_border_style=&#8220;solid&#8220;][nectar_icon icon_family=&#8220;fontawesome&#8220; icon_style=&#8220;default&#8220; icon_color=&#8220;Accent-Color&#8220; icon_padding=&#8220;0px&#8220; url=&#8220;#&#8220; icon_fontawesome=&#8220;fa fa-pencil&#8220;][vc_column_text css_animation=&#8220;fadeInUp&#8220; css=&#8220;.vc_custom_1525770304765{margin-bottom: 15px !important;}&#8220;]\n<h4>Originales Design<\/h4>\n[\/vc_column_text][vc_custom_heading text=&#8220;Sie entscheiden sich jeden Tag f\u00fcr die umweltfreundliche Alternative dank eines Produkts mit originalem, einzigartigem Kaffee. Sie trinken Kaffee auf eine Weise, die Sie achtsamer macht.&#8220; font_container=&#8220;tag:p|text_align:justify|color:rgba(10%2C10%2C10%2C0.65)&#8220; use_theme_fonts=&#8220;yes&#8220; css_animation=&#8220;fadeInUp&#8220;][\/vc_column_inner][\/vc_row_inner][\/vc_column][\/vc_row]\n","protected":false},"excerpt":{"rendered":"<p>[vc_row type=&#8220;in_container&#8220; full_screen_row_position=&#8220;middle&#8220; scene_position=&#8220;center&#8220; text_color=&#8220;dark&#8220; text_align=&#8220;left&#8220; top_padding=&#8220;40&#8243; overlay_strength=&#8220;0.3&#8243; shape_divider_position=&#8220;bottom&#8220; shape_type=&#8220;&#8220;][vc_column column_padding=&#8220;no-extra-padding&#8220; column_padding_position=&#8220;all&#8220; background_color_opacity=&#8220;1&#8243; background_hover_color_opacity=&#8220;1&#8243; column_shadow=&#8220;none&#8220; column_border_radius=&#8220;none&#8220; width=&#8220;1\/1&#8243; tablet_text_alignment=&#8220;default&#8220; phone_text_alignment=&#8220;default&#8220; column_border_width=&#8220;none&#8220; column_border_style=&#8220;solid&#8220;][vc_column_text] WIEDERBEF\u00dcLLBAR, WIEDERVERWENDBAR, SO OFT SIE WOLLEN &nbsp; WayCap, die&#8230;<\/p>\n","protected":false},"author":1,"featured_media":0,"parent":0,"menu_order":0,"comment_status":"closed","ping_status":"closed","template":"","meta":{"footnotes":""},"class_list":["post-11107","page","type-page","status-publish"],"yoast_head":"<!-- This site is optimized with the Yoast SEO plugin v26.0 - https:\/\/yoast.com\/wordpress\/plugins\/seo\/ -->\n<title>WayCap \u2013 Das originale Gute f\u00fcr Sie und die Umwelt<\/title>\n<meta name=\"description\" content=\"WayCap, die mit dem Nespresso-System kompatible Kapsel. Es gibt so viele Gr\u00fcnde, sich f\u00fcr sie zu entscheiden. Wiederverwendbar, konzipiert und hergestellt in Italien. \u00d6kologisch, Sie entscheiden, Sie Sparen, originales Design.\" \/>\n<meta name=\"robots\" content=\"index, follow, max-snippet:-1, max-image-preview:large, max-video-preview:-1\" \/>\n<link rel=\"canonical\" href=\"https:\/\/www.compatible-capsules.com\/de\/das-original\/\" \/>\n<meta property=\"og:locale\" content=\"de_DE\" \/>\n<meta property=\"og:type\" content=\"article\" \/>\n<meta property=\"og:title\" content=\"WayCap \u2013 Das originale Gute f\u00fcr Sie und die Umwelt\" \/>\n<meta property=\"og:description\" content=\"WayCap, die mit dem Nespresso-System kompatible Kapsel. Es gibt so viele Gr\u00fcnde, sich f\u00fcr sie zu entscheiden. Wiederverwendbar, konzipiert und hergestellt in Italien. \u00d6kologisch, Sie entscheiden, Sie Sparen, originales Design.\" \/>\n<meta property=\"og:url\" content=\"https:\/\/www.compatible-capsules.com\/de\/das-original\/\" \/>\n<meta property=\"og:site_name\" content=\"WayCap\" \/>\n<meta property=\"article:publisher\" content=\"https:\/\/www.facebook.com\/waycapcoffee\/\" \/>\n<meta property=\"article:modified_time\" content=\"2018-05-08T09:09:34+00:00\" \/>\n<meta name=\"twitter:card\" content=\"summary_large_image\" \/>\n<meta name=\"twitter:site\" content=\"@waycapcoffee\" \/>\n<meta name=\"twitter:label1\" content=\"Gesch\u00e4tzte Lesezeit\" \/>\n\t<meta name=\"twitter:data1\" content=\"5\u00a0Minuten\" \/>\n<script type=\"application\/ld+json\" class=\"yoast-schema-graph\">{\"@context\":\"https:\/\/schema.org\",\"@graph\":[{\"@type\":\"WebPage\",\"@id\":\"https:\/\/www.compatible-capsules.com\/de\/das-original\/\",\"url\":\"https:\/\/www.compatible-capsules.com\/de\/das-original\/\",\"name\":\"WayCap \u2013 Das originale Gute f\u00fcr Sie und die Umwelt\",\"isPartOf\":{\"@id\":\"https:\/\/www.compatible-capsules.com\/#website\"},\"datePublished\":\"2018-04-19T20:20:35+00:00\",\"dateModified\":\"2018-05-08T09:09:34+00:00\",\"description\":\"WayCap, die mit dem Nespresso-System kompatible Kapsel. Es gibt so viele Gr\u00fcnde, sich f\u00fcr sie zu entscheiden. Wiederverwendbar, konzipiert und hergestellt in Italien. \u00d6kologisch, Sie entscheiden, Sie Sparen, originales Design.\",\"breadcrumb\":{\"@id\":\"https:\/\/www.compatible-capsules.com\/de\/das-original\/#breadcrumb\"},\"inLanguage\":\"de\",\"potentialAction\":[{\"@type\":\"ReadAction\",\"target\":[\"https:\/\/www.compatible-capsules.com\/de\/das-original\/\"]}]},{\"@type\":\"BreadcrumbList\",\"@id\":\"https:\/\/www.compatible-capsules.com\/de\/das-original\/#breadcrumb\",\"itemListElement\":[{\"@type\":\"ListItem\",\"position\":1,\"name\":\"Home\",\"item\":\"https:\/\/www.compatible-capsules.com\/de\/\"},{\"@type\":\"ListItem\",\"position\":2,\"name\":\"The Original\"}]},{\"@type\":\"WebSite\",\"@id\":\"https:\/\/www.compatible-capsules.com\/#website\",\"url\":\"https:\/\/www.compatible-capsules.com\/\",\"name\":\"WayCap\",\"description\":\"Compatible Capsules for Nespresso Systems\",\"publisher\":{\"@id\":\"https:\/\/www.compatible-capsules.com\/#organization\"},\"potentialAction\":[{\"@type\":\"SearchAction\",\"target\":{\"@type\":\"EntryPoint\",\"urlTemplate\":\"https:\/\/www.compatible-capsules.com\/?s={search_term_string}\"},\"query-input\":{\"@type\":\"PropertyValueSpecification\",\"valueRequired\":true,\"valueName\":\"search_term_string\"}}],\"inLanguage\":\"de\"},{\"@type\":\"Organization\",\"@id\":\"https:\/\/www.compatible-capsules.com\/#organization\",\"name\":\"WAYCAP SRLS\",\"url\":\"https:\/\/www.compatible-capsules.com\/\",\"logo\":{\"@type\":\"ImageObject\",\"inLanguage\":\"de\",\"@id\":\"https:\/\/www.compatible-capsules.com\/#\/schema\/logo\/image\/\",\"url\":\"https:\/\/www.compatible-capsules.com\/wp-content\/uploads\/2015\/11\/logo_menu_200px.png\",\"contentUrl\":\"https:\/\/www.compatible-capsules.com\/wp-content\/uploads\/2015\/11\/logo_menu_200px.png\",\"width\":200,\"height\":200,\"caption\":\"WAYCAP SRLS\"},\"image\":{\"@id\":\"https:\/\/www.compatible-capsules.com\/#\/schema\/logo\/image\/\"},\"sameAs\":[\"https:\/\/www.facebook.com\/waycapcoffee\/\",\"https:\/\/x.com\/waycapcoffee\",\"https:\/\/www.youtube.com\/channel\/UCi6AsQOPaPIVku3lqfWf4Dg\"]}]}<\/script>\n<!-- \/ Yoast SEO plugin. -->","yoast_head_json":{"title":"WayCap \u2013 Das originale Gute f\u00fcr Sie und die Umwelt","description":"WayCap, die mit dem Nespresso-System kompatible Kapsel. Es gibt so viele Gr\u00fcnde, sich f\u00fcr sie zu entscheiden. Wiederverwendbar, konzipiert und hergestellt in Italien. \u00d6kologisch, Sie entscheiden, Sie Sparen, originales Design.","robots":{"index":"index","follow":"follow","max-snippet":"max-snippet:-1","max-image-preview":"max-image-preview:large","max-video-preview":"max-video-preview:-1"},"canonical":"https:\/\/www.compatible-capsules.com\/de\/das-original\/","og_locale":"de_DE","og_type":"article","og_title":"WayCap \u2013 Das originale Gute f\u00fcr Sie und die Umwelt","og_description":"WayCap, die mit dem Nespresso-System kompatible Kapsel. Es gibt so viele Gr\u00fcnde, sich f\u00fcr sie zu entscheiden. Wiederverwendbar, konzipiert und hergestellt in Italien. \u00d6kologisch, Sie entscheiden, Sie Sparen, originales Design.","og_url":"https:\/\/www.compatible-capsules.com\/de\/das-original\/","og_site_name":"WayCap","article_publisher":"https:\/\/www.facebook.com\/waycapcoffee\/","article_modified_time":"2018-05-08T09:09:34+00:00","twitter_card":"summary_large_image","twitter_site":"@waycapcoffee","twitter_misc":{"Gesch\u00e4tzte Lesezeit":"5\u00a0Minuten"},"schema":{"@context":"https:\/\/schema.org","@graph":[{"@type":"WebPage","@id":"https:\/\/www.compatible-capsules.com\/de\/das-original\/","url":"https:\/\/www.compatible-capsules.com\/de\/das-original\/","name":"WayCap \u2013 Das originale Gute f\u00fcr Sie und die Umwelt","isPartOf":{"@id":"https:\/\/www.compatible-capsules.com\/#website"},"datePublished":"2018-04-19T20:20:35+00:00","dateModified":"2018-05-08T09:09:34+00:00","description":"WayCap, die mit dem Nespresso-System kompatible Kapsel. Es gibt so viele Gr\u00fcnde, sich f\u00fcr sie zu entscheiden. Wiederverwendbar, konzipiert und hergestellt in Italien. \u00d6kologisch, Sie entscheiden, Sie Sparen, originales Design.","breadcrumb":{"@id":"https:\/\/www.compatible-capsules.com\/de\/das-original\/#breadcrumb"},"inLanguage":"de","potentialAction":[{"@type":"ReadAction","target":["https:\/\/www.compatible-capsules.com\/de\/das-original\/"]}]},{"@type":"BreadcrumbList","@id":"https:\/\/www.compatible-capsules.com\/de\/das-original\/#breadcrumb","itemListElement":[{"@type":"ListItem","position":1,"name":"Home","item":"https:\/\/www.compatible-capsules.com\/de\/"},{"@type":"ListItem","position":2,"name":"The Original"}]},{"@type":"WebSite","@id":"https:\/\/www.compatible-capsules.com\/#website","url":"https:\/\/www.compatible-capsules.com\/","name":"WayCap","description":"Compatible Capsules for Nespresso Systems","publisher":{"@id":"https:\/\/www.compatible-capsules.com\/#organization"},"potentialAction":[{"@type":"SearchAction","target":{"@type":"EntryPoint","urlTemplate":"https:\/\/www.compatible-capsules.com\/?s={search_term_string}"},"query-input":{"@type":"PropertyValueSpecification","valueRequired":true,"valueName":"search_term_string"}}],"inLanguage":"de"},{"@type":"Organization","@id":"https:\/\/www.compatible-capsules.com\/#organization","name":"WAYCAP SRLS","url":"https:\/\/www.compatible-capsules.com\/","logo":{"@type":"ImageObject","inLanguage":"de","@id":"https:\/\/www.compatible-capsules.com\/#\/schema\/logo\/image\/","url":"https:\/\/www.compatible-capsules.com\/wp-content\/uploads\/2015\/11\/logo_menu_200px.png","contentUrl":"https:\/\/www.compatible-capsules.com\/wp-content\/uploads\/2015\/11\/logo_menu_200px.png","width":200,"height":200,"caption":"WAYCAP SRLS"},"image":{"@id":"https:\/\/www.compatible-capsules.com\/#\/schema\/logo\/image\/"},"sameAs":["https:\/\/www.facebook.com\/waycapcoffee\/","https:\/\/x.com\/waycapcoffee","https:\/\/www.youtube.com\/channel\/UCi6AsQOPaPIVku3lqfWf4Dg"]}]}},"_links":{"self":[{"href":"https:\/\/www.compatible-capsules.com\/de\/wp-json\/wp\/v2\/pages\/11107","targetHints":{"allow":["GET"]}}],"collection":[{"href":"https:\/\/www.compatible-capsules.com\/de\/wp-json\/wp\/v2\/pages"}],"about":[{"href":"https:\/\/www.compatible-capsules.com\/de\/wp-json\/wp\/v2\/types\/page"}],"author":[{"embeddable":true,"href":"https:\/\/www.compatible-capsules.com\/de\/wp-json\/wp\/v2\/users\/1"}],"replies":[{"embeddable":true,"href":"https:\/\/www.compatible-capsules.com\/de\/wp-json\/wp\/v2\/comments?post=11107"}],"version-history":[{"count":3,"href":"https:\/\/www.compatible-capsules.com\/de\/wp-json\/wp\/v2\/pages\/11107\/revisions"}],"predecessor-version":[{"id":11113,"href":"https:\/\/www.compatible-capsules.com\/de\/wp-json\/wp\/v2\/pages\/11107\/revisions\/11113"}],"wp:attachment":[{"href":"https:\/\/www.compatible-capsules.com\/de\/wp-json\/wp\/v2\/media?parent=11107"}],"curies":[{"name":"wp","href":"https:\/\/api.w.org\/{rel}","templated":true}]}}