{"id":11125,"date":"2018-04-23T13:29:01","date_gmt":"2018-04-23T13:29:01","guid":{"rendered":"https:\/\/www.compatible-capsules.com\/tips-pressure\/"},"modified":"2018-10-10T13:03:38","modified_gmt":"2018-10-10T13:03:38","slug":"tipss-wie-viel-druck","status":"publish","type":"page","link":"https:\/\/www.compatible-capsules.com\/de\/tipss-wie-viel-druck\/","title":{"rendered":"Tips &#8211; Pressure"},"content":{"rendered":"[vc_row type=&#8220;in_container&#8220; full_screen_row_position=&#8220;middle&#8220; scene_position=&#8220;center&#8220; text_color=&#8220;dark&#8220; text_align=&#8220;left&#8220; top_padding=&#8220;40&#8243; overlay_strength=&#8220;0.3&#8243; shape_divider_position=&#8220;bottom&#8220; shape_type=&#8220;&#8220;][vc_column column_padding=&#8220;no-extra-padding&#8220; column_padding_position=&#8220;all&#8220; background_color_opacity=&#8220;1&#8243; background_hover_color_opacity=&#8220;1&#8243; column_link_target=&#8220;_self&#8220; column_shadow=&#8220;none&#8220; column_border_radius=&#8220;none&#8220; width=&#8220;1\/1&#8243; tablet_width_inherit=&#8220;default&#8220; tablet_text_alignment=&#8220;default&#8220; phone_text_alignment=&#8220;default&#8220; column_border_width=&#8220;none&#8220; column_border_style=&#8220;solid&#8220;][vc_column_text]\n<h3>EIN BARISTA-TRICK<\/h3>\n<p>Der mit dem Stampfer angewandte Druck bei der Bef\u00fcllung spielt eine sehr wichtige Rolle beim Herstellen eines guten Kaffee, wie es uns die besten Baristas sagen. Wussten Sie, dass der Geschmack des Kaffees vom von Ihnen aufgebrachten Druck abh\u00e4ngt?<\/p>\n<p>Unsere Empfehlung ist, damit herumzuprobieren, bis Sie das richtige Gleichgewicht f\u00fcr sich finden und den Kaffee in der Kapsel nicht zu sehr zu stampfen, besonders wenn Sie eine Espressomischung nutzen, die fein gemahlen ist.<\/p>\n<p>Mit den austauschbaren Filtern und dem richtigen Druck wird Ihr Kaffee st\u00e4rker oder schw\u00e4cher. Wenn die Mischung fein gemahlen ist, ist es besser, einen Filter mit mehr Schlitzen zu verwenden. Wenn sie gr\u00f6ber gemahlen ist, ist der Filter mit weniger Schlitzen besser. Wir haben ein Video gemacht, um Ihnen zu helfen:<\/p>\n[\/vc_column_text][\/vc_column][\/vc_row][vc_row type=&#8220;in_container&#8220; full_screen_row_position=&#8220;middle&#8220; scene_position=&#8220;center&#8220; text_color=&#8220;dark&#8220; text_align=&#8220;left&#8220; overlay_strength=&#8220;0.3&#8243; shape_divider_position=&#8220;bottom&#8220;][vc_column column_padding=&#8220;no-extra-padding&#8220; column_padding_position=&#8220;all&#8220; background_color_opacity=&#8220;1&#8243; background_hover_color_opacity=&#8220;1&#8243; column_link_target=&#8220;_self&#8220; column_shadow=&#8220;none&#8220; column_border_radius=&#8220;none&#8220; width=&#8220;1\/6&#8243; tablet_width_inherit=&#8220;default&#8220; tablet_text_alignment=&#8220;default&#8220; phone_text_alignment=&#8220;default&#8220; column_border_width=&#8220;none&#8220; column_border_style=&#8220;solid&#8220;][\/vc_column][vc_column column_padding=&#8220;no-extra-padding&#8220; column_padding_position=&#8220;all&#8220; background_color_opacity=&#8220;1&#8243; background_hover_color_opacity=&#8220;1&#8243; column_link_target=&#8220;_self&#8220; column_shadow=&#8220;none&#8220; column_border_radius=&#8220;none&#8220; width=&#8220;2\/3&#8243; tablet_width_inherit=&#8220;default&#8220; tablet_text_alignment=&#8220;default&#8220; phone_text_alignment=&#8220;default&#8220; column_border_width=&#8220;none&#8220; column_border_style=&#8220;solid&#8220;][vc_raw_html]JTNDaWZyYW1lJTIwd2lkdGglM0QlMjI1NjAlMjIlMjBoZWlnaHQlM0QlMjIzMTUlMjIlMjBzcmMlM0QlMjJodHRwcyUzQSUyRiUyRnd3dy55b3V0dWJlLmNvbSUyRmVtYmVkJTJGdldSYjdUbWFHSFElM0ZyZWwlM0QwJTI2YW1wJTNCY29udHJvbHMlM0QwJTI2YW1wJTNCc2hvd2luZm8lM0QwJTIyJTIwZnJhbWVib3JkZXIlM0QlMjIwJTIyJTIwYWxsb3clM0QlMjJhdXRvcGxheSUzQiUyMGVuY3J5cHRlZC1tZWRpYSUyMiUyMGFsbG93ZnVsbHNjcmVlbiUzRSUzQyUyRmlmcmFtZSUzRQ==[\/vc_raw_html][\/vc_column][vc_column column_padding=&#8220;no-extra-padding&#8220; column_padding_position=&#8220;all&#8220; background_color_opacity=&#8220;1&#8243; background_hover_color_opacity=&#8220;1&#8243; column_link_target=&#8220;_self&#8220; column_shadow=&#8220;none&#8220; column_border_radius=&#8220;none&#8220; width=&#8220;1\/6&#8243; tablet_width_inherit=&#8220;default&#8220; tablet_text_alignment=&#8220;default&#8220; phone_text_alignment=&#8220;default&#8220; column_border_width=&#8220;none&#8220; column_border_style=&#8220;solid&#8220;][\/vc_column][\/vc_row][vc_row type=&#8220;in_container&#8220; full_screen_row_position=&#8220;middle&#8220; scene_position=&#8220;center&#8220; text_color=&#8220;dark&#8220; text_align=&#8220;left&#8220; overlay_strength=&#8220;0.3&#8243; shape_divider_position=&#8220;bottom&#8220;][vc_column column_padding=&#8220;no-extra-padding&#8220; column_padding_position=&#8220;all&#8220; background_color_opacity=&#8220;1&#8243; background_hover_color_opacity=&#8220;1&#8243; column_link_target=&#8220;_self&#8220; column_shadow=&#8220;none&#8220; column_border_radius=&#8220;none&#8220; width=&#8220;1\/1&#8243; tablet_width_inherit=&#8220;default&#8220; tablet_text_alignment=&#8220;default&#8220; phone_text_alignment=&#8220;default&#8220; column_border_width=&#8220;none&#8220; column_border_style=&#8220;solid&#8220;][vc_column_text]Fangen Sie mit einem leichten Druck an und erh\u00f6hen Sie ihn dann abh\u00e4ngig vom Ergebnis. Es gibt keinen absolut perfekten Druck. es h\u00e4ngt vom Mahlgrad ab, der von Kaffee zu Kaffee.<\/p>\n<p>Nach ein paar einfachen Tests werden Sie das perfekte Gleichgewicht finden. Wir zeigen Ihnen, wie das geht, in <a href=\"https:\/\/www.youtube.com\/channel\/UCi6AsQOPaPIVku3lqfWf4Dg\">diesen Videos<\/a> auf unserem YouTube-Kanal.[\/vc_column_text][\/vc_column][\/vc_row]\n","protected":false},"excerpt":{"rendered":"<p>[vc_row type=&#8220;in_container&#8220; full_screen_row_position=&#8220;middle&#8220; scene_position=&#8220;center&#8220; text_color=&#8220;dark&#8220; text_align=&#8220;left&#8220; top_padding=&#8220;40&#8243; overlay_strength=&#8220;0.3&#8243; shape_divider_position=&#8220;bottom&#8220; shape_type=&#8220;&#8220;][vc_column column_padding=&#8220;no-extra-padding&#8220; column_padding_position=&#8220;all&#8220; background_color_opacity=&#8220;1&#8243; background_hover_color_opacity=&#8220;1&#8243; column_link_target=&#8220;_self&#8220; column_shadow=&#8220;none&#8220; column_border_radius=&#8220;none&#8220; width=&#8220;1\/1&#8243; tablet_width_inherit=&#8220;default&#8220; tablet_text_alignment=&#8220;default&#8220; phone_text_alignment=&#8220;default&#8220; column_border_width=&#8220;none&#8220; column_border_style=&#8220;solid&#8220;][vc_column_text] EIN BARISTA-TRICK Der mit dem Stampfer angewandte&#8230;<\/p>\n","protected":false},"author":1,"featured_media":0,"parent":0,"menu_order":0,"comment_status":"closed","ping_status":"closed","template":"","meta":{"footnotes":""},"class_list":["post-11125","page","type-page","status-publish"],"yoast_head":"<!-- This site is optimized with the Yoast SEO plugin v26.0 - https:\/\/yoast.com\/wordpress\/plugins\/seo\/ -->\n<title>Tipps - Wie viel Druck mit dem Stampfer - WayCap<\/title>\n<meta name=\"description\" content=\"Der mit dem Stampfer bei der Bef\u00fcllung aufgebrachte Druck spielt eine wichtige Rolle bei der Herstellung eines guten Kaffees, wie es uns die besten Baristas sagen. Wussten Sie, dass der Geschmack des Kaffees vom von Ihnen aufgebrachten Druck abh\u00e4ngt?\" \/>\n<meta name=\"robots\" content=\"index, follow, max-snippet:-1, max-image-preview:large, max-video-preview:-1\" \/>\n<link rel=\"canonical\" href=\"https:\/\/www.compatible-capsules.com\/de\/tipss-wie-viel-druck\/\" \/>\n<meta property=\"og:locale\" content=\"de_DE\" \/>\n<meta property=\"og:type\" content=\"article\" \/>\n<meta property=\"og:title\" content=\"Tipps - Wie viel Druck mit dem Stampfer - WayCap\" \/>\n<meta property=\"og:description\" content=\"Der mit dem Stampfer bei der Bef\u00fcllung aufgebrachte Druck spielt eine wichtige Rolle bei der Herstellung eines guten Kaffees, wie es uns die besten Baristas sagen. Wussten Sie, dass der Geschmack des Kaffees vom von Ihnen aufgebrachten Druck abh\u00e4ngt?\" \/>\n<meta property=\"og:url\" content=\"https:\/\/www.compatible-capsules.com\/de\/tipss-wie-viel-druck\/\" \/>\n<meta property=\"og:site_name\" content=\"WayCap\" \/>\n<meta property=\"article:publisher\" content=\"https:\/\/www.facebook.com\/waycapcoffee\/\" \/>\n<meta property=\"article:modified_time\" content=\"2018-10-10T13:03:38+00:00\" \/>\n<meta name=\"twitter:card\" content=\"summary_large_image\" \/>\n<meta name=\"twitter:site\" content=\"@waycapcoffee\" \/>\n<meta name=\"twitter:label1\" content=\"Gesch\u00e4tzte Lesezeit\" \/>\n\t<meta name=\"twitter:data1\" content=\"3\u00a0Minuten\" \/>\n<script type=\"application\/ld+json\" class=\"yoast-schema-graph\">{\"@context\":\"https:\/\/schema.org\",\"@graph\":[{\"@type\":\"WebPage\",\"@id\":\"https:\/\/www.compatible-capsules.com\/de\/tipss-wie-viel-druck\/\",\"url\":\"https:\/\/www.compatible-capsules.com\/de\/tipss-wie-viel-druck\/\",\"name\":\"Tipps - Wie viel Druck mit dem Stampfer - WayCap\",\"isPartOf\":{\"@id\":\"https:\/\/www.compatible-capsules.com\/#website\"},\"datePublished\":\"2018-04-23T13:29:01+00:00\",\"dateModified\":\"2018-10-10T13:03:38+00:00\",\"description\":\"Der mit dem Stampfer bei der Bef\u00fcllung aufgebrachte Druck spielt eine wichtige Rolle bei der Herstellung eines guten Kaffees, wie es uns die besten Baristas sagen. Wussten Sie, dass der Geschmack des Kaffees vom von Ihnen aufgebrachten Druck abh\u00e4ngt?\",\"breadcrumb\":{\"@id\":\"https:\/\/www.compatible-capsules.com\/de\/tipss-wie-viel-druck\/#breadcrumb\"},\"inLanguage\":\"de\",\"potentialAction\":[{\"@type\":\"ReadAction\",\"target\":[\"https:\/\/www.compatible-capsules.com\/de\/tipss-wie-viel-druck\/\"]}]},{\"@type\":\"BreadcrumbList\",\"@id\":\"https:\/\/www.compatible-capsules.com\/de\/tipss-wie-viel-druck\/#breadcrumb\",\"itemListElement\":[{\"@type\":\"ListItem\",\"position\":1,\"name\":\"Home\",\"item\":\"https:\/\/www.compatible-capsules.com\/de\/\"},{\"@type\":\"ListItem\",\"position\":2,\"name\":\"Tips &#8211; Pressure\"}]},{\"@type\":\"WebSite\",\"@id\":\"https:\/\/www.compatible-capsules.com\/#website\",\"url\":\"https:\/\/www.compatible-capsules.com\/\",\"name\":\"WayCap\",\"description\":\"Compatible Capsules for Nespresso Systems\",\"publisher\":{\"@id\":\"https:\/\/www.compatible-capsules.com\/#organization\"},\"potentialAction\":[{\"@type\":\"SearchAction\",\"target\":{\"@type\":\"EntryPoint\",\"urlTemplate\":\"https:\/\/www.compatible-capsules.com\/?s={search_term_string}\"},\"query-input\":{\"@type\":\"PropertyValueSpecification\",\"valueRequired\":true,\"valueName\":\"search_term_string\"}}],\"inLanguage\":\"de\"},{\"@type\":\"Organization\",\"@id\":\"https:\/\/www.compatible-capsules.com\/#organization\",\"name\":\"WAYCAP SRLS\",\"url\":\"https:\/\/www.compatible-capsules.com\/\",\"logo\":{\"@type\":\"ImageObject\",\"inLanguage\":\"de\",\"@id\":\"https:\/\/www.compatible-capsules.com\/#\/schema\/logo\/image\/\",\"url\":\"https:\/\/www.compatible-capsules.com\/wp-content\/uploads\/2015\/11\/logo_menu_200px.png\",\"contentUrl\":\"https:\/\/www.compatible-capsules.com\/wp-content\/uploads\/2015\/11\/logo_menu_200px.png\",\"width\":200,\"height\":200,\"caption\":\"WAYCAP SRLS\"},\"image\":{\"@id\":\"https:\/\/www.compatible-capsules.com\/#\/schema\/logo\/image\/\"},\"sameAs\":[\"https:\/\/www.facebook.com\/waycapcoffee\/\",\"https:\/\/x.com\/waycapcoffee\",\"https:\/\/www.youtube.com\/channel\/UCi6AsQOPaPIVku3lqfWf4Dg\"]}]}<\/script>\n<!-- \/ Yoast SEO plugin. -->","yoast_head_json":{"title":"Tipps - Wie viel Druck mit dem Stampfer - WayCap","description":"Der mit dem Stampfer bei der Bef\u00fcllung aufgebrachte Druck spielt eine wichtige Rolle bei der Herstellung eines guten Kaffees, wie es uns die besten Baristas sagen. Wussten Sie, dass der Geschmack des Kaffees vom von Ihnen aufgebrachten Druck abh\u00e4ngt?","robots":{"index":"index","follow":"follow","max-snippet":"max-snippet:-1","max-image-preview":"max-image-preview:large","max-video-preview":"max-video-preview:-1"},"canonical":"https:\/\/www.compatible-capsules.com\/de\/tipss-wie-viel-druck\/","og_locale":"de_DE","og_type":"article","og_title":"Tipps - Wie viel Druck mit dem Stampfer - WayCap","og_description":"Der mit dem Stampfer bei der Bef\u00fcllung aufgebrachte Druck spielt eine wichtige Rolle bei der Herstellung eines guten Kaffees, wie es uns die besten Baristas sagen. Wussten Sie, dass der Geschmack des Kaffees vom von Ihnen aufgebrachten Druck abh\u00e4ngt?","og_url":"https:\/\/www.compatible-capsules.com\/de\/tipss-wie-viel-druck\/","og_site_name":"WayCap","article_publisher":"https:\/\/www.facebook.com\/waycapcoffee\/","article_modified_time":"2018-10-10T13:03:38+00:00","twitter_card":"summary_large_image","twitter_site":"@waycapcoffee","twitter_misc":{"Gesch\u00e4tzte Lesezeit":"3\u00a0Minuten"},"schema":{"@context":"https:\/\/schema.org","@graph":[{"@type":"WebPage","@id":"https:\/\/www.compatible-capsules.com\/de\/tipss-wie-viel-druck\/","url":"https:\/\/www.compatible-capsules.com\/de\/tipss-wie-viel-druck\/","name":"Tipps - Wie viel Druck mit dem Stampfer - WayCap","isPartOf":{"@id":"https:\/\/www.compatible-capsules.com\/#website"},"datePublished":"2018-04-23T13:29:01+00:00","dateModified":"2018-10-10T13:03:38+00:00","description":"Der mit dem Stampfer bei der Bef\u00fcllung aufgebrachte Druck spielt eine wichtige Rolle bei der Herstellung eines guten Kaffees, wie es uns die besten Baristas sagen. Wussten Sie, dass der Geschmack des Kaffees vom von Ihnen aufgebrachten Druck abh\u00e4ngt?","breadcrumb":{"@id":"https:\/\/www.compatible-capsules.com\/de\/tipss-wie-viel-druck\/#breadcrumb"},"inLanguage":"de","potentialAction":[{"@type":"ReadAction","target":["https:\/\/www.compatible-capsules.com\/de\/tipss-wie-viel-druck\/"]}]},{"@type":"BreadcrumbList","@id":"https:\/\/www.compatible-capsules.com\/de\/tipss-wie-viel-druck\/#breadcrumb","itemListElement":[{"@type":"ListItem","position":1,"name":"Home","item":"https:\/\/www.compatible-capsules.com\/de\/"},{"@type":"ListItem","position":2,"name":"Tips &#8211; Pressure"}]},{"@type":"WebSite","@id":"https:\/\/www.compatible-capsules.com\/#website","url":"https:\/\/www.compatible-capsules.com\/","name":"WayCap","description":"Compatible Capsules for Nespresso Systems","publisher":{"@id":"https:\/\/www.compatible-capsules.com\/#organization"},"potentialAction":[{"@type":"SearchAction","target":{"@type":"EntryPoint","urlTemplate":"https:\/\/www.compatible-capsules.com\/?s={search_term_string}"},"query-input":{"@type":"PropertyValueSpecification","valueRequired":true,"valueName":"search_term_string"}}],"inLanguage":"de"},{"@type":"Organization","@id":"https:\/\/www.compatible-capsules.com\/#organization","name":"WAYCAP SRLS","url":"https:\/\/www.compatible-capsules.com\/","logo":{"@type":"ImageObject","inLanguage":"de","@id":"https:\/\/www.compatible-capsules.com\/#\/schema\/logo\/image\/","url":"https:\/\/www.compatible-capsules.com\/wp-content\/uploads\/2015\/11\/logo_menu_200px.png","contentUrl":"https:\/\/www.compatible-capsules.com\/wp-content\/uploads\/2015\/11\/logo_menu_200px.png","width":200,"height":200,"caption":"WAYCAP SRLS"},"image":{"@id":"https:\/\/www.compatible-capsules.com\/#\/schema\/logo\/image\/"},"sameAs":["https:\/\/www.facebook.com\/waycapcoffee\/","https:\/\/x.com\/waycapcoffee","https:\/\/www.youtube.com\/channel\/UCi6AsQOPaPIVku3lqfWf4Dg"]}]}},"_links":{"self":[{"href":"https:\/\/www.compatible-capsules.com\/de\/wp-json\/wp\/v2\/pages\/11125","targetHints":{"allow":["GET"]}}],"collection":[{"href":"https:\/\/www.compatible-capsules.com\/de\/wp-json\/wp\/v2\/pages"}],"about":[{"href":"https:\/\/www.compatible-capsules.com\/de\/wp-json\/wp\/v2\/types\/page"}],"author":[{"embeddable":true,"href":"https:\/\/www.compatible-capsules.com\/de\/wp-json\/wp\/v2\/users\/1"}],"replies":[{"embeddable":true,"href":"https:\/\/www.compatible-capsules.com\/de\/wp-json\/wp\/v2\/comments?post=11125"}],"version-history":[{"count":3,"href":"https:\/\/www.compatible-capsules.com\/de\/wp-json\/wp\/v2\/pages\/11125\/revisions"}],"predecessor-version":[{"id":13513,"href":"https:\/\/www.compatible-capsules.com\/de\/wp-json\/wp\/v2\/pages\/11125\/revisions\/13513"}],"wp:attachment":[{"href":"https:\/\/www.compatible-capsules.com\/de\/wp-json\/wp\/v2\/media?parent=11125"}],"curies":[{"name":"wp","href":"https:\/\/api.w.org\/{rel}","templated":true}]}}