{"id":11128,"date":"2016-02-02T12:35:10","date_gmt":"2016-02-02T12:35:10","guid":{"rendered":"https:\/\/www.compatible-capsules.com\/nespresso-machines\/"},"modified":"2018-05-08T10:09:16","modified_gmt":"2018-05-08T10:09:16","slug":"nespresso-machinen","status":"publish","type":"page","link":"https:\/\/www.compatible-capsules.com\/de\/nespresso-machinen\/","title":{"rendered":"Nespresso Machines"},"content":{"rendered":"[vc_row type=&#8220;in_container&#8220; full_screen_row_position=&#8220;middle&#8220; scene_position=&#8220;center&#8220; text_color=&#8220;dark&#8220; text_align=&#8220;left&#8220; overlay_strength=&#8220;0.3&#8243; shape_divider_position=&#8220;bottom&#8220;][vc_column column_padding=&#8220;padding-2-percent&#8220; column_padding_position=&#8220;top&#8220; background_color_opacity=&#8220;1&#8243; background_hover_color_opacity=&#8220;1&#8243; column_shadow=&#8220;none&#8220; column_border_radius=&#8220;none&#8220; width=&#8220;1\/1&#8243; tablet_text_alignment=&#8220;default&#8220; phone_text_alignment=&#8220;default&#8220; column_border_width=&#8220;none&#8220; column_border_style=&#8220;solid&#8220;][vc_column_text]\n<h2 style=\"text-align: center;\">SCHAUEN SIE SICH ALLE KOMPATIBILIT\u00c4TS-VIDEOS AN<\/h2>\n<p>&nbsp;<\/p>\n<p>Wiederbef\u00fcllbare und wiederverwendbare Kapseln von WayCap sind kompatibel mit den folgenden Nespresso-Maschinen: Essenza(*), Essenza Mini, Inissia, Pixie, Citiz, Citiz Milk, U, U Milk, Lattissima, Lattissima Touch, Expert, Prodigio, Creatista, Maestria, Gran Maestria, Kitchen Aid.<\/p>\n<p>(*) einige alte Essenza-Modelle sind evetuell nicht vollst\u00e4ndig kompatibel. Bitte kontaktieren Sie uns vor der Bestellung<\/p>\n[\/vc_column_text][\/vc_column][\/vc_row][vc_row type=&#8220;full_width_background&#8220; full_screen_row_position=&#8220;middle&#8220; bg_color=&#8220;rgba(255,255,255,0.01)&#8220; scene_position=&#8220;center&#8220; text_color=&#8220;light&#8220; text_align=&#8220;center&#8220; disable_element=&#8220;yes&#8220; overlay_strength=&#8220;0.3&#8243; shape_divider_position=&#8220;bottom&#8220; shape_type=&#8220;&#8220;][vc_column centered_text=&#8220;true&#8220; column_padding=&#8220;no-extra-padding&#8220; column_padding_position=&#8220;all&#8220; background_color=&#8220;#000000&#8243; background_color_opacity=&#8220;0.1&#8243; background_color_hover=&#8220;#000000&#8243; background_hover_color_opacity=&#8220;0.3&#8243; background_image=&#8220;6380&#8243; enable_bg_scale=&#8220;true&#8220; column_shadow=&#8220;none&#8220; column_border_radius=&#8220;none&#8220; width=&#8220;1\/3&#8243; tablet_text_alignment=&#8220;default&#8220; phone_text_alignment=&#8220;default&#8220; column_border_width=&#8220;none&#8220; column_border_style=&#8220;solid&#8220;][vc_column_text]\n<h3 style=\"text-align: center;\"><strong>[divider line_type=&#8220;No Line&#8220; custom_height=&#8220;250&#8243;]<\/strong><\/h3>\n<h3 style=\"text-align: center;\"><\/h3>\n[\/vc_column_text][nectar_video_lightbox link_style=&#8220;play_button&#8220; video_url=&#8220;https:\/\/www.youtube.com\/watch?v=LzpP9LWHLWY&#8220;][divider line_type=&#8220;No Line&#8220; custom_height=&#8220;200&#8243;][vc_column_text css=&#8220;.vc_custom_1457462524202{background-color: rgba(0,0,0,0.2) !important;*background-color: rgb(0,0,0) !important;}&#8220;]\n<h3 style=\"text-align: center;\"><strong>PIXIE<\/strong><\/h3>\n<p style=\"text-align: center;\">Watch the Compatibility<\/p>\n[\/vc_column_text][\/vc_column][vc_column centered_text=&#8220;true&#8220; column_padding=&#8220;no-extra-padding&#8220; column_padding_position=&#8220;all&#8220; background_color=&#8220;#000000&#8243; background_color_opacity=&#8220;0.1&#8243; background_color_hover=&#8220;#000000&#8243; background_hover_color_opacity=&#8220;0.3&#8243; background_image=&#8220;6379&#8243; enable_bg_scale=&#8220;true&#8220; column_shadow=&#8220;none&#8220; column_border_radius=&#8220;none&#8220; width=&#8220;1\/3&#8243; tablet_text_alignment=&#8220;default&#8220; phone_text_alignment=&#8220;default&#8220; column_border_width=&#8220;none&#8220; column_border_style=&#8220;solid&#8220;][vc_column_text]\n<h3 style=\"text-align: center;\"><strong>[divider line_type=&#8220;No Line&#8220; custom_height=&#8220;250&#8243;]<\/strong><\/h3>\n<h3 style=\"text-align: center;\"><\/h3>\n[\/vc_column_text][nectar_video_lightbox link_style=&#8220;play_button&#8220; video_url=&#8220;https:\/\/www.youtube.com\/watch?v=hn6kO1yclo8&#8243;][divider line_type=&#8220;No Line&#8220; custom_height=&#8220;200&#8243;][vc_column_text css=&#8220;.vc_custom_1457462542932{background-color: rgba(0,0,0,0.2) !important;*background-color: rgb(0,0,0) !important;}&#8220;]\n<h3 style=\"text-align: center;\"><strong>INISSIA<\/strong><\/h3>\n<p style=\"text-align: center;\">Watch the Compatibility<\/p>\n[\/vc_column_text][\/vc_column][vc_column centered_text=&#8220;true&#8220; column_padding=&#8220;no-extra-padding&#8220; column_padding_position=&#8220;all&#8220; background_color=&#8220;#000000&#8243; background_color_opacity=&#8220;0.1&#8243; background_color_hover=&#8220;#000000&#8243; background_hover_color_opacity=&#8220;0.3&#8243; background_image=&#8220;6378&#8243; enable_bg_scale=&#8220;true&#8220; column_shadow=&#8220;none&#8220; column_border_radius=&#8220;none&#8220; width=&#8220;1\/3&#8243; tablet_text_alignment=&#8220;default&#8220; phone_text_alignment=&#8220;default&#8220; column_border_width=&#8220;none&#8220; column_border_style=&#8220;solid&#8220;][vc_column_text]\n<h3 style=\"text-align: center;\"><strong>[divider line_type=&#8220;No Line&#8220; custom_height=&#8220;250&#8243;]<\/strong><\/h3>\n<h3 style=\"text-align: center;\"><\/h3>\n[\/vc_column_text][nectar_video_lightbox link_style=&#8220;play_button&#8220; video_url=&#8220;https:\/\/www.youtube.com\/watch?v=DOIudRoMcrg&#8220;][divider line_type=&#8220;No Line&#8220; custom_height=&#8220;200&#8243;][vc_column_text css=&#8220;.vc_custom_1457462552280{background-color: rgba(0,0,0,0.2) !important;*background-color: rgb(0,0,0) !important;}&#8220;]\n<h3 style=\"text-align: center;\"><strong>ESSENZA<\/strong><\/h3>\n<p style=\"text-align: center;\">Watch the Compatibility<\/p>\n[\/vc_column_text][\/vc_column][\/vc_row][vc_row type=&#8220;full_width_background&#8220; full_screen_row_position=&#8220;middle&#8220; bg_color=&#8220;rgba(255,255,255,0.01)&#8220; scene_position=&#8220;center&#8220; text_color=&#8220;light&#8220; text_align=&#8220;center&#8220; top_padding=&#8220;2%&#8220; disable_element=&#8220;yes&#8220; overlay_strength=&#8220;0.3&#8243; shape_divider_position=&#8220;bottom&#8220; shape_type=&#8220;&#8220;][vc_column centered_text=&#8220;true&#8220; column_padding=&#8220;no-extra-padding&#8220; column_padding_position=&#8220;all&#8220; background_color=&#8220;#000000&#8243; background_color_opacity=&#8220;0.1&#8243; background_color_hover=&#8220;#000000&#8243; background_hover_color_opacity=&#8220;0.3&#8243; background_image=&#8220;6948&#8243; enable_bg_scale=&#8220;true&#8220; column_shadow=&#8220;none&#8220; column_border_radius=&#8220;none&#8220; width=&#8220;1\/3&#8243; tablet_text_alignment=&#8220;default&#8220; phone_text_alignment=&#8220;default&#8220; column_border_width=&#8220;none&#8220; column_border_style=&#8220;solid&#8220;][vc_column_text]\n<h3 style=\"text-align: center;\"><strong>[divider line_type=&#8220;No Line&#8220; custom_height=&#8220;250&#8243;]<\/strong><\/h3>\n<h3 style=\"text-align: center;\"><\/h3>\n[\/vc_column_text][nectar_video_lightbox link_style=&#8220;play_button&#8220; video_url=&#8220;https:\/\/www.youtube.com\/watch?v=qQmEl4FvIgw&#8220;][divider line_type=&#8220;No Line&#8220; custom_height=&#8220;200&#8243;][vc_column_text css=&#8220;.vc_custom_1457462563788{background-color: rgba(0,0,0,0.2) !important;*background-color: rgb(0,0,0) !important;}&#8220;]\n<h3 style=\"text-align: center;\"><strong>LATTISSIMA<\/strong><\/h3>\n<p style=\"text-align: center;\">Watch the Compatibility<\/p>\n[\/vc_column_text][\/vc_column][vc_column centered_text=&#8220;true&#8220; column_padding=&#8220;no-extra-padding&#8220; column_padding_position=&#8220;all&#8220; background_color=&#8220;#000000&#8243; background_color_opacity=&#8220;0.1&#8243; background_color_hover=&#8220;#000000&#8243; background_hover_color_opacity=&#8220;0.3&#8243; background_image=&#8220;6952&#8243; enable_bg_scale=&#8220;true&#8220; column_shadow=&#8220;none&#8220; column_border_radius=&#8220;none&#8220; width=&#8220;1\/3&#8243; tablet_text_alignment=&#8220;default&#8220; phone_text_alignment=&#8220;default&#8220; column_border_width=&#8220;none&#8220; column_border_style=&#8220;solid&#8220;][vc_column_text]\n<h3 style=\"text-align: center;\"><strong>[divider line_type=&#8220;No Line&#8220; custom_height=&#8220;250&#8243;]<\/strong><\/h3>\n<h3 style=\"text-align: center;\"><\/h3>\n[\/vc_column_text][nectar_video_lightbox link_style=&#8220;play_button&#8220; video_url=&#8220;https:\/\/www.youtube.com\/watch?v=AdY2tR2r4EE&#8220;][divider line_type=&#8220;No Line&#8220; custom_height=&#8220;200&#8243;][vc_column_text css=&#8220;.vc_custom_1457462572868{background-color: rgba(0,0,0,0.2) !important;*background-color: rgb(0,0,0) !important;}&#8220;]\n<h3 style=\"text-align: center;\"><strong>U<\/strong><\/h3>\n<p style=\"text-align: center;\">Watch the Compatibility<\/p>\n[\/vc_column_text][\/vc_column][vc_column centered_text=&#8220;true&#8220; column_padding=&#8220;no-extra-padding&#8220; column_padding_position=&#8220;all&#8220; background_color=&#8220;#000000&#8243; background_color_opacity=&#8220;0.1&#8243; background_color_hover=&#8220;#000000&#8243; background_hover_color_opacity=&#8220;0.3&#8243; background_image=&#8220;6377&#8243; enable_bg_scale=&#8220;true&#8220; column_shadow=&#8220;none&#8220; column_border_radius=&#8220;none&#8220; width=&#8220;1\/3&#8243; tablet_text_alignment=&#8220;default&#8220; phone_text_alignment=&#8220;default&#8220; column_border_width=&#8220;none&#8220; column_border_style=&#8220;solid&#8220;][vc_column_text]\n<h3 style=\"text-align: center;\"><strong>[divider line_type=&#8220;No Line&#8220; custom_height=&#8220;250&#8243;]<\/strong><\/h3>\n<h3 style=\"text-align: center;\"><\/h3>\n[\/vc_column_text][nectar_video_lightbox link_style=&#8220;play_button&#8220; video_url=&#8220;https:\/\/www.youtube.com\/watch?v=Orgh7_paxHE&#8220;][divider line_type=&#8220;No Line&#8220; custom_height=&#8220;200&#8243;][vc_column_text css=&#8220;.vc_custom_1457462581508{background-color: rgba(0,0,0,0.2) !important;*background-color: rgb(0,0,0) !important;}&#8220;]\n<h3 style=\"text-align: center;\"><strong>CITIZ<\/strong><\/h3>\n<p style=\"text-align: center;\">Watch the Compatibility<\/p>\n[\/vc_column_text][\/vc_column][\/vc_row][vc_row type=&#8220;in_container&#8220; full_screen_row_position=&#8220;middle&#8220; scene_position=&#8220;center&#8220; text_color=&#8220;dark&#8220; text_align=&#8220;left&#8220; overlay_strength=&#8220;0.3&#8243; shape_divider_position=&#8220;bottom&#8220;][vc_column column_padding=&#8220;no-extra-padding&#8220; column_padding_position=&#8220;all&#8220; background_color_opacity=&#8220;1&#8243; background_hover_color_opacity=&#8220;1&#8243; column_shadow=&#8220;none&#8220; column_border_radius=&#8220;none&#8220; width=&#8220;1\/2&#8243; tablet_text_alignment=&#8220;default&#8220; phone_text_alignment=&#8220;default&#8220; column_border_width=&#8220;none&#8220; column_border_style=&#8220;solid&#8220;][vc_raw_html]JTNDaWZyYW1lJTIwd2lkdGglM0QlMjI1NjAlMjIlMjBoZWlnaHQlM0QlMjIzMTUlMjIlMjBzcmMlM0QlMjJodHRwcyUzQSUyRiUyRnd3dy55b3V0dWJlLmNvbSUyRmVtYmVkJTJGRE9JdWRSb01jcmclM0ZyZWwlM0QwJTI2YW1wJTNCc2hvd2luZm8lM0QwJTIyJTIwZnJhbWVib3JkZXIlM0QlMjIwJTIyJTIwYWxsb3clM0QlMjJhdXRvcGxheSUzQiUyMGVuY3J5cHRlZC1tZWRpYSUyMiUyMGFsbG93ZnVsbHNjcmVlbiUzRSUzQyUyRmlmcmFtZSUzRQ==[\/vc_raw_html][heading]\n<p style=\"text-align: center;\">Testing the Compatibility with Essenza(*) Nespresso Machines<\/p>\n[\/heading][vc_raw_html]JTNDaWZyYW1lJTIwd2lkdGglM0QlMjI1NjAlMjIlMjBoZWlnaHQlM0QlMjIzMTUlMjIlMjBzcmMlM0QlMjJodHRwcyUzQSUyRiUyRnd3dy55b3V0dWJlLmNvbSUyRmVtYmVkJTJGaG42a08xeWNsbzglM0ZyZWwlM0QwJTI2YW1wJTNCc2hvd2luZm8lM0QwJTIyJTIwZnJhbWVib3JkZXIlM0QlMjIwJTIyJTIwYWxsb3clM0QlMjJhdXRvcGxheSUzQiUyMGVuY3J5cHRlZC1tZWRpYSUyMiUyMGFsbG93ZnVsbHNjcmVlbiUzRSUzQyUyRmlmcmFtZSUzRQ==[\/vc_raw_html][heading]\n<p style=\"text-align: center;\">Testing the Compatibility with Inissia Nespresso Machines<\/p>\n[\/heading][vc_raw_html]JTNDaWZyYW1lJTIwd2lkdGglM0QlMjI1NjAlMjIlMjBoZWlnaHQlM0QlMjIzMTUlMjIlMjBzcmMlM0QlMjJodHRwcyUzQSUyRiUyRnd3dy55b3V0dWJlLmNvbSUyRmVtYmVkJTJGT3JnaDdfcGF4SEUlM0ZyZWwlM0QwJTI2YW1wJTNCc2hvd2luZm8lM0QwJTIyJTIwZnJhbWVib3JkZXIlM0QlMjIwJTIyJTIwYWxsb3clM0QlMjJhdXRvcGxheSUzQiUyMGVuY3J5cHRlZC1tZWRpYSUyMiUyMGFsbG93ZnVsbHNjcmVlbiUzRSUzQyUyRmlmcmFtZSUzRQ==[\/vc_raw_html][heading]\n<p style=\"text-align: center;\">Testing the Compatibility with Citiz Nespresso Machines<\/p>\n[\/heading][vc_raw_html]JTNDaWZyYW1lJTIwd2lkdGglM0QlMjI1NjAlMjIlMjBoZWlnaHQlM0QlMjIzMTUlMjIlMjBzcmMlM0QlMjJodHRwcyUzQSUyRiUyRnd3dy55b3V0dWJlLmNvbSUyRmVtYmVkJTJGcVFtRWw0RnZJZ3clM0ZyZWwlM0QwJTI2YW1wJTNCc2hvd2luZm8lM0QwJTIyJTIwZnJhbWVib3JkZXIlM0QlMjIwJTIyJTIwYWxsb3clM0QlMjJhdXRvcGxheSUzQiUyMGVuY3J5cHRlZC1tZWRpYSUyMiUyMGFsbG93ZnVsbHNjcmVlbiUzRSUzQyUyRmlmcmFtZSUzRQ==[\/vc_raw_html][heading]\n<p style=\"text-align: center;\">Testing the Compatibility with Lattissima Nespresso Machines<\/p>\n[\/heading][vc_raw_html]JTNDaWZyYW1lJTIwd2lkdGglM0QlMjI1NjAlMjIlMjBoZWlnaHQlM0QlMjIzMTUlMjIlMjBzcmMlM0QlMjJodHRwcyUzQSUyRiUyRnd3dy55b3V0dWJlLmNvbSUyRmVtYmVkJTJGQmh1ZFBZcnpCbzAlM0ZyZWwlM0QwJTI2YW1wJTNCc2hvd2luZm8lM0QwJTIyJTIwZnJhbWVib3JkZXIlM0QlMjIwJTIyJTIwYWxsb3clM0QlMjJhdXRvcGxheSUzQiUyMGVuY3J5cHRlZC1tZWRpYSUyMiUyMGFsbG93ZnVsbHNjcmVlbiUzRSUzQyUyRmlmcmFtZSUzRQ==[\/vc_raw_html][heading]\n<p style=\"text-align: center;\">Testing the Compatibility with Prodigio Nespresso Machines<\/p>\n[\/heading][vc_raw_html]JTNDaWZyYW1lJTIwd2lkdGglM0QlMjI1NjAlMjIlMjBoZWlnaHQlM0QlMjIzMTUlMjIlMjBzcmMlM0QlMjJodHRwcyUzQSUyRiUyRnd3dy55b3V0dWJlLmNvbSUyRmVtYmVkJTJGWXhneHFKRVYzeHMlM0ZyZWwlM0QwJTI2YW1wJTNCc2hvd2luZm8lM0QwJTIyJTIwZnJhbWVib3JkZXIlM0QlMjIwJTIyJTIwYWxsb3clM0QlMjJhdXRvcGxheSUzQiUyMGVuY3J5cHRlZC1tZWRpYSUyMiUyMGFsbG93ZnVsbHNjcmVlbiUzRSUzQyUyRmlmcmFtZSUzRQ==[\/vc_raw_html][heading]\n<p style=\"text-align: center;\">Testing the Compatibility with Kitchen Aid Nespresso Machines<\/p>\n[\/heading][\/vc_column][vc_column column_padding=&#8220;no-extra-padding&#8220; column_padding_position=&#8220;all&#8220; background_color_opacity=&#8220;1&#8243; background_hover_color_opacity=&#8220;1&#8243; column_shadow=&#8220;none&#8220; column_border_radius=&#8220;none&#8220; width=&#8220;1\/2&#8243; tablet_text_alignment=&#8220;default&#8220; phone_text_alignment=&#8220;default&#8220; column_border_width=&#8220;none&#8220; column_border_style=&#8220;solid&#8220;][vc_raw_html]JTNDaWZyYW1lJTIwd2lkdGglM0QlMjI1NjAlMjIlMjBoZWlnaHQlM0QlMjIzMTUlMjIlMjBzcmMlM0QlMjJodHRwcyUzQSUyRiUyRnd3dy55b3V0dWJlLmNvbSUyRmVtYmVkJTJGNXhpX1pWUnRueTQlM0ZyZWwlM0QwJTI2YW1wJTNCc2hvd2luZm8lM0QwJTIyJTIwZnJhbWVib3JkZXIlM0QlMjIwJTIyJTIwYWxsb3clM0QlMjJhdXRvcGxheSUzQiUyMGVuY3J5cHRlZC1tZWRpYSUyMiUyMGFsbG93ZnVsbHNjcmVlbiUzRSUzQyUyRmlmcmFtZSUzRQ==[\/vc_raw_html][heading]\n<p style=\"text-align: center;\">Testing the Compatibility with Essenza Mini Nespresso Machines<\/p>\n[\/heading][vc_raw_html]JTNDaWZyYW1lJTIwd2lkdGglM0QlMjI1NjAlMjIlMjBoZWlnaHQlM0QlMjIzMTUlMjIlMjBzcmMlM0QlMjJodHRwcyUzQSUyRiUyRnd3dy55b3V0dWJlLmNvbSUyRmVtYmVkJTJGTHpwUDlMV0hMV1klM0ZyZWwlM0QwJTI2YW1wJTNCc2hvd2luZm8lM0QwJTIyJTIwZnJhbWVib3JkZXIlM0QlMjIwJTIyJTIwYWxsb3clM0QlMjJhdXRvcGxheSUzQiUyMGVuY3J5cHRlZC1tZWRpYSUyMiUyMGFsbG93ZnVsbHNjcmVlbiUzRSUzQyUyRmlmcmFtZSUzRQ==[\/vc_raw_html][heading]\n<p style=\"text-align: center;\">Testing the Compatibility with Pixie Machines<\/p>\n[\/heading][vc_raw_html]JTNDaWZyYW1lJTIwd2lkdGglM0QlMjI1NjAlMjIlMjBoZWlnaHQlM0QlMjIzMTUlMjIlMjBzcmMlM0QlMjJodHRwcyUzQSUyRiUyRnd3dy55b3V0dWJlLmNvbSUyRmVtYmVkJTJGQWRZMnRSMnI0RUUlM0ZyZWwlM0QwJTI2YW1wJTNCc2hvd2luZm8lM0QwJTIyJTIwZnJhbWVib3JkZXIlM0QlMjIwJTIyJTIwYWxsb3clM0QlMjJhdXRvcGxheSUzQiUyMGVuY3J5cHRlZC1tZWRpYSUyMiUyMGFsbG93ZnVsbHNjcmVlbiUzRSUzQyUyRmlmcmFtZSUzRQ==[\/vc_raw_html][heading]\n<p style=\"text-align: center;\">Testing the Compatibility with U Nespresso Machines<\/p>\n[\/heading][vc_raw_html]JTNDaWZyYW1lJTIwd2lkdGglM0QlMjI1NjAlMjIlMjBoZWlnaHQlM0QlMjIzMTUlMjIlMjBzcmMlM0QlMjJodHRwcyUzQSUyRiUyRnd3dy55b3V0dWJlLmNvbSUyRmVtYmVkJTJGdWN2WnJUOF9RRGslM0ZyZWwlM0QwJTI2YW1wJTNCc2hvd2luZm8lM0QwJTIyJTIwZnJhbWVib3JkZXIlM0QlMjIwJTIyJTIwYWxsb3clM0QlMjJhdXRvcGxheSUzQiUyMGVuY3J5cHRlZC1tZWRpYSUyMiUyMGFsbG93ZnVsbHNjcmVlbiUzRSUzQyUyRmlmcmFtZSUzRQ==[\/vc_raw_html][heading]\n<p style=\"text-align: center;\">Testing the Compatibility with Expert Nespresso Machines<\/p>\n[\/heading][vc_raw_html]JTNDaWZyYW1lJTIwd2lkdGglM0QlMjI1NjAlMjIlMjBoZWlnaHQlM0QlMjIzMTUlMjIlMjBzcmMlM0QlMjJodHRwcyUzQSUyRiUyRnd3dy55b3V0dWJlLmNvbSUyRmVtYmVkJTJGQnFqdlpLZmwzOWMlM0ZyZWwlM0QwJTI2YW1wJTNCc2hvd2luZm8lM0QwJTIyJTIwZnJhbWVib3JkZXIlM0QlMjIwJTIyJTIwYWxsb3clM0QlMjJhdXRvcGxheSUzQiUyMGVuY3J5cHRlZC1tZWRpYSUyMiUyMGFsbG93ZnVsbHNjcmVlbiUzRSUzQyUyRmlmcmFtZSUzRQ==[\/vc_raw_html][heading]\n<p style=\"text-align: center;\">Testing the Compatibility with Maestria Nespresso Machines<\/p>\n[\/heading][\/vc_column][\/vc_row]\n","protected":false},"excerpt":{"rendered":"<p>[vc_row type=&#8220;in_container&#8220; full_screen_row_position=&#8220;middle&#8220; scene_position=&#8220;center&#8220; text_color=&#8220;dark&#8220; text_align=&#8220;left&#8220; overlay_strength=&#8220;0.3&#8243; shape_divider_position=&#8220;bottom&#8220;][vc_column column_padding=&#8220;padding-2-percent&#8220; column_padding_position=&#8220;top&#8220; background_color_opacity=&#8220;1&#8243; background_hover_color_opacity=&#8220;1&#8243; column_shadow=&#8220;none&#8220; column_border_radius=&#8220;none&#8220; width=&#8220;1\/1&#8243; tablet_text_alignment=&#8220;default&#8220; phone_text_alignment=&#8220;default&#8220; column_border_width=&#8220;none&#8220; column_border_style=&#8220;solid&#8220;][vc_column_text] SCHAUEN SIE SICH ALLE KOMPATIBILIT\u00c4TS-VIDEOS AN &nbsp; Wiederbef\u00fcllbare und wiederverwendbare Kapseln&#8230;<\/p>\n","protected":false},"author":1,"featured_media":0,"parent":0,"menu_order":0,"comment_status":"closed","ping_status":"closed","template":"","meta":{"footnotes":""},"class_list":["post-11128","page","type-page","status-publish"],"yoast_head":"<!-- This site is optimized with the Yoast SEO plugin v26.0 - https:\/\/yoast.com\/wordpress\/plugins\/seo\/ -->\n<title>Video zur Kompatibilit\u00e4t von Nespresso-Maschinen - WayCap<\/title>\n<meta name=\"description\" content=\"IIn diesen Videos k\u00f6nnen Sie die Kompatibilit\u00e4t von WayCap mit den Nespresso-Maschinen. U, Inissia, Lattissima, Pixie, Citiz, Expert, Essenza, Kitchen Aid, Creatista, Essenza Mini, Prodigio, Maestria\" \/>\n<meta name=\"robots\" content=\"index, follow, max-snippet:-1, max-image-preview:large, max-video-preview:-1\" \/>\n<link rel=\"canonical\" href=\"https:\/\/www.compatible-capsules.com\/de\/nespresso-machinen\/\" \/>\n<meta property=\"og:locale\" content=\"de_DE\" \/>\n<meta property=\"og:type\" content=\"article\" \/>\n<meta property=\"og:title\" content=\"Video zur Kompatibilit\u00e4t von Nespresso-Maschinen - WayCap\" \/>\n<meta property=\"og:description\" content=\"IIn diesen Videos k\u00f6nnen Sie die Kompatibilit\u00e4t von WayCap mit den Nespresso-Maschinen. U, Inissia, Lattissima, Pixie, Citiz, Expert, Essenza, Kitchen Aid, Creatista, Essenza Mini, Prodigio, Maestria\" \/>\n<meta property=\"og:url\" content=\"https:\/\/www.compatible-capsules.com\/de\/nespresso-machinen\/\" \/>\n<meta property=\"og:site_name\" content=\"WayCap\" \/>\n<meta property=\"article:publisher\" content=\"https:\/\/www.facebook.com\/waycapcoffee\/\" \/>\n<meta property=\"article:modified_time\" content=\"2018-05-08T10:09:16+00:00\" \/>\n<meta name=\"twitter:card\" content=\"summary_large_image\" \/>\n<meta name=\"twitter:site\" content=\"@waycapcoffee\" \/>\n<meta name=\"twitter:label1\" content=\"Gesch\u00e4tzte Lesezeit\" \/>\n\t<meta name=\"twitter:data1\" content=\"7\u00a0Minuten\" \/>\n<script type=\"application\/ld+json\" class=\"yoast-schema-graph\">{\"@context\":\"https:\/\/schema.org\",\"@graph\":[{\"@type\":\"WebPage\",\"@id\":\"https:\/\/www.compatible-capsules.com\/de\/nespresso-machinen\/\",\"url\":\"https:\/\/www.compatible-capsules.com\/de\/nespresso-machinen\/\",\"name\":\"Video zur Kompatibilit\u00e4t von Nespresso-Maschinen - WayCap\",\"isPartOf\":{\"@id\":\"https:\/\/www.compatible-capsules.com\/#website\"},\"datePublished\":\"2016-02-02T12:35:10+00:00\",\"dateModified\":\"2018-05-08T10:09:16+00:00\",\"description\":\"IIn diesen Videos k\u00f6nnen Sie die Kompatibilit\u00e4t von WayCap mit den Nespresso-Maschinen. U, Inissia, Lattissima, Pixie, Citiz, Expert, Essenza, Kitchen Aid, Creatista, Essenza Mini, Prodigio, Maestria\",\"breadcrumb\":{\"@id\":\"https:\/\/www.compatible-capsules.com\/de\/nespresso-machinen\/#breadcrumb\"},\"inLanguage\":\"de\",\"potentialAction\":[{\"@type\":\"ReadAction\",\"target\":[\"https:\/\/www.compatible-capsules.com\/de\/nespresso-machinen\/\"]}]},{\"@type\":\"BreadcrumbList\",\"@id\":\"https:\/\/www.compatible-capsules.com\/de\/nespresso-machinen\/#breadcrumb\",\"itemListElement\":[{\"@type\":\"ListItem\",\"position\":1,\"name\":\"Home\",\"item\":\"https:\/\/www.compatible-capsules.com\/de\/\"},{\"@type\":\"ListItem\",\"position\":2,\"name\":\"Nespresso Machines\"}]},{\"@type\":\"WebSite\",\"@id\":\"https:\/\/www.compatible-capsules.com\/#website\",\"url\":\"https:\/\/www.compatible-capsules.com\/\",\"name\":\"WayCap\",\"description\":\"Compatible Capsules for Nespresso Systems\",\"publisher\":{\"@id\":\"https:\/\/www.compatible-capsules.com\/#organization\"},\"potentialAction\":[{\"@type\":\"SearchAction\",\"target\":{\"@type\":\"EntryPoint\",\"urlTemplate\":\"https:\/\/www.compatible-capsules.com\/?s={search_term_string}\"},\"query-input\":{\"@type\":\"PropertyValueSpecification\",\"valueRequired\":true,\"valueName\":\"search_term_string\"}}],\"inLanguage\":\"de\"},{\"@type\":\"Organization\",\"@id\":\"https:\/\/www.compatible-capsules.com\/#organization\",\"name\":\"WAYCAP SRLS\",\"url\":\"https:\/\/www.compatible-capsules.com\/\",\"logo\":{\"@type\":\"ImageObject\",\"inLanguage\":\"de\",\"@id\":\"https:\/\/www.compatible-capsules.com\/#\/schema\/logo\/image\/\",\"url\":\"https:\/\/www.compatible-capsules.com\/wp-content\/uploads\/2015\/11\/logo_menu_200px.png\",\"contentUrl\":\"https:\/\/www.compatible-capsules.com\/wp-content\/uploads\/2015\/11\/logo_menu_200px.png\",\"width\":200,\"height\":200,\"caption\":\"WAYCAP SRLS\"},\"image\":{\"@id\":\"https:\/\/www.compatible-capsules.com\/#\/schema\/logo\/image\/\"},\"sameAs\":[\"https:\/\/www.facebook.com\/waycapcoffee\/\",\"https:\/\/x.com\/waycapcoffee\",\"https:\/\/www.youtube.com\/channel\/UCi6AsQOPaPIVku3lqfWf4Dg\"]}]}<\/script>\n<!-- \/ Yoast SEO plugin. -->","yoast_head_json":{"title":"Video zur Kompatibilit\u00e4t von Nespresso-Maschinen - WayCap","description":"IIn diesen Videos k\u00f6nnen Sie die Kompatibilit\u00e4t von WayCap mit den Nespresso-Maschinen. U, Inissia, Lattissima, Pixie, Citiz, Expert, Essenza, Kitchen Aid, Creatista, Essenza Mini, Prodigio, Maestria","robots":{"index":"index","follow":"follow","max-snippet":"max-snippet:-1","max-image-preview":"max-image-preview:large","max-video-preview":"max-video-preview:-1"},"canonical":"https:\/\/www.compatible-capsules.com\/de\/nespresso-machinen\/","og_locale":"de_DE","og_type":"article","og_title":"Video zur Kompatibilit\u00e4t von Nespresso-Maschinen - WayCap","og_description":"IIn diesen Videos k\u00f6nnen Sie die Kompatibilit\u00e4t von WayCap mit den Nespresso-Maschinen. U, Inissia, Lattissima, Pixie, Citiz, Expert, Essenza, Kitchen Aid, Creatista, Essenza Mini, Prodigio, Maestria","og_url":"https:\/\/www.compatible-capsules.com\/de\/nespresso-machinen\/","og_site_name":"WayCap","article_publisher":"https:\/\/www.facebook.com\/waycapcoffee\/","article_modified_time":"2018-05-08T10:09:16+00:00","twitter_card":"summary_large_image","twitter_site":"@waycapcoffee","twitter_misc":{"Gesch\u00e4tzte Lesezeit":"7\u00a0Minuten"},"schema":{"@context":"https:\/\/schema.org","@graph":[{"@type":"WebPage","@id":"https:\/\/www.compatible-capsules.com\/de\/nespresso-machinen\/","url":"https:\/\/www.compatible-capsules.com\/de\/nespresso-machinen\/","name":"Video zur Kompatibilit\u00e4t von Nespresso-Maschinen - WayCap","isPartOf":{"@id":"https:\/\/www.compatible-capsules.com\/#website"},"datePublished":"2016-02-02T12:35:10+00:00","dateModified":"2018-05-08T10:09:16+00:00","description":"IIn diesen Videos k\u00f6nnen Sie die Kompatibilit\u00e4t von WayCap mit den Nespresso-Maschinen. U, Inissia, Lattissima, Pixie, Citiz, Expert, Essenza, Kitchen Aid, Creatista, Essenza Mini, Prodigio, Maestria","breadcrumb":{"@id":"https:\/\/www.compatible-capsules.com\/de\/nespresso-machinen\/#breadcrumb"},"inLanguage":"de","potentialAction":[{"@type":"ReadAction","target":["https:\/\/www.compatible-capsules.com\/de\/nespresso-machinen\/"]}]},{"@type":"BreadcrumbList","@id":"https:\/\/www.compatible-capsules.com\/de\/nespresso-machinen\/#breadcrumb","itemListElement":[{"@type":"ListItem","position":1,"name":"Home","item":"https:\/\/www.compatible-capsules.com\/de\/"},{"@type":"ListItem","position":2,"name":"Nespresso Machines"}]},{"@type":"WebSite","@id":"https:\/\/www.compatible-capsules.com\/#website","url":"https:\/\/www.compatible-capsules.com\/","name":"WayCap","description":"Compatible Capsules for Nespresso Systems","publisher":{"@id":"https:\/\/www.compatible-capsules.com\/#organization"},"potentialAction":[{"@type":"SearchAction","target":{"@type":"EntryPoint","urlTemplate":"https:\/\/www.compatible-capsules.com\/?s={search_term_string}"},"query-input":{"@type":"PropertyValueSpecification","valueRequired":true,"valueName":"search_term_string"}}],"inLanguage":"de"},{"@type":"Organization","@id":"https:\/\/www.compatible-capsules.com\/#organization","name":"WAYCAP SRLS","url":"https:\/\/www.compatible-capsules.com\/","logo":{"@type":"ImageObject","inLanguage":"de","@id":"https:\/\/www.compatible-capsules.com\/#\/schema\/logo\/image\/","url":"https:\/\/www.compatible-capsules.com\/wp-content\/uploads\/2015\/11\/logo_menu_200px.png","contentUrl":"https:\/\/www.compatible-capsules.com\/wp-content\/uploads\/2015\/11\/logo_menu_200px.png","width":200,"height":200,"caption":"WAYCAP SRLS"},"image":{"@id":"https:\/\/www.compatible-capsules.com\/#\/schema\/logo\/image\/"},"sameAs":["https:\/\/www.facebook.com\/waycapcoffee\/","https:\/\/x.com\/waycapcoffee","https:\/\/www.youtube.com\/channel\/UCi6AsQOPaPIVku3lqfWf4Dg"]}]}},"_links":{"self":[{"href":"https:\/\/www.compatible-capsules.com\/de\/wp-json\/wp\/v2\/pages\/11128","targetHints":{"allow":["GET"]}}],"collection":[{"href":"https:\/\/www.compatible-capsules.com\/de\/wp-json\/wp\/v2\/pages"}],"about":[{"href":"https:\/\/www.compatible-capsules.com\/de\/wp-json\/wp\/v2\/types\/page"}],"author":[{"embeddable":true,"href":"https:\/\/www.compatible-capsules.com\/de\/wp-json\/wp\/v2\/users\/1"}],"replies":[{"embeddable":true,"href":"https:\/\/www.compatible-capsules.com\/de\/wp-json\/wp\/v2\/comments?post=11128"}],"version-history":[{"count":2,"href":"https:\/\/www.compatible-capsules.com\/de\/wp-json\/wp\/v2\/pages\/11128\/revisions"}],"predecessor-version":[{"id":11130,"href":"https:\/\/www.compatible-capsules.com\/de\/wp-json\/wp\/v2\/pages\/11128\/revisions\/11130"}],"wp:attachment":[{"href":"https:\/\/www.compatible-capsules.com\/de\/wp-json\/wp\/v2\/media?parent=11128"}],"curies":[{"name":"wp","href":"https:\/\/api.w.org\/{rel}","templated":true}]}}