{"id":11135,"date":"2018-04-23T15:22:31","date_gmt":"2018-04-23T15:22:31","guid":{"rendered":"https:\/\/www.compatible-capsules.com\/faq\/"},"modified":"2019-05-27T15:48:18","modified_gmt":"2019-05-27T15:48:18","slug":"faq","status":"publish","type":"page","link":"https:\/\/www.compatible-capsules.com\/de\/faq\/","title":{"rendered":"FAQ"},"content":{"rendered":"[vc_row type=&#8220;full_width_background&#8220; full_screen_row_position=&#8220;middle&#8220; bg_color=&#8220;#f7f7f7&#8243; scene_position=&#8220;center&#8220; text_color=&#8220;dark&#8220; text_align=&#8220;left&#8220; top_padding=&#8220;100&#8243; bottom_padding=&#8220;100&#8243; overlay_strength=&#8220;0.3&#8243; shape_divider_position=&#8220;bottom&#8220; bg_image_animation=&#8220;none&#8220;][vc_column column_padding=&#8220;no-extra-padding&#8220; column_padding_position=&#8220;all&#8220; background_color_opacity=&#8220;1&#8243; background_hover_color_opacity=&#8220;1&#8243; column_link_target=&#8220;_self&#8220; column_shadow=&#8220;none&#8220; column_border_radius=&#8220;none&#8220; width=&#8220;1\/1&#8243; tablet_width_inherit=&#8220;default&#8220; tablet_text_alignment=&#8220;default&#8220; phone_text_alignment=&#8220;default&#8220; column_border_width=&#8220;none&#8220; column_border_style=&#8220;solid&#8220; bg_image_animation=&#8220;none&#8220;][vc_column_text css=&#8220;.vc_custom_1525775908615{padding-bottom: 20px !important;}&#8220;]\n<h2>Ihre Fragen \u00fcber die Kapsel<\/h2>\n[\/vc_column_text][toggles style=&#8220;minimal&#8220;][toggle color=&#8220;Default&#8220; title=&#8220;Wird die Kapsel mit Kaffee darin verkauft?&#8220;][vc_column_text]Nein, die Kapsel ist leer. Sie wird entweder leer verkauft oder in Kombination mit einem unserer anderen Produkte. Sie m\u00fcssen Sie selbst mit Kaffee f\u00fcllen. Hier k\u00f6nnen Sie sehen, wie das geht:<\/p>\n<p><a href=\"https:\/\/www.compatible-capsules.com\/videos\/\"> https:\/\/www.compatible-capsules.com\/videos\/<\/a>[\/vc_column_text][\/toggle][toggle color=&#8220;Default&#8220; title=&#8220;Wie viel Kaffee kann ich in die Kapsel f\u00fcllen?&#8220;][vc_column_text]Wir haben einen Messbecher erstellt, der Ihnen hilft, wenn Sie nicht wissen, wie viel Kaffee in eine Kapsel kommt. Unsere Empfehlung ist es, sie so weit zu bef\u00fcllen, dass der Kaffee auf H\u00f6he der Kante der Kapsel ist. Abh\u00e4ngig vom Druck, den Sie auf den Kaffee aufbringen, und dem verwendeten Filter, wird der Kaffee leichter oder st\u00e4rker.[\/vc_column_text][\/toggle][toggle color=&#8220;Default&#8220; title=&#8220;Ist Ihre Kapsel einfach zu verwenden? Ist es schnell?&#8220;][vc_column_text]\n<p>Wie bei allen T\u00e4tigkeiten, die wir jetzt automatisch ausf\u00fchren, wie das Fahrradfahren, ist etwas \u00dcbung n\u00f6tig, um zu lernen, wie man unsere Kapsel richtig und problemlos verwendet.<\/p>\n<p>Wir haben ein <a href=\"https:\/\/www.youtube.com\/watch?v=sk9TD0VApR8\">Video<\/a> vorbereitet, um Ihnen zu zeigen, wie es geht, in weniger als zwei Minuten.[\/vc_column_text][\/toggle][toggle color=&#8220;Default&#8220; title=&#8220;Wie h\u00e4ufig muss ich die mit den Kapseln verkauften Dichtungen tauschen?&#8220;][vc_column_text]Die Dichtungen halten garantiert ein Leben lang. Aber f\u00fcr den Fall, dass Sie sie verlieren, sind in jedem unserer Pakete ein paar Ersatzdichtungen. Sollten Sie weitere ben\u00f6tigen, k\u00f6nnen Sie uns jederzeit schreiben.[\/vc_column_text][\/toggle][toggle color=&#8220;Default&#8220; title=&#8220;Wo kann ich die Dichtungen kaufen?&#8220;][vc_column_text]Die Dichtungen werden mit unserer Kapsel verkauft. Wenn Sie die Kapsel richtig verwenden, werden die Dichtungen sehr lange halten. Sie werden aus einem zertifizierten Silikon in Lebensmittelqualit\u00e4t hergestellt.[\/vc_column_text][\/toggle][toggle color=&#8220;Default&#8220; title=&#8220;Mit welchem Maschinen ist die Kapsel kompatibel?&#8220;][vc_column_text]\n<p>Pixie, Inissia, Essenza, Essenza Mini, Lattissima, U, Citiz, Expert, Prodigio, Maestria, Creatista e Kitchen Aid: Haben Sie eines dieser Modelle? Wenn Sie sich nicht an den Namen Ihrer Maschine erinnern, schauen Sie sich dieses <a href=\"https:\/\/www.compatible-capsules.com\/de\/nespresso-machinen\/\">Kompatibilit\u00e4tsvideo<\/a> an.<\/p>\n<p>In unserem <a href=\"http:\/\/www.compatible-capsules.com\/shop\/\">Shop<\/a> geben wir die Kompatibilit\u00e4t jedes Produkts mit unseren Maschinen sowie deren Namen an, damit nichts schiefgehen kann![\/vc_column_text][\/toggle][toggle color=&#8220;Default&#8220; title=&#8220;Welchen Kaffee kann ich verwenden? Mit welchem Filter?&#8220;][vc_column_text]Die kompatiblen Kapseln von WayCap haben einen speziellen, angepassten Filter. Wenn der Kaffee fein gemahlen ist, verwenden Sie den Filter mit mehr Schlitzen; wenn der Kaffee gr\u00f6ber gemahlen ist, verwenden Sie einen mit weniger Schlitzen. Sie k\u00f6nnen dieses <a href=\"https:\/\/www.youtube.com\/watch?v=gjLrdPfzUa0\">Erkl\u00e4rvideo<\/a> dazu anschauen.[\/vc_column_text][\/toggle][toggle color=&#8220;Default&#8220; title=&#8220;Was kann ich tun, wenn ich sechs Leute zum Abendessen da habe? Brauche ich l\u00e4nger, um sechs Kapseln oder drei Kaffeekannen zu f\u00fcllen?&#8220;][vc_column_text]Es dauert ungef\u00e4hr 40 Sekunden, eine Kapsel zu bef\u00fcllen, und mit mehr \u00dcbung, nimmt die Zeit auf ungef\u00e4hr 20 Sekunden ab. Sie riskieren es nicht, Ihren Kaffee zu verbrennen, w\u00e4hrend Sie sich unterhalten und Sie erhalten den perfekten, cremigen Kaffee, den Sie wollen.[\/vc_column_text][\/toggle][toggle color=&#8220;Default&#8220; title=&#8220;Der Kaffee ist etwas w\u00e4ssrig: was kann ich tun?&#8220;][vc_column_text]Zur L\u00f6sung dieses Problems haben wir f\u00fcr Sie ein <a href=\"https:\/\/www.youtube.com\/watch?v=gjLrdPfzUa0\">Video<\/a> gemacht.[\/vc_column_text][\/toggle][toggle color=&#8220;Default&#8220; title=&#8220;Wie reinige ich die Kapsel?&#8220;][vc_column_text]Entfernen Sie den Kaffee mit unserem \u2018scovolino\u2019 (Reingungsstab) oder mit einem L\u00f6ffelgriff und waschen Sie die Kapsel dann unter laufendem Wasser.[\/vc_column_text][\/toggle][\/toggles][vc_column_text css=&#8220;.vc_custom_1525776949004{margin-top: 80px !important;}&#8220;]\n<h2>Ihre Fragen \u00fcber Kaffee und unsere Mischungen<\/h2>\n[\/vc_column_text][toggles style=&#8220;minimal&#8220;][toggle color=&#8220;Default&#8220; title=&#8220;Kann ich euren Kaffee nur mit euren Kapseln verwenden?&#8220;][vc_column_text]Nein, Sie k\u00f6nnen ihn mit einer Moka-Kaffeekanne, einer franz\u00f6sischen Presse oder einer Filter-Kaffeemaschine verwenden. Es gibt allerdings eine sehr enge Beziehung zwischen unseren Mischungen und unseren Kapseln. Tats\u00e4chlich sind die Mischungen Fusion, Cool und BeBop so gemahlen und ger\u00f6stet, dass sie sich perfekt an unsere WayCap-Kapsel anpasst.[\/vc_column_text][\/toggle][\/toggles][\/vc_column][\/vc_row][vc_row type=&#8220;full_width_background&#8220; full_screen_row_position=&#8220;middle&#8220; bg_color=&#8220;#f7f7f7&#8243; scene_position=&#8220;center&#8220; text_color=&#8220;dark&#8220; text_align=&#8220;left&#8220; bottom_padding=&#8220;100&#8243; overlay_strength=&#8220;0.3&#8243; shape_divider_position=&#8220;bottom&#8220; bg_image_animation=&#8220;none&#8220; shape_type=&#8220;&#8220;][vc_column column_padding=&#8220;no-extra-padding&#8220; column_padding_position=&#8220;all&#8220; background_color_opacity=&#8220;1&#8243; background_hover_color_opacity=&#8220;1&#8243; column_link_target=&#8220;_self&#8220; column_shadow=&#8220;none&#8220; column_border_radius=&#8220;none&#8220; width=&#8220;1\/1&#8243; tablet_width_inherit=&#8220;default&#8220; tablet_text_alignment=&#8220;default&#8220; phone_text_alignment=&#8220;default&#8220; column_border_width=&#8220;none&#8220; column_border_style=&#8220;solid&#8220; bg_image_animation=&#8220;none&#8220;][vc_column_text css=&#8220;.vc_custom_1525777061582{padding-bottom: 20px !important;}&#8220;]\n<h2>Ihre Fragen zum Kauf und Umtausch der Produkte<\/h2>\n[\/vc_column_text][toggles style=&#8220;minimal&#8220;][toggle color=&#8220;Default&#8220; title=&#8220;Ich habe kein PayPal-Konto, gibt es eine andere Bezahlm\u00f6glichkeit?&#8220;][vc_column_text]Nat\u00fcrlich! Sie k\u00f6nnen mit Ihrer Kreditkarte von Visa, Mastercard oder American Express bezahlen.[\/vc_column_text][\/toggle][toggle color=&#8220;Default&#8220; title=&#8220;Wie kann ich ein gekauftes Produkt zur\u00fcckgeben?&#8220;][vc_column_text]Sie kann das in unserer R\u00fcckgaberichtlinie auf unserer Seite f\u00fcr das Wiederrufsrecht nachlesen. Dort finden Sie alle Details.[\/vc_column_text][\/toggle][toggle color=&#8220;Default&#8220; title=&#8220;Wie kann ich die Versandkosten berechnen?&#8220;][vc_column_text]Wenn Sie ein Produkt auf unserer E-Commerce-Seite kaufen betragen die Versandkosten 10\u20ac f\u00fcr Europa, die USA und Kanada, 7\u20ac f\u00fcr Italien und 12\u20ac f\u00fcr den Rest der Welt.<\/p>\n<p>F\u00fcr Bestellungen \u00fcber 49\u20ac oder mehr ist der Versand nach Europa, die USA oder Kanada kostenlos.[\/vc_column_text][\/toggle][toggle color=&#8220;Default&#8220; title=&#8220;Wie lange dauert die Zustellung nach dem Versand?&#8220;][vc_column_text]Wir k\u00fcmmern uns am n\u00e4chsten Tag um Ihre Bestellung und versenden sie innerhalb von drei Tagen. Normalerweise dauert es bis zur Zustellung in Italien und weltweit f\u00fcnf bis Sieben Tage.[\/vc_column_text][\/toggle][\/toggles][vc_column_text css=&#8220;.vc_custom_1525777661836{margin-top: 80px !important;}&#8220;]\n<h2>Ihr Fragen als Vertriebsh\u00e4ndler<\/h2>\n[\/vc_column_text][toggles style=&#8220;minimal&#8220;][toggle color=&#8220;Default&#8220; title=&#8220;Ich bin H\u00e4ndler: Wie kann ich euch kontaktieren? Ich bin Verk\u00e4ufer: Wie kann ich euch kontaktieren?&#8220;][vc_column_text]Senden Sie un seine E-Mail an info@waycap.com oder f\u00fcllen Sie das Formular auf unserer Seite \u201a<a href=\"https:\/\/www.compatible-capsules.com\/contact-us\/\">Kontaktieren Sie uns<\/a>\u2018 aus. Wir werden uns nach ein oder zwei Kaffee bei Ihnen melden![\/vc_column_text][\/toggle][\/toggles][\/vc_column][\/vc_row]\n","protected":false},"excerpt":{"rendered":"<p>[vc_row type=&#8220;full_width_background&#8220; full_screen_row_position=&#8220;middle&#8220; bg_color=&#8220;#f7f7f7&#8243; scene_position=&#8220;center&#8220; text_color=&#8220;dark&#8220; text_align=&#8220;left&#8220; top_padding=&#8220;100&#8243; bottom_padding=&#8220;100&#8243; overlay_strength=&#8220;0.3&#8243; shape_divider_position=&#8220;bottom&#8220; bg_image_animation=&#8220;none&#8220;][vc_column column_padding=&#8220;no-extra-padding&#8220; column_padding_position=&#8220;all&#8220; background_color_opacity=&#8220;1&#8243; background_hover_color_opacity=&#8220;1&#8243; column_link_target=&#8220;_self&#8220; column_shadow=&#8220;none&#8220; column_border_radius=&#8220;none&#8220; width=&#8220;1\/1&#8243; tablet_width_inherit=&#8220;default&#8220; tablet_text_alignment=&#8220;default&#8220; phone_text_alignment=&#8220;default&#8220; column_border_width=&#8220;none&#8220; column_border_style=&#8220;solid&#8220; bg_image_animation=&#8220;none&#8220;][vc_column_text css=&#8220;.vc_custom_1525775908615{padding-bottom: 20px !important;}&#8220;] Ihre&#8230;<\/p>\n","protected":false},"author":1,"featured_media":0,"parent":0,"menu_order":0,"comment_status":"closed","ping_status":"closed","template":"","meta":{"footnotes":""},"class_list":["post-11135","page","type-page","status-publish"],"yoast_head":"<!-- This site is optimized with the Yoast SEO plugin v26.0 - https:\/\/yoast.com\/wordpress\/plugins\/seo\/ -->\n<title>FAQ \u2013 Wiederbef\u00fcllbare und wiederverwendbare Kaffeepads - WayCap<\/title>\n<meta name=\"description\" content=\"Erhalten Sie die richtigen Antworten auf Ihrer Fragen zu Nutzung von wiederbef\u00fcllbaren Kapseln von WayCap. Sie haben weitere Fragen? Kontaktieren Sie uns! Wir freuen uns, Ihnen weiterzuhelfen.\" \/>\n<meta name=\"robots\" content=\"index, follow, max-snippet:-1, max-image-preview:large, max-video-preview:-1\" \/>\n<link rel=\"canonical\" href=\"https:\/\/www.compatible-capsules.com\/de\/faq\/\" \/>\n<meta property=\"og:locale\" content=\"de_DE\" \/>\n<meta property=\"og:type\" content=\"article\" \/>\n<meta property=\"og:title\" content=\"FAQ \u2013 Wiederbef\u00fcllbare und wiederverwendbare Kaffeepads - WayCap\" \/>\n<meta property=\"og:description\" content=\"Erhalten Sie die richtigen Antworten auf Ihrer Fragen zu Nutzung von wiederbef\u00fcllbaren Kapseln von WayCap. Sie haben weitere Fragen? Kontaktieren Sie uns! Wir freuen uns, Ihnen weiterzuhelfen.\" \/>\n<meta property=\"og:url\" content=\"https:\/\/www.compatible-capsules.com\/de\/faq\/\" \/>\n<meta property=\"og:site_name\" content=\"WayCap\" \/>\n<meta property=\"article:publisher\" content=\"https:\/\/www.facebook.com\/waycapcoffee\/\" \/>\n<meta property=\"article:modified_time\" content=\"2019-05-27T15:48:18+00:00\" \/>\n<meta name=\"twitter:card\" content=\"summary_large_image\" \/>\n<meta name=\"twitter:site\" content=\"@waycapcoffee\" \/>\n<meta name=\"twitter:label1\" content=\"Gesch\u00e4tzte Lesezeit\" \/>\n\t<meta name=\"twitter:data1\" content=\"6\u00a0Minuten\" \/>\n<script type=\"application\/ld+json\" class=\"yoast-schema-graph\">{\"@context\":\"https:\/\/schema.org\",\"@graph\":[{\"@type\":\"WebPage\",\"@id\":\"https:\/\/www.compatible-capsules.com\/de\/faq\/\",\"url\":\"https:\/\/www.compatible-capsules.com\/de\/faq\/\",\"name\":\"FAQ \u2013 Wiederbef\u00fcllbare und wiederverwendbare Kaffeepads - WayCap\",\"isPartOf\":{\"@id\":\"https:\/\/www.compatible-capsules.com\/#website\"},\"datePublished\":\"2018-04-23T15:22:31+00:00\",\"dateModified\":\"2019-05-27T15:48:18+00:00\",\"description\":\"Erhalten Sie die richtigen Antworten auf Ihrer Fragen zu Nutzung von wiederbef\u00fcllbaren Kapseln von WayCap. Sie haben weitere Fragen? Kontaktieren Sie uns! Wir freuen uns, Ihnen weiterzuhelfen.\",\"breadcrumb\":{\"@id\":\"https:\/\/www.compatible-capsules.com\/de\/faq\/#breadcrumb\"},\"inLanguage\":\"de\",\"potentialAction\":[{\"@type\":\"ReadAction\",\"target\":[\"https:\/\/www.compatible-capsules.com\/de\/faq\/\"]}]},{\"@type\":\"BreadcrumbList\",\"@id\":\"https:\/\/www.compatible-capsules.com\/de\/faq\/#breadcrumb\",\"itemListElement\":[{\"@type\":\"ListItem\",\"position\":1,\"name\":\"Home\",\"item\":\"https:\/\/www.compatible-capsules.com\/de\/\"},{\"@type\":\"ListItem\",\"position\":2,\"name\":\"FAQ\"}]},{\"@type\":\"WebSite\",\"@id\":\"https:\/\/www.compatible-capsules.com\/#website\",\"url\":\"https:\/\/www.compatible-capsules.com\/\",\"name\":\"WayCap\",\"description\":\"Compatible Capsules for Nespresso Systems\",\"publisher\":{\"@id\":\"https:\/\/www.compatible-capsules.com\/#organization\"},\"potentialAction\":[{\"@type\":\"SearchAction\",\"target\":{\"@type\":\"EntryPoint\",\"urlTemplate\":\"https:\/\/www.compatible-capsules.com\/?s={search_term_string}\"},\"query-input\":{\"@type\":\"PropertyValueSpecification\",\"valueRequired\":true,\"valueName\":\"search_term_string\"}}],\"inLanguage\":\"de\"},{\"@type\":\"Organization\",\"@id\":\"https:\/\/www.compatible-capsules.com\/#organization\",\"name\":\"WAYCAP SRLS\",\"url\":\"https:\/\/www.compatible-capsules.com\/\",\"logo\":{\"@type\":\"ImageObject\",\"inLanguage\":\"de\",\"@id\":\"https:\/\/www.compatible-capsules.com\/#\/schema\/logo\/image\/\",\"url\":\"https:\/\/www.compatible-capsules.com\/wp-content\/uploads\/2015\/11\/logo_menu_200px.png\",\"contentUrl\":\"https:\/\/www.compatible-capsules.com\/wp-content\/uploads\/2015\/11\/logo_menu_200px.png\",\"width\":200,\"height\":200,\"caption\":\"WAYCAP SRLS\"},\"image\":{\"@id\":\"https:\/\/www.compatible-capsules.com\/#\/schema\/logo\/image\/\"},\"sameAs\":[\"https:\/\/www.facebook.com\/waycapcoffee\/\",\"https:\/\/x.com\/waycapcoffee\",\"https:\/\/www.youtube.com\/channel\/UCi6AsQOPaPIVku3lqfWf4Dg\"]}]}<\/script>\n<!-- \/ Yoast SEO plugin. -->","yoast_head_json":{"title":"FAQ \u2013 Wiederbef\u00fcllbare und wiederverwendbare Kaffeepads - WayCap","description":"Erhalten Sie die richtigen Antworten auf Ihrer Fragen zu Nutzung von wiederbef\u00fcllbaren Kapseln von WayCap. Sie haben weitere Fragen? Kontaktieren Sie uns! Wir freuen uns, Ihnen weiterzuhelfen.","robots":{"index":"index","follow":"follow","max-snippet":"max-snippet:-1","max-image-preview":"max-image-preview:large","max-video-preview":"max-video-preview:-1"},"canonical":"https:\/\/www.compatible-capsules.com\/de\/faq\/","og_locale":"de_DE","og_type":"article","og_title":"FAQ \u2013 Wiederbef\u00fcllbare und wiederverwendbare Kaffeepads - WayCap","og_description":"Erhalten Sie die richtigen Antworten auf Ihrer Fragen zu Nutzung von wiederbef\u00fcllbaren Kapseln von WayCap. Sie haben weitere Fragen? Kontaktieren Sie uns! Wir freuen uns, Ihnen weiterzuhelfen.","og_url":"https:\/\/www.compatible-capsules.com\/de\/faq\/","og_site_name":"WayCap","article_publisher":"https:\/\/www.facebook.com\/waycapcoffee\/","article_modified_time":"2019-05-27T15:48:18+00:00","twitter_card":"summary_large_image","twitter_site":"@waycapcoffee","twitter_misc":{"Gesch\u00e4tzte Lesezeit":"6\u00a0Minuten"},"schema":{"@context":"https:\/\/schema.org","@graph":[{"@type":"WebPage","@id":"https:\/\/www.compatible-capsules.com\/de\/faq\/","url":"https:\/\/www.compatible-capsules.com\/de\/faq\/","name":"FAQ \u2013 Wiederbef\u00fcllbare und wiederverwendbare Kaffeepads - WayCap","isPartOf":{"@id":"https:\/\/www.compatible-capsules.com\/#website"},"datePublished":"2018-04-23T15:22:31+00:00","dateModified":"2019-05-27T15:48:18+00:00","description":"Erhalten Sie die richtigen Antworten auf Ihrer Fragen zu Nutzung von wiederbef\u00fcllbaren Kapseln von WayCap. Sie haben weitere Fragen? Kontaktieren Sie uns! Wir freuen uns, Ihnen weiterzuhelfen.","breadcrumb":{"@id":"https:\/\/www.compatible-capsules.com\/de\/faq\/#breadcrumb"},"inLanguage":"de","potentialAction":[{"@type":"ReadAction","target":["https:\/\/www.compatible-capsules.com\/de\/faq\/"]}]},{"@type":"BreadcrumbList","@id":"https:\/\/www.compatible-capsules.com\/de\/faq\/#breadcrumb","itemListElement":[{"@type":"ListItem","position":1,"name":"Home","item":"https:\/\/www.compatible-capsules.com\/de\/"},{"@type":"ListItem","position":2,"name":"FAQ"}]},{"@type":"WebSite","@id":"https:\/\/www.compatible-capsules.com\/#website","url":"https:\/\/www.compatible-capsules.com\/","name":"WayCap","description":"Compatible Capsules for Nespresso Systems","publisher":{"@id":"https:\/\/www.compatible-capsules.com\/#organization"},"potentialAction":[{"@type":"SearchAction","target":{"@type":"EntryPoint","urlTemplate":"https:\/\/www.compatible-capsules.com\/?s={search_term_string}"},"query-input":{"@type":"PropertyValueSpecification","valueRequired":true,"valueName":"search_term_string"}}],"inLanguage":"de"},{"@type":"Organization","@id":"https:\/\/www.compatible-capsules.com\/#organization","name":"WAYCAP SRLS","url":"https:\/\/www.compatible-capsules.com\/","logo":{"@type":"ImageObject","inLanguage":"de","@id":"https:\/\/www.compatible-capsules.com\/#\/schema\/logo\/image\/","url":"https:\/\/www.compatible-capsules.com\/wp-content\/uploads\/2015\/11\/logo_menu_200px.png","contentUrl":"https:\/\/www.compatible-capsules.com\/wp-content\/uploads\/2015\/11\/logo_menu_200px.png","width":200,"height":200,"caption":"WAYCAP SRLS"},"image":{"@id":"https:\/\/www.compatible-capsules.com\/#\/schema\/logo\/image\/"},"sameAs":["https:\/\/www.facebook.com\/waycapcoffee\/","https:\/\/x.com\/waycapcoffee","https:\/\/www.youtube.com\/channel\/UCi6AsQOPaPIVku3lqfWf4Dg"]}]}},"_links":{"self":[{"href":"https:\/\/www.compatible-capsules.com\/de\/wp-json\/wp\/v2\/pages\/11135","targetHints":{"allow":["GET"]}}],"collection":[{"href":"https:\/\/www.compatible-capsules.com\/de\/wp-json\/wp\/v2\/pages"}],"about":[{"href":"https:\/\/www.compatible-capsules.com\/de\/wp-json\/wp\/v2\/types\/page"}],"author":[{"embeddable":true,"href":"https:\/\/www.compatible-capsules.com\/de\/wp-json\/wp\/v2\/users\/1"}],"replies":[{"embeddable":true,"href":"https:\/\/www.compatible-capsules.com\/de\/wp-json\/wp\/v2\/comments?post=11135"}],"version-history":[{"count":4,"href":"https:\/\/www.compatible-capsules.com\/de\/wp-json\/wp\/v2\/pages\/11135\/revisions"}],"predecessor-version":[{"id":19457,"href":"https:\/\/www.compatible-capsules.com\/de\/wp-json\/wp\/v2\/pages\/11135\/revisions\/19457"}],"wp:attachment":[{"href":"https:\/\/www.compatible-capsules.com\/de\/wp-json\/wp\/v2\/media?parent=11135"}],"curies":[{"name":"wp","href":"https:\/\/api.w.org\/{rel}","templated":true}]}}