{"id":73363,"date":"2021-09-06T19:51:27","date_gmt":"2021-09-06T19:51:27","guid":{"rendered":"https:\/\/www.compatible-capsules.com\/shop\/unkategorisiert\/waycap-pop-basic-kit-1-kapsel\/"},"modified":"2021-09-14T15:58:49","modified_gmt":"2021-09-14T15:58:49","slug":"waycap-pop-basic-kit-1-kapsel","status":"publish","type":"product","link":"https:\/\/www.compatible-capsules.com\/de\/shop\/kapseln-fur-nespresso\/waycap-pop-basic-kit-1-kapsel\/","title":{"rendered":"WayCap POP Basic Kit &#8211; 1 Kapsel"},"content":{"rendered":"<p>WayCap POP ist eine nachf\u00fcllbare Nespresso Original Line-Kapsel aus Edelstahl mit lebensmittelsicherem Silikondeckel. Die Kapsel wird aus Materialien h\u00f6chster Qualit\u00e4t komplett in Italien produziert. Sie ist verwendbar f\u00fcr die markt\u00fcblichen, im Supermarkt oder in der R\u00f6sterei erwerbbaren Mischungen. Mit der wiederverwendbaren Kapsel von Nespresso WayCap k\u00f6nnen Sie Ihren Teil zur Einschr\u00e4nkung der Umweltverschmutzung beitragen, denn im Vergleich zu Wegwerfkapseln sparen Sie 80 % an Material. So k\u00f6nnen Sie endlich das Getr\u00e4nk Ihrer Wahl genie\u00dfen, ohne sich um Ihre Gesundheit zu sorgen.<\/p>\n<p>Das Set enth\u00e4lt eine Kapsel, zwei Silikondeckel f\u00fcr jeweils verschiedene auf dem Markt erh\u00e4ltliche Qualit\u00e4ten gemahlenen Kaffees, eine manuelle Einf\u00fcllhilfe, einen Tamper, eine Bedienungsanleitung.<\/p>\n","protected":false},"excerpt":{"rendered":"<p>WayCap POP \u2013 nachf\u00fcllbare Nespresso Kaffeekapsel, wiederverwendbar und kompatibel. Edelstahl und lebensmitteltaugliches Silikon. Zu 100 % in Italien hergestellt. Packung mit 1 Kaffeepad.<\/p>\n<p>[divider line_type=&#8220;undefined&#8220; custom_height=&#8220;20&#8243;]<\/p>\n[widget id=\"text-20\"]\n","protected":false},"featured_media":73322,"template":"","meta":[],"product_brand":[],"product_cat":[154],"product_tag":[],"class_list":{"0":"post-73363","1":"product","2":"type-product","3":"status-publish","4":"has-post-thumbnail","6":"product_cat-kapseln-fur-nespresso","8":"first","9":"instock","10":"taxable","11":"shipping-taxable","12":"purchasable","13":"product-type-simple"},"bundled_by":[],"bundle_stock_status":"instock","bundle_stock_quantity":null,"bundle_virtual":false,"bundle_layout":"","bundle_add_to_cart_form_location":"","bundle_editable_in_cart":false,"bundle_sold_individually_context":"","bundle_item_grouping":"","bundle_min_size":"","bundle_max_size":"","bundle_price":[],"bundled_items":[],"bundle_sell_ids":[],"yoast_head":"<!-- This site is optimized with the Yoast SEO plugin v26.0 - https:\/\/yoast.com\/wordpress\/plugins\/seo\/ -->\n<title>WayCap POP Basic Kit - 1 Kapsel - WayCap<\/title>\n<meta name=\"robots\" content=\"index, follow, max-snippet:-1, max-image-preview:large, max-video-preview:-1\" \/>\n<link rel=\"canonical\" href=\"https:\/\/www.compatible-capsules.com\/de\/shop\/kapseln-fur-nespresso\/waycap-pop-basic-kit-1-kapsel\/\" \/>\n<meta property=\"og:locale\" content=\"de_DE\" \/>\n<meta property=\"og:type\" content=\"article\" \/>\n<meta property=\"og:title\" content=\"WayCap POP Basic Kit - 1 Kapsel - WayCap\" \/>\n<meta property=\"og:description\" content=\"WayCap POP \u2013 nachf\u00fcllbare Nespresso Kaffeekapsel, wiederverwendbar und kompatibel. Edelstahl und lebensmitteltaugliches Silikon. Zu 100 % in Italien hergestellt. Packung mit 1 Kaffeepad.  [divider line_type=&quot;undefined&quot; custom_height=&quot;20&quot;]\" \/>\n<meta property=\"og:url\" content=\"https:\/\/www.compatible-capsules.com\/de\/shop\/kapseln-fur-nespresso\/waycap-pop-basic-kit-1-kapsel\/\" \/>\n<meta property=\"og:site_name\" content=\"WayCap\" \/>\n<meta property=\"article:publisher\" content=\"https:\/\/www.facebook.com\/waycapcoffee\/\" \/>\n<meta property=\"article:modified_time\" content=\"2021-09-14T15:58:49+00:00\" \/>\n<meta property=\"og:image\" content=\"https:\/\/www.compatible-capsules.com\/wp-content\/uploads\/2021\/09\/basic-kit-pop-nespresso.jpg\" \/>\n\t<meta property=\"og:image:width\" content=\"1800\" \/>\n\t<meta property=\"og:image:height\" content=\"1800\" \/>\n\t<meta property=\"og:image:type\" content=\"image\/jpeg\" \/>\n<meta name=\"twitter:card\" content=\"summary_large_image\" \/>\n<meta name=\"twitter:site\" content=\"@waycapcoffee\" \/>\n<meta name=\"twitter:label1\" content=\"Gesch\u00e4tzte Lesezeit\" \/>\n\t<meta name=\"twitter:data1\" content=\"1\u00a0Minute\" \/>\n<script type=\"application\/ld+json\" class=\"yoast-schema-graph\">{\"@context\":\"https:\/\/schema.org\",\"@graph\":[{\"@type\":\"WebPage\",\"@id\":\"https:\/\/www.compatible-capsules.com\/de\/shop\/kapseln-fur-nespresso\/waycap-pop-basic-kit-1-kapsel\/\",\"url\":\"https:\/\/www.compatible-capsules.com\/de\/shop\/kapseln-fur-nespresso\/waycap-pop-basic-kit-1-kapsel\/\",\"name\":\"WayCap POP Basic Kit - 1 Kapsel - WayCap\",\"isPartOf\":{\"@id\":\"https:\/\/www.compatible-capsules.com\/#website\"},\"primaryImageOfPage\":{\"@id\":\"https:\/\/www.compatible-capsules.com\/de\/shop\/kapseln-fur-nespresso\/waycap-pop-basic-kit-1-kapsel\/#primaryimage\"},\"image\":{\"@id\":\"https:\/\/www.compatible-capsules.com\/de\/shop\/kapseln-fur-nespresso\/waycap-pop-basic-kit-1-kapsel\/#primaryimage\"},\"thumbnailUrl\":\"https:\/\/www.compatible-capsules.com\/wp-content\/uploads\/2021\/09\/basic-kit-pop-nespresso.jpg\",\"datePublished\":\"2021-09-06T19:51:27+00:00\",\"dateModified\":\"2021-09-14T15:58:49+00:00\",\"breadcrumb\":{\"@id\":\"https:\/\/www.compatible-capsules.com\/de\/shop\/kapseln-fur-nespresso\/waycap-pop-basic-kit-1-kapsel\/#breadcrumb\"},\"inLanguage\":\"de\",\"potentialAction\":[{\"@type\":\"ReadAction\",\"target\":[\"https:\/\/www.compatible-capsules.com\/de\/shop\/kapseln-fur-nespresso\/waycap-pop-basic-kit-1-kapsel\/\"]}]},{\"@type\":\"ImageObject\",\"inLanguage\":\"de\",\"@id\":\"https:\/\/www.compatible-capsules.com\/de\/shop\/kapseln-fur-nespresso\/waycap-pop-basic-kit-1-kapsel\/#primaryimage\",\"url\":\"https:\/\/www.compatible-capsules.com\/wp-content\/uploads\/2021\/09\/basic-kit-pop-nespresso.jpg\",\"contentUrl\":\"https:\/\/www.compatible-capsules.com\/wp-content\/uploads\/2021\/09\/basic-kit-pop-nespresso.jpg\",\"width\":1800,\"height\":1800},{\"@type\":\"BreadcrumbList\",\"@id\":\"https:\/\/www.compatible-capsules.com\/de\/shop\/kapseln-fur-nespresso\/waycap-pop-basic-kit-1-kapsel\/#breadcrumb\",\"itemListElement\":[{\"@type\":\"ListItem\",\"position\":1,\"name\":\"Home\",\"item\":\"https:\/\/www.compatible-capsules.com\/de\/\"},{\"@type\":\"ListItem\",\"position\":2,\"name\":\"Shop\",\"item\":\"https:\/\/www.compatible-capsules.com\/de\/shop\/\"},{\"@type\":\"ListItem\",\"position\":3,\"name\":\"WayCap POP Basic Kit &#8211; 1 Kapsel\"}]},{\"@type\":\"WebSite\",\"@id\":\"https:\/\/www.compatible-capsules.com\/#website\",\"url\":\"https:\/\/www.compatible-capsules.com\/\",\"name\":\"WayCap\",\"description\":\"Compatible Capsules for Nespresso Systems\",\"publisher\":{\"@id\":\"https:\/\/www.compatible-capsules.com\/#organization\"},\"potentialAction\":[{\"@type\":\"SearchAction\",\"target\":{\"@type\":\"EntryPoint\",\"urlTemplate\":\"https:\/\/www.compatible-capsules.com\/?s={search_term_string}\"},\"query-input\":{\"@type\":\"PropertyValueSpecification\",\"valueRequired\":true,\"valueName\":\"search_term_string\"}}],\"inLanguage\":\"de\"},{\"@type\":\"Organization\",\"@id\":\"https:\/\/www.compatible-capsules.com\/#organization\",\"name\":\"WAYCAP SRLS\",\"url\":\"https:\/\/www.compatible-capsules.com\/\",\"logo\":{\"@type\":\"ImageObject\",\"inLanguage\":\"de\",\"@id\":\"https:\/\/www.compatible-capsules.com\/#\/schema\/logo\/image\/\",\"url\":\"https:\/\/www.compatible-capsules.com\/wp-content\/uploads\/2015\/11\/logo_menu_200px.png\",\"contentUrl\":\"https:\/\/www.compatible-capsules.com\/wp-content\/uploads\/2015\/11\/logo_menu_200px.png\",\"width\":200,\"height\":200,\"caption\":\"WAYCAP SRLS\"},\"image\":{\"@id\":\"https:\/\/www.compatible-capsules.com\/#\/schema\/logo\/image\/\"},\"sameAs\":[\"https:\/\/www.facebook.com\/waycapcoffee\/\",\"https:\/\/x.com\/waycapcoffee\",\"https:\/\/www.youtube.com\/channel\/UCi6AsQOPaPIVku3lqfWf4Dg\"]}]}<\/script>\n<!-- \/ Yoast SEO plugin. -->","yoast_head_json":{"title":"WayCap POP Basic Kit - 1 Kapsel - WayCap","robots":{"index":"index","follow":"follow","max-snippet":"max-snippet:-1","max-image-preview":"max-image-preview:large","max-video-preview":"max-video-preview:-1"},"canonical":"https:\/\/www.compatible-capsules.com\/de\/shop\/kapseln-fur-nespresso\/waycap-pop-basic-kit-1-kapsel\/","og_locale":"de_DE","og_type":"article","og_title":"WayCap POP Basic Kit - 1 Kapsel - WayCap","og_description":"WayCap POP \u2013 nachf\u00fcllbare Nespresso Kaffeekapsel, wiederverwendbar und kompatibel. Edelstahl und lebensmitteltaugliches Silikon. Zu 100 % in Italien hergestellt. Packung mit 1 Kaffeepad.  [divider line_type=\"undefined\" custom_height=\"20\"]","og_url":"https:\/\/www.compatible-capsules.com\/de\/shop\/kapseln-fur-nespresso\/waycap-pop-basic-kit-1-kapsel\/","og_site_name":"WayCap","article_publisher":"https:\/\/www.facebook.com\/waycapcoffee\/","article_modified_time":"2021-09-14T15:58:49+00:00","og_image":[{"width":1800,"height":1800,"url":"https:\/\/www.compatible-capsules.com\/wp-content\/uploads\/2021\/09\/basic-kit-pop-nespresso.jpg","type":"image\/jpeg"}],"twitter_card":"summary_large_image","twitter_site":"@waycapcoffee","twitter_misc":{"Gesch\u00e4tzte Lesezeit":"1\u00a0Minute"},"schema":{"@context":"https:\/\/schema.org","@graph":[{"@type":"WebPage","@id":"https:\/\/www.compatible-capsules.com\/de\/shop\/kapseln-fur-nespresso\/waycap-pop-basic-kit-1-kapsel\/","url":"https:\/\/www.compatible-capsules.com\/de\/shop\/kapseln-fur-nespresso\/waycap-pop-basic-kit-1-kapsel\/","name":"WayCap POP Basic Kit - 1 Kapsel - WayCap","isPartOf":{"@id":"https:\/\/www.compatible-capsules.com\/#website"},"primaryImageOfPage":{"@id":"https:\/\/www.compatible-capsules.com\/de\/shop\/kapseln-fur-nespresso\/waycap-pop-basic-kit-1-kapsel\/#primaryimage"},"image":{"@id":"https:\/\/www.compatible-capsules.com\/de\/shop\/kapseln-fur-nespresso\/waycap-pop-basic-kit-1-kapsel\/#primaryimage"},"thumbnailUrl":"https:\/\/www.compatible-capsules.com\/wp-content\/uploads\/2021\/09\/basic-kit-pop-nespresso.jpg","datePublished":"2021-09-06T19:51:27+00:00","dateModified":"2021-09-14T15:58:49+00:00","breadcrumb":{"@id":"https:\/\/www.compatible-capsules.com\/de\/shop\/kapseln-fur-nespresso\/waycap-pop-basic-kit-1-kapsel\/#breadcrumb"},"inLanguage":"de","potentialAction":[{"@type":"ReadAction","target":["https:\/\/www.compatible-capsules.com\/de\/shop\/kapseln-fur-nespresso\/waycap-pop-basic-kit-1-kapsel\/"]}]},{"@type":"ImageObject","inLanguage":"de","@id":"https:\/\/www.compatible-capsules.com\/de\/shop\/kapseln-fur-nespresso\/waycap-pop-basic-kit-1-kapsel\/#primaryimage","url":"https:\/\/www.compatible-capsules.com\/wp-content\/uploads\/2021\/09\/basic-kit-pop-nespresso.jpg","contentUrl":"https:\/\/www.compatible-capsules.com\/wp-content\/uploads\/2021\/09\/basic-kit-pop-nespresso.jpg","width":1800,"height":1800},{"@type":"BreadcrumbList","@id":"https:\/\/www.compatible-capsules.com\/de\/shop\/kapseln-fur-nespresso\/waycap-pop-basic-kit-1-kapsel\/#breadcrumb","itemListElement":[{"@type":"ListItem","position":1,"name":"Home","item":"https:\/\/www.compatible-capsules.com\/de\/"},{"@type":"ListItem","position":2,"name":"Shop","item":"https:\/\/www.compatible-capsules.com\/de\/shop\/"},{"@type":"ListItem","position":3,"name":"WayCap POP Basic Kit &#8211; 1 Kapsel"}]},{"@type":"WebSite","@id":"https:\/\/www.compatible-capsules.com\/#website","url":"https:\/\/www.compatible-capsules.com\/","name":"WayCap","description":"Compatible Capsules for Nespresso Systems","publisher":{"@id":"https:\/\/www.compatible-capsules.com\/#organization"},"potentialAction":[{"@type":"SearchAction","target":{"@type":"EntryPoint","urlTemplate":"https:\/\/www.compatible-capsules.com\/?s={search_term_string}"},"query-input":{"@type":"PropertyValueSpecification","valueRequired":true,"valueName":"search_term_string"}}],"inLanguage":"de"},{"@type":"Organization","@id":"https:\/\/www.compatible-capsules.com\/#organization","name":"WAYCAP SRLS","url":"https:\/\/www.compatible-capsules.com\/","logo":{"@type":"ImageObject","inLanguage":"de","@id":"https:\/\/www.compatible-capsules.com\/#\/schema\/logo\/image\/","url":"https:\/\/www.compatible-capsules.com\/wp-content\/uploads\/2015\/11\/logo_menu_200px.png","contentUrl":"https:\/\/www.compatible-capsules.com\/wp-content\/uploads\/2015\/11\/logo_menu_200px.png","width":200,"height":200,"caption":"WAYCAP SRLS"},"image":{"@id":"https:\/\/www.compatible-capsules.com\/#\/schema\/logo\/image\/"},"sameAs":["https:\/\/www.facebook.com\/waycapcoffee\/","https:\/\/x.com\/waycapcoffee","https:\/\/www.youtube.com\/channel\/UCi6AsQOPaPIVku3lqfWf4Dg"]}]}},"_links":{"self":[{"href":"https:\/\/www.compatible-capsules.com\/de\/wp-json\/wp\/v2\/product\/73363","targetHints":{"allow":["GET"]}}],"collection":[{"href":"https:\/\/www.compatible-capsules.com\/de\/wp-json\/wp\/v2\/product"}],"about":[{"href":"https:\/\/www.compatible-capsules.com\/de\/wp-json\/wp\/v2\/types\/product"}],"wp:featuredmedia":[{"embeddable":true,"href":"https:\/\/www.compatible-capsules.com\/de\/wp-json\/wp\/v2\/media\/73322"}],"wp:attachment":[{"href":"https:\/\/www.compatible-capsules.com\/de\/wp-json\/wp\/v2\/media?parent=73363"}],"wp:term":[{"taxonomy":"product_brand","embeddable":true,"href":"https:\/\/www.compatible-capsules.com\/de\/wp-json\/wp\/v2\/product_brand?post=73363"},{"taxonomy":"product_cat","embeddable":true,"href":"https:\/\/www.compatible-capsules.com\/de\/wp-json\/wp\/v2\/product_cat?post=73363"},{"taxonomy":"product_tag","embeddable":true,"href":"https:\/\/www.compatible-capsules.com\/de\/wp-json\/wp\/v2\/product_tag?post=73363"}],"curies":[{"name":"wp","href":"https:\/\/api.w.org\/{rel}","templated":true}]}}