{"id":11171,"date":"2018-04-18T18:21:48","date_gmt":"2018-04-18T18:21:48","guid":{"rendered":"https:\/\/www.compatible-capsules.com\/a-beautiful-idea\/"},"modified":"2020-03-04T15:54:21","modified_gmt":"2020-03-04T15:54:21","slug":"una-bonita-idea","status":"publish","type":"page","link":"https:\/\/www.compatible-capsules.com\/es\/una-bonita-idea\/","title":{"rendered":"A Beautiful Idea"},"content":{"rendered":"[vc_row type=\u00bbin_container\u00bb full_screen_row_position=\u00bbmiddle\u00bb scene_position=\u00bbcenter\u00bb text_color=\u00bbdark\u00bb text_align=\u00bbleft\u00bb top_padding=\u00bb40&#8243; overlay_strength=\u00bb0.3&#8243; shape_divider_position=\u00bbbottom\u00bb bg_image_animation=\u00bbnone\u00bb shape_type=\u00bb\u00bb][vc_column column_padding=\u00bbno-extra-padding\u00bb column_padding_position=\u00bball\u00bb background_color_opacity=\u00bb1&#8243; background_hover_color_opacity=\u00bb1&#8243; column_link_target=\u00bb_self\u00bb column_shadow=\u00bbnone\u00bb column_border_radius=\u00bbnone\u00bb width=\u00bb1\/1&#8243; tablet_width_inherit=\u00bbdefault\u00bb tablet_text_alignment=\u00bbdefault\u00bb phone_text_alignment=\u00bbdefault\u00bb column_border_width=\u00bbnone\u00bb column_border_style=\u00bbsolid\u00bb bg_image_animation=\u00bbnone\u00bb][vc_column_text]\n<h3>DOS PATENTES, UNA C\u00c1PSULA QUE DURA TODA LA VIDA<\/h3>\n<p>Cuando vimos una papelera llena de c\u00e1psulas de caf\u00e9 vac\u00edas, destinadas a contaminar y manchar nuestro medio ambiente, se nos ocurri\u00f3 una soluci\u00f3n tecnol\u00f3gica que transforma un descanso para el caf\u00e9 en un acto de conciencia.<\/p>\n<p>Nuestra misi\u00f3n es simple: <strong>hacer que la mayor cantidad posible de personas conozca los riesgos y da\u00f1os causados por un estilo de vida \u00abdesechable\u00bb<\/strong>.<\/p>\n<p>Es por eso que hemos creado un producto que durar\u00e1 mucho tiempo y que adem\u00e1s es agradable a la vista, f\u00e1cil de manejar, r\u00e1pido de limpiar y reutilizable una y otra vez.<\/p>\n<h3><\/h3>\n<h3>UNA C\u00c1PSULA HECHA CON AMOR<\/h3>\n<p>WayCap es una pieza de dise\u00f1o que se adapta armoniosamente a tu vida cotidiana, hecha con amor.<\/p>\n<p>WayCap es tu <strong>c\u00e1psula ecol\u00f3gica, compatible y reutilizable<\/strong> que puede llenarse con tu caf\u00e9 favorito para que puedas saborear tu d\u00eda.<\/p>\n<p>WayCap es tu ritual sostenible para mostrar al mundo que un producto maravilloso tambi\u00e9n puede ser bueno; bueno para ti y bueno para el medioambiente.<\/p>\n<p style=\"text-align: center;\"><a class=\"nectar-button n-sc-button medium accent-color regular-button\"  href=\"https:\/\/www.compatible-capsules.com\/shop\/\" data-color-override=\"false\" data-hover-color-override=\"false\" data-hover-text-color-override=\"#fff\"><span>\u00a1PRU\u00c9BALA!<\/span><\/a>\n[\/vc_column_text][\/vc_column][\/vc_row][vc_row type=\u00bbin_container\u00bb full_screen_row_position=\u00bbmiddle\u00bb scene_position=\u00bbcenter\u00bb text_color=\u00bbdark\u00bb text_align=\u00bbleft\u00bb top_padding=\u00bb40&#8243; disable_element=\u00bbyes\u00bb overlay_strength=\u00bb0.3&#8243; shape_divider_position=\u00bbbottom\u00bb bg_image_animation=\u00bbnone\u00bb shape_type=\u00bb\u00bb][vc_column column_padding=\u00bbno-extra-padding\u00bb column_padding_position=\u00bball\u00bb background_color_opacity=\u00bb1&#8243; background_hover_color_opacity=\u00bb1&#8243; column_link_target=\u00bb_self\u00bb column_shadow=\u00bbnone\u00bb column_border_radius=\u00bbnone\u00bb width=\u00bb1\/1&#8243; tablet_width_inherit=\u00bbdefault\u00bb tablet_text_alignment=\u00bbdefault\u00bb phone_text_alignment=\u00bbdefault\u00bb column_border_width=\u00bbnone\u00bb column_border_style=\u00bbsolid\u00bb bg_image_animation=\u00bbnone\u00bb][vc_column_text]\n<h3>DOS PATENTES, UNA C\u00c1PSULA QUE DURA TODA LA VIDA<\/h3>\n<p>Cuando vimos una papelera llena de c\u00e1psulas de caf\u00e9 vac\u00edas, destinadas a contaminar y manchar nuestro medio ambiente, se nos ocurri\u00f3 una soluci\u00f3n tecnol\u00f3gica que transforma un descanso para el caf\u00e9 en un acto de conciencia.<\/p>\n<p>Nuestra misi\u00f3n es simple: <strong>hacer que la mayor cantidad posible de personas conozca los riesgos y da\u00f1os causados por un estilo de vida \u00abdesechable\u00bb<\/strong>.<\/p>\n<p>Es por eso que hemos creado un producto que durar\u00e1 mucho tiempo y que adem\u00e1s es agradable a la vista, f\u00e1cil de manejar, r\u00e1pido de limpiar y reutilizable una y otra vez.<\/p>\n<h3><\/h3>\n<h3>UNA C\u00c1PSULA HECHA EN ITALIA<\/h3>\n<p>WayCap es una pieza de dise\u00f1o que se adapta armoniosamente a tu vida cotidiana, hecha en Italia con amor.<\/p>\n<p>WayCap es tu <strong>c\u00e1psula ecol\u00f3gica, compatible y reutilizable<\/strong> que puede llenarse con tu caf\u00e9 favorito para que puedas saborear tu d\u00eda.<\/p>\n<p>WayCap es tu ritual sostenible para mostrar al mundo que un producto maravilloso tambi\u00e9n puede ser bueno; bueno para ti y bueno para el medioambiente.<\/p>\n<p style=\"text-align: center;\"><a class=\"nectar-button n-sc-button medium accent-color regular-button\"  href=\"https:\/\/www.compatible-capsules.com\/shop\/\" data-color-override=\"false\" data-hover-color-override=\"false\" data-hover-text-color-override=\"#fff\"><span>\u00a1PRU\u00c9BALA!<\/span><\/a>\n[\/vc_column_text][\/vc_column][\/vc_row]\n","protected":false},"excerpt":{"rendered":"<p>[vc_row type=\u00bbin_container\u00bb full_screen_row_position=\u00bbmiddle\u00bb scene_position=\u00bbcenter\u00bb text_color=\u00bbdark\u00bb text_align=\u00bbleft\u00bb top_padding=\u00bb40&#8243; overlay_strength=\u00bb0.3&#8243; shape_divider_position=\u00bbbottom\u00bb bg_image_animation=\u00bbnone\u00bb shape_type=\u00bb\u00bb][vc_column column_padding=\u00bbno-extra-padding\u00bb column_padding_position=\u00bball\u00bb background_color_opacity=\u00bb1&#8243; background_hover_color_opacity=\u00bb1&#8243; column_link_target=\u00bb_self\u00bb column_shadow=\u00bbnone\u00bb column_border_radius=\u00bbnone\u00bb width=\u00bb1\/1&#8243; tablet_width_inherit=\u00bbdefault\u00bb tablet_text_alignment=\u00bbdefault\u00bb phone_text_alignment=\u00bbdefault\u00bb column_border_width=\u00bbnone\u00bb column_border_style=\u00bbsolid\u00bb bg_image_animation=\u00bbnone\u00bb][vc_column_text] DOS PATENTES, UNA C\u00c1PSULA QUE&#8230;<\/p>\n","protected":false},"author":1,"featured_media":0,"parent":0,"menu_order":0,"comment_status":"closed","ping_status":"closed","template":"","meta":{"footnotes":""},"class_list":["post-11171","page","type-page","status-publish"],"yoast_head":"<!-- This site is optimized with the Yoast SEO plugin v26.0 - https:\/\/yoast.com\/wordpress\/plugins\/seo\/ -->\n<title>Una bonita idea: WayCap, unas c\u00e1psulas recargables para el sistema Nespresso<\/title>\n<meta name=\"description\" content=\"Dos patentes, una c\u00e1psula que dura toda la vida. Un producto que durar\u00e1 mucho tiempo y que adem\u00e1s es agradable a la vista, f\u00e1cil de manejar, r\u00e1pido de limpiar y reutilizable una y otra vez.\" \/>\n<meta name=\"robots\" content=\"index, follow, max-snippet:-1, max-image-preview:large, max-video-preview:-1\" \/>\n<link rel=\"canonical\" href=\"https:\/\/www.compatible-capsules.com\/es\/una-bonita-idea\/\" \/>\n<meta property=\"og:locale\" content=\"es_ES\" \/>\n<meta property=\"og:type\" content=\"article\" \/>\n<meta property=\"og:title\" content=\"Una bonita idea: WayCap, unas c\u00e1psulas recargables para el sistema Nespresso\" \/>\n<meta property=\"og:description\" content=\"Dos patentes, una c\u00e1psula que dura toda la vida. Un producto que durar\u00e1 mucho tiempo y que adem\u00e1s es agradable a la vista, f\u00e1cil de manejar, r\u00e1pido de limpiar y reutilizable una y otra vez.\" \/>\n<meta property=\"og:url\" content=\"https:\/\/www.compatible-capsules.com\/es\/una-bonita-idea\/\" \/>\n<meta property=\"og:site_name\" content=\"WayCap\" \/>\n<meta property=\"article:publisher\" content=\"https:\/\/www.facebook.com\/waycapcoffee\/\" \/>\n<meta property=\"article:modified_time\" content=\"2020-03-04T15:54:21+00:00\" \/>\n<meta name=\"twitter:card\" content=\"summary_large_image\" \/>\n<meta name=\"twitter:site\" content=\"@waycapcoffee\" \/>\n<meta name=\"twitter:label1\" content=\"Tiempo de lectura\" \/>\n\t<meta name=\"twitter:data1\" content=\"3 minutos\" \/>\n<script type=\"application\/ld+json\" class=\"yoast-schema-graph\">{\"@context\":\"https:\/\/schema.org\",\"@graph\":[{\"@type\":\"WebPage\",\"@id\":\"https:\/\/www.compatible-capsules.com\/es\/una-bonita-idea\/\",\"url\":\"https:\/\/www.compatible-capsules.com\/es\/una-bonita-idea\/\",\"name\":\"Una bonita idea: WayCap, unas c\u00e1psulas recargables para el sistema Nespresso\",\"isPartOf\":{\"@id\":\"https:\/\/www.compatible-capsules.com\/#website\"},\"datePublished\":\"2018-04-18T18:21:48+00:00\",\"dateModified\":\"2020-03-04T15:54:21+00:00\",\"description\":\"Dos patentes, una c\u00e1psula que dura toda la vida. Un producto que durar\u00e1 mucho tiempo y que adem\u00e1s es agradable a la vista, f\u00e1cil de manejar, r\u00e1pido de limpiar y reutilizable una y otra vez.\",\"breadcrumb\":{\"@id\":\"https:\/\/www.compatible-capsules.com\/es\/una-bonita-idea\/#breadcrumb\"},\"inLanguage\":\"es\",\"potentialAction\":[{\"@type\":\"ReadAction\",\"target\":[\"https:\/\/www.compatible-capsules.com\/es\/una-bonita-idea\/\"]}]},{\"@type\":\"BreadcrumbList\",\"@id\":\"https:\/\/www.compatible-capsules.com\/es\/una-bonita-idea\/#breadcrumb\",\"itemListElement\":[{\"@type\":\"ListItem\",\"position\":1,\"name\":\"Home\",\"item\":\"https:\/\/www.compatible-capsules.com\/es\/\"},{\"@type\":\"ListItem\",\"position\":2,\"name\":\"A Beautiful Idea\"}]},{\"@type\":\"WebSite\",\"@id\":\"https:\/\/www.compatible-capsules.com\/#website\",\"url\":\"https:\/\/www.compatible-capsules.com\/\",\"name\":\"WayCap\",\"description\":\"Compatible Capsules for Nespresso Systems\",\"publisher\":{\"@id\":\"https:\/\/www.compatible-capsules.com\/#organization\"},\"potentialAction\":[{\"@type\":\"SearchAction\",\"target\":{\"@type\":\"EntryPoint\",\"urlTemplate\":\"https:\/\/www.compatible-capsules.com\/?s={search_term_string}\"},\"query-input\":{\"@type\":\"PropertyValueSpecification\",\"valueRequired\":true,\"valueName\":\"search_term_string\"}}],\"inLanguage\":\"es\"},{\"@type\":\"Organization\",\"@id\":\"https:\/\/www.compatible-capsules.com\/#organization\",\"name\":\"WAYCAP SRLS\",\"url\":\"https:\/\/www.compatible-capsules.com\/\",\"logo\":{\"@type\":\"ImageObject\",\"inLanguage\":\"es\",\"@id\":\"https:\/\/www.compatible-capsules.com\/#\/schema\/logo\/image\/\",\"url\":\"https:\/\/www.compatible-capsules.com\/wp-content\/uploads\/2015\/11\/logo_menu_200px.png\",\"contentUrl\":\"https:\/\/www.compatible-capsules.com\/wp-content\/uploads\/2015\/11\/logo_menu_200px.png\",\"width\":200,\"height\":200,\"caption\":\"WAYCAP SRLS\"},\"image\":{\"@id\":\"https:\/\/www.compatible-capsules.com\/#\/schema\/logo\/image\/\"},\"sameAs\":[\"https:\/\/www.facebook.com\/waycapcoffee\/\",\"https:\/\/x.com\/waycapcoffee\",\"https:\/\/www.youtube.com\/channel\/UCi6AsQOPaPIVku3lqfWf4Dg\"]}]}<\/script>\n<!-- \/ Yoast SEO plugin. -->","yoast_head_json":{"title":"Una bonita idea: WayCap, unas c\u00e1psulas recargables para el sistema Nespresso","description":"Dos patentes, una c\u00e1psula que dura toda la vida. Un producto que durar\u00e1 mucho tiempo y que adem\u00e1s es agradable a la vista, f\u00e1cil de manejar, r\u00e1pido de limpiar y reutilizable una y otra vez.","robots":{"index":"index","follow":"follow","max-snippet":"max-snippet:-1","max-image-preview":"max-image-preview:large","max-video-preview":"max-video-preview:-1"},"canonical":"https:\/\/www.compatible-capsules.com\/es\/una-bonita-idea\/","og_locale":"es_ES","og_type":"article","og_title":"Una bonita idea: WayCap, unas c\u00e1psulas recargables para el sistema Nespresso","og_description":"Dos patentes, una c\u00e1psula que dura toda la vida. Un producto que durar\u00e1 mucho tiempo y que adem\u00e1s es agradable a la vista, f\u00e1cil de manejar, r\u00e1pido de limpiar y reutilizable una y otra vez.","og_url":"https:\/\/www.compatible-capsules.com\/es\/una-bonita-idea\/","og_site_name":"WayCap","article_publisher":"https:\/\/www.facebook.com\/waycapcoffee\/","article_modified_time":"2020-03-04T15:54:21+00:00","twitter_card":"summary_large_image","twitter_site":"@waycapcoffee","twitter_misc":{"Tiempo de lectura":"3 minutos"},"schema":{"@context":"https:\/\/schema.org","@graph":[{"@type":"WebPage","@id":"https:\/\/www.compatible-capsules.com\/es\/una-bonita-idea\/","url":"https:\/\/www.compatible-capsules.com\/es\/una-bonita-idea\/","name":"Una bonita idea: WayCap, unas c\u00e1psulas recargables para el sistema Nespresso","isPartOf":{"@id":"https:\/\/www.compatible-capsules.com\/#website"},"datePublished":"2018-04-18T18:21:48+00:00","dateModified":"2020-03-04T15:54:21+00:00","description":"Dos patentes, una c\u00e1psula que dura toda la vida. Un producto que durar\u00e1 mucho tiempo y que adem\u00e1s es agradable a la vista, f\u00e1cil de manejar, r\u00e1pido de limpiar y reutilizable una y otra vez.","breadcrumb":{"@id":"https:\/\/www.compatible-capsules.com\/es\/una-bonita-idea\/#breadcrumb"},"inLanguage":"es","potentialAction":[{"@type":"ReadAction","target":["https:\/\/www.compatible-capsules.com\/es\/una-bonita-idea\/"]}]},{"@type":"BreadcrumbList","@id":"https:\/\/www.compatible-capsules.com\/es\/una-bonita-idea\/#breadcrumb","itemListElement":[{"@type":"ListItem","position":1,"name":"Home","item":"https:\/\/www.compatible-capsules.com\/es\/"},{"@type":"ListItem","position":2,"name":"A Beautiful Idea"}]},{"@type":"WebSite","@id":"https:\/\/www.compatible-capsules.com\/#website","url":"https:\/\/www.compatible-capsules.com\/","name":"WayCap","description":"Compatible Capsules for Nespresso Systems","publisher":{"@id":"https:\/\/www.compatible-capsules.com\/#organization"},"potentialAction":[{"@type":"SearchAction","target":{"@type":"EntryPoint","urlTemplate":"https:\/\/www.compatible-capsules.com\/?s={search_term_string}"},"query-input":{"@type":"PropertyValueSpecification","valueRequired":true,"valueName":"search_term_string"}}],"inLanguage":"es"},{"@type":"Organization","@id":"https:\/\/www.compatible-capsules.com\/#organization","name":"WAYCAP SRLS","url":"https:\/\/www.compatible-capsules.com\/","logo":{"@type":"ImageObject","inLanguage":"es","@id":"https:\/\/www.compatible-capsules.com\/#\/schema\/logo\/image\/","url":"https:\/\/www.compatible-capsules.com\/wp-content\/uploads\/2015\/11\/logo_menu_200px.png","contentUrl":"https:\/\/www.compatible-capsules.com\/wp-content\/uploads\/2015\/11\/logo_menu_200px.png","width":200,"height":200,"caption":"WAYCAP SRLS"},"image":{"@id":"https:\/\/www.compatible-capsules.com\/#\/schema\/logo\/image\/"},"sameAs":["https:\/\/www.facebook.com\/waycapcoffee\/","https:\/\/x.com\/waycapcoffee","https:\/\/www.youtube.com\/channel\/UCi6AsQOPaPIVku3lqfWf4Dg"]}]}},"_links":{"self":[{"href":"https:\/\/www.compatible-capsules.com\/es\/wp-json\/wp\/v2\/pages\/11171","targetHints":{"allow":["GET"]}}],"collection":[{"href":"https:\/\/www.compatible-capsules.com\/es\/wp-json\/wp\/v2\/pages"}],"about":[{"href":"https:\/\/www.compatible-capsules.com\/es\/wp-json\/wp\/v2\/types\/page"}],"author":[{"embeddable":true,"href":"https:\/\/www.compatible-capsules.com\/es\/wp-json\/wp\/v2\/users\/1"}],"replies":[{"embeddable":true,"href":"https:\/\/www.compatible-capsules.com\/es\/wp-json\/wp\/v2\/comments?post=11171"}],"version-history":[{"count":4,"href":"https:\/\/www.compatible-capsules.com\/es\/wp-json\/wp\/v2\/pages\/11171\/revisions"}],"predecessor-version":[{"id":66932,"href":"https:\/\/www.compatible-capsules.com\/es\/wp-json\/wp\/v2\/pages\/11171\/revisions\/66932"}],"wp:attachment":[{"href":"https:\/\/www.compatible-capsules.com\/es\/wp-json\/wp\/v2\/media?parent=11171"}],"curies":[{"name":"wp","href":"https:\/\/api.w.org\/{rel}","templated":true}]}}