{"id":11176,"date":"2018-04-19T20:20:35","date_gmt":"2018-04-19T20:20:35","guid":{"rendered":"https:\/\/www.compatible-capsules.com\/the-original\/"},"modified":"2018-05-08T21:01:46","modified_gmt":"2018-05-08T21:01:46","slug":"la-original","status":"publish","type":"page","link":"https:\/\/www.compatible-capsules.com\/es\/la-original\/","title":{"rendered":"The Original"},"content":{"rendered":"[vc_row type=\u00bbin_container\u00bb full_screen_row_position=\u00bbmiddle\u00bb scene_position=\u00bbcenter\u00bb text_color=\u00bbdark\u00bb text_align=\u00bbleft\u00bb top_padding=\u00bb40&#8243; overlay_strength=\u00bb0.3&#8243; shape_divider_position=\u00bbbottom\u00bb shape_type=\u00bb\u00bb][vc_column column_padding=\u00bbno-extra-padding\u00bb column_padding_position=\u00bball\u00bb background_color_opacity=\u00bb1&#8243; background_hover_color_opacity=\u00bb1&#8243; column_shadow=\u00bbnone\u00bb column_border_radius=\u00bbnone\u00bb width=\u00bb1\/1&#8243; tablet_text_alignment=\u00bbdefault\u00bb phone_text_alignment=\u00bbdefault\u00bb column_border_width=\u00bbnone\u00bb column_border_style=\u00bbsolid\u00bb][vc_column_text]\n<h3>RECARGABLE Y REUSABLE TANTAS VECES COMO QUIERAS<\/h3>\n<p>WayCap, la <strong>c\u00e1psula compatible con el sistema Nespresso<\/strong>, es el resultado de la habilidad y el ingenio de Matteo, Davide y Matteo, as\u00ed como de su respeto por el medioambiente. Este producto encontr\u00f3 de inmediato 4000 seguidores en todo el mundo gracias a una campa\u00f1a de micromecenazgo para lograr llegar a tu hogar.<br \/>\nHay muchas razones para elegirlo.[\/vc_column_text][\/vc_column][\/vc_row][vc_row type=\u00bbfull_width_background\u00bb full_screen_row_position=\u00bbmiddle\u00bb bg_color=\u00bb#ffffff\u00bb scene_position=\u00bbcenter\u00bb text_color=\u00bbdark\u00bb text_align=\u00bbleft\u00bb top_padding=\u00bb1%\u00bb bottom_padding=\u00bb10%\u00bb overlay_strength=\u00bb0.5&#8243; shape_divider_position=\u00bbbottom\u00bb shape_type=\u00bb\u00bb][vc_column column_padding=\u00bbno-extra-padding\u00bb column_padding_position=\u00bball\u00bb background_color_opacity=\u00bb1&#8243; background_hover_color_opacity=\u00bb1&#8243; column_shadow=\u00bbnone\u00bb column_border_radius=\u00bbnone\u00bb width=\u00bb1\/1&#8243; tablet_text_alignment=\u00bbdefault\u00bb phone_text_alignment=\u00bbdefault\u00bb column_border_width=\u00bbnone\u00bb column_border_style=\u00bbsolid\u00bb][vc_row_inner column_margin=\u00bbdefault\u00bb top_padding=\u00bb20&#8243; text_align=\u00bbleft\u00bb][vc_column_inner enable_animation=\u00bbtrue\u00bb animation=\u00bbfade-in-from-bottom\u00bb column_padding=\u00bbpadding-3-percent\u00bb column_padding_position=\u00bball\u00bb centered_text=\u00bbtrue\u00bb background_color_opacity=\u00bb1&#8243; background_hover_color_opacity=\u00bb1&#8243; column_shadow=\u00bbnone\u00bb column_border_radius=\u00bbnone\u00bb width=\u00bb1\/3&#8243; column_border_width=\u00bbnone\u00bb column_border_style=\u00bbsolid\u00bb][nectar_icon icon_family=\u00bbfontawesome\u00bb icon_style=\u00bbdefault\u00bb icon_color=\u00bbAccent-Color\u00bb icon_padding=\u00bb0px\u00bb url=\u00bb#\u00bb icon_fontawesome=\u00bbfa fa-recycle\u00bb][vc_column_text css_animation=\u00bbfadeInUp\u00bb css=\u00bb.vc_custom_1525813030998{margin-bottom: 15px !important;}\u00bb]\n<h4>Reutilizable<\/h4>\n[\/vc_column_text][vc_custom_heading text=\u00bbEs una <strong>c\u00e1psula rellenable<\/strong> con un dise\u00f1o patentado para que puedas preparar un caf\u00e9 tan cremoso y bueno como uno profesional.<br \/>\n\u00bb font_container=\u00bbtag:p|text_align:center|color:rgba(10%2C10%2C10%2C0.65)\u00bb use_theme_fonts=\u00bbyes\u00bb css_animation=\u00bbfadeInUp\u00bb][\/vc_column_inner][vc_column_inner enable_animation=\u00bbtrue\u00bb animation=\u00bbfade-in-from-bottom\u00bb column_padding=\u00bbpadding-3-percent\u00bb column_padding_position=\u00bball\u00bb centered_text=\u00bbtrue\u00bb background_color_opacity=\u00bb1&#8243; background_hover_color_opacity=\u00bb1&#8243; column_shadow=\u00bbnone\u00bb column_border_radius=\u00bbnone\u00bb width=\u00bb1\/3&#8243; column_border_width=\u00bbnone\u00bb column_border_style=\u00bbsolid\u00bb][nectar_icon icon_family=\u00bbfontawesome\u00bb icon_style=\u00bbdefault\u00bb icon_color=\u00bbAccent-Color\u00bb icon_padding=\u00bb0px\u00bb url=\u00bb#\u00bb icon_fontawesome=\u00bbfa fa-lightbulb-o\u00bb][vc_column_text css_animation=\u00bbfadeInUp\u00bb css=\u00bb.vc_custom_1525813086867{margin-bottom: 15px !important;}\u00bb]\n<h4>Creado y hecho en Italia<\/h4>\n[\/vc_column_text][vc_custom_heading text=\u00bbHa sido concebido y fabricado en Italia, en Tur\u00edn, aprovechando al m\u00e1ximo la destreza de los artesanos locales, con materiales de calidad certificada.<br \/>\n\u00bb font_container=\u00bbtag:p|text_align:center|color:rgba(10%2C10%2C10%2C0.65)\u00bb use_theme_fonts=\u00bbyes\u00bb css_animation=\u00bbfadeInUp\u00bb][\/vc_column_inner][vc_column_inner enable_animation=\u00bbtrue\u00bb animation=\u00bbfade-in-from-bottom\u00bb column_padding=\u00bbpadding-3-percent\u00bb column_padding_position=\u00bball\u00bb centered_text=\u00bbtrue\u00bb background_color_opacity=\u00bb1&#8243; background_hover_color_opacity=\u00bb1&#8243; column_shadow=\u00bbnone\u00bb column_border_radius=\u00bbnone\u00bb width=\u00bb1\/3&#8243; column_border_width=\u00bbnone\u00bb column_border_style=\u00bbsolid\u00bb][nectar_icon icon_family=\u00bbfontawesome\u00bb icon_style=\u00bbdefault\u00bb icon_color=\u00bbAccent-Color\u00bb icon_padding=\u00bb0px\u00bb url=\u00bb#\u00bb icon_fontawesome=\u00bbfa fa-leaf\u00bb][vc_column_text css_animation=\u00bbfadeInUp\u00bb css=\u00bb.vc_custom_1525813123268{margin-bottom: 15px !important;}\u00bb]\n<h4>Ecol\u00f3gico<\/h4>\n[\/vc_column_text][vc_custom_heading text=\u00bbEs una forma de tener un impacto positivo en el medio ambiente, sin contaminar, una forma de dejar huella simplemente tomando un caf\u00e9 y reduciendo los desechos.\u00bb font_container=\u00bbtag:p|text_align:center|color:rgba(10%2C10%2C10%2C0.65)\u00bb use_theme_fonts=\u00bbyes\u00bb css_animation=\u00bbfadeInUp\u00bb][\/vc_column_inner][\/vc_row_inner][vc_row_inner column_margin=\u00bbdefault\u00bb top_padding=\u00bb20&#8243; text_align=\u00bbleft\u00bb][vc_column_inner enable_animation=\u00bbtrue\u00bb animation=\u00bbfade-in-from-bottom\u00bb column_padding=\u00bbpadding-3-percent\u00bb column_padding_position=\u00bball\u00bb centered_text=\u00bbtrue\u00bb background_color_opacity=\u00bb1&#8243; background_hover_color_opacity=\u00bb1&#8243; column_shadow=\u00bbnone\u00bb column_border_radius=\u00bbnone\u00bb width=\u00bb1\/3&#8243; column_border_width=\u00bbnone\u00bb column_border_style=\u00bbsolid\u00bb][nectar_icon icon_family=\u00bbfontawesome\u00bb icon_style=\u00bbdefault\u00bb icon_color=\u00bbAccent-Color\u00bb icon_padding=\u00bb0px\u00bb url=\u00bb#\u00bb icon_fontawesome=\u00bbfa fa-coffee\u00bb][vc_column_text css_animation=\u00bbfadeInUp\u00bb css=\u00bb.vc_custom_1525813155421{margin-bottom: 15px !important;}\u00bb]\n<h4>T\u00fa eliges<\/h4>\n[\/vc_column_text][vc_custom_heading text=\u00bbCon WayCap, puedes elegir la calidad de tu caf\u00e9, sabes de d\u00f3nde viene el caf\u00e9 porque t\u00fa mismo llenas la c\u00e1psula y puedes elegir tu aroma favorito.<br \/>\n\u00bb font_container=\u00bbtag:p|text_align:center|color:rgba(10%2C10%2C10%2C0.65)\u00bb use_theme_fonts=\u00bbyes\u00bb css_animation=\u00bbfadeInUp\u00bb][\/vc_column_inner][vc_column_inner enable_animation=\u00bbtrue\u00bb animation=\u00bbfade-in-from-bottom\u00bb column_padding=\u00bbpadding-3-percent\u00bb column_padding_position=\u00bball\u00bb centered_text=\u00bbtrue\u00bb background_color_opacity=\u00bb1&#8243; background_hover_color_opacity=\u00bb1&#8243; column_shadow=\u00bbnone\u00bb column_border_radius=\u00bbnone\u00bb width=\u00bb1\/3&#8243; column_border_width=\u00bbnone\u00bb column_border_style=\u00bbsolid\u00bb][nectar_icon icon_family=\u00bbfontawesome\u00bb icon_style=\u00bbdefault\u00bb icon_color=\u00bbAccent-Color\u00bb icon_padding=\u00bb0px\u00bb url=\u00bb#\u00bb icon_fontawesome=\u00bbfa fa-usd\u00bb][vc_column_text css_animation=\u00bbfadeInUp\u00bb css=\u00bb.vc_custom_1525813203025{margin-bottom: 15px !important;}\u00bb]\n<h4>Ahorras<\/h4>\n[\/vc_column_text][vc_custom_heading text=\u00bbAhorras usando un objeto que es pr\u00e1ctico, funcional y f\u00e1cil de mantener.\u00bb font_container=\u00bbtag:p|text_align:center|color:rgba(10%2C10%2C10%2C0.65)\u00bb use_theme_fonts=\u00bbyes\u00bb css_animation=\u00bbfadeInUp\u00bb][\/vc_column_inner][vc_column_inner enable_animation=\u00bbtrue\u00bb animation=\u00bbfade-in-from-bottom\u00bb column_padding=\u00bbpadding-3-percent\u00bb column_padding_position=\u00bball\u00bb centered_text=\u00bbtrue\u00bb background_color_opacity=\u00bb1&#8243; background_hover_color_opacity=\u00bb1&#8243; column_shadow=\u00bbnone\u00bb column_border_radius=\u00bbnone\u00bb width=\u00bb1\/3&#8243; column_border_width=\u00bbnone\u00bb column_border_style=\u00bbsolid\u00bb][nectar_icon icon_family=\u00bbfontawesome\u00bb icon_style=\u00bbdefault\u00bb icon_color=\u00bbAccent-Color\u00bb icon_padding=\u00bb0px\u00bb url=\u00bb#\u00bb icon_fontawesome=\u00bbfa fa-pencil\u00bb][vc_column_text css_animation=\u00bbfadeInUp\u00bb css=\u00bb.vc_custom_1525813238024{margin-bottom: 15px !important;}\u00bb]\n<h4>Dise\u00f1o original<\/h4>\n[\/vc_column_text][vc_custom_heading text=\u00bbCada d\u00eda tomas una decisi\u00f3n respetuosa con el medio ambiente gracias a un producto con un dise\u00f1o original y \u00fanico, tomando caf\u00e9 de una manera que te hace estar m\u00e1s concienciado.\u00bb font_container=\u00bbtag:p|text_align:center|color:rgba(10%2C10%2C10%2C0.65)\u00bb use_theme_fonts=\u00bbyes\u00bb css_animation=\u00bbfadeInUp\u00bb][\/vc_column_inner][\/vc_row_inner][\/vc_column][\/vc_row]\n","protected":false},"excerpt":{"rendered":"<p>[vc_row type=\u00bbin_container\u00bb full_screen_row_position=\u00bbmiddle\u00bb scene_position=\u00bbcenter\u00bb text_color=\u00bbdark\u00bb text_align=\u00bbleft\u00bb top_padding=\u00bb40&#8243; overlay_strength=\u00bb0.3&#8243; shape_divider_position=\u00bbbottom\u00bb shape_type=\u00bb\u00bb][vc_column column_padding=\u00bbno-extra-padding\u00bb column_padding_position=\u00bball\u00bb background_color_opacity=\u00bb1&#8243; background_hover_color_opacity=\u00bb1&#8243; column_shadow=\u00bbnone\u00bb column_border_radius=\u00bbnone\u00bb width=\u00bb1\/1&#8243; tablet_text_alignment=\u00bbdefault\u00bb phone_text_alignment=\u00bbdefault\u00bb column_border_width=\u00bbnone\u00bb column_border_style=\u00bbsolid\u00bb][vc_column_text] RECARGABLE Y REUSABLE TANTAS VECES COMO QUIERAS WayCap, la&#8230;<\/p>\n","protected":false},"author":1,"featured_media":0,"parent":0,"menu_order":0,"comment_status":"closed","ping_status":"closed","template":"","meta":{"footnotes":""},"class_list":["post-11176","page","type-page","status-publish"],"yoast_head":"<!-- This site is optimized with the Yoast SEO plugin v26.0 - https:\/\/yoast.com\/wordpress\/plugins\/seo\/ -->\n<title>WayCap - el bien original para ti y el medio ambiente<\/title>\n<meta name=\"description\" content=\"WayCap, la c\u00e1psula compatible con el sistema Nespresso, hay muchas razones para elegirla. Reutilizable, creada y hecha en Italia, ecol\u00f3gica, t\u00fa eliges, ahorras, dise\u00f1o original.\" \/>\n<meta name=\"robots\" content=\"index, follow, max-snippet:-1, max-image-preview:large, max-video-preview:-1\" \/>\n<link rel=\"canonical\" href=\"https:\/\/www.compatible-capsules.com\/es\/la-original\/\" \/>\n<meta property=\"og:locale\" content=\"es_ES\" \/>\n<meta property=\"og:type\" content=\"article\" \/>\n<meta property=\"og:title\" content=\"WayCap - el bien original para ti y el medio ambiente\" \/>\n<meta property=\"og:description\" content=\"WayCap, la c\u00e1psula compatible con el sistema Nespresso, hay muchas razones para elegirla. Reutilizable, creada y hecha en Italia, ecol\u00f3gica, t\u00fa eliges, ahorras, dise\u00f1o original.\" \/>\n<meta property=\"og:url\" content=\"https:\/\/www.compatible-capsules.com\/es\/la-original\/\" \/>\n<meta property=\"og:site_name\" content=\"WayCap\" \/>\n<meta property=\"article:publisher\" content=\"https:\/\/www.facebook.com\/waycapcoffee\/\" \/>\n<meta property=\"article:modified_time\" content=\"2018-05-08T21:01:46+00:00\" \/>\n<meta name=\"twitter:card\" content=\"summary_large_image\" \/>\n<meta name=\"twitter:site\" content=\"@waycapcoffee\" \/>\n<meta name=\"twitter:label1\" content=\"Tiempo de lectura\" \/>\n\t<meta name=\"twitter:data1\" content=\"5 minutos\" \/>\n<script type=\"application\/ld+json\" class=\"yoast-schema-graph\">{\"@context\":\"https:\/\/schema.org\",\"@graph\":[{\"@type\":\"WebPage\",\"@id\":\"https:\/\/www.compatible-capsules.com\/es\/la-original\/\",\"url\":\"https:\/\/www.compatible-capsules.com\/es\/la-original\/\",\"name\":\"WayCap - el bien original para ti y el medio ambiente\",\"isPartOf\":{\"@id\":\"https:\/\/www.compatible-capsules.com\/#website\"},\"datePublished\":\"2018-04-19T20:20:35+00:00\",\"dateModified\":\"2018-05-08T21:01:46+00:00\",\"description\":\"WayCap, la c\u00e1psula compatible con el sistema Nespresso, hay muchas razones para elegirla. Reutilizable, creada y hecha en Italia, ecol\u00f3gica, t\u00fa eliges, ahorras, dise\u00f1o original.\",\"breadcrumb\":{\"@id\":\"https:\/\/www.compatible-capsules.com\/es\/la-original\/#breadcrumb\"},\"inLanguage\":\"es\",\"potentialAction\":[{\"@type\":\"ReadAction\",\"target\":[\"https:\/\/www.compatible-capsules.com\/es\/la-original\/\"]}]},{\"@type\":\"BreadcrumbList\",\"@id\":\"https:\/\/www.compatible-capsules.com\/es\/la-original\/#breadcrumb\",\"itemListElement\":[{\"@type\":\"ListItem\",\"position\":1,\"name\":\"Home\",\"item\":\"https:\/\/www.compatible-capsules.com\/es\/\"},{\"@type\":\"ListItem\",\"position\":2,\"name\":\"The Original\"}]},{\"@type\":\"WebSite\",\"@id\":\"https:\/\/www.compatible-capsules.com\/#website\",\"url\":\"https:\/\/www.compatible-capsules.com\/\",\"name\":\"WayCap\",\"description\":\"Compatible Capsules for Nespresso Systems\",\"publisher\":{\"@id\":\"https:\/\/www.compatible-capsules.com\/#organization\"},\"potentialAction\":[{\"@type\":\"SearchAction\",\"target\":{\"@type\":\"EntryPoint\",\"urlTemplate\":\"https:\/\/www.compatible-capsules.com\/?s={search_term_string}\"},\"query-input\":{\"@type\":\"PropertyValueSpecification\",\"valueRequired\":true,\"valueName\":\"search_term_string\"}}],\"inLanguage\":\"es\"},{\"@type\":\"Organization\",\"@id\":\"https:\/\/www.compatible-capsules.com\/#organization\",\"name\":\"WAYCAP SRLS\",\"url\":\"https:\/\/www.compatible-capsules.com\/\",\"logo\":{\"@type\":\"ImageObject\",\"inLanguage\":\"es\",\"@id\":\"https:\/\/www.compatible-capsules.com\/#\/schema\/logo\/image\/\",\"url\":\"https:\/\/www.compatible-capsules.com\/wp-content\/uploads\/2015\/11\/logo_menu_200px.png\",\"contentUrl\":\"https:\/\/www.compatible-capsules.com\/wp-content\/uploads\/2015\/11\/logo_menu_200px.png\",\"width\":200,\"height\":200,\"caption\":\"WAYCAP SRLS\"},\"image\":{\"@id\":\"https:\/\/www.compatible-capsules.com\/#\/schema\/logo\/image\/\"},\"sameAs\":[\"https:\/\/www.facebook.com\/waycapcoffee\/\",\"https:\/\/x.com\/waycapcoffee\",\"https:\/\/www.youtube.com\/channel\/UCi6AsQOPaPIVku3lqfWf4Dg\"]}]}<\/script>\n<!-- \/ Yoast SEO plugin. -->","yoast_head_json":{"title":"WayCap - el bien original para ti y el medio ambiente","description":"WayCap, la c\u00e1psula compatible con el sistema Nespresso, hay muchas razones para elegirla. Reutilizable, creada y hecha en Italia, ecol\u00f3gica, t\u00fa eliges, ahorras, dise\u00f1o original.","robots":{"index":"index","follow":"follow","max-snippet":"max-snippet:-1","max-image-preview":"max-image-preview:large","max-video-preview":"max-video-preview:-1"},"canonical":"https:\/\/www.compatible-capsules.com\/es\/la-original\/","og_locale":"es_ES","og_type":"article","og_title":"WayCap - el bien original para ti y el medio ambiente","og_description":"WayCap, la c\u00e1psula compatible con el sistema Nespresso, hay muchas razones para elegirla. Reutilizable, creada y hecha en Italia, ecol\u00f3gica, t\u00fa eliges, ahorras, dise\u00f1o original.","og_url":"https:\/\/www.compatible-capsules.com\/es\/la-original\/","og_site_name":"WayCap","article_publisher":"https:\/\/www.facebook.com\/waycapcoffee\/","article_modified_time":"2018-05-08T21:01:46+00:00","twitter_card":"summary_large_image","twitter_site":"@waycapcoffee","twitter_misc":{"Tiempo de lectura":"5 minutos"},"schema":{"@context":"https:\/\/schema.org","@graph":[{"@type":"WebPage","@id":"https:\/\/www.compatible-capsules.com\/es\/la-original\/","url":"https:\/\/www.compatible-capsules.com\/es\/la-original\/","name":"WayCap - el bien original para ti y el medio ambiente","isPartOf":{"@id":"https:\/\/www.compatible-capsules.com\/#website"},"datePublished":"2018-04-19T20:20:35+00:00","dateModified":"2018-05-08T21:01:46+00:00","description":"WayCap, la c\u00e1psula compatible con el sistema Nespresso, hay muchas razones para elegirla. Reutilizable, creada y hecha en Italia, ecol\u00f3gica, t\u00fa eliges, ahorras, dise\u00f1o original.","breadcrumb":{"@id":"https:\/\/www.compatible-capsules.com\/es\/la-original\/#breadcrumb"},"inLanguage":"es","potentialAction":[{"@type":"ReadAction","target":["https:\/\/www.compatible-capsules.com\/es\/la-original\/"]}]},{"@type":"BreadcrumbList","@id":"https:\/\/www.compatible-capsules.com\/es\/la-original\/#breadcrumb","itemListElement":[{"@type":"ListItem","position":1,"name":"Home","item":"https:\/\/www.compatible-capsules.com\/es\/"},{"@type":"ListItem","position":2,"name":"The Original"}]},{"@type":"WebSite","@id":"https:\/\/www.compatible-capsules.com\/#website","url":"https:\/\/www.compatible-capsules.com\/","name":"WayCap","description":"Compatible Capsules for Nespresso Systems","publisher":{"@id":"https:\/\/www.compatible-capsules.com\/#organization"},"potentialAction":[{"@type":"SearchAction","target":{"@type":"EntryPoint","urlTemplate":"https:\/\/www.compatible-capsules.com\/?s={search_term_string}"},"query-input":{"@type":"PropertyValueSpecification","valueRequired":true,"valueName":"search_term_string"}}],"inLanguage":"es"},{"@type":"Organization","@id":"https:\/\/www.compatible-capsules.com\/#organization","name":"WAYCAP SRLS","url":"https:\/\/www.compatible-capsules.com\/","logo":{"@type":"ImageObject","inLanguage":"es","@id":"https:\/\/www.compatible-capsules.com\/#\/schema\/logo\/image\/","url":"https:\/\/www.compatible-capsules.com\/wp-content\/uploads\/2015\/11\/logo_menu_200px.png","contentUrl":"https:\/\/www.compatible-capsules.com\/wp-content\/uploads\/2015\/11\/logo_menu_200px.png","width":200,"height":200,"caption":"WAYCAP SRLS"},"image":{"@id":"https:\/\/www.compatible-capsules.com\/#\/schema\/logo\/image\/"},"sameAs":["https:\/\/www.facebook.com\/waycapcoffee\/","https:\/\/x.com\/waycapcoffee","https:\/\/www.youtube.com\/channel\/UCi6AsQOPaPIVku3lqfWf4Dg"]}]}},"_links":{"self":[{"href":"https:\/\/www.compatible-capsules.com\/es\/wp-json\/wp\/v2\/pages\/11176","targetHints":{"allow":["GET"]}}],"collection":[{"href":"https:\/\/www.compatible-capsules.com\/es\/wp-json\/wp\/v2\/pages"}],"about":[{"href":"https:\/\/www.compatible-capsules.com\/es\/wp-json\/wp\/v2\/types\/page"}],"author":[{"embeddable":true,"href":"https:\/\/www.compatible-capsules.com\/es\/wp-json\/wp\/v2\/users\/1"}],"replies":[{"embeddable":true,"href":"https:\/\/www.compatible-capsules.com\/es\/wp-json\/wp\/v2\/comments?post=11176"}],"version-history":[{"count":2,"href":"https:\/\/www.compatible-capsules.com\/es\/wp-json\/wp\/v2\/pages\/11176\/revisions"}],"predecessor-version":[{"id":11178,"href":"https:\/\/www.compatible-capsules.com\/es\/wp-json\/wp\/v2\/pages\/11176\/revisions\/11178"}],"wp:attachment":[{"href":"https:\/\/www.compatible-capsules.com\/es\/wp-json\/wp\/v2\/media?parent=11176"}],"curies":[{"name":"wp","href":"https:\/\/api.w.org\/{rel}","templated":true}]}}