{"id":11188,"date":"2018-04-23T13:29:01","date_gmt":"2018-04-23T13:29:01","guid":{"rendered":"https:\/\/www.compatible-capsules.com\/tips-pressure\/"},"modified":"2018-10-10T13:05:16","modified_gmt":"2018-10-10T13:05:16","slug":"sugerencias-cuanta-presion","status":"publish","type":"page","link":"https:\/\/www.compatible-capsules.com\/es\/sugerencias-cuanta-presion\/","title":{"rendered":"Tips &#8211; Pressure"},"content":{"rendered":"[vc_row type=\u00bbin_container\u00bb full_screen_row_position=\u00bbmiddle\u00bb scene_position=\u00bbcenter\u00bb text_color=\u00bbdark\u00bb text_align=\u00bbleft\u00bb top_padding=\u00bb40&#8243; overlay_strength=\u00bb0.3&#8243; shape_divider_position=\u00bbbottom\u00bb shape_type=\u00bb\u00bb][vc_column column_padding=\u00bbno-extra-padding\u00bb column_padding_position=\u00bball\u00bb background_color_opacity=\u00bb1&#8243; background_hover_color_opacity=\u00bb1&#8243; column_link_target=\u00bb_self\u00bb column_shadow=\u00bbnone\u00bb column_border_radius=\u00bbnone\u00bb width=\u00bb1\/1&#8243; tablet_width_inherit=\u00bbdefault\u00bb tablet_text_alignment=\u00bbdefault\u00bb phone_text_alignment=\u00bbdefault\u00bb column_border_width=\u00bbnone\u00bb column_border_style=\u00bbsolid\u00bb][vc_column_text]\n<h3>UN TRUCO DE BARISTA<\/h3>\n<p>La presi\u00f3n aplicada con el pis\u00f3n en la fase de llenado juega un papel muy importante en la elaboraci\u00f3n de un buen caf\u00e9, como nos ense\u00f1an los mejores baristas. \u00bfSab\u00edas que el sabor del caf\u00e9 cambia seg\u00fan la cantidad de presi\u00f3n que se use?<\/p>\n<p>Nuestro consejo es jugar con \u00e9l hasta que encuentres el equilibrio adecuado para ti y no presionar demasiado el caf\u00e9 en la c\u00e1psula, especialmente si est\u00e1s utilizando una mezcla para expreso, que est\u00e1 finamente molida.<\/p>\n<p>Con los filtros intercambiables y la presi\u00f3n correcta, tu caf\u00e9 sabr\u00e1 m\u00e1s fuerte o m\u00e1s suave. Si la mezcla est\u00e1 finamente molida, es mejor usar el filtro con m\u00e1s hendiduras, si es gruesa, el filtro con menos hendiduras es mejor. Hemos creado un video para ayudarte:[\/vc_column_text][\/vc_column][\/vc_row][vc_row type=\u00bbin_container\u00bb full_screen_row_position=\u00bbmiddle\u00bb scene_position=\u00bbcenter\u00bb text_color=\u00bbdark\u00bb text_align=\u00bbleft\u00bb overlay_strength=\u00bb0.3&#8243; shape_divider_position=\u00bbbottom\u00bb][vc_column column_padding=\u00bbno-extra-padding\u00bb column_padding_position=\u00bball\u00bb background_color_opacity=\u00bb1&#8243; background_hover_color_opacity=\u00bb1&#8243; column_link_target=\u00bb_self\u00bb column_shadow=\u00bbnone\u00bb column_border_radius=\u00bbnone\u00bb width=\u00bb1\/6&#8243; tablet_width_inherit=\u00bbdefault\u00bb tablet_text_alignment=\u00bbdefault\u00bb phone_text_alignment=\u00bbdefault\u00bb column_border_width=\u00bbnone\u00bb column_border_style=\u00bbsolid\u00bb][\/vc_column][vc_column column_padding=\u00bbno-extra-padding\u00bb column_padding_position=\u00bball\u00bb background_color_opacity=\u00bb1&#8243; background_hover_color_opacity=\u00bb1&#8243; column_link_target=\u00bb_self\u00bb column_shadow=\u00bbnone\u00bb column_border_radius=\u00bbnone\u00bb width=\u00bb2\/3&#8243; tablet_width_inherit=\u00bbdefault\u00bb tablet_text_alignment=\u00bbdefault\u00bb phone_text_alignment=\u00bbdefault\u00bb column_border_width=\u00bbnone\u00bb column_border_style=\u00bbsolid\u00bb][vc_raw_html]JTNDaWZyYW1lJTIwd2lkdGglM0QlMjI1NjAlMjIlMjBoZWlnaHQlM0QlMjIzMTUlMjIlMjBzcmMlM0QlMjJodHRwcyUzQSUyRiUyRnd3dy55b3V0dWJlLmNvbSUyRmVtYmVkJTJGdldSYjdUbWFHSFElM0ZyZWwlM0QwJTI2YW1wJTNCY29udHJvbHMlM0QwJTI2YW1wJTNCc2hvd2luZm8lM0QwJTIyJTIwZnJhbWVib3JkZXIlM0QlMjIwJTIyJTIwYWxsb3clM0QlMjJhdXRvcGxheSUzQiUyMGVuY3J5cHRlZC1tZWRpYSUyMiUyMGFsbG93ZnVsbHNjcmVlbiUzRSUzQyUyRmlmcmFtZSUzRQ==[\/vc_raw_html][\/vc_column][vc_column column_padding=\u00bbno-extra-padding\u00bb column_padding_position=\u00bball\u00bb background_color_opacity=\u00bb1&#8243; background_hover_color_opacity=\u00bb1&#8243; column_link_target=\u00bb_self\u00bb column_shadow=\u00bbnone\u00bb column_border_radius=\u00bbnone\u00bb width=\u00bb1\/6&#8243; tablet_width_inherit=\u00bbdefault\u00bb tablet_text_alignment=\u00bbdefault\u00bb phone_text_alignment=\u00bbdefault\u00bb column_border_width=\u00bbnone\u00bb column_border_style=\u00bbsolid\u00bb][\/vc_column][\/vc_row][vc_row type=\u00bbin_container\u00bb full_screen_row_position=\u00bbmiddle\u00bb scene_position=\u00bbcenter\u00bb text_color=\u00bbdark\u00bb text_align=\u00bbleft\u00bb overlay_strength=\u00bb0.3&#8243; shape_divider_position=\u00bbbottom\u00bb][vc_column column_padding=\u00bbno-extra-padding\u00bb column_padding_position=\u00bball\u00bb background_color_opacity=\u00bb1&#8243; background_hover_color_opacity=\u00bb1&#8243; column_link_target=\u00bb_self\u00bb column_shadow=\u00bbnone\u00bb column_border_radius=\u00bbnone\u00bb width=\u00bb1\/1&#8243; tablet_width_inherit=\u00bbdefault\u00bb tablet_text_alignment=\u00bbdefault\u00bb phone_text_alignment=\u00bbdefault\u00bb column_border_width=\u00bbnone\u00bb column_border_style=\u00bbsolid\u00bb][vc_column_text]Empieza aplicando una ligera presi\u00f3n y ve aumentando en base a la extracci\u00f3n. No existe una cantidad \u00f3ptima absoluta de presi\u00f3n, depende del tama\u00f1o de la molienda, que cambia de caf\u00e9 a caf\u00e9.<\/p>\n<p>Tras unas pruebas sencillas, podr\u00e1s encontrar el equilibrio perfecto. Te mostramos c\u00f3mo en <a href=\"https:\/\/www.youtube.com\/channel\/UCi6AsQOPaPIVku3lqfWf4Dg\">estos v\u00eddeos<\/a> de nuestro canal de YouTube.[\/vc_column_text][\/vc_column][\/vc_row]\n","protected":false},"excerpt":{"rendered":"<p>[vc_row type=\u00bbin_container\u00bb full_screen_row_position=\u00bbmiddle\u00bb scene_position=\u00bbcenter\u00bb text_color=\u00bbdark\u00bb text_align=\u00bbleft\u00bb top_padding=\u00bb40&#8243; overlay_strength=\u00bb0.3&#8243; shape_divider_position=\u00bbbottom\u00bb shape_type=\u00bb\u00bb][vc_column column_padding=\u00bbno-extra-padding\u00bb column_padding_position=\u00bball\u00bb background_color_opacity=\u00bb1&#8243; background_hover_color_opacity=\u00bb1&#8243; column_link_target=\u00bb_self\u00bb column_shadow=\u00bbnone\u00bb column_border_radius=\u00bbnone\u00bb width=\u00bb1\/1&#8243; tablet_width_inherit=\u00bbdefault\u00bb tablet_text_alignment=\u00bbdefault\u00bb phone_text_alignment=\u00bbdefault\u00bb column_border_width=\u00bbnone\u00bb column_border_style=\u00bbsolid\u00bb][vc_column_text] UN TRUCO DE BARISTA La presi\u00f3n aplicada&#8230;<\/p>\n","protected":false},"author":1,"featured_media":0,"parent":0,"menu_order":0,"comment_status":"closed","ping_status":"closed","template":"","meta":{"footnotes":""},"class_list":["post-11188","page","type-page","status-publish"],"yoast_head":"<!-- This site is optimized with the Yoast SEO plugin v26.0 - https:\/\/yoast.com\/wordpress\/plugins\/seo\/ -->\n<title>Sugerencias: cu\u00e1nta presi\u00f3n ejercer con el pis\u00f3n - WayCap<\/title>\n<meta name=\"description\" content=\"La presi\u00f3n aplicada con el pis\u00f3n en la fase de llenado juega un papel muy importante en la elaboraci\u00f3n de un buen caf\u00e9, como nos ense\u00f1an los mejores baristas. \u00bfSab\u00edas que el sabor del caf\u00e9 cambia seg\u00fan la cantidad de presi\u00f3n que se use?\" \/>\n<meta name=\"robots\" content=\"index, follow, max-snippet:-1, max-image-preview:large, max-video-preview:-1\" \/>\n<link rel=\"canonical\" href=\"https:\/\/www.compatible-capsules.com\/es\/sugerencias-cuanta-presion\/\" \/>\n<meta property=\"og:locale\" content=\"es_ES\" \/>\n<meta property=\"og:type\" content=\"article\" \/>\n<meta property=\"og:title\" content=\"Sugerencias: cu\u00e1nta presi\u00f3n ejercer con el pis\u00f3n - WayCap\" \/>\n<meta property=\"og:description\" content=\"La presi\u00f3n aplicada con el pis\u00f3n en la fase de llenado juega un papel muy importante en la elaboraci\u00f3n de un buen caf\u00e9, como nos ense\u00f1an los mejores baristas. \u00bfSab\u00edas que el sabor del caf\u00e9 cambia seg\u00fan la cantidad de presi\u00f3n que se use?\" \/>\n<meta property=\"og:url\" content=\"https:\/\/www.compatible-capsules.com\/es\/sugerencias-cuanta-presion\/\" \/>\n<meta property=\"og:site_name\" content=\"WayCap\" \/>\n<meta property=\"article:publisher\" content=\"https:\/\/www.facebook.com\/waycapcoffee\/\" \/>\n<meta property=\"article:modified_time\" content=\"2018-10-10T13:05:16+00:00\" \/>\n<meta name=\"twitter:card\" content=\"summary_large_image\" \/>\n<meta name=\"twitter:site\" content=\"@waycapcoffee\" \/>\n<meta name=\"twitter:label1\" content=\"Tiempo de lectura\" \/>\n\t<meta name=\"twitter:data1\" content=\"3 minutos\" \/>\n<script type=\"application\/ld+json\" class=\"yoast-schema-graph\">{\"@context\":\"https:\/\/schema.org\",\"@graph\":[{\"@type\":\"WebPage\",\"@id\":\"https:\/\/www.compatible-capsules.com\/es\/sugerencias-cuanta-presion\/\",\"url\":\"https:\/\/www.compatible-capsules.com\/es\/sugerencias-cuanta-presion\/\",\"name\":\"Sugerencias: cu\u00e1nta presi\u00f3n ejercer con el pis\u00f3n - WayCap\",\"isPartOf\":{\"@id\":\"https:\/\/www.compatible-capsules.com\/#website\"},\"datePublished\":\"2018-04-23T13:29:01+00:00\",\"dateModified\":\"2018-10-10T13:05:16+00:00\",\"description\":\"La presi\u00f3n aplicada con el pis\u00f3n en la fase de llenado juega un papel muy importante en la elaboraci\u00f3n de un buen caf\u00e9, como nos ense\u00f1an los mejores baristas. \u00bfSab\u00edas que el sabor del caf\u00e9 cambia seg\u00fan la cantidad de presi\u00f3n que se use?\",\"breadcrumb\":{\"@id\":\"https:\/\/www.compatible-capsules.com\/es\/sugerencias-cuanta-presion\/#breadcrumb\"},\"inLanguage\":\"es\",\"potentialAction\":[{\"@type\":\"ReadAction\",\"target\":[\"https:\/\/www.compatible-capsules.com\/es\/sugerencias-cuanta-presion\/\"]}]},{\"@type\":\"BreadcrumbList\",\"@id\":\"https:\/\/www.compatible-capsules.com\/es\/sugerencias-cuanta-presion\/#breadcrumb\",\"itemListElement\":[{\"@type\":\"ListItem\",\"position\":1,\"name\":\"Home\",\"item\":\"https:\/\/www.compatible-capsules.com\/es\/\"},{\"@type\":\"ListItem\",\"position\":2,\"name\":\"Tips &#8211; Pressure\"}]},{\"@type\":\"WebSite\",\"@id\":\"https:\/\/www.compatible-capsules.com\/#website\",\"url\":\"https:\/\/www.compatible-capsules.com\/\",\"name\":\"WayCap\",\"description\":\"Compatible Capsules for Nespresso Systems\",\"publisher\":{\"@id\":\"https:\/\/www.compatible-capsules.com\/#organization\"},\"potentialAction\":[{\"@type\":\"SearchAction\",\"target\":{\"@type\":\"EntryPoint\",\"urlTemplate\":\"https:\/\/www.compatible-capsules.com\/?s={search_term_string}\"},\"query-input\":{\"@type\":\"PropertyValueSpecification\",\"valueRequired\":true,\"valueName\":\"search_term_string\"}}],\"inLanguage\":\"es\"},{\"@type\":\"Organization\",\"@id\":\"https:\/\/www.compatible-capsules.com\/#organization\",\"name\":\"WAYCAP SRLS\",\"url\":\"https:\/\/www.compatible-capsules.com\/\",\"logo\":{\"@type\":\"ImageObject\",\"inLanguage\":\"es\",\"@id\":\"https:\/\/www.compatible-capsules.com\/#\/schema\/logo\/image\/\",\"url\":\"https:\/\/www.compatible-capsules.com\/wp-content\/uploads\/2015\/11\/logo_menu_200px.png\",\"contentUrl\":\"https:\/\/www.compatible-capsules.com\/wp-content\/uploads\/2015\/11\/logo_menu_200px.png\",\"width\":200,\"height\":200,\"caption\":\"WAYCAP SRLS\"},\"image\":{\"@id\":\"https:\/\/www.compatible-capsules.com\/#\/schema\/logo\/image\/\"},\"sameAs\":[\"https:\/\/www.facebook.com\/waycapcoffee\/\",\"https:\/\/x.com\/waycapcoffee\",\"https:\/\/www.youtube.com\/channel\/UCi6AsQOPaPIVku3lqfWf4Dg\"]}]}<\/script>\n<!-- \/ Yoast SEO plugin. -->","yoast_head_json":{"title":"Sugerencias: cu\u00e1nta presi\u00f3n ejercer con el pis\u00f3n - WayCap","description":"La presi\u00f3n aplicada con el pis\u00f3n en la fase de llenado juega un papel muy importante en la elaboraci\u00f3n de un buen caf\u00e9, como nos ense\u00f1an los mejores baristas. \u00bfSab\u00edas que el sabor del caf\u00e9 cambia seg\u00fan la cantidad de presi\u00f3n que se use?","robots":{"index":"index","follow":"follow","max-snippet":"max-snippet:-1","max-image-preview":"max-image-preview:large","max-video-preview":"max-video-preview:-1"},"canonical":"https:\/\/www.compatible-capsules.com\/es\/sugerencias-cuanta-presion\/","og_locale":"es_ES","og_type":"article","og_title":"Sugerencias: cu\u00e1nta presi\u00f3n ejercer con el pis\u00f3n - WayCap","og_description":"La presi\u00f3n aplicada con el pis\u00f3n en la fase de llenado juega un papel muy importante en la elaboraci\u00f3n de un buen caf\u00e9, como nos ense\u00f1an los mejores baristas. \u00bfSab\u00edas que el sabor del caf\u00e9 cambia seg\u00fan la cantidad de presi\u00f3n que se use?","og_url":"https:\/\/www.compatible-capsules.com\/es\/sugerencias-cuanta-presion\/","og_site_name":"WayCap","article_publisher":"https:\/\/www.facebook.com\/waycapcoffee\/","article_modified_time":"2018-10-10T13:05:16+00:00","twitter_card":"summary_large_image","twitter_site":"@waycapcoffee","twitter_misc":{"Tiempo de lectura":"3 minutos"},"schema":{"@context":"https:\/\/schema.org","@graph":[{"@type":"WebPage","@id":"https:\/\/www.compatible-capsules.com\/es\/sugerencias-cuanta-presion\/","url":"https:\/\/www.compatible-capsules.com\/es\/sugerencias-cuanta-presion\/","name":"Sugerencias: cu\u00e1nta presi\u00f3n ejercer con el pis\u00f3n - WayCap","isPartOf":{"@id":"https:\/\/www.compatible-capsules.com\/#website"},"datePublished":"2018-04-23T13:29:01+00:00","dateModified":"2018-10-10T13:05:16+00:00","description":"La presi\u00f3n aplicada con el pis\u00f3n en la fase de llenado juega un papel muy importante en la elaboraci\u00f3n de un buen caf\u00e9, como nos ense\u00f1an los mejores baristas. \u00bfSab\u00edas que el sabor del caf\u00e9 cambia seg\u00fan la cantidad de presi\u00f3n que se use?","breadcrumb":{"@id":"https:\/\/www.compatible-capsules.com\/es\/sugerencias-cuanta-presion\/#breadcrumb"},"inLanguage":"es","potentialAction":[{"@type":"ReadAction","target":["https:\/\/www.compatible-capsules.com\/es\/sugerencias-cuanta-presion\/"]}]},{"@type":"BreadcrumbList","@id":"https:\/\/www.compatible-capsules.com\/es\/sugerencias-cuanta-presion\/#breadcrumb","itemListElement":[{"@type":"ListItem","position":1,"name":"Home","item":"https:\/\/www.compatible-capsules.com\/es\/"},{"@type":"ListItem","position":2,"name":"Tips &#8211; Pressure"}]},{"@type":"WebSite","@id":"https:\/\/www.compatible-capsules.com\/#website","url":"https:\/\/www.compatible-capsules.com\/","name":"WayCap","description":"Compatible Capsules for Nespresso Systems","publisher":{"@id":"https:\/\/www.compatible-capsules.com\/#organization"},"potentialAction":[{"@type":"SearchAction","target":{"@type":"EntryPoint","urlTemplate":"https:\/\/www.compatible-capsules.com\/?s={search_term_string}"},"query-input":{"@type":"PropertyValueSpecification","valueRequired":true,"valueName":"search_term_string"}}],"inLanguage":"es"},{"@type":"Organization","@id":"https:\/\/www.compatible-capsules.com\/#organization","name":"WAYCAP SRLS","url":"https:\/\/www.compatible-capsules.com\/","logo":{"@type":"ImageObject","inLanguage":"es","@id":"https:\/\/www.compatible-capsules.com\/#\/schema\/logo\/image\/","url":"https:\/\/www.compatible-capsules.com\/wp-content\/uploads\/2015\/11\/logo_menu_200px.png","contentUrl":"https:\/\/www.compatible-capsules.com\/wp-content\/uploads\/2015\/11\/logo_menu_200px.png","width":200,"height":200,"caption":"WAYCAP SRLS"},"image":{"@id":"https:\/\/www.compatible-capsules.com\/#\/schema\/logo\/image\/"},"sameAs":["https:\/\/www.facebook.com\/waycapcoffee\/","https:\/\/x.com\/waycapcoffee","https:\/\/www.youtube.com\/channel\/UCi6AsQOPaPIVku3lqfWf4Dg"]}]}},"_links":{"self":[{"href":"https:\/\/www.compatible-capsules.com\/es\/wp-json\/wp\/v2\/pages\/11188","targetHints":{"allow":["GET"]}}],"collection":[{"href":"https:\/\/www.compatible-capsules.com\/es\/wp-json\/wp\/v2\/pages"}],"about":[{"href":"https:\/\/www.compatible-capsules.com\/es\/wp-json\/wp\/v2\/types\/page"}],"author":[{"embeddable":true,"href":"https:\/\/www.compatible-capsules.com\/es\/wp-json\/wp\/v2\/users\/1"}],"replies":[{"embeddable":true,"href":"https:\/\/www.compatible-capsules.com\/es\/wp-json\/wp\/v2\/comments?post=11188"}],"version-history":[{"count":3,"href":"https:\/\/www.compatible-capsules.com\/es\/wp-json\/wp\/v2\/pages\/11188\/revisions"}],"predecessor-version":[{"id":13515,"href":"https:\/\/www.compatible-capsules.com\/es\/wp-json\/wp\/v2\/pages\/11188\/revisions\/13515"}],"wp:attachment":[{"href":"https:\/\/www.compatible-capsules.com\/es\/wp-json\/wp\/v2\/media?parent=11188"}],"curies":[{"name":"wp","href":"https:\/\/api.w.org\/{rel}","templated":true}]}}