{"id":11208,"date":"2018-04-23T15:22:31","date_gmt":"2018-04-23T15:22:31","guid":{"rendered":"https:\/\/www.compatible-capsules.com\/faq\/"},"modified":"2019-05-27T15:49:14","modified_gmt":"2019-05-27T15:49:14","slug":"faq","status":"publish","type":"page","link":"https:\/\/www.compatible-capsules.com\/es\/faq\/","title":{"rendered":"FAQ"},"content":{"rendered":"[vc_row type=\u00bbfull_width_background\u00bb full_screen_row_position=\u00bbmiddle\u00bb bg_color=\u00bb#f7f7f7&#8243; scene_position=\u00bbcenter\u00bb text_color=\u00bbdark\u00bb text_align=\u00bbleft\u00bb top_padding=\u00bb100&#8243; bottom_padding=\u00bb100&#8243; overlay_strength=\u00bb0.3&#8243; shape_divider_position=\u00bbbottom\u00bb bg_image_animation=\u00bbnone\u00bb][vc_column column_padding=\u00bbno-extra-padding\u00bb column_padding_position=\u00bball\u00bb background_color_opacity=\u00bb1&#8243; background_hover_color_opacity=\u00bb1&#8243; column_link_target=\u00bb_self\u00bb column_shadow=\u00bbnone\u00bb column_border_radius=\u00bbnone\u00bb width=\u00bb1\/1&#8243; tablet_width_inherit=\u00bbdefault\u00bb tablet_text_alignment=\u00bbdefault\u00bb phone_text_alignment=\u00bbdefault\u00bb column_border_width=\u00bbnone\u00bb column_border_style=\u00bbsolid\u00bb bg_image_animation=\u00bbnone\u00bb][vc_column_text css=\u00bb.vc_custom_1525884417309{padding-bottom: 20px !important;}\u00bb]\n<h2>Tus preguntas sobre la c\u00e1psula<\/h2>\n[\/vc_column_text][toggles style=\u00bbminimal\u00bb][toggle color=\u00bbDefault\u00bb title=\u00bb\u00bfSe vende la c\u00e1psula con caf\u00e9 en su interior?\u00bb][vc_column_text]No, la c\u00e1psula est\u00e1 vac\u00eda. Se vende vac\u00eda o junto a uno de nuestros otros productos.<\/p>\n<p>Deber\u00e1s llenarla t\u00fa mismo con caf\u00e9; aqu\u00ed puedes ver c\u00f3mo: <a href=\"\/?page_id=7224\"> https:\/\/www.compatible-capsules.com\/videos\/<\/a>[\/vc_column_text][\/toggle][toggle color=\u00bbDefault\u00bb title=\u00bb\u00bfCu\u00e1nto caf\u00e9 puedo poner en la c\u00e1psula?\u00bb][vc_column_text]Hemos creado una taza de medici\u00f3n para ayudarte en caso de que no sepas cu\u00e1nto caf\u00e9 entra en una c\u00e1psula. Nuestro consejo es llenarla hasta que el caf\u00e9 llegue al borde de la c\u00e1psula. Dependiendo de la presi\u00f3n que pongas en el caf\u00e9 y del tipo de filtro que uses, el caf\u00e9 ser\u00e1 m\u00e1s suave o m\u00e1s fuerte.[\/vc_column_text][\/toggle][toggle color=\u00bbDefault\u00bb title=\u00bb\u00bfEs vuestra c\u00e1psula f\u00e1cil de usar? \u00bfEs instant\u00e1nea?\u00bb][vc_column_text]Al igual que con todas las acciones que ahora realizamos autom\u00e1ticamente, como montar en bicicleta, se necesita un poco de pr\u00e1ctica para aprender a usar nuestra c\u00e1psula correctamente y sin problemas.<\/p>\n<p>Hemos preparado un <a href=\"https:\/\/www.youtube.com\/watch?v=sk9TD0VApR8\">v\u00eddeo<\/a> para mostrarte c\u00f3mo se hace en menos de dos minutos.[\/vc_column_text][\/toggle][toggle color=\u00bbDefault\u00bb title=\u00bb\u00bfCon qu\u00e9 frecuencia debo reemplazar las juntas que vienen con las c\u00e1psulas?\u00bb][vc_column_text]Las juntas tienen garant\u00eda de por vida, pero en caso de que las pierdas, hay algunas juntas de repuesto en cada uno de nuestros paquetes. En caso de que necesites m\u00e1s, siempre puedes escribirnos.[\/vc_column_text][\/toggle][toggle color=\u00bbDefault\u00bb title=\u00bb\u00bfD\u00f3nde puedo comprar las juntas?\u00bb][vc_column_text]Las juntas se venden con la c\u00e1psula. Si usas la c\u00e1psula correctamente, las juntas durar\u00e1n mucho tiempo. Est\u00e1n hechas de silicona certificada para uso alimentario.[\/vc_column_text][\/toggle][toggle color=\u00bbDefault\u00bb title=\u00bb\u00bfCon qu\u00e9 m\u00e1quinas es compatible la c\u00e1psula?\u00bb][vc_column_text]Pixie, Inissia, Essenza, Essenza Mini, Lattissima, U, Citiz, Expert, Prodigio, Maestria, Creatista e Kitchen Aid: \u00bfTienes alguno de estos modelos? Si no recuerdas el nombre de la m\u00e1quina que tienes, mira este <a href=\"https:\/\/www.compatible-capsules.com\/es\/maquinas-nespresso\/\">v\u00eddeo de compatibilidad<\/a>.<\/p>\n<p>En nuestra <a href=\"http:\/\/www.compatible-capsules.com\/shop\/\">tienda<\/a> especificamos la compatibilidad de cada producto con nuestras m\u00e1quinas y sus nombres \u00a1para que no te equivoques![\/vc_column_text][\/toggle][toggle color=\u00bbDefault\u00bb title=\u00bb\u00bfQu\u00e9 caf\u00e9 puedo usar? \u00bfCon qu\u00e9 filtro?\u00bb][vc_column_text]Las c\u00e1psulas compatibles WayCap tienen un filtro espec\u00edfico y personalizado. Si el caf\u00e9 est\u00e1 finamente molido, usa el filtro con m\u00e1s hendiduras; si el caf\u00e9 tiene una molienda m\u00e1s gruesa, usa el que tiene menos. Puedes ver este <a href=\"https:\/\/www.youtube.com\/watch?v=gjLrdPfzUa0\">v\u00eddeo explicativo<\/a> sobre el tema.[\/vc_column_text][\/toggle][toggle color=\u00bbDefault\u00bb title=\u00bb\u00bfQu\u00e9 puedo hacer si tengo 6 personas a cenar?\u00bb][vc_column_text]Se tardan m\u00e1s o menos 40 segundos en llenar una c\u00e1psula y, con m\u00e1s experiencia, el tiempo disminuye a alrededor de 20 segundos. No correr\u00e1s el riesgo de quemar el caf\u00e9 mientras hablas y obtendr\u00e1s el caf\u00e9 perfecto y cremoso que quieres.[\/vc_column_text][\/toggle][toggle color=\u00bbDefault\u00bb title=\u00bbMe sale el caf\u00e9 aguado: \u00bfqu\u00e9 puedo hacer?\u00bb][vc_column_text]Para ayudarte a resolver este problema, hemos hecho un <a href=\"https:\/\/www.youtube.com\/watch?v=gjLrdPfzUa0\">v\u00eddeo<\/a>.[\/vc_column_text][\/toggle][toggle color=\u00bbDefault\u00bb title=\u00bb\u00bfC\u00f3mo limpio la c\u00e1psula?\u00bb][vc_column_text]Retira el caf\u00e9 con nuestro scovolino (barrita de limpieza) o con el mango de la cucharilla, luego lava la c\u00e1psula con agua corriente.[\/vc_column_text][\/toggle][\/toggles][vc_column_text css=\u00bb.vc_custom_1525885211099{margin-top: 80px !important;}\u00bb]\n<h2>Tus preguntas acerca del caf\u00e9 y nuestras mezclas<\/h2>\n[\/vc_column_text][toggles style=\u00bbminimal\u00bb][toggle color=\u00bbDefault\u00bb title=\u00bb\u00bfSolo puedo usar vuestro caf\u00e9 con las c\u00e1psulas?\u00bb][vc_column_text]No, puedes usarlo con cafeteras italianas, prensas francesas o para hacer caf\u00e9 por goteo. Sin embargo, hay una uni\u00f3n muy s\u00f3lida entre nuestras mezclas y nuestras c\u00e1psulas. De hecho, las mezclas Fusion, Cool y BeBop se muelen y tuestan para adaptarse perfectamente a nuestras c\u00e1psulas WayCap[\/vc_column_text][\/toggle][\/toggles][\/vc_column][\/vc_row][vc_row type=\u00bbfull_width_background\u00bb full_screen_row_position=\u00bbmiddle\u00bb bg_color=\u00bb#f7f7f7&#8243; scene_position=\u00bbcenter\u00bb text_color=\u00bbdark\u00bb text_align=\u00bbleft\u00bb bottom_padding=\u00bb100&#8243; overlay_strength=\u00bb0.3&#8243; shape_divider_position=\u00bbbottom\u00bb bg_image_animation=\u00bbnone\u00bb shape_type=\u00bb\u00bb][vc_column column_padding=\u00bbno-extra-padding\u00bb column_padding_position=\u00bball\u00bb background_color_opacity=\u00bb1&#8243; background_hover_color_opacity=\u00bb1&#8243; column_link_target=\u00bb_self\u00bb column_shadow=\u00bbnone\u00bb column_border_radius=\u00bbnone\u00bb width=\u00bb1\/1&#8243; tablet_width_inherit=\u00bbdefault\u00bb tablet_text_alignment=\u00bbdefault\u00bb phone_text_alignment=\u00bbdefault\u00bb column_border_width=\u00bbnone\u00bb column_border_style=\u00bbsolid\u00bb bg_image_animation=\u00bbnone\u00bb][vc_column_text css=\u00bb.vc_custom_1525885279832{padding-bottom: 20px !important;}\u00bb]\n<h2>Tus preguntas acerca de c\u00f3mo adquirir y c\u00f3mo devolver nuestros productos<\/h2>\n[\/vc_column_text][toggles style=\u00bbminimal\u00bb][toggle color=\u00bbDefault\u00bb title=\u00bbNo tengo cuenta de PayPal, \u00bfhay otra forma de pagar?\u00bb][vc_column_text]\u00a1Por supuesto! Puedes pagar con tu tarjeta de cr\u00e9dito Visa, Mastercard o American Express.[\/vc_column_text][\/toggle][toggle color=\u00bbDefault\u00bb title=\u00bb\u00bfC\u00f3mo puedo devolver un producto?\u00bb][vc_column_text]Puedes leer nuestra pol\u00edtica de devoluci\u00f3n en nuestra p\u00e1gina de <a href=\"https:\/\/www.compatible-capsules.com\/right-of-withdrawal\/\">derecho de rescisi\u00f3n<\/a>, donde encontrar\u00e1s todos los detalles.[\/vc_column_text][\/toggle][toggle color=\u00bbDefault\u00bb title=\u00bb\u00bfC\u00f3mo puedo calcular los gastos de env\u00edo?\u00bb][vc_column_text]Si vas a comprar cualquier producto desde nuestra p\u00e1gina de comercio electr\u00f3nico, los gastos de env\u00edo son de 10\u20ac para Europa, EE. UU. y Canad\u00e1, 7 \u20ac para Italia y 12 \u20ac para el resto del mundo.<\/p>\n<p>Para pedidos de m\u00e1s de\u00a0 49\u20ac, el env\u00edo es gratuito para Europa, EE. UU. y Canad\u00e1.[\/vc_column_text][\/toggle][toggle color=\u00bbDefault\u00bb title=\u00bb\u00bfCu\u00e1ndo se env\u00eda el producto y cu\u00e1nto tarda en llegar?\u00bb][vc_column_text]Nos ocupamos de tu pedido al d\u00eda siguiente y lo enviamos en tres d\u00edas. Por lo general, tarda de 5 a 7 d\u00edas en llegar a Italia y al resto del mundo.[\/vc_column_text][\/toggle][\/toggles][vc_column_text css=\u00bb.vc_custom_1525885541632{margin-top: 80px !important;}\u00bb]\n<h2>Tus preguntas si eres distribuidor<\/h2>\n[\/vc_column_text][toggles style=\u00bbminimal\u00bb][toggle color=\u00bbDefault\u00bb title=\u00bbSoy distribuidor: \u00bfc\u00f3mo me puedo poner en contacto con vosotros? Soy vendedor: \u00bfc\u00f3mo me puedo poner en contacto con vosotros?\u00bb][vc_column_text]Env\u00edanos un correo a <a href=\"about:blank\">info@waycap.com<\/a> o rellena el formulario que hay en nuestra <a href=\"https:\/\/www.compatible-capsules.com\/contact-us\/\">p\u00e1gina de contacto<\/a>. \u00a1Te responderemos en un caf\u00e9 o dos![\/vc_column_text][\/toggle][\/toggles][\/vc_column][\/vc_row]\n","protected":false},"excerpt":{"rendered":"<p>[vc_row type=\u00bbfull_width_background\u00bb full_screen_row_position=\u00bbmiddle\u00bb bg_color=\u00bb#f7f7f7&#8243; scene_position=\u00bbcenter\u00bb text_color=\u00bbdark\u00bb text_align=\u00bbleft\u00bb top_padding=\u00bb100&#8243; bottom_padding=\u00bb100&#8243; overlay_strength=\u00bb0.3&#8243; shape_divider_position=\u00bbbottom\u00bb bg_image_animation=\u00bbnone\u00bb][vc_column column_padding=\u00bbno-extra-padding\u00bb column_padding_position=\u00bball\u00bb background_color_opacity=\u00bb1&#8243; background_hover_color_opacity=\u00bb1&#8243; column_link_target=\u00bb_self\u00bb column_shadow=\u00bbnone\u00bb column_border_radius=\u00bbnone\u00bb width=\u00bb1\/1&#8243; tablet_width_inherit=\u00bbdefault\u00bb tablet_text_alignment=\u00bbdefault\u00bb phone_text_alignment=\u00bbdefault\u00bb column_border_width=\u00bbnone\u00bb column_border_style=\u00bbsolid\u00bb bg_image_animation=\u00bbnone\u00bb][vc_column_text css=\u00bb.vc_custom_1525884417309{padding-bottom: 20px !important;}\u00bb] Tus&#8230;<\/p>\n","protected":false},"author":1,"featured_media":0,"parent":0,"menu_order":0,"comment_status":"closed","ping_status":"closed","template":"","meta":{"footnotes":""},"class_list":["post-11208","page","type-page","status-publish"],"yoast_head":"<!-- This site is optimized with the Yoast SEO plugin v26.0 - https:\/\/yoast.com\/wordpress\/plugins\/seo\/ -->\n<title>Preguntas frecuentes: C\u00e1psulas recargables y reusables - WayCap<\/title>\n<meta name=\"description\" content=\"Encuentra las respuestas adecuadas a tus preguntas sobre c\u00f3mo usar las c\u00e1psulas recargables WayCap. \u00bfQuieres profundizar m\u00e1s? Contacta con nosotros, estaremos encantados de ayudarte.\" \/>\n<meta name=\"robots\" content=\"index, follow, max-snippet:-1, max-image-preview:large, max-video-preview:-1\" \/>\n<link rel=\"canonical\" href=\"https:\/\/www.compatible-capsules.com\/es\/faq\/\" \/>\n<meta property=\"og:locale\" content=\"es_ES\" \/>\n<meta property=\"og:type\" content=\"article\" \/>\n<meta property=\"og:title\" content=\"Preguntas frecuentes: C\u00e1psulas recargables y reusables - WayCap\" \/>\n<meta property=\"og:description\" content=\"Encuentra las respuestas adecuadas a tus preguntas sobre c\u00f3mo usar las c\u00e1psulas recargables WayCap. \u00bfQuieres profundizar m\u00e1s? Contacta con nosotros, estaremos encantados de ayudarte.\" \/>\n<meta property=\"og:url\" content=\"https:\/\/www.compatible-capsules.com\/es\/faq\/\" \/>\n<meta property=\"og:site_name\" content=\"WayCap\" \/>\n<meta property=\"article:publisher\" content=\"https:\/\/www.facebook.com\/waycapcoffee\/\" \/>\n<meta property=\"article:modified_time\" content=\"2019-05-27T15:49:14+00:00\" \/>\n<meta name=\"twitter:card\" content=\"summary_large_image\" \/>\n<meta name=\"twitter:site\" content=\"@waycapcoffee\" \/>\n<meta name=\"twitter:label1\" content=\"Tiempo de lectura\" \/>\n\t<meta name=\"twitter:data1\" content=\"6 minutos\" \/>\n<script type=\"application\/ld+json\" class=\"yoast-schema-graph\">{\"@context\":\"https:\/\/schema.org\",\"@graph\":[{\"@type\":\"WebPage\",\"@id\":\"https:\/\/www.compatible-capsules.com\/es\/faq\/\",\"url\":\"https:\/\/www.compatible-capsules.com\/es\/faq\/\",\"name\":\"Preguntas frecuentes: C\u00e1psulas recargables y reusables - WayCap\",\"isPartOf\":{\"@id\":\"https:\/\/www.compatible-capsules.com\/#website\"},\"datePublished\":\"2018-04-23T15:22:31+00:00\",\"dateModified\":\"2019-05-27T15:49:14+00:00\",\"description\":\"Encuentra las respuestas adecuadas a tus preguntas sobre c\u00f3mo usar las c\u00e1psulas recargables WayCap. \u00bfQuieres profundizar m\u00e1s? Contacta con nosotros, estaremos encantados de ayudarte.\",\"breadcrumb\":{\"@id\":\"https:\/\/www.compatible-capsules.com\/es\/faq\/#breadcrumb\"},\"inLanguage\":\"es\",\"potentialAction\":[{\"@type\":\"ReadAction\",\"target\":[\"https:\/\/www.compatible-capsules.com\/es\/faq\/\"]}]},{\"@type\":\"BreadcrumbList\",\"@id\":\"https:\/\/www.compatible-capsules.com\/es\/faq\/#breadcrumb\",\"itemListElement\":[{\"@type\":\"ListItem\",\"position\":1,\"name\":\"Home\",\"item\":\"https:\/\/www.compatible-capsules.com\/es\/\"},{\"@type\":\"ListItem\",\"position\":2,\"name\":\"FAQ\"}]},{\"@type\":\"WebSite\",\"@id\":\"https:\/\/www.compatible-capsules.com\/#website\",\"url\":\"https:\/\/www.compatible-capsules.com\/\",\"name\":\"WayCap\",\"description\":\"Compatible Capsules for Nespresso Systems\",\"publisher\":{\"@id\":\"https:\/\/www.compatible-capsules.com\/#organization\"},\"potentialAction\":[{\"@type\":\"SearchAction\",\"target\":{\"@type\":\"EntryPoint\",\"urlTemplate\":\"https:\/\/www.compatible-capsules.com\/?s={search_term_string}\"},\"query-input\":{\"@type\":\"PropertyValueSpecification\",\"valueRequired\":true,\"valueName\":\"search_term_string\"}}],\"inLanguage\":\"es\"},{\"@type\":\"Organization\",\"@id\":\"https:\/\/www.compatible-capsules.com\/#organization\",\"name\":\"WAYCAP SRLS\",\"url\":\"https:\/\/www.compatible-capsules.com\/\",\"logo\":{\"@type\":\"ImageObject\",\"inLanguage\":\"es\",\"@id\":\"https:\/\/www.compatible-capsules.com\/#\/schema\/logo\/image\/\",\"url\":\"https:\/\/www.compatible-capsules.com\/wp-content\/uploads\/2015\/11\/logo_menu_200px.png\",\"contentUrl\":\"https:\/\/www.compatible-capsules.com\/wp-content\/uploads\/2015\/11\/logo_menu_200px.png\",\"width\":200,\"height\":200,\"caption\":\"WAYCAP SRLS\"},\"image\":{\"@id\":\"https:\/\/www.compatible-capsules.com\/#\/schema\/logo\/image\/\"},\"sameAs\":[\"https:\/\/www.facebook.com\/waycapcoffee\/\",\"https:\/\/x.com\/waycapcoffee\",\"https:\/\/www.youtube.com\/channel\/UCi6AsQOPaPIVku3lqfWf4Dg\"]}]}<\/script>\n<!-- \/ Yoast SEO plugin. -->","yoast_head_json":{"title":"Preguntas frecuentes: C\u00e1psulas recargables y reusables - WayCap","description":"Encuentra las respuestas adecuadas a tus preguntas sobre c\u00f3mo usar las c\u00e1psulas recargables WayCap. \u00bfQuieres profundizar m\u00e1s? Contacta con nosotros, estaremos encantados de ayudarte.","robots":{"index":"index","follow":"follow","max-snippet":"max-snippet:-1","max-image-preview":"max-image-preview:large","max-video-preview":"max-video-preview:-1"},"canonical":"https:\/\/www.compatible-capsules.com\/es\/faq\/","og_locale":"es_ES","og_type":"article","og_title":"Preguntas frecuentes: C\u00e1psulas recargables y reusables - WayCap","og_description":"Encuentra las respuestas adecuadas a tus preguntas sobre c\u00f3mo usar las c\u00e1psulas recargables WayCap. \u00bfQuieres profundizar m\u00e1s? Contacta con nosotros, estaremos encantados de ayudarte.","og_url":"https:\/\/www.compatible-capsules.com\/es\/faq\/","og_site_name":"WayCap","article_publisher":"https:\/\/www.facebook.com\/waycapcoffee\/","article_modified_time":"2019-05-27T15:49:14+00:00","twitter_card":"summary_large_image","twitter_site":"@waycapcoffee","twitter_misc":{"Tiempo de lectura":"6 minutos"},"schema":{"@context":"https:\/\/schema.org","@graph":[{"@type":"WebPage","@id":"https:\/\/www.compatible-capsules.com\/es\/faq\/","url":"https:\/\/www.compatible-capsules.com\/es\/faq\/","name":"Preguntas frecuentes: C\u00e1psulas recargables y reusables - WayCap","isPartOf":{"@id":"https:\/\/www.compatible-capsules.com\/#website"},"datePublished":"2018-04-23T15:22:31+00:00","dateModified":"2019-05-27T15:49:14+00:00","description":"Encuentra las respuestas adecuadas a tus preguntas sobre c\u00f3mo usar las c\u00e1psulas recargables WayCap. \u00bfQuieres profundizar m\u00e1s? Contacta con nosotros, estaremos encantados de ayudarte.","breadcrumb":{"@id":"https:\/\/www.compatible-capsules.com\/es\/faq\/#breadcrumb"},"inLanguage":"es","potentialAction":[{"@type":"ReadAction","target":["https:\/\/www.compatible-capsules.com\/es\/faq\/"]}]},{"@type":"BreadcrumbList","@id":"https:\/\/www.compatible-capsules.com\/es\/faq\/#breadcrumb","itemListElement":[{"@type":"ListItem","position":1,"name":"Home","item":"https:\/\/www.compatible-capsules.com\/es\/"},{"@type":"ListItem","position":2,"name":"FAQ"}]},{"@type":"WebSite","@id":"https:\/\/www.compatible-capsules.com\/#website","url":"https:\/\/www.compatible-capsules.com\/","name":"WayCap","description":"Compatible Capsules for Nespresso Systems","publisher":{"@id":"https:\/\/www.compatible-capsules.com\/#organization"},"potentialAction":[{"@type":"SearchAction","target":{"@type":"EntryPoint","urlTemplate":"https:\/\/www.compatible-capsules.com\/?s={search_term_string}"},"query-input":{"@type":"PropertyValueSpecification","valueRequired":true,"valueName":"search_term_string"}}],"inLanguage":"es"},{"@type":"Organization","@id":"https:\/\/www.compatible-capsules.com\/#organization","name":"WAYCAP SRLS","url":"https:\/\/www.compatible-capsules.com\/","logo":{"@type":"ImageObject","inLanguage":"es","@id":"https:\/\/www.compatible-capsules.com\/#\/schema\/logo\/image\/","url":"https:\/\/www.compatible-capsules.com\/wp-content\/uploads\/2015\/11\/logo_menu_200px.png","contentUrl":"https:\/\/www.compatible-capsules.com\/wp-content\/uploads\/2015\/11\/logo_menu_200px.png","width":200,"height":200,"caption":"WAYCAP SRLS"},"image":{"@id":"https:\/\/www.compatible-capsules.com\/#\/schema\/logo\/image\/"},"sameAs":["https:\/\/www.facebook.com\/waycapcoffee\/","https:\/\/x.com\/waycapcoffee","https:\/\/www.youtube.com\/channel\/UCi6AsQOPaPIVku3lqfWf4Dg"]}]}},"_links":{"self":[{"href":"https:\/\/www.compatible-capsules.com\/es\/wp-json\/wp\/v2\/pages\/11208","targetHints":{"allow":["GET"]}}],"collection":[{"href":"https:\/\/www.compatible-capsules.com\/es\/wp-json\/wp\/v2\/pages"}],"about":[{"href":"https:\/\/www.compatible-capsules.com\/es\/wp-json\/wp\/v2\/types\/page"}],"author":[{"embeddable":true,"href":"https:\/\/www.compatible-capsules.com\/es\/wp-json\/wp\/v2\/users\/1"}],"replies":[{"embeddable":true,"href":"https:\/\/www.compatible-capsules.com\/es\/wp-json\/wp\/v2\/comments?post=11208"}],"version-history":[{"count":3,"href":"https:\/\/www.compatible-capsules.com\/es\/wp-json\/wp\/v2\/pages\/11208\/revisions"}],"predecessor-version":[{"id":19458,"href":"https:\/\/www.compatible-capsules.com\/es\/wp-json\/wp\/v2\/pages\/11208\/revisions\/19458"}],"wp:attachment":[{"href":"https:\/\/www.compatible-capsules.com\/es\/wp-json\/wp\/v2\/media?parent=11208"}],"curies":[{"name":"wp","href":"https:\/\/api.w.org\/{rel}","templated":true}]}}