{"id":73369,"date":"2021-09-06T20:08:42","date_gmt":"2021-09-06T20:08:42","guid":{"rendered":"https:\/\/www.compatible-capsules.com\/shop\/sin categor\u00eda\/waycap-pop-complete-kit-2-capsulas\/"},"modified":"2021-09-06T20:08:42","modified_gmt":"2021-09-06T20:08:42","slug":"waycap-pop-complete-kit-2-capsulas","status":"publish","type":"product","link":"https:\/\/www.compatible-capsules.com\/es\/shop\/capsulas-para-nespresso\/waycap-pop-complete-kit-2-capsulas\/","title":{"rendered":"WayCap POP Complete Kit &#8211; 2 C\u00e1psulas"},"content":{"rendered":"<p>WayCap POP es una c\u00e1psula recargable de la Nespresso Original Line de acero inoxidable con tap\u00f3n de silicona apta para uso alimentario. La c\u00e1psula est\u00e1 fabricada \u00edntegramente en Italia, con materiales de la m\u00e1s elevada calidad, y funciona con las mezclas del mercado, que pueden adquirirse en el supermercado o en las instalaciones de tostado. Gracias a la c\u00e1psula reutilizable WayCap de Nespresso, puedes contribuir a frenar la contaminaci\u00f3n, con un ahorro de hasta el 80 % en comparaci\u00f3n con las c\u00e1psulas desechables y, por fin, elegir lo que bebes, sin preocuparte por tu salud.<br \/>\nEl kit contiene dos c\u00e1psulas, dos tapones de silicona para cada c\u00e1psula para las distintas calidades de caf\u00e9 molido del mercado, un dispensador manual, un prensador y un libro de instrucciones.<\/p>\n","protected":false},"excerpt":{"rendered":"<p>WayCap POP Complete Kit- C\u00e1psulas de caf\u00e9 Nespresso recargables, reutilizables y compatibles. Acero inoxidable y silicona apta para alimentos. 100 % fabricado en Italia. Paquete de 2 c\u00e1psulas.<\/p>\n<p><strong>Env\u00edo gratuito en pedidos superiores a 49\u20ac (en todo el mundo)<\/strong><\/p>\n","protected":false},"featured_media":73354,"template":"","meta":[],"product_brand":[],"product_cat":[160],"product_tag":[],"class_list":{"0":"post-73369","1":"product","2":"type-product","3":"status-publish","4":"has-post-thumbnail","6":"product_cat-capsulas-para-nespresso","8":"first","9":"instock","10":"taxable","11":"shipping-taxable","12":"purchasable","13":"product-type-simple"},"bundled_by":[],"bundle_stock_status":"instock","bundle_stock_quantity":null,"bundle_virtual":false,"bundle_layout":"","bundle_add_to_cart_form_location":"","bundle_editable_in_cart":false,"bundle_sold_individually_context":"","bundle_item_grouping":"","bundle_min_size":"","bundle_max_size":"","bundle_price":[],"bundled_items":[],"bundle_sell_ids":[],"yoast_head":"<!-- This site is optimized with the Yoast SEO plugin v26.0 - https:\/\/yoast.com\/wordpress\/plugins\/seo\/ -->\n<title>WayCap POP Complete Kit - 2 C\u00e1psulas - WayCap<\/title>\n<meta name=\"robots\" content=\"index, follow, max-snippet:-1, max-image-preview:large, max-video-preview:-1\" \/>\n<link rel=\"canonical\" href=\"https:\/\/www.compatible-capsules.com\/es\/shop\/capsulas-para-nespresso\/waycap-pop-complete-kit-2-capsulas\/\" \/>\n<meta property=\"og:locale\" content=\"es_ES\" \/>\n<meta property=\"og:type\" content=\"article\" \/>\n<meta property=\"og:title\" content=\"WayCap POP Complete Kit - 2 C\u00e1psulas - WayCap\" \/>\n<meta property=\"og:description\" content=\"WayCap POP Complete Kit- C\u00e1psulas de caf\u00e9 Nespresso recargables, reutilizables y compatibles. Acero inoxidable y silicona apta para alimentos. 100 % fabricado en Italia. Paquete de 2 c\u00e1psulas.  Env\u00edo gratuito en pedidos superiores a 49\u20ac (en todo el mundo)\" \/>\n<meta property=\"og:url\" content=\"https:\/\/www.compatible-capsules.com\/es\/shop\/capsulas-para-nespresso\/waycap-pop-complete-kit-2-capsulas\/\" \/>\n<meta property=\"og:site_name\" content=\"WayCap\" \/>\n<meta property=\"article:publisher\" content=\"https:\/\/www.facebook.com\/waycapcoffee\/\" \/>\n<meta property=\"og:image\" content=\"https:\/\/www.compatible-capsules.com\/wp-content\/uploads\/2021\/09\/complete-kit-pop-nespresso.jpg\" \/>\n\t<meta property=\"og:image:width\" content=\"1800\" \/>\n\t<meta property=\"og:image:height\" content=\"1800\" \/>\n\t<meta property=\"og:image:type\" content=\"image\/jpeg\" \/>\n<meta name=\"twitter:card\" content=\"summary_large_image\" \/>\n<meta name=\"twitter:site\" content=\"@waycapcoffee\" \/>\n<meta name=\"twitter:label1\" content=\"Tiempo de lectura\" \/>\n\t<meta name=\"twitter:data1\" content=\"1 minuto\" \/>\n<script type=\"application\/ld+json\" class=\"yoast-schema-graph\">{\"@context\":\"https:\/\/schema.org\",\"@graph\":[{\"@type\":\"WebPage\",\"@id\":\"https:\/\/www.compatible-capsules.com\/es\/shop\/capsulas-para-nespresso\/waycap-pop-complete-kit-2-capsulas\/\",\"url\":\"https:\/\/www.compatible-capsules.com\/es\/shop\/capsulas-para-nespresso\/waycap-pop-complete-kit-2-capsulas\/\",\"name\":\"WayCap POP Complete Kit - 2 C\u00e1psulas - WayCap\",\"isPartOf\":{\"@id\":\"https:\/\/www.compatible-capsules.com\/#website\"},\"primaryImageOfPage\":{\"@id\":\"https:\/\/www.compatible-capsules.com\/es\/shop\/capsulas-para-nespresso\/waycap-pop-complete-kit-2-capsulas\/#primaryimage\"},\"image\":{\"@id\":\"https:\/\/www.compatible-capsules.com\/es\/shop\/capsulas-para-nespresso\/waycap-pop-complete-kit-2-capsulas\/#primaryimage\"},\"thumbnailUrl\":\"https:\/\/www.compatible-capsules.com\/wp-content\/uploads\/2021\/09\/complete-kit-pop-nespresso.jpg\",\"datePublished\":\"2021-09-06T20:08:42+00:00\",\"breadcrumb\":{\"@id\":\"https:\/\/www.compatible-capsules.com\/es\/shop\/capsulas-para-nespresso\/waycap-pop-complete-kit-2-capsulas\/#breadcrumb\"},\"inLanguage\":\"es\",\"potentialAction\":[{\"@type\":\"ReadAction\",\"target\":[\"https:\/\/www.compatible-capsules.com\/es\/shop\/capsulas-para-nespresso\/waycap-pop-complete-kit-2-capsulas\/\"]}]},{\"@type\":\"ImageObject\",\"inLanguage\":\"es\",\"@id\":\"https:\/\/www.compatible-capsules.com\/es\/shop\/capsulas-para-nespresso\/waycap-pop-complete-kit-2-capsulas\/#primaryimage\",\"url\":\"https:\/\/www.compatible-capsules.com\/wp-content\/uploads\/2021\/09\/complete-kit-pop-nespresso.jpg\",\"contentUrl\":\"https:\/\/www.compatible-capsules.com\/wp-content\/uploads\/2021\/09\/complete-kit-pop-nespresso.jpg\",\"width\":1800,\"height\":1800},{\"@type\":\"BreadcrumbList\",\"@id\":\"https:\/\/www.compatible-capsules.com\/es\/shop\/capsulas-para-nespresso\/waycap-pop-complete-kit-2-capsulas\/#breadcrumb\",\"itemListElement\":[{\"@type\":\"ListItem\",\"position\":1,\"name\":\"Home\",\"item\":\"https:\/\/www.compatible-capsules.com\/es\/\"},{\"@type\":\"ListItem\",\"position\":2,\"name\":\"Tienda\",\"item\":\"https:\/\/www.compatible-capsules.com\/es\/tienda\/\"},{\"@type\":\"ListItem\",\"position\":3,\"name\":\"WayCap POP Complete Kit &#8211; 2 C\u00e1psulas\"}]},{\"@type\":\"WebSite\",\"@id\":\"https:\/\/www.compatible-capsules.com\/#website\",\"url\":\"https:\/\/www.compatible-capsules.com\/\",\"name\":\"WayCap\",\"description\":\"Compatible Capsules for Nespresso Systems\",\"publisher\":{\"@id\":\"https:\/\/www.compatible-capsules.com\/#organization\"},\"potentialAction\":[{\"@type\":\"SearchAction\",\"target\":{\"@type\":\"EntryPoint\",\"urlTemplate\":\"https:\/\/www.compatible-capsules.com\/?s={search_term_string}\"},\"query-input\":{\"@type\":\"PropertyValueSpecification\",\"valueRequired\":true,\"valueName\":\"search_term_string\"}}],\"inLanguage\":\"es\"},{\"@type\":\"Organization\",\"@id\":\"https:\/\/www.compatible-capsules.com\/#organization\",\"name\":\"WAYCAP SRLS\",\"url\":\"https:\/\/www.compatible-capsules.com\/\",\"logo\":{\"@type\":\"ImageObject\",\"inLanguage\":\"es\",\"@id\":\"https:\/\/www.compatible-capsules.com\/#\/schema\/logo\/image\/\",\"url\":\"https:\/\/www.compatible-capsules.com\/wp-content\/uploads\/2015\/11\/logo_menu_200px.png\",\"contentUrl\":\"https:\/\/www.compatible-capsules.com\/wp-content\/uploads\/2015\/11\/logo_menu_200px.png\",\"width\":200,\"height\":200,\"caption\":\"WAYCAP SRLS\"},\"image\":{\"@id\":\"https:\/\/www.compatible-capsules.com\/#\/schema\/logo\/image\/\"},\"sameAs\":[\"https:\/\/www.facebook.com\/waycapcoffee\/\",\"https:\/\/x.com\/waycapcoffee\",\"https:\/\/www.youtube.com\/channel\/UCi6AsQOPaPIVku3lqfWf4Dg\"]}]}<\/script>\n<!-- \/ Yoast SEO plugin. -->","yoast_head_json":{"title":"WayCap POP Complete Kit - 2 C\u00e1psulas - WayCap","robots":{"index":"index","follow":"follow","max-snippet":"max-snippet:-1","max-image-preview":"max-image-preview:large","max-video-preview":"max-video-preview:-1"},"canonical":"https:\/\/www.compatible-capsules.com\/es\/shop\/capsulas-para-nespresso\/waycap-pop-complete-kit-2-capsulas\/","og_locale":"es_ES","og_type":"article","og_title":"WayCap POP Complete Kit - 2 C\u00e1psulas - WayCap","og_description":"WayCap POP Complete Kit- C\u00e1psulas de caf\u00e9 Nespresso recargables, reutilizables y compatibles. Acero inoxidable y silicona apta para alimentos. 100 % fabricado en Italia. Paquete de 2 c\u00e1psulas.  Env\u00edo gratuito en pedidos superiores a 49\u20ac (en todo el mundo)","og_url":"https:\/\/www.compatible-capsules.com\/es\/shop\/capsulas-para-nespresso\/waycap-pop-complete-kit-2-capsulas\/","og_site_name":"WayCap","article_publisher":"https:\/\/www.facebook.com\/waycapcoffee\/","og_image":[{"width":1800,"height":1800,"url":"https:\/\/www.compatible-capsules.com\/wp-content\/uploads\/2021\/09\/complete-kit-pop-nespresso.jpg","type":"image\/jpeg"}],"twitter_card":"summary_large_image","twitter_site":"@waycapcoffee","twitter_misc":{"Tiempo de lectura":"1 minuto"},"schema":{"@context":"https:\/\/schema.org","@graph":[{"@type":"WebPage","@id":"https:\/\/www.compatible-capsules.com\/es\/shop\/capsulas-para-nespresso\/waycap-pop-complete-kit-2-capsulas\/","url":"https:\/\/www.compatible-capsules.com\/es\/shop\/capsulas-para-nespresso\/waycap-pop-complete-kit-2-capsulas\/","name":"WayCap POP Complete Kit - 2 C\u00e1psulas - WayCap","isPartOf":{"@id":"https:\/\/www.compatible-capsules.com\/#website"},"primaryImageOfPage":{"@id":"https:\/\/www.compatible-capsules.com\/es\/shop\/capsulas-para-nespresso\/waycap-pop-complete-kit-2-capsulas\/#primaryimage"},"image":{"@id":"https:\/\/www.compatible-capsules.com\/es\/shop\/capsulas-para-nespresso\/waycap-pop-complete-kit-2-capsulas\/#primaryimage"},"thumbnailUrl":"https:\/\/www.compatible-capsules.com\/wp-content\/uploads\/2021\/09\/complete-kit-pop-nespresso.jpg","datePublished":"2021-09-06T20:08:42+00:00","breadcrumb":{"@id":"https:\/\/www.compatible-capsules.com\/es\/shop\/capsulas-para-nespresso\/waycap-pop-complete-kit-2-capsulas\/#breadcrumb"},"inLanguage":"es","potentialAction":[{"@type":"ReadAction","target":["https:\/\/www.compatible-capsules.com\/es\/shop\/capsulas-para-nespresso\/waycap-pop-complete-kit-2-capsulas\/"]}]},{"@type":"ImageObject","inLanguage":"es","@id":"https:\/\/www.compatible-capsules.com\/es\/shop\/capsulas-para-nespresso\/waycap-pop-complete-kit-2-capsulas\/#primaryimage","url":"https:\/\/www.compatible-capsules.com\/wp-content\/uploads\/2021\/09\/complete-kit-pop-nespresso.jpg","contentUrl":"https:\/\/www.compatible-capsules.com\/wp-content\/uploads\/2021\/09\/complete-kit-pop-nespresso.jpg","width":1800,"height":1800},{"@type":"BreadcrumbList","@id":"https:\/\/www.compatible-capsules.com\/es\/shop\/capsulas-para-nespresso\/waycap-pop-complete-kit-2-capsulas\/#breadcrumb","itemListElement":[{"@type":"ListItem","position":1,"name":"Home","item":"https:\/\/www.compatible-capsules.com\/es\/"},{"@type":"ListItem","position":2,"name":"Tienda","item":"https:\/\/www.compatible-capsules.com\/es\/tienda\/"},{"@type":"ListItem","position":3,"name":"WayCap POP Complete Kit &#8211; 2 C\u00e1psulas"}]},{"@type":"WebSite","@id":"https:\/\/www.compatible-capsules.com\/#website","url":"https:\/\/www.compatible-capsules.com\/","name":"WayCap","description":"Compatible Capsules for Nespresso Systems","publisher":{"@id":"https:\/\/www.compatible-capsules.com\/#organization"},"potentialAction":[{"@type":"SearchAction","target":{"@type":"EntryPoint","urlTemplate":"https:\/\/www.compatible-capsules.com\/?s={search_term_string}"},"query-input":{"@type":"PropertyValueSpecification","valueRequired":true,"valueName":"search_term_string"}}],"inLanguage":"es"},{"@type":"Organization","@id":"https:\/\/www.compatible-capsules.com\/#organization","name":"WAYCAP SRLS","url":"https:\/\/www.compatible-capsules.com\/","logo":{"@type":"ImageObject","inLanguage":"es","@id":"https:\/\/www.compatible-capsules.com\/#\/schema\/logo\/image\/","url":"https:\/\/www.compatible-capsules.com\/wp-content\/uploads\/2015\/11\/logo_menu_200px.png","contentUrl":"https:\/\/www.compatible-capsules.com\/wp-content\/uploads\/2015\/11\/logo_menu_200px.png","width":200,"height":200,"caption":"WAYCAP SRLS"},"image":{"@id":"https:\/\/www.compatible-capsules.com\/#\/schema\/logo\/image\/"},"sameAs":["https:\/\/www.facebook.com\/waycapcoffee\/","https:\/\/x.com\/waycapcoffee","https:\/\/www.youtube.com\/channel\/UCi6AsQOPaPIVku3lqfWf4Dg"]}]}},"_links":{"self":[{"href":"https:\/\/www.compatible-capsules.com\/es\/wp-json\/wp\/v2\/product\/73369","targetHints":{"allow":["GET"]}}],"collection":[{"href":"https:\/\/www.compatible-capsules.com\/es\/wp-json\/wp\/v2\/product"}],"about":[{"href":"https:\/\/www.compatible-capsules.com\/es\/wp-json\/wp\/v2\/types\/product"}],"wp:featuredmedia":[{"embeddable":true,"href":"https:\/\/www.compatible-capsules.com\/es\/wp-json\/wp\/v2\/media\/73354"}],"wp:attachment":[{"href":"https:\/\/www.compatible-capsules.com\/es\/wp-json\/wp\/v2\/media?parent=73369"}],"wp:term":[{"taxonomy":"product_brand","embeddable":true,"href":"https:\/\/www.compatible-capsules.com\/es\/wp-json\/wp\/v2\/product_brand?post=73369"},{"taxonomy":"product_cat","embeddable":true,"href":"https:\/\/www.compatible-capsules.com\/es\/wp-json\/wp\/v2\/product_cat?post=73369"},{"taxonomy":"product_tag","embeddable":true,"href":"https:\/\/www.compatible-capsules.com\/es\/wp-json\/wp\/v2\/product_tag?post=73369"}],"curies":[{"name":"wp","href":"https:\/\/api.w.org\/{rel}","templated":true}]}}