{"id":73477,"date":"2021-09-09T09:01:12","date_gmt":"2021-09-09T09:01:12","guid":{"rendered":"https:\/\/www.compatible-capsules.com\/?post_type=product&#038;p=73477"},"modified":"2021-09-09T09:20:16","modified_gmt":"2021-09-09T09:20:16","slug":"waycap-para-vertuoline-complete-kit-2-tapones","status":"publish","type":"product","link":"https:\/\/www.compatible-capsules.com\/es\/shop\/nespresso-vertuoline-es\/waycap-para-vertuoline-complete-kit-2-tapones\/","title":{"rendered":"WayCap para Vertuoline &#8211; Complete Kit &#8211; 2 Tap\u00f3nes"},"content":{"rendered":"<p>WayCap para Vertuoline es un tap\u00f3n reutilizable para Nespresso Vertuo y VertuoLine fabricado en silicona alimentaria sin BPA ni BPS. Ahora puedes reutilizar tu c\u00e1psula desechable Vertuo tantas veces como quieras, simplemente retirando el tap\u00f3n de aluminio y sustituy\u00e9ndolo por el tap\u00f3n reutilizable WayCap. El tap\u00f3n est\u00e1 fabricado \u00edntegramente en Italia, con materiales de la m\u00e1s elevada calidad; funciona con todas las mezclas de caf\u00e9 espresso del mercado. Gracias al tap\u00f3n reutilizable WayCap, puedes contribuir a frenar la contaminaci\u00f3n, con un ahorro de hasta el 80 % en comparaci\u00f3n con las c\u00e1psulas desechables y, por fin, elegir lo que bebes, sin preocuparte por tu salud.<\/p>\n<p>El kit contiene 2 tap\u00f3nes de silicona y un libro de instrucciones.<\/p>\n<p><strong>Atenci\u00f3n: el kit no contiene ninguna c\u00e1psula o dosis.<\/strong><\/p>\n<h3 style=\"text-align: center;\">C\u00f3mo funciona<\/h3>\n<p><a href=\"https:\/\/www.compatible-capsules.com\/wp-content\/uploads\/2021\/09\/icone-insieme2-scaled.jpg\"><img loading=\"lazy\" decoding=\"async\" class=\"alignnone size-medium wp-image-73427 aligncenter\" src=\"https:\/\/www.compatible-capsules.com\/wp-content\/uploads\/2021\/09\/icone-insieme2-300x300.jpg\" alt=\"\" width=\"300\" height=\"300\" srcset=\"https:\/\/www.compatible-capsules.com\/wp-content\/uploads\/2021\/09\/icone-insieme2-300x300.jpg 300w, https:\/\/www.compatible-capsules.com\/wp-content\/uploads\/2021\/09\/icone-insieme2-480x480.jpg 480w, https:\/\/www.compatible-capsules.com\/wp-content\/uploads\/2021\/09\/icone-insieme2-150x150.jpg 150w, https:\/\/www.compatible-capsules.com\/wp-content\/uploads\/2021\/09\/icone-insieme2-1024x1024.jpg 1024w, https:\/\/www.compatible-capsules.com\/wp-content\/uploads\/2021\/09\/icone-insieme2-768x768.jpg 768w, https:\/\/www.compatible-capsules.com\/wp-content\/uploads\/2021\/09\/icone-insieme2-1536x1536.jpg 1536w, https:\/\/www.compatible-capsules.com\/wp-content\/uploads\/2021\/09\/icone-insieme2-2048x2048.jpg 2048w, https:\/\/www.compatible-capsules.com\/wp-content\/uploads\/2021\/09\/icone-insieme2-100x100.jpg 100w, https:\/\/www.compatible-capsules.com\/wp-content\/uploads\/2021\/09\/icone-insieme2-140x140.jpg 140w, https:\/\/www.compatible-capsules.com\/wp-content\/uploads\/2021\/09\/icone-insieme2-500x500.jpg 500w, https:\/\/www.compatible-capsules.com\/wp-content\/uploads\/2021\/09\/icone-insieme2-350x350.jpg 350w, https:\/\/www.compatible-capsules.com\/wp-content\/uploads\/2021\/09\/icone-insieme2-1000x1000.jpg 1000w, https:\/\/www.compatible-capsules.com\/wp-content\/uploads\/2021\/09\/icone-insieme2-800x800.jpg 800w\" sizes=\"auto, (max-width: 300px) 100vw, 300px\" \/><\/a><\/p>\n<p>&nbsp;<\/p>\n<p>La tapa WayCap debe utilizarse con las c\u00e1psulas originales Nespresso VertuoLine, cuya cubierta de aluminio debe retirarse, sustituy\u00e9ndola por la tapa reutilizable WayCap, como se describe a continuaci\u00f3n:<\/p>\n<p>1) Para el primer uso, retire la cubierta de aluminio de la c\u00e1psula original. Para obtener los mejores resultados, se recomienda utilizar un cuchillo o cualquier otro instrumento afilado, como se mue-stra en la figura n.\u00ba 1. Lave tambi\u00e9n cuidadosamente la tapa de la WayCap al utilizarla por pri-mera vez.<br \/>\n2) Vac\u00ede la c\u00e1psula y, despu\u00e9s de lavarla, aseg\u00farese de que tanto la c\u00e1psula como la tapa est\u00e9n perfectamente secas.<br \/>\n3) Rellene la c\u00e1psula con una cucharilla como se muestra en la figura n.\u00ba 2, teniendo cuidado de no sobrepasar el borde de la c\u00e1psula.<br \/>\n4) En caso de que el caf\u00e9 sobrepase el borde de la c\u00e1psula, retire el exceso de caf\u00e9 con el mango de una cuchara.<br \/>\n5) Introduzca el tap\u00f3n de silicona WayCap en la c\u00e1psula como se muestra en la figura n.\u00ba 3, asegur\u00e1ndose de que no queden restos de caf\u00e9 en el borde exterior de la propia c\u00e1psula.<br \/>\n6) Introduzca la c\u00e1psula en la m\u00e1quina<br \/>\n7) Pulse el bot\u00f3n de caf\u00e9<\/p>\n","protected":false},"excerpt":{"rendered":"<p>WayCap para Vertuoline Complete Kit &#8211; Tapa reutilizable para c\u00e1psulas Nespresso Vertuo y VertuoLine, recargable y compatible. Silicona de calidad alimentaria. 100% Made in Italy. Envase de 2 tap\u00f3nes.<\/p>\n<p><strong>Atenci\u00f3n: el kit no contiene ninguna c\u00e1psula o dosis.<\/strong><\/p>\n<p><strong>Env\u00edo gratuito en pedidos superiores a 49\u20ac (en todo el mundo)<\/strong><\/p>\n","protected":false},"featured_media":73405,"template":"","meta":[],"product_brand":[],"product_cat":[202],"product_tag":[],"class_list":{"0":"post-73477","1":"product","2":"type-product","3":"status-publish","4":"has-post-thumbnail","6":"product_cat-nespresso-vertuoline-es","8":"first","9":"instock","10":"taxable","11":"shipping-taxable","12":"purchasable","13":"product-type-simple"},"bundled_by":[],"bundle_stock_status":"instock","bundle_stock_quantity":null,"bundle_virtual":false,"bundle_layout":"","bundle_add_to_cart_form_location":"","bundle_editable_in_cart":false,"bundle_sold_individually_context":"","bundle_item_grouping":"","bundle_min_size":"","bundle_max_size":"","bundle_price":[],"bundled_items":[],"bundle_sell_ids":[],"yoast_head":"<!-- This site is optimized with the Yoast SEO plugin v26.0 - https:\/\/yoast.com\/wordpress\/plugins\/seo\/ -->\n<title>WayCap para Vertuoline - Complete Kit - 2 Tap\u00f3nes - WayCap<\/title>\n<meta name=\"robots\" content=\"index, follow, max-snippet:-1, max-image-preview:large, max-video-preview:-1\" \/>\n<link rel=\"canonical\" href=\"https:\/\/www.compatible-capsules.com\/es\/shop\/nespresso-vertuoline-es\/waycap-para-vertuoline-complete-kit-2-tapones\/\" \/>\n<meta property=\"og:locale\" content=\"es_ES\" \/>\n<meta property=\"og:type\" content=\"article\" \/>\n<meta property=\"og:title\" content=\"WayCap para Vertuoline - Complete Kit - 2 Tap\u00f3nes - WayCap\" \/>\n<meta property=\"og:description\" content=\"WayCap para Vertuoline Complete Kit - Tapa reutilizable para c\u00e1psulas Nespresso Vertuo y VertuoLine, recargable y compatible. Silicona de calidad alimentaria. 100% Made in Italy. Envase de 2 tap\u00f3nes.  Atenci\u00f3n: el kit no contiene ninguna c\u00e1psula o dosis.  Env\u00edo gratuito en pedidos superiores a 49\u20ac (en todo el mundo)\" \/>\n<meta property=\"og:url\" content=\"https:\/\/www.compatible-capsules.com\/es\/shop\/nespresso-vertuoline-es\/waycap-para-vertuoline-complete-kit-2-tapones\/\" \/>\n<meta property=\"og:site_name\" content=\"WayCap\" \/>\n<meta property=\"article:publisher\" content=\"https:\/\/www.facebook.com\/waycapcoffee\/\" \/>\n<meta property=\"article:modified_time\" content=\"2021-09-09T09:20:16+00:00\" \/>\n<meta property=\"og:image\" content=\"https:\/\/www.compatible-capsules.com\/wp-content\/uploads\/2021\/09\/Immagine_principale-_Vertuo_2_mod_waycap-scaled.jpg\" \/>\n\t<meta property=\"og:image:width\" content=\"2560\" \/>\n\t<meta property=\"og:image:height\" content=\"2560\" \/>\n\t<meta property=\"og:image:type\" content=\"image\/jpeg\" \/>\n<meta name=\"twitter:card\" content=\"summary_large_image\" \/>\n<meta name=\"twitter:site\" content=\"@waycapcoffee\" \/>\n<meta name=\"twitter:label1\" content=\"Tiempo de lectura\" \/>\n\t<meta name=\"twitter:data1\" content=\"2 minutos\" \/>\n<script type=\"application\/ld+json\" class=\"yoast-schema-graph\">{\"@context\":\"https:\/\/schema.org\",\"@graph\":[{\"@type\":\"WebPage\",\"@id\":\"https:\/\/www.compatible-capsules.com\/es\/shop\/nespresso-vertuoline-es\/waycap-para-vertuoline-complete-kit-2-tapones\/\",\"url\":\"https:\/\/www.compatible-capsules.com\/es\/shop\/nespresso-vertuoline-es\/waycap-para-vertuoline-complete-kit-2-tapones\/\",\"name\":\"WayCap para Vertuoline - Complete Kit - 2 Tap\u00f3nes - WayCap\",\"isPartOf\":{\"@id\":\"https:\/\/www.compatible-capsules.com\/#website\"},\"primaryImageOfPage\":{\"@id\":\"https:\/\/www.compatible-capsules.com\/es\/shop\/nespresso-vertuoline-es\/waycap-para-vertuoline-complete-kit-2-tapones\/#primaryimage\"},\"image\":{\"@id\":\"https:\/\/www.compatible-capsules.com\/es\/shop\/nespresso-vertuoline-es\/waycap-para-vertuoline-complete-kit-2-tapones\/#primaryimage\"},\"thumbnailUrl\":\"https:\/\/www.compatible-capsules.com\/wp-content\/uploads\/2021\/09\/Immagine_principale-_Vertuo_2_mod_waycap-scaled.jpg\",\"datePublished\":\"2021-09-09T09:01:12+00:00\",\"dateModified\":\"2021-09-09T09:20:16+00:00\",\"breadcrumb\":{\"@id\":\"https:\/\/www.compatible-capsules.com\/es\/shop\/nespresso-vertuoline-es\/waycap-para-vertuoline-complete-kit-2-tapones\/#breadcrumb\"},\"inLanguage\":\"es\",\"potentialAction\":[{\"@type\":\"ReadAction\",\"target\":[\"https:\/\/www.compatible-capsules.com\/es\/shop\/nespresso-vertuoline-es\/waycap-para-vertuoline-complete-kit-2-tapones\/\"]}]},{\"@type\":\"ImageObject\",\"inLanguage\":\"es\",\"@id\":\"https:\/\/www.compatible-capsules.com\/es\/shop\/nespresso-vertuoline-es\/waycap-para-vertuoline-complete-kit-2-tapones\/#primaryimage\",\"url\":\"https:\/\/www.compatible-capsules.com\/wp-content\/uploads\/2021\/09\/Immagine_principale-_Vertuo_2_mod_waycap-scaled.jpg\",\"contentUrl\":\"https:\/\/www.compatible-capsules.com\/wp-content\/uploads\/2021\/09\/Immagine_principale-_Vertuo_2_mod_waycap-scaled.jpg\",\"width\":2560,\"height\":2560},{\"@type\":\"BreadcrumbList\",\"@id\":\"https:\/\/www.compatible-capsules.com\/es\/shop\/nespresso-vertuoline-es\/waycap-para-vertuoline-complete-kit-2-tapones\/#breadcrumb\",\"itemListElement\":[{\"@type\":\"ListItem\",\"position\":1,\"name\":\"Home\",\"item\":\"https:\/\/www.compatible-capsules.com\/es\/\"},{\"@type\":\"ListItem\",\"position\":2,\"name\":\"Tienda\",\"item\":\"https:\/\/www.compatible-capsules.com\/es\/tienda\/\"},{\"@type\":\"ListItem\",\"position\":3,\"name\":\"WayCap para Vertuoline &#8211; Complete Kit &#8211; 2 Tap\u00f3nes\"}]},{\"@type\":\"WebSite\",\"@id\":\"https:\/\/www.compatible-capsules.com\/#website\",\"url\":\"https:\/\/www.compatible-capsules.com\/\",\"name\":\"WayCap\",\"description\":\"Compatible Capsules for Nespresso Systems\",\"publisher\":{\"@id\":\"https:\/\/www.compatible-capsules.com\/#organization\"},\"potentialAction\":[{\"@type\":\"SearchAction\",\"target\":{\"@type\":\"EntryPoint\",\"urlTemplate\":\"https:\/\/www.compatible-capsules.com\/?s={search_term_string}\"},\"query-input\":{\"@type\":\"PropertyValueSpecification\",\"valueRequired\":true,\"valueName\":\"search_term_string\"}}],\"inLanguage\":\"es\"},{\"@type\":\"Organization\",\"@id\":\"https:\/\/www.compatible-capsules.com\/#organization\",\"name\":\"WAYCAP SRLS\",\"url\":\"https:\/\/www.compatible-capsules.com\/\",\"logo\":{\"@type\":\"ImageObject\",\"inLanguage\":\"es\",\"@id\":\"https:\/\/www.compatible-capsules.com\/#\/schema\/logo\/image\/\",\"url\":\"https:\/\/www.compatible-capsules.com\/wp-content\/uploads\/2015\/11\/logo_menu_200px.png\",\"contentUrl\":\"https:\/\/www.compatible-capsules.com\/wp-content\/uploads\/2015\/11\/logo_menu_200px.png\",\"width\":200,\"height\":200,\"caption\":\"WAYCAP SRLS\"},\"image\":{\"@id\":\"https:\/\/www.compatible-capsules.com\/#\/schema\/logo\/image\/\"},\"sameAs\":[\"https:\/\/www.facebook.com\/waycapcoffee\/\",\"https:\/\/x.com\/waycapcoffee\",\"https:\/\/www.youtube.com\/channel\/UCi6AsQOPaPIVku3lqfWf4Dg\"]}]}<\/script>\n<!-- \/ Yoast SEO plugin. -->","yoast_head_json":{"title":"WayCap para Vertuoline - Complete Kit - 2 Tap\u00f3nes - WayCap","robots":{"index":"index","follow":"follow","max-snippet":"max-snippet:-1","max-image-preview":"max-image-preview:large","max-video-preview":"max-video-preview:-1"},"canonical":"https:\/\/www.compatible-capsules.com\/es\/shop\/nespresso-vertuoline-es\/waycap-para-vertuoline-complete-kit-2-tapones\/","og_locale":"es_ES","og_type":"article","og_title":"WayCap para Vertuoline - Complete Kit - 2 Tap\u00f3nes - WayCap","og_description":"WayCap para Vertuoline Complete Kit - Tapa reutilizable para c\u00e1psulas Nespresso Vertuo y VertuoLine, recargable y compatible. Silicona de calidad alimentaria. 100% Made in Italy. Envase de 2 tap\u00f3nes.  Atenci\u00f3n: el kit no contiene ninguna c\u00e1psula o dosis.  Env\u00edo gratuito en pedidos superiores a 49\u20ac (en todo el mundo)","og_url":"https:\/\/www.compatible-capsules.com\/es\/shop\/nespresso-vertuoline-es\/waycap-para-vertuoline-complete-kit-2-tapones\/","og_site_name":"WayCap","article_publisher":"https:\/\/www.facebook.com\/waycapcoffee\/","article_modified_time":"2021-09-09T09:20:16+00:00","og_image":[{"width":2560,"height":2560,"url":"https:\/\/www.compatible-capsules.com\/wp-content\/uploads\/2021\/09\/Immagine_principale-_Vertuo_2_mod_waycap-scaled.jpg","type":"image\/jpeg"}],"twitter_card":"summary_large_image","twitter_site":"@waycapcoffee","twitter_misc":{"Tiempo de lectura":"2 minutos"},"schema":{"@context":"https:\/\/schema.org","@graph":[{"@type":"WebPage","@id":"https:\/\/www.compatible-capsules.com\/es\/shop\/nespresso-vertuoline-es\/waycap-para-vertuoline-complete-kit-2-tapones\/","url":"https:\/\/www.compatible-capsules.com\/es\/shop\/nespresso-vertuoline-es\/waycap-para-vertuoline-complete-kit-2-tapones\/","name":"WayCap para Vertuoline - Complete Kit - 2 Tap\u00f3nes - WayCap","isPartOf":{"@id":"https:\/\/www.compatible-capsules.com\/#website"},"primaryImageOfPage":{"@id":"https:\/\/www.compatible-capsules.com\/es\/shop\/nespresso-vertuoline-es\/waycap-para-vertuoline-complete-kit-2-tapones\/#primaryimage"},"image":{"@id":"https:\/\/www.compatible-capsules.com\/es\/shop\/nespresso-vertuoline-es\/waycap-para-vertuoline-complete-kit-2-tapones\/#primaryimage"},"thumbnailUrl":"https:\/\/www.compatible-capsules.com\/wp-content\/uploads\/2021\/09\/Immagine_principale-_Vertuo_2_mod_waycap-scaled.jpg","datePublished":"2021-09-09T09:01:12+00:00","dateModified":"2021-09-09T09:20:16+00:00","breadcrumb":{"@id":"https:\/\/www.compatible-capsules.com\/es\/shop\/nespresso-vertuoline-es\/waycap-para-vertuoline-complete-kit-2-tapones\/#breadcrumb"},"inLanguage":"es","potentialAction":[{"@type":"ReadAction","target":["https:\/\/www.compatible-capsules.com\/es\/shop\/nespresso-vertuoline-es\/waycap-para-vertuoline-complete-kit-2-tapones\/"]}]},{"@type":"ImageObject","inLanguage":"es","@id":"https:\/\/www.compatible-capsules.com\/es\/shop\/nespresso-vertuoline-es\/waycap-para-vertuoline-complete-kit-2-tapones\/#primaryimage","url":"https:\/\/www.compatible-capsules.com\/wp-content\/uploads\/2021\/09\/Immagine_principale-_Vertuo_2_mod_waycap-scaled.jpg","contentUrl":"https:\/\/www.compatible-capsules.com\/wp-content\/uploads\/2021\/09\/Immagine_principale-_Vertuo_2_mod_waycap-scaled.jpg","width":2560,"height":2560},{"@type":"BreadcrumbList","@id":"https:\/\/www.compatible-capsules.com\/es\/shop\/nespresso-vertuoline-es\/waycap-para-vertuoline-complete-kit-2-tapones\/#breadcrumb","itemListElement":[{"@type":"ListItem","position":1,"name":"Home","item":"https:\/\/www.compatible-capsules.com\/es\/"},{"@type":"ListItem","position":2,"name":"Tienda","item":"https:\/\/www.compatible-capsules.com\/es\/tienda\/"},{"@type":"ListItem","position":3,"name":"WayCap para Vertuoline &#8211; Complete Kit &#8211; 2 Tap\u00f3nes"}]},{"@type":"WebSite","@id":"https:\/\/www.compatible-capsules.com\/#website","url":"https:\/\/www.compatible-capsules.com\/","name":"WayCap","description":"Compatible Capsules for Nespresso Systems","publisher":{"@id":"https:\/\/www.compatible-capsules.com\/#organization"},"potentialAction":[{"@type":"SearchAction","target":{"@type":"EntryPoint","urlTemplate":"https:\/\/www.compatible-capsules.com\/?s={search_term_string}"},"query-input":{"@type":"PropertyValueSpecification","valueRequired":true,"valueName":"search_term_string"}}],"inLanguage":"es"},{"@type":"Organization","@id":"https:\/\/www.compatible-capsules.com\/#organization","name":"WAYCAP SRLS","url":"https:\/\/www.compatible-capsules.com\/","logo":{"@type":"ImageObject","inLanguage":"es","@id":"https:\/\/www.compatible-capsules.com\/#\/schema\/logo\/image\/","url":"https:\/\/www.compatible-capsules.com\/wp-content\/uploads\/2015\/11\/logo_menu_200px.png","contentUrl":"https:\/\/www.compatible-capsules.com\/wp-content\/uploads\/2015\/11\/logo_menu_200px.png","width":200,"height":200,"caption":"WAYCAP SRLS"},"image":{"@id":"https:\/\/www.compatible-capsules.com\/#\/schema\/logo\/image\/"},"sameAs":["https:\/\/www.facebook.com\/waycapcoffee\/","https:\/\/x.com\/waycapcoffee","https:\/\/www.youtube.com\/channel\/UCi6AsQOPaPIVku3lqfWf4Dg"]}]}},"_links":{"self":[{"href":"https:\/\/www.compatible-capsules.com\/es\/wp-json\/wp\/v2\/product\/73477","targetHints":{"allow":["GET"]}}],"collection":[{"href":"https:\/\/www.compatible-capsules.com\/es\/wp-json\/wp\/v2\/product"}],"about":[{"href":"https:\/\/www.compatible-capsules.com\/es\/wp-json\/wp\/v2\/types\/product"}],"wp:featuredmedia":[{"embeddable":true,"href":"https:\/\/www.compatible-capsules.com\/es\/wp-json\/wp\/v2\/media\/73405"}],"wp:attachment":[{"href":"https:\/\/www.compatible-capsules.com\/es\/wp-json\/wp\/v2\/media?parent=73477"}],"wp:term":[{"taxonomy":"product_brand","embeddable":true,"href":"https:\/\/www.compatible-capsules.com\/es\/wp-json\/wp\/v2\/product_brand?post=73477"},{"taxonomy":"product_cat","embeddable":true,"href":"https:\/\/www.compatible-capsules.com\/es\/wp-json\/wp\/v2\/product_cat?post=73477"},{"taxonomy":"product_tag","embeddable":true,"href":"https:\/\/www.compatible-capsules.com\/es\/wp-json\/wp\/v2\/product_tag?post=73477"}],"curies":[{"name":"wp","href":"https:\/\/api.w.org\/{rel}","templated":true}]}}