{"id":13451,"date":"2018-04-18T18:21:48","date_gmt":"2018-04-18T18:21:48","guid":{"rendered":"https:\/\/www.compatible-capsules.com\/a-beautiful-idea\/"},"modified":"2020-03-04T11:46:25","modified_gmt":"2020-03-04T11:46:25","slug":"une-belle-idee","status":"publish","type":"page","link":"https:\/\/www.compatible-capsules.com\/fr\/une-belle-idee\/","title":{"rendered":"A Beautiful Idea"},"content":{"rendered":"[vc_row type=\u00a0\u00bbin_container\u00a0\u00bb full_screen_row_position=\u00a0\u00bbmiddle\u00a0\u00bb scene_position=\u00a0\u00bbcenter\u00a0\u00bb text_color=\u00a0\u00bbdark\u00a0\u00bb text_align=\u00a0\u00bbleft\u00a0\u00bb top_padding=\u00a0\u00bb40&Prime; overlay_strength=\u00a0\u00bb0.3&Prime; shape_divider_position=\u00a0\u00bbbottom\u00a0\u00bb bg_image_animation=\u00a0\u00bbnone\u00a0\u00bb shape_type=\u00a0\u00bb\u00a0\u00bb][vc_column column_padding=\u00a0\u00bbno-extra-padding\u00a0\u00bb column_padding_position=\u00a0\u00bball\u00a0\u00bb background_color_opacity=\u00a0\u00bb1&Prime; background_hover_color_opacity=\u00a0\u00bb1&Prime; column_link_target=\u00a0\u00bb_self\u00a0\u00bb column_shadow=\u00a0\u00bbnone\u00a0\u00bb column_border_radius=\u00a0\u00bbnone\u00a0\u00bb width=\u00a0\u00bb1\/1&Prime; tablet_width_inherit=\u00a0\u00bbdefault\u00a0\u00bb tablet_text_alignment=\u00a0\u00bbdefault\u00a0\u00bb phone_text_alignment=\u00a0\u00bbdefault\u00a0\u00bb column_border_width=\u00a0\u00bbnone\u00a0\u00bb column_border_style=\u00a0\u00bbsolid\u00a0\u00bb bg_image_animation=\u00a0\u00bbnone\u00a0\u00bb][vc_column_text]\n<h3>DEUX BREVETS, UNE CAPSULE QUI DURE TOUTE LA VIE.<\/h3>\n<p>Face \u00e0 une corbeille pleine de capsules de caf\u00e9 vides &#8211; vou\u00e9es \u00e0 polluer et salir notre environnement &#8211; nous avons trouv\u00e9 une solution technologique qui transforme une pause-caf\u00e9 en un acte de sensibilisation.<\/p>\n<p>Notre mission est simple\u00a0: <strong>faire prendre conscience au plus grand nombre des risques et des dommages caus\u00e9s par un mode de vie \u00ab\u00a0jetable\u00a0\u00bb.<\/strong><\/p>\n<p>C&rsquo;est pourquoi nous avons cr\u00e9\u00e9 un produit qui durera dans le temps, qui est \u00e9galement agr\u00e9able \u00e0 regarder, facile \u00e0 manipuler, rapide \u00e0 nettoyer et r\u00e9utilisable maintes et maintes fois.<\/p>\n<h3>UNE CAPSULE FABRIQU\u00c9E AVEC AMOUR<\/h3>\n<p>WayCap est une pi\u00e8ce de design qui s&rsquo;int\u00e8gre harmonieusement dans votre vie de tous les jours, fabriqu\u00e9e avec amour.<\/p>\n<p>WayCap est votre capsule \u00e9cologique, compatible et r\u00e9utilisable qui peut \u00eatre remplie de votre caf\u00e9 pr\u00e9f\u00e9r\u00e9 afin que vous puissiez savourer votre journ\u00e9e.<\/p>\n<p>WayCap est votre rituel durable pour montrer au monde qu&rsquo;un produit merveilleux peut aussi \u00eatre bon pour vous, et bon pour l&rsquo;environnement.<\/p>\n<p>&nbsp;<\/p>\n<p>&nbsp;<\/p>\n<p style=\"text-align: center;\"><a class=\"nectar-button n-sc-button medium accent-color regular-button\"  href=\"https:\/\/www.compatible-capsules.com\/shop\/\" data-color-override=\"false\" data-hover-color-override=\"false\" data-hover-text-color-override=\"#fff\"><span>ESSAYEZ-LA!<\/span><\/a>\n[\/vc_column_text][\/vc_column][\/vc_row][vc_row type=\u00a0\u00bbin_container\u00a0\u00bb full_screen_row_position=\u00a0\u00bbmiddle\u00a0\u00bb scene_position=\u00a0\u00bbcenter\u00a0\u00bb text_color=\u00a0\u00bbdark\u00a0\u00bb text_align=\u00a0\u00bbleft\u00a0\u00bb top_padding=\u00a0\u00bb40&Prime; disable_element=\u00a0\u00bbyes\u00a0\u00bb overlay_strength=\u00a0\u00bb0.3&Prime; shape_divider_position=\u00a0\u00bbbottom\u00a0\u00bb bg_image_animation=\u00a0\u00bbnone\u00a0\u00bb shape_type=\u00a0\u00bb\u00a0\u00bb][vc_column column_padding=\u00a0\u00bbno-extra-padding\u00a0\u00bb column_padding_position=\u00a0\u00bball\u00a0\u00bb background_color_opacity=\u00a0\u00bb1&Prime; background_hover_color_opacity=\u00a0\u00bb1&Prime; column_link_target=\u00a0\u00bb_self\u00a0\u00bb column_shadow=\u00a0\u00bbnone\u00a0\u00bb column_border_radius=\u00a0\u00bbnone\u00a0\u00bb width=\u00a0\u00bb1\/1&Prime; tablet_width_inherit=\u00a0\u00bbdefault\u00a0\u00bb tablet_text_alignment=\u00a0\u00bbdefault\u00a0\u00bb phone_text_alignment=\u00a0\u00bbdefault\u00a0\u00bb column_border_width=\u00a0\u00bbnone\u00a0\u00bb column_border_style=\u00a0\u00bbsolid\u00a0\u00bb bg_image_animation=\u00a0\u00bbnone\u00a0\u00bb][vc_column_text]\n<h3>DEUX BREVETS, UNE CAPSULE QUI DURE TOUTE LA VIE.<\/h3>\n<p>Face \u00e0 une corbeille pleine de capsules de caf\u00e9 vides &#8211; vou\u00e9es \u00e0 polluer et salir notre environnement &#8211; nous avons trouv\u00e9 une solution technologique qui transforme une pause-caf\u00e9 en un acte de sensibilisation.<\/p>\n<p>Notre mission est simple\u00a0: <strong>faire prendre conscience au plus grand nombre des risques et des dommages caus\u00e9s par un mode de vie \u00ab\u00a0jetable\u00a0\u00bb.<\/strong><\/p>\n<p>C&rsquo;est pourquoi nous avons cr\u00e9\u00e9 un produit qui durera dans le temps, qui est \u00e9galement agr\u00e9able \u00e0 regarder, facile \u00e0 manipuler, rapide \u00e0 nettoyer et r\u00e9utilisable maintes et maintes fois.<\/p>\n<h3>UNE CAPSULE FABRIQU\u00c9E EN ITALIE<\/h3>\n<p>WayCap est une pi\u00e8ce de design qui s&rsquo;int\u00e8gre harmonieusement dans votre vie de tous les jours, fabriqu\u00e9e en Italie avec amour.<\/p>\n<p>WayCap est votre capsule \u00e9cologique, compatible et r\u00e9utilisable qui peut \u00eatre remplie de votre caf\u00e9 pr\u00e9f\u00e9r\u00e9 afin que vous puissiez savourer votre journ\u00e9e.<\/p>\n<p>WayCap est votre rituel durable pour montrer au monde qu&rsquo;un produit merveilleux peut aussi \u00eatre bon pour vous, et bon pour l&rsquo;environnement.<\/p>\n<p>&nbsp;<\/p>\n<p>&nbsp;<\/p>\n<p style=\"text-align: center;\"><a class=\"nectar-button n-sc-button medium accent-color regular-button\"  href=\"https:\/\/www.compatible-capsules.com\/shop\/\" data-color-override=\"false\" data-hover-color-override=\"false\" data-hover-text-color-override=\"#fff\"><span>ESSAYEZ-LA!<\/span><\/a>\n[\/vc_column_text][\/vc_column][\/vc_row]\n","protected":false},"excerpt":{"rendered":"<p>[vc_row type=\u00a0\u00bbin_container\u00a0\u00bb full_screen_row_position=\u00a0\u00bbmiddle\u00a0\u00bb scene_position=\u00a0\u00bbcenter\u00a0\u00bb text_color=\u00a0\u00bbdark\u00a0\u00bb text_align=\u00a0\u00bbleft\u00a0\u00bb top_padding=\u00a0\u00bb40&Prime; overlay_strength=\u00a0\u00bb0.3&Prime; shape_divider_position=\u00a0\u00bbbottom\u00a0\u00bb bg_image_animation=\u00a0\u00bbnone\u00a0\u00bb shape_type=\u00a0\u00bb\u00a0\u00bb][vc_column column_padding=\u00a0\u00bbno-extra-padding\u00a0\u00bb column_padding_position=\u00a0\u00bball\u00a0\u00bb background_color_opacity=\u00a0\u00bb1&Prime; background_hover_color_opacity=\u00a0\u00bb1&Prime; column_link_target=\u00a0\u00bb_self\u00a0\u00bb column_shadow=\u00a0\u00bbnone\u00a0\u00bb column_border_radius=\u00a0\u00bbnone\u00a0\u00bb width=\u00a0\u00bb1\/1&Prime; tablet_width_inherit=\u00a0\u00bbdefault\u00a0\u00bb tablet_text_alignment=\u00a0\u00bbdefault\u00a0\u00bb phone_text_alignment=\u00a0\u00bbdefault\u00a0\u00bb column_border_width=\u00a0\u00bbnone\u00a0\u00bb column_border_style=\u00a0\u00bbsolid\u00a0\u00bb bg_image_animation=\u00a0\u00bbnone\u00a0\u00bb][vc_column_text] DEUX BREVETS, UNE CAPSULE QUI&#8230;<\/p>\n","protected":false},"author":1,"featured_media":0,"parent":0,"menu_order":0,"comment_status":"closed","ping_status":"closed","template":"","meta":{"footnotes":""},"class_list":["post-13451","page","type-page","status-publish"],"yoast_head":"<!-- This site is optimized with the Yoast SEO plugin v26.0 - https:\/\/yoast.com\/wordpress\/plugins\/seo\/ -->\n<title>Une belle id\u00e9e - WayCap, une capsule rechargeable pour Nespresso<\/title>\n<meta name=\"description\" content=\"Deux brevets, une capsule qui dure toute une vie. Un produit qui durera dans le temps, qui est aussi agr\u00e9able \u00e0 regarder, facile \u00e0 manipuler, rapide \u00e0 nettoyer et r\u00e9utilisable maintes et maintes fois.\" \/>\n<meta name=\"robots\" content=\"index, follow, max-snippet:-1, max-image-preview:large, max-video-preview:-1\" \/>\n<link rel=\"canonical\" href=\"https:\/\/www.compatible-capsules.com\/fr\/une-belle-idee\/\" \/>\n<meta property=\"og:locale\" content=\"fr_FR\" \/>\n<meta property=\"og:type\" content=\"article\" \/>\n<meta property=\"og:title\" content=\"Une belle id\u00e9e - WayCap, une capsule rechargeable pour Nespresso\" \/>\n<meta property=\"og:description\" content=\"Deux brevets, une capsule qui dure toute une vie. Un produit qui durera dans le temps, qui est aussi agr\u00e9able \u00e0 regarder, facile \u00e0 manipuler, rapide \u00e0 nettoyer et r\u00e9utilisable maintes et maintes fois.\" \/>\n<meta property=\"og:url\" content=\"https:\/\/www.compatible-capsules.com\/fr\/une-belle-idee\/\" \/>\n<meta property=\"og:site_name\" content=\"WayCap\" \/>\n<meta property=\"article:publisher\" content=\"https:\/\/www.facebook.com\/waycapcoffee\/\" \/>\n<meta property=\"article:modified_time\" content=\"2020-03-04T11:46:25+00:00\" \/>\n<meta name=\"twitter:card\" content=\"summary_large_image\" \/>\n<meta name=\"twitter:site\" content=\"@waycapcoffee\" \/>\n<meta name=\"twitter:label1\" content=\"Dur\u00e9e de lecture estim\u00e9e\" \/>\n\t<meta name=\"twitter:data1\" content=\"3 minutes\" \/>\n<script type=\"application\/ld+json\" class=\"yoast-schema-graph\">{\"@context\":\"https:\/\/schema.org\",\"@graph\":[{\"@type\":\"WebPage\",\"@id\":\"https:\/\/www.compatible-capsules.com\/fr\/une-belle-idee\/\",\"url\":\"https:\/\/www.compatible-capsules.com\/fr\/une-belle-idee\/\",\"name\":\"Une belle id\u00e9e - WayCap, une capsule rechargeable pour Nespresso\",\"isPartOf\":{\"@id\":\"https:\/\/www.compatible-capsules.com\/#website\"},\"datePublished\":\"2018-04-18T18:21:48+00:00\",\"dateModified\":\"2020-03-04T11:46:25+00:00\",\"description\":\"Deux brevets, une capsule qui dure toute une vie. Un produit qui durera dans le temps, qui est aussi agr\u00e9able \u00e0 regarder, facile \u00e0 manipuler, rapide \u00e0 nettoyer et r\u00e9utilisable maintes et maintes fois.\",\"breadcrumb\":{\"@id\":\"https:\/\/www.compatible-capsules.com\/fr\/une-belle-idee\/#breadcrumb\"},\"inLanguage\":\"fr-FR\",\"potentialAction\":[{\"@type\":\"ReadAction\",\"target\":[\"https:\/\/www.compatible-capsules.com\/fr\/une-belle-idee\/\"]}]},{\"@type\":\"BreadcrumbList\",\"@id\":\"https:\/\/www.compatible-capsules.com\/fr\/une-belle-idee\/#breadcrumb\",\"itemListElement\":[{\"@type\":\"ListItem\",\"position\":1,\"name\":\"Home\",\"item\":\"https:\/\/www.compatible-capsules.com\/fr\/\"},{\"@type\":\"ListItem\",\"position\":2,\"name\":\"A Beautiful Idea\"}]},{\"@type\":\"WebSite\",\"@id\":\"https:\/\/www.compatible-capsules.com\/#website\",\"url\":\"https:\/\/www.compatible-capsules.com\/\",\"name\":\"WayCap\",\"description\":\"Compatible Capsules for Nespresso Systems\",\"publisher\":{\"@id\":\"https:\/\/www.compatible-capsules.com\/#organization\"},\"potentialAction\":[{\"@type\":\"SearchAction\",\"target\":{\"@type\":\"EntryPoint\",\"urlTemplate\":\"https:\/\/www.compatible-capsules.com\/?s={search_term_string}\"},\"query-input\":{\"@type\":\"PropertyValueSpecification\",\"valueRequired\":true,\"valueName\":\"search_term_string\"}}],\"inLanguage\":\"fr-FR\"},{\"@type\":\"Organization\",\"@id\":\"https:\/\/www.compatible-capsules.com\/#organization\",\"name\":\"WAYCAP SRLS\",\"url\":\"https:\/\/www.compatible-capsules.com\/\",\"logo\":{\"@type\":\"ImageObject\",\"inLanguage\":\"fr-FR\",\"@id\":\"https:\/\/www.compatible-capsules.com\/#\/schema\/logo\/image\/\",\"url\":\"https:\/\/www.compatible-capsules.com\/wp-content\/uploads\/2015\/11\/logo_menu_200px.png\",\"contentUrl\":\"https:\/\/www.compatible-capsules.com\/wp-content\/uploads\/2015\/11\/logo_menu_200px.png\",\"width\":200,\"height\":200,\"caption\":\"WAYCAP SRLS\"},\"image\":{\"@id\":\"https:\/\/www.compatible-capsules.com\/#\/schema\/logo\/image\/\"},\"sameAs\":[\"https:\/\/www.facebook.com\/waycapcoffee\/\",\"https:\/\/x.com\/waycapcoffee\",\"https:\/\/www.youtube.com\/channel\/UCi6AsQOPaPIVku3lqfWf4Dg\"]}]}<\/script>\n<!-- \/ Yoast SEO plugin. -->","yoast_head_json":{"title":"Une belle id\u00e9e - WayCap, une capsule rechargeable pour Nespresso","description":"Deux brevets, une capsule qui dure toute une vie. Un produit qui durera dans le temps, qui est aussi agr\u00e9able \u00e0 regarder, facile \u00e0 manipuler, rapide \u00e0 nettoyer et r\u00e9utilisable maintes et maintes fois.","robots":{"index":"index","follow":"follow","max-snippet":"max-snippet:-1","max-image-preview":"max-image-preview:large","max-video-preview":"max-video-preview:-1"},"canonical":"https:\/\/www.compatible-capsules.com\/fr\/une-belle-idee\/","og_locale":"fr_FR","og_type":"article","og_title":"Une belle id\u00e9e - WayCap, une capsule rechargeable pour Nespresso","og_description":"Deux brevets, une capsule qui dure toute une vie. Un produit qui durera dans le temps, qui est aussi agr\u00e9able \u00e0 regarder, facile \u00e0 manipuler, rapide \u00e0 nettoyer et r\u00e9utilisable maintes et maintes fois.","og_url":"https:\/\/www.compatible-capsules.com\/fr\/une-belle-idee\/","og_site_name":"WayCap","article_publisher":"https:\/\/www.facebook.com\/waycapcoffee\/","article_modified_time":"2020-03-04T11:46:25+00:00","twitter_card":"summary_large_image","twitter_site":"@waycapcoffee","twitter_misc":{"Dur\u00e9e de lecture estim\u00e9e":"3 minutes"},"schema":{"@context":"https:\/\/schema.org","@graph":[{"@type":"WebPage","@id":"https:\/\/www.compatible-capsules.com\/fr\/une-belle-idee\/","url":"https:\/\/www.compatible-capsules.com\/fr\/une-belle-idee\/","name":"Une belle id\u00e9e - WayCap, une capsule rechargeable pour Nespresso","isPartOf":{"@id":"https:\/\/www.compatible-capsules.com\/#website"},"datePublished":"2018-04-18T18:21:48+00:00","dateModified":"2020-03-04T11:46:25+00:00","description":"Deux brevets, une capsule qui dure toute une vie. Un produit qui durera dans le temps, qui est aussi agr\u00e9able \u00e0 regarder, facile \u00e0 manipuler, rapide \u00e0 nettoyer et r\u00e9utilisable maintes et maintes fois.","breadcrumb":{"@id":"https:\/\/www.compatible-capsules.com\/fr\/une-belle-idee\/#breadcrumb"},"inLanguage":"fr-FR","potentialAction":[{"@type":"ReadAction","target":["https:\/\/www.compatible-capsules.com\/fr\/une-belle-idee\/"]}]},{"@type":"BreadcrumbList","@id":"https:\/\/www.compatible-capsules.com\/fr\/une-belle-idee\/#breadcrumb","itemListElement":[{"@type":"ListItem","position":1,"name":"Home","item":"https:\/\/www.compatible-capsules.com\/fr\/"},{"@type":"ListItem","position":2,"name":"A Beautiful Idea"}]},{"@type":"WebSite","@id":"https:\/\/www.compatible-capsules.com\/#website","url":"https:\/\/www.compatible-capsules.com\/","name":"WayCap","description":"Compatible Capsules for Nespresso Systems","publisher":{"@id":"https:\/\/www.compatible-capsules.com\/#organization"},"potentialAction":[{"@type":"SearchAction","target":{"@type":"EntryPoint","urlTemplate":"https:\/\/www.compatible-capsules.com\/?s={search_term_string}"},"query-input":{"@type":"PropertyValueSpecification","valueRequired":true,"valueName":"search_term_string"}}],"inLanguage":"fr-FR"},{"@type":"Organization","@id":"https:\/\/www.compatible-capsules.com\/#organization","name":"WAYCAP SRLS","url":"https:\/\/www.compatible-capsules.com\/","logo":{"@type":"ImageObject","inLanguage":"fr-FR","@id":"https:\/\/www.compatible-capsules.com\/#\/schema\/logo\/image\/","url":"https:\/\/www.compatible-capsules.com\/wp-content\/uploads\/2015\/11\/logo_menu_200px.png","contentUrl":"https:\/\/www.compatible-capsules.com\/wp-content\/uploads\/2015\/11\/logo_menu_200px.png","width":200,"height":200,"caption":"WAYCAP SRLS"},"image":{"@id":"https:\/\/www.compatible-capsules.com\/#\/schema\/logo\/image\/"},"sameAs":["https:\/\/www.facebook.com\/waycapcoffee\/","https:\/\/x.com\/waycapcoffee","https:\/\/www.youtube.com\/channel\/UCi6AsQOPaPIVku3lqfWf4Dg"]}]}},"_links":{"self":[{"href":"https:\/\/www.compatible-capsules.com\/fr\/wp-json\/wp\/v2\/pages\/13451","targetHints":{"allow":["GET"]}}],"collection":[{"href":"https:\/\/www.compatible-capsules.com\/fr\/wp-json\/wp\/v2\/pages"}],"about":[{"href":"https:\/\/www.compatible-capsules.com\/fr\/wp-json\/wp\/v2\/types\/page"}],"author":[{"embeddable":true,"href":"https:\/\/www.compatible-capsules.com\/fr\/wp-json\/wp\/v2\/users\/1"}],"replies":[{"embeddable":true,"href":"https:\/\/www.compatible-capsules.com\/fr\/wp-json\/wp\/v2\/comments?post=13451"}],"version-history":[{"count":2,"href":"https:\/\/www.compatible-capsules.com\/fr\/wp-json\/wp\/v2\/pages\/13451\/revisions"}],"predecessor-version":[{"id":66919,"href":"https:\/\/www.compatible-capsules.com\/fr\/wp-json\/wp\/v2\/pages\/13451\/revisions\/66919"}],"wp:attachment":[{"href":"https:\/\/www.compatible-capsules.com\/fr\/wp-json\/wp\/v2\/media?parent=13451"}],"curies":[{"name":"wp","href":"https:\/\/api.w.org\/{rel}","templated":true}]}}