{"id":18257,"date":"2017-09-07T09:51:48","date_gmt":"2017-09-07T09:51:48","guid":{"rendered":"https:\/\/www.compatible-capsules.com\/shop\/uncategorized\/waycap-ez-complete\/"},"modified":"2021-09-11T09:39:22","modified_gmt":"2021-09-11T09:39:22","slug":"waycap-ez-complete","status":"publish","type":"product","link":"https:\/\/www.compatible-capsules.com\/fr\/shop\/nespresso-capsules\/waycap-ez-complete\/","title":{"rendered":"WayCap Complete Kit &#8211; 2 Capsules"},"content":{"rendered":"<p>WayCap est une <strong>capsule<\/strong> de caf\u00e9 <strong>r\u00e9utilisable pour Nespresso<\/strong>, faite <strong>d&rsquo;acier inoxydable<\/strong> et donc <strong>rechargeable<\/strong> \u00e0 l&rsquo;infini. Respectueuse de l&rsquo;environnement<!--et fabriqu\u00e9e en Italie-->. Pas de pollution, d&rsquo;excellentes \u00e9conomies et le caf\u00e9 de votre choix.<\/p>\n<p>Le kit contient 2 <strong>capsules r\u00e9utilisables pour syst\u00e8me Nespresso\u00a0<\/strong> + 1 distributeur manuel + 4 couvercles interchangeables pour chaque capsule.<\/p>\n<p>Compatible avec les <strong>machines Nespresso<\/strong>: Pixie, Inissia, Essenza(*), Essenza Mini, Lattissima, U, Citiz, Expert, Prodigio, Maestria, Creatista, Kitchen Aid<\/p>\n<p>(*) certains anciens mod\u00e8les Essenza pourraient ne pas \u00eatre enti\u00e8rement compatibles\u00a0: veuillez nous contacter avant d\u2019acheter.<\/p>\n","protected":false},"excerpt":{"rendered":"<p><!--\n\n\n<h2>[divider line_type=\"No Line\" custom_height=\"10\"]<\/h2>\n\n\nSHOW PRICES IN\n[woocommerce_currency_converter]--><\/p>\n<h2><strong style=\"font-size: 16px;\">Frais de port gratuits pour les commandes d&rsquo;un montant sup\u00e9rieur \u00e0 49 \u20ac (dans le monde entier)<\/strong><\/h2>\n","protected":false},"featured_media":18258,"template":"","meta":[],"product_brand":[],"product_cat":[148],"product_tag":[],"class_list":{"0":"post-18257","1":"product","2":"type-product","3":"status-publish","4":"has-post-thumbnail","6":"product_cat-nespresso-capsules","8":"first","9":"instock","10":"taxable","11":"shipping-taxable","12":"purchasable","13":"product-type-simple"},"bundled_by":["18324","18330","18332","18337","18339"],"bundle_stock_status":"instock","bundle_stock_quantity":null,"bundle_virtual":false,"bundle_layout":"","bundle_add_to_cart_form_location":"","bundle_editable_in_cart":false,"bundle_sold_individually_context":"","bundle_item_grouping":"","bundle_min_size":"","bundle_max_size":"","bundle_price":[],"bundled_items":[],"bundle_sell_ids":[],"yoast_head":"<!-- This site is optimized with the Yoast SEO plugin v26.0 - https:\/\/yoast.com\/wordpress\/plugins\/seo\/ -->\n<title>WayCap Complete Kit - 2 Capsules - WayCap<\/title>\n<meta name=\"robots\" content=\"noindex, follow\" \/>\n<meta property=\"og:locale\" content=\"fr_FR\" \/>\n<meta property=\"og:type\" content=\"article\" \/>\n<meta property=\"og:title\" content=\"WayCap Complete Kit - 2 Capsules - WayCap\" \/>\n<meta property=\"og:description\" content=\"Frais de port gratuits pour les commandes d&#039;un montant sup\u00e9rieur \u00e0 49 \u20ac (dans le monde entier)\" \/>\n<meta property=\"og:url\" content=\"https:\/\/www.compatible-capsules.com\/fr\/shop\/nespresso-capsules\/waycap-ez-complete\/\" \/>\n<meta property=\"og:site_name\" content=\"WayCap\" \/>\n<meta property=\"article:publisher\" content=\"https:\/\/www.facebook.com\/waycapcoffee\/\" \/>\n<meta property=\"article:modified_time\" content=\"2021-09-11T09:39:22+00:00\" \/>\n<meta property=\"og:image\" content=\"https:\/\/www.compatible-capsules.com\/wp-content\/uploads\/2017\/09\/WayCap_2_Pack_large.jpg\" \/>\n\t<meta property=\"og:image:width\" content=\"480\" \/>\n\t<meta property=\"og:image:height\" content=\"480\" \/>\n\t<meta property=\"og:image:type\" content=\"image\/jpeg\" \/>\n<meta name=\"twitter:card\" content=\"summary_large_image\" \/>\n<meta name=\"twitter:site\" content=\"@waycapcoffee\" \/>\n<script type=\"application\/ld+json\" class=\"yoast-schema-graph\">{\"@context\":\"https:\/\/schema.org\",\"@graph\":[{\"@type\":\"WebPage\",\"@id\":\"https:\/\/www.compatible-capsules.com\/fr\/shop\/nespresso-capsules\/waycap-ez-complete\/\",\"url\":\"https:\/\/www.compatible-capsules.com\/fr\/shop\/nespresso-capsules\/waycap-ez-complete\/\",\"name\":\"WayCap Complete Kit - 2 Capsules - WayCap\",\"isPartOf\":{\"@id\":\"https:\/\/www.compatible-capsules.com\/#website\"},\"primaryImageOfPage\":{\"@id\":\"https:\/\/www.compatible-capsules.com\/fr\/shop\/nespresso-capsules\/waycap-ez-complete\/#primaryimage\"},\"image\":{\"@id\":\"https:\/\/www.compatible-capsules.com\/fr\/shop\/nespresso-capsules\/waycap-ez-complete\/#primaryimage\"},\"thumbnailUrl\":\"https:\/\/www.compatible-capsules.com\/wp-content\/uploads\/2017\/09\/WayCap_2_Pack_large.jpg\",\"datePublished\":\"2017-09-07T09:51:48+00:00\",\"dateModified\":\"2021-09-11T09:39:22+00:00\",\"breadcrumb\":{\"@id\":\"https:\/\/www.compatible-capsules.com\/fr\/shop\/nespresso-capsules\/waycap-ez-complete\/#breadcrumb\"},\"inLanguage\":\"fr-FR\",\"potentialAction\":[{\"@type\":\"ReadAction\",\"target\":[\"https:\/\/www.compatible-capsules.com\/fr\/shop\/nespresso-capsules\/waycap-ez-complete\/\"]}]},{\"@type\":\"ImageObject\",\"inLanguage\":\"fr-FR\",\"@id\":\"https:\/\/www.compatible-capsules.com\/fr\/shop\/nespresso-capsules\/waycap-ez-complete\/#primaryimage\",\"url\":\"https:\/\/www.compatible-capsules.com\/wp-content\/uploads\/2017\/09\/WayCap_2_Pack_large.jpg\",\"contentUrl\":\"https:\/\/www.compatible-capsules.com\/wp-content\/uploads\/2017\/09\/WayCap_2_Pack_large.jpg\",\"width\":480,\"height\":480,\"caption\":\"WayCap Ez - Complete Kit\"},{\"@type\":\"BreadcrumbList\",\"@id\":\"https:\/\/www.compatible-capsules.com\/fr\/shop\/nespresso-capsules\/waycap-ez-complete\/#breadcrumb\",\"itemListElement\":[{\"@type\":\"ListItem\",\"position\":1,\"name\":\"Home\",\"item\":\"https:\/\/www.compatible-capsules.com\/fr\/\"},{\"@type\":\"ListItem\",\"position\":2,\"name\":\"Boutique\",\"item\":\"https:\/\/www.compatible-capsules.com\/fr\/boutique\/\"},{\"@type\":\"ListItem\",\"position\":3,\"name\":\"WayCap Complete Kit &#8211; 2 Capsules\"}]},{\"@type\":\"WebSite\",\"@id\":\"https:\/\/www.compatible-capsules.com\/#website\",\"url\":\"https:\/\/www.compatible-capsules.com\/\",\"name\":\"WayCap\",\"description\":\"Compatible Capsules for Nespresso Systems\",\"publisher\":{\"@id\":\"https:\/\/www.compatible-capsules.com\/#organization\"},\"potentialAction\":[{\"@type\":\"SearchAction\",\"target\":{\"@type\":\"EntryPoint\",\"urlTemplate\":\"https:\/\/www.compatible-capsules.com\/?s={search_term_string}\"},\"query-input\":{\"@type\":\"PropertyValueSpecification\",\"valueRequired\":true,\"valueName\":\"search_term_string\"}}],\"inLanguage\":\"fr-FR\"},{\"@type\":\"Organization\",\"@id\":\"https:\/\/www.compatible-capsules.com\/#organization\",\"name\":\"WAYCAP SRLS\",\"url\":\"https:\/\/www.compatible-capsules.com\/\",\"logo\":{\"@type\":\"ImageObject\",\"inLanguage\":\"fr-FR\",\"@id\":\"https:\/\/www.compatible-capsules.com\/#\/schema\/logo\/image\/\",\"url\":\"https:\/\/www.compatible-capsules.com\/wp-content\/uploads\/2015\/11\/logo_menu_200px.png\",\"contentUrl\":\"https:\/\/www.compatible-capsules.com\/wp-content\/uploads\/2015\/11\/logo_menu_200px.png\",\"width\":200,\"height\":200,\"caption\":\"WAYCAP SRLS\"},\"image\":{\"@id\":\"https:\/\/www.compatible-capsules.com\/#\/schema\/logo\/image\/\"},\"sameAs\":[\"https:\/\/www.facebook.com\/waycapcoffee\/\",\"https:\/\/x.com\/waycapcoffee\",\"https:\/\/www.youtube.com\/channel\/UCi6AsQOPaPIVku3lqfWf4Dg\"]}]}<\/script>\n<!-- \/ Yoast SEO plugin. -->","yoast_head_json":{"title":"WayCap Complete Kit - 2 Capsules - WayCap","robots":{"index":"noindex","follow":"follow"},"og_locale":"fr_FR","og_type":"article","og_title":"WayCap Complete Kit - 2 Capsules - WayCap","og_description":"Frais de port gratuits pour les commandes d'un montant sup\u00e9rieur \u00e0 49 \u20ac (dans le monde entier)","og_url":"https:\/\/www.compatible-capsules.com\/fr\/shop\/nespresso-capsules\/waycap-ez-complete\/","og_site_name":"WayCap","article_publisher":"https:\/\/www.facebook.com\/waycapcoffee\/","article_modified_time":"2021-09-11T09:39:22+00:00","og_image":[{"width":480,"height":480,"url":"https:\/\/www.compatible-capsules.com\/wp-content\/uploads\/2017\/09\/WayCap_2_Pack_large.jpg","type":"image\/jpeg"}],"twitter_card":"summary_large_image","twitter_site":"@waycapcoffee","schema":{"@context":"https:\/\/schema.org","@graph":[{"@type":"WebPage","@id":"https:\/\/www.compatible-capsules.com\/fr\/shop\/nespresso-capsules\/waycap-ez-complete\/","url":"https:\/\/www.compatible-capsules.com\/fr\/shop\/nespresso-capsules\/waycap-ez-complete\/","name":"WayCap Complete Kit - 2 Capsules - WayCap","isPartOf":{"@id":"https:\/\/www.compatible-capsules.com\/#website"},"primaryImageOfPage":{"@id":"https:\/\/www.compatible-capsules.com\/fr\/shop\/nespresso-capsules\/waycap-ez-complete\/#primaryimage"},"image":{"@id":"https:\/\/www.compatible-capsules.com\/fr\/shop\/nespresso-capsules\/waycap-ez-complete\/#primaryimage"},"thumbnailUrl":"https:\/\/www.compatible-capsules.com\/wp-content\/uploads\/2017\/09\/WayCap_2_Pack_large.jpg","datePublished":"2017-09-07T09:51:48+00:00","dateModified":"2021-09-11T09:39:22+00:00","breadcrumb":{"@id":"https:\/\/www.compatible-capsules.com\/fr\/shop\/nespresso-capsules\/waycap-ez-complete\/#breadcrumb"},"inLanguage":"fr-FR","potentialAction":[{"@type":"ReadAction","target":["https:\/\/www.compatible-capsules.com\/fr\/shop\/nespresso-capsules\/waycap-ez-complete\/"]}]},{"@type":"ImageObject","inLanguage":"fr-FR","@id":"https:\/\/www.compatible-capsules.com\/fr\/shop\/nespresso-capsules\/waycap-ez-complete\/#primaryimage","url":"https:\/\/www.compatible-capsules.com\/wp-content\/uploads\/2017\/09\/WayCap_2_Pack_large.jpg","contentUrl":"https:\/\/www.compatible-capsules.com\/wp-content\/uploads\/2017\/09\/WayCap_2_Pack_large.jpg","width":480,"height":480,"caption":"WayCap Ez - Complete Kit"},{"@type":"BreadcrumbList","@id":"https:\/\/www.compatible-capsules.com\/fr\/shop\/nespresso-capsules\/waycap-ez-complete\/#breadcrumb","itemListElement":[{"@type":"ListItem","position":1,"name":"Home","item":"https:\/\/www.compatible-capsules.com\/fr\/"},{"@type":"ListItem","position":2,"name":"Boutique","item":"https:\/\/www.compatible-capsules.com\/fr\/boutique\/"},{"@type":"ListItem","position":3,"name":"WayCap Complete Kit &#8211; 2 Capsules"}]},{"@type":"WebSite","@id":"https:\/\/www.compatible-capsules.com\/#website","url":"https:\/\/www.compatible-capsules.com\/","name":"WayCap","description":"Compatible Capsules for Nespresso Systems","publisher":{"@id":"https:\/\/www.compatible-capsules.com\/#organization"},"potentialAction":[{"@type":"SearchAction","target":{"@type":"EntryPoint","urlTemplate":"https:\/\/www.compatible-capsules.com\/?s={search_term_string}"},"query-input":{"@type":"PropertyValueSpecification","valueRequired":true,"valueName":"search_term_string"}}],"inLanguage":"fr-FR"},{"@type":"Organization","@id":"https:\/\/www.compatible-capsules.com\/#organization","name":"WAYCAP SRLS","url":"https:\/\/www.compatible-capsules.com\/","logo":{"@type":"ImageObject","inLanguage":"fr-FR","@id":"https:\/\/www.compatible-capsules.com\/#\/schema\/logo\/image\/","url":"https:\/\/www.compatible-capsules.com\/wp-content\/uploads\/2015\/11\/logo_menu_200px.png","contentUrl":"https:\/\/www.compatible-capsules.com\/wp-content\/uploads\/2015\/11\/logo_menu_200px.png","width":200,"height":200,"caption":"WAYCAP SRLS"},"image":{"@id":"https:\/\/www.compatible-capsules.com\/#\/schema\/logo\/image\/"},"sameAs":["https:\/\/www.facebook.com\/waycapcoffee\/","https:\/\/x.com\/waycapcoffee","https:\/\/www.youtube.com\/channel\/UCi6AsQOPaPIVku3lqfWf4Dg"]}]}},"_links":{"self":[{"href":"https:\/\/www.compatible-capsules.com\/fr\/wp-json\/wp\/v2\/product\/18257","targetHints":{"allow":["GET"]}}],"collection":[{"href":"https:\/\/www.compatible-capsules.com\/fr\/wp-json\/wp\/v2\/product"}],"about":[{"href":"https:\/\/www.compatible-capsules.com\/fr\/wp-json\/wp\/v2\/types\/product"}],"wp:featuredmedia":[{"embeddable":true,"href":"https:\/\/www.compatible-capsules.com\/fr\/wp-json\/wp\/v2\/media\/18258"}],"wp:attachment":[{"href":"https:\/\/www.compatible-capsules.com\/fr\/wp-json\/wp\/v2\/media?parent=18257"}],"wp:term":[{"taxonomy":"product_brand","embeddable":true,"href":"https:\/\/www.compatible-capsules.com\/fr\/wp-json\/wp\/v2\/product_brand?post=18257"},{"taxonomy":"product_cat","embeddable":true,"href":"https:\/\/www.compatible-capsules.com\/fr\/wp-json\/wp\/v2\/product_cat?post=18257"},{"taxonomy":"product_tag","embeddable":true,"href":"https:\/\/www.compatible-capsules.com\/fr\/wp-json\/wp\/v2\/product_tag?post=18257"}],"curies":[{"name":"wp","href":"https:\/\/api.w.org\/{rel}","templated":true}]}}