{"id":10459,"date":"2018-04-10T15:50:02","date_gmt":"2018-04-10T15:50:02","guid":{"rendered":"https:\/\/www.compatible-capsules.com\/?page_id=10459"},"modified":"2018-04-11T13:32:12","modified_gmt":"2018-04-11T13:32:12","slug":"una-bella-idea","status":"publish","type":"page","link":"https:\/\/www.compatible-capsules.com\/it\/una-bella-idea\/","title":{"rendered":"Una Bella Idea"},"content":{"rendered":"[vc_row type=&#8221;in_container&#8221; full_screen_row_position=&#8221;middle&#8221; scene_position=&#8221;center&#8221; text_color=&#8221;dark&#8221; text_align=&#8221;left&#8221; top_padding=&#8221;40&#8243; overlay_strength=&#8221;0.3&#8243; shape_divider_position=&#8221;bottom&#8221; shape_type=&#8221;&#8221;][vc_column column_padding=&#8221;no-extra-padding&#8221; column_padding_position=&#8221;all&#8221; background_color_opacity=&#8221;1&#8243; background_hover_color_opacity=&#8221;1&#8243; column_shadow=&#8221;none&#8221; column_border_radius=&#8221;none&#8221; width=&#8221;1\/1&#8243; tablet_text_alignment=&#8221;default&#8221; phone_text_alignment=&#8221;default&#8221; column_border_width=&#8221;none&#8221; column_border_style=&#8221;solid&#8221;][vc_column_text]\n<h3><strong>DUE BREVETTI, UNA CAPSULA CHE DURA UNA VITA<\/strong><\/h3>\n<p>Davanti a un bidone pieno di capsule del caff\u00e8 vuote che presto avrebbero finito per inquinare e sporcare qualcos\u2019altro abbiamo unito le idee alla tecnologia e trasformato il momento del caff\u00e8 in un gesto consapevole.<\/p>\n<p>La nostra missione \u00e8 semplice: <strong>svegliare quante pi\u00f9 persone possibile sui rischi e i danni di un\u2019esistenza usa e getta.<\/strong><\/p>\n<p>Per questo abbiamo immaginato un prodotto che duri nel tempo, che sia anche bello da vedere, pratico da maneggiare, veloce da pulire per essere riutilizzato pi\u00f9 e pi\u00f9 volte.<\/p>\n<h3><\/h3>\n<h3><strong>UNA CAPSULA MADE IN ITALY<br \/>\n<\/strong><\/h3>\n<p>WayCap \u00e8 un oggetto di design che si abbina alla vita di tutti i giorni, fatto con amore in Italia. WayCap \u00e8 la tua <strong>capsula ecologica, compatibile, riutilizzabile<\/strong> da riempire col caff\u00e8 che pi\u00f9 ti piace per assaporare la giornata. WayCap \u00e8 il tuo rituale di sostenibilit\u00e0 per dire al mondo che un bel prodotto pu\u00f2 essere anche buono, buono per te e buono per l\u2019ambiente.<\/p>\n<p>&nbsp;<\/p>\n<p style=\"text-align: center;\"><a class=\"nectar-button n-sc-button medium accent-color regular-button\"  href=\"http:\/\/www.compatible-capsules.com\/shop\/\" data-color-override=\"false\" data-hover-color-override=\"false\" data-hover-text-color-override=\"#fff\"><span>PROVALO!<\/span><\/a>\n[\/vc_column_text][\/vc_column][\/vc_row]\n","protected":false},"excerpt":{"rendered":"<p>[vc_row type=&#8221;in_container&#8221; full_screen_row_position=&#8221;middle&#8221; scene_position=&#8221;center&#8221; text_color=&#8221;dark&#8221; text_align=&#8221;left&#8221; top_padding=&#8221;40&#8243; overlay_strength=&#8221;0.3&#8243; shape_divider_position=&#8221;bottom&#8221; shape_type=&#8221;&#8221;][vc_column column_padding=&#8221;no-extra-padding&#8221; column_padding_position=&#8221;all&#8221; background_color_opacity=&#8221;1&#8243; background_hover_color_opacity=&#8221;1&#8243; column_shadow=&#8221;none&#8221; column_border_radius=&#8221;none&#8221; width=&#8221;1\/1&#8243; tablet_text_alignment=&#8221;default&#8221; phone_text_alignment=&#8221;default&#8221; column_border_width=&#8221;none&#8221; column_border_style=&#8221;solid&#8221;][vc_column_text] DUE BREVETTI, UNA CAPSULA CHE DURA UNA VITA Davanti&#8230;<\/p>\n","protected":false},"author":1,"featured_media":0,"parent":0,"menu_order":0,"comment_status":"closed","ping_status":"closed","template":"","meta":{"footnotes":""},"class_list":["post-10459","page","type-page","status-publish"],"yoast_head":"<!-- This site is optimized with the Yoast SEO plugin v26.0 - https:\/\/yoast.com\/wordpress\/plugins\/seo\/ -->\n<title>Una Bella Idea - WayCap<\/title>\n<meta name=\"robots\" content=\"index, follow, max-snippet:-1, max-image-preview:large, max-video-preview:-1\" \/>\n<link rel=\"canonical\" href=\"https:\/\/www.compatible-capsules.com\/it\/una-bella-idea\/\" \/>\n<meta property=\"og:locale\" content=\"it_IT\" \/>\n<meta property=\"og:type\" content=\"article\" \/>\n<meta property=\"og:title\" content=\"Una Bella Idea - WayCap\" \/>\n<meta property=\"og:description\" content=\"[vc_row type=&#8221;in_container&#8221; full_screen_row_position=&#8221;middle&#8221; scene_position=&#8221;center&#8221; text_color=&#8221;dark&#8221; text_align=&#8221;left&#8221; top_padding=&#8221;40&#8243; overlay_strength=&#8221;0.3&#8243; shape_divider_position=&#8221;bottom&#8221; shape_type=&#8221;&#8221;][vc_column column_padding=&#8221;no-extra-padding&#8221; column_padding_position=&#8221;all&#8221; background_color_opacity=&#8221;1&#8243; background_hover_color_opacity=&#8221;1&#8243; column_shadow=&#8221;none&#8221; column_border_radius=&#8221;none&#8221; width=&#8221;1\/1&#8243; tablet_text_alignment=&#8221;default&#8221; phone_text_alignment=&#8221;default&#8221; column_border_width=&#8221;none&#8221; column_border_style=&#8221;solid&#8221;][vc_column_text] DUE BREVETTI, UNA CAPSULA CHE DURA UNA VITA Davanti...\" \/>\n<meta property=\"og:url\" content=\"https:\/\/www.compatible-capsules.com\/it\/una-bella-idea\/\" \/>\n<meta property=\"og:site_name\" content=\"WayCap\" \/>\n<meta property=\"article:publisher\" content=\"https:\/\/www.facebook.com\/waycapcoffee\/\" \/>\n<meta property=\"article:modified_time\" content=\"2018-04-11T13:32:12+00:00\" \/>\n<meta name=\"twitter:card\" content=\"summary_large_image\" \/>\n<meta name=\"twitter:site\" content=\"@waycapcoffee\" \/>\n<meta name=\"twitter:label1\" content=\"Tempo di lettura stimato\" \/>\n\t<meta name=\"twitter:data1\" content=\"1 minuto\" \/>\n<script type=\"application\/ld+json\" class=\"yoast-schema-graph\">{\"@context\":\"https:\/\/schema.org\",\"@graph\":[{\"@type\":\"WebPage\",\"@id\":\"https:\/\/www.compatible-capsules.com\/it\/una-bella-idea\/\",\"url\":\"https:\/\/www.compatible-capsules.com\/it\/una-bella-idea\/\",\"name\":\"Una Bella Idea - WayCap\",\"isPartOf\":{\"@id\":\"https:\/\/www.compatible-capsules.com\/#website\"},\"datePublished\":\"2018-04-10T15:50:02+00:00\",\"dateModified\":\"2018-04-11T13:32:12+00:00\",\"breadcrumb\":{\"@id\":\"https:\/\/www.compatible-capsules.com\/it\/una-bella-idea\/#breadcrumb\"},\"inLanguage\":\"it-IT\",\"potentialAction\":[{\"@type\":\"ReadAction\",\"target\":[\"https:\/\/www.compatible-capsules.com\/it\/una-bella-idea\/\"]}]},{\"@type\":\"BreadcrumbList\",\"@id\":\"https:\/\/www.compatible-capsules.com\/it\/una-bella-idea\/#breadcrumb\",\"itemListElement\":[{\"@type\":\"ListItem\",\"position\":1,\"name\":\"Home\",\"item\":\"https:\/\/www.compatible-capsules.com\/it\/\"},{\"@type\":\"ListItem\",\"position\":2,\"name\":\"Una Bella Idea\"}]},{\"@type\":\"WebSite\",\"@id\":\"https:\/\/www.compatible-capsules.com\/#website\",\"url\":\"https:\/\/www.compatible-capsules.com\/\",\"name\":\"WayCap\",\"description\":\"Compatible Capsules for Nespresso Systems\",\"publisher\":{\"@id\":\"https:\/\/www.compatible-capsules.com\/#organization\"},\"potentialAction\":[{\"@type\":\"SearchAction\",\"target\":{\"@type\":\"EntryPoint\",\"urlTemplate\":\"https:\/\/www.compatible-capsules.com\/?s={search_term_string}\"},\"query-input\":{\"@type\":\"PropertyValueSpecification\",\"valueRequired\":true,\"valueName\":\"search_term_string\"}}],\"inLanguage\":\"it-IT\"},{\"@type\":\"Organization\",\"@id\":\"https:\/\/www.compatible-capsules.com\/#organization\",\"name\":\"WAYCAP SRLS\",\"url\":\"https:\/\/www.compatible-capsules.com\/\",\"logo\":{\"@type\":\"ImageObject\",\"inLanguage\":\"it-IT\",\"@id\":\"https:\/\/www.compatible-capsules.com\/#\/schema\/logo\/image\/\",\"url\":\"https:\/\/www.compatible-capsules.com\/wp-content\/uploads\/2015\/11\/logo_menu_200px.png\",\"contentUrl\":\"https:\/\/www.compatible-capsules.com\/wp-content\/uploads\/2015\/11\/logo_menu_200px.png\",\"width\":200,\"height\":200,\"caption\":\"WAYCAP SRLS\"},\"image\":{\"@id\":\"https:\/\/www.compatible-capsules.com\/#\/schema\/logo\/image\/\"},\"sameAs\":[\"https:\/\/www.facebook.com\/waycapcoffee\/\",\"https:\/\/x.com\/waycapcoffee\",\"https:\/\/www.youtube.com\/channel\/UCi6AsQOPaPIVku3lqfWf4Dg\"]}]}<\/script>\n<!-- \/ Yoast SEO plugin. -->","yoast_head_json":{"title":"Una Bella Idea - WayCap","robots":{"index":"index","follow":"follow","max-snippet":"max-snippet:-1","max-image-preview":"max-image-preview:large","max-video-preview":"max-video-preview:-1"},"canonical":"https:\/\/www.compatible-capsules.com\/it\/una-bella-idea\/","og_locale":"it_IT","og_type":"article","og_title":"Una Bella Idea - WayCap","og_description":"[vc_row type=&#8221;in_container&#8221; full_screen_row_position=&#8221;middle&#8221; scene_position=&#8221;center&#8221; text_color=&#8221;dark&#8221; text_align=&#8221;left&#8221; top_padding=&#8221;40&#8243; overlay_strength=&#8221;0.3&#8243; shape_divider_position=&#8221;bottom&#8221; shape_type=&#8221;&#8221;][vc_column column_padding=&#8221;no-extra-padding&#8221; column_padding_position=&#8221;all&#8221; background_color_opacity=&#8221;1&#8243; background_hover_color_opacity=&#8221;1&#8243; column_shadow=&#8221;none&#8221; column_border_radius=&#8221;none&#8221; width=&#8221;1\/1&#8243; tablet_text_alignment=&#8221;default&#8221; phone_text_alignment=&#8221;default&#8221; column_border_width=&#8221;none&#8221; column_border_style=&#8221;solid&#8221;][vc_column_text] DUE BREVETTI, UNA CAPSULA CHE DURA UNA VITA Davanti...","og_url":"https:\/\/www.compatible-capsules.com\/it\/una-bella-idea\/","og_site_name":"WayCap","article_publisher":"https:\/\/www.facebook.com\/waycapcoffee\/","article_modified_time":"2018-04-11T13:32:12+00:00","twitter_card":"summary_large_image","twitter_site":"@waycapcoffee","twitter_misc":{"Tempo di lettura stimato":"1 minuto"},"schema":{"@context":"https:\/\/schema.org","@graph":[{"@type":"WebPage","@id":"https:\/\/www.compatible-capsules.com\/it\/una-bella-idea\/","url":"https:\/\/www.compatible-capsules.com\/it\/una-bella-idea\/","name":"Una Bella Idea - WayCap","isPartOf":{"@id":"https:\/\/www.compatible-capsules.com\/#website"},"datePublished":"2018-04-10T15:50:02+00:00","dateModified":"2018-04-11T13:32:12+00:00","breadcrumb":{"@id":"https:\/\/www.compatible-capsules.com\/it\/una-bella-idea\/#breadcrumb"},"inLanguage":"it-IT","potentialAction":[{"@type":"ReadAction","target":["https:\/\/www.compatible-capsules.com\/it\/una-bella-idea\/"]}]},{"@type":"BreadcrumbList","@id":"https:\/\/www.compatible-capsules.com\/it\/una-bella-idea\/#breadcrumb","itemListElement":[{"@type":"ListItem","position":1,"name":"Home","item":"https:\/\/www.compatible-capsules.com\/it\/"},{"@type":"ListItem","position":2,"name":"Una Bella Idea"}]},{"@type":"WebSite","@id":"https:\/\/www.compatible-capsules.com\/#website","url":"https:\/\/www.compatible-capsules.com\/","name":"WayCap","description":"Compatible Capsules for Nespresso Systems","publisher":{"@id":"https:\/\/www.compatible-capsules.com\/#organization"},"potentialAction":[{"@type":"SearchAction","target":{"@type":"EntryPoint","urlTemplate":"https:\/\/www.compatible-capsules.com\/?s={search_term_string}"},"query-input":{"@type":"PropertyValueSpecification","valueRequired":true,"valueName":"search_term_string"}}],"inLanguage":"it-IT"},{"@type":"Organization","@id":"https:\/\/www.compatible-capsules.com\/#organization","name":"WAYCAP SRLS","url":"https:\/\/www.compatible-capsules.com\/","logo":{"@type":"ImageObject","inLanguage":"it-IT","@id":"https:\/\/www.compatible-capsules.com\/#\/schema\/logo\/image\/","url":"https:\/\/www.compatible-capsules.com\/wp-content\/uploads\/2015\/11\/logo_menu_200px.png","contentUrl":"https:\/\/www.compatible-capsules.com\/wp-content\/uploads\/2015\/11\/logo_menu_200px.png","width":200,"height":200,"caption":"WAYCAP SRLS"},"image":{"@id":"https:\/\/www.compatible-capsules.com\/#\/schema\/logo\/image\/"},"sameAs":["https:\/\/www.facebook.com\/waycapcoffee\/","https:\/\/x.com\/waycapcoffee","https:\/\/www.youtube.com\/channel\/UCi6AsQOPaPIVku3lqfWf4Dg"]}]}},"_links":{"self":[{"href":"https:\/\/www.compatible-capsules.com\/it\/wp-json\/wp\/v2\/pages\/10459","targetHints":{"allow":["GET"]}}],"collection":[{"href":"https:\/\/www.compatible-capsules.com\/it\/wp-json\/wp\/v2\/pages"}],"about":[{"href":"https:\/\/www.compatible-capsules.com\/it\/wp-json\/wp\/v2\/types\/page"}],"author":[{"embeddable":true,"href":"https:\/\/www.compatible-capsules.com\/it\/wp-json\/wp\/v2\/users\/1"}],"replies":[{"embeddable":true,"href":"https:\/\/www.compatible-capsules.com\/it\/wp-json\/wp\/v2\/comments?post=10459"}],"version-history":[{"count":5,"href":"https:\/\/www.compatible-capsules.com\/it\/wp-json\/wp\/v2\/pages\/10459\/revisions"}],"predecessor-version":[{"id":10468,"href":"https:\/\/www.compatible-capsules.com\/it\/wp-json\/wp\/v2\/pages\/10459\/revisions\/10468"}],"wp:attachment":[{"href":"https:\/\/www.compatible-capsules.com\/it\/wp-json\/wp\/v2\/media?parent=10459"}],"curies":[{"name":"wp","href":"https:\/\/api.w.org\/{rel}","templated":true}]}}