{"id":10489,"date":"2018-04-12T08:38:51","date_gmt":"2018-04-12T08:38:51","guid":{"rendered":"https:\/\/www.compatible-capsules.com\/?page_id=10489"},"modified":"2019-05-27T15:45:42","modified_gmt":"2019-05-27T15:45:42","slug":"faq","status":"publish","type":"page","link":"https:\/\/www.compatible-capsules.com\/it\/faq\/","title":{"rendered":"FAQ"},"content":{"rendered":"[vc_row type=&#8221;full_width_background&#8221; full_screen_row_position=&#8221;middle&#8221; bg_color=&#8221;#f7f7f7&#8243; scene_position=&#8221;center&#8221; text_color=&#8221;dark&#8221; text_align=&#8221;left&#8221; top_padding=&#8221;100&#8243; bottom_padding=&#8221;100&#8243; overlay_strength=&#8221;0.3&#8243; shape_divider_position=&#8221;bottom&#8221; bg_image_animation=&#8221;none&#8221;][vc_column column_padding=&#8221;no-extra-padding&#8221; column_padding_position=&#8221;all&#8221; background_color_opacity=&#8221;1&#8243; background_hover_color_opacity=&#8221;1&#8243; column_link_target=&#8221;_self&#8221; column_shadow=&#8221;none&#8221; column_border_radius=&#8221;none&#8221; width=&#8221;1\/1&#8243; tablet_width_inherit=&#8221;default&#8221; tablet_text_alignment=&#8221;default&#8221; phone_text_alignment=&#8221;default&#8221; column_border_width=&#8221;none&#8221; column_border_style=&#8221;solid&#8221; bg_image_animation=&#8221;none&#8221;][vc_column_text css=&#8221;.vc_custom_1523521767435{padding-bottom: 20px !important;}&#8221;]\n<h2><b>Le tue domande sulla capsula<\/b><\/h2>\n[\/vc_column_text][toggles style=&#8221;minimal&#8221;][toggle color=&#8221;Default&#8221; title=&#8221;La capsula viene venduta col caffe\u0300 dentro?&#8221;][vc_column_text]No, la capsula \u00e8 vuota. La vendiamo da sola o abbinata a un altro dei nostri prodotti.<\/p>\n<p>A riempirla di caff\u00e8 ci pensi tu, guarda qui come si fa. <a href=\"https:\/\/www.compatible-capsules.com\/videos\/\">https:\/\/www.compatible-capsules.com\/videos\/<\/a>[\/vc_column_text][\/toggle][toggle color=&#8221;Default&#8221; title=&#8221;Quanto caff\u00e8 posso mettere dentro?&#8221;][vc_column_text]Abbiamo inventato il dosatore per aiutarti quando non sai quanto caff\u00e8 serve per una capsula. Noi diciamo che il caff\u00e8 deve stare a filo. Poi a seconda della pressione che fai sul caff\u00e8 e del filtro che usi, il caff\u00e8 sar\u00e0 pi\u00f9 o meno forte.[\/vc_column_text][\/toggle][toggle color=&#8221;Default&#8221; title=&#8221;La vostra capsula facile da usare? \u00c8 immediata?&#8221;][vc_column_text]Come per tutte le cose che poi diamo per assodate, come andare in bicicletta, bisogna fare un po\u2019 di pratica per imparare a usare la nostra capsula bene e senza pensieri.<\/p>\n<p>Abbiamo preparato per te un <a href=\"https:\/\/www.youtube.com\/watch?v=sk9TD0VApR8\">video<\/a> dove ti facciamo vedere come si fa, dura meno di due minuti.[\/vc_column_text][\/toggle][toggle color=&#8221;Default&#8221; title=&#8221;Quanto spesso vanno sostituite le guarnizioni vendute con le capsule?&#8221;][vc_column_text]Le guarnizioni durano una vita, ma metti che le perdi in ognuna delle nostre confezioni ci sono delle guarnizioni di ricambio. In ogni caso puoi sempre scriverci.[\/vc_column_text][\/toggle][toggle color=&#8221;Default&#8221; title=&#8221;Dove posso comprarle?&#8221;][vc_column_text]Le guarnizioni le vendiamo insieme alla capsula che usata nel modo giusto durer\u00e0 a lungo. Sono guarnizioni in silicone alimentare certificato.[\/vc_column_text][\/toggle][toggle color=&#8221;Default&#8221; title=&#8221;Con quali macchine e\u0300 compatibile?&#8221;][vc_column_text]Pixie, Inissia, Essenza, Essenza Mini, Lattissima, U, Citiz, Expert, Prodigio, Maestria, Creatista e Kitchen Aid: hai uno di questi modelli? Se non ricordi il nome della tua macchina, <a href=\"https:\/\/www.compatible-capsules.com\/nespresso-machines\/\">guarda i video di compatibilit\u00e0<\/a><\/p>\n<p>Nello<a href=\"http:\/\/www.compatible-capsules.com\/shop\/\"> shop<\/a> per ogni confezione specifichiamo la compatibilit\u00e0 con le macchine e i loro nomi, cos\u00ec non puoi sbagliare![\/vc_column_text][\/toggle][toggle color=&#8221;Default&#8221; title=&#8221;Quale caffe\u0300 posso usare? Con quale filtro?&#8221;][vc_column_text]Le capsule compatibili WayCap hanno un filtro \u00a0fatto apposta per loro. Se la grana \u00e8 fine usa il filtro con pi\u00f9 fessure, se la grana \u00e8 grossolana, quello con meno fessure. C&#8217;\u00e8 un <a href=\"https:\/\/www.youtube.com\/watch?v=gjLrdPfzUa0\">video che lo spiega bene<\/a>.[\/vc_column_text][\/toggle][toggle color=&#8221;Default&#8221; title=&#8221;Come faccio quando ho 6 persone a cena? Ci metto di piu\u0300 a fare 6 capsule o 3 caffettiere?&#8221;][vc_column_text]Ci vogliono pi\u00f9 o meno 40 secondi per caricare la tua capsula, con un po\u2019 di esperienza il tempo scende intorno ai 20 secondi, il caff\u00e8 non rischia di bruciarsi mentre fai due chiacchiere e anzi viene fuori con la crema.[\/vc_column_text][\/toggle][toggle color=&#8221;Default&#8221; title=&#8221;Viene un caffe\u0300 acquoso: cosa posso fare?&#8221;][vc_column_text]Per spiegarti come risolvere questo problema abbiamo girato un <a href=\"https:\/\/www.youtube.com\/watch?v=gjLrdPfzUa0\">video<\/a>.[\/vc_column_text][\/toggle][toggle color=&#8221;Default&#8221; title=&#8221;Come si pulisce?&#8221;][vc_column_text]Rimuovi il caff\u00e8 con il nostro scovolino o con il fondo di un cucchiaino. Poi sciacqua la capsula sotto l&#8217;acqua.[\/vc_column_text][\/toggle][\/toggles][vc_column_text css=&#8221;.vc_custom_1523522591913{margin-top: 80px !important;}&#8221;]\n<h2><b>Le tue domande sul caff\u00e8 e le nostre miscele<\/b><\/h2>\n[\/vc_column_text][toggles style=&#8221;minimal&#8221;][toggle color=&#8221;Default&#8221; title=&#8221;Il vostro caff\u00e8 va bene solo per le vostre capsule?&#8221;][vc_column_text]No, va benissimo anche con la moka e per il french coffee o dripped coffee. Per\u00f2 tra le nostre miscele e la nostra capsula c\u2019\u00e8 un matrimonio solido che funziona. Infatti le miscele Fusion, Cool, BeBop sono macinate e tostate per adattarsi a meraviglia alla caspsula Waycap.[\/vc_column_text][\/toggle][\/toggles][\/vc_column][\/vc_row][vc_row type=&#8221;full_width_background&#8221; full_screen_row_position=&#8221;middle&#8221; bg_color=&#8221;#f7f7f7&#8243; scene_position=&#8221;center&#8221; text_color=&#8221;dark&#8221; text_align=&#8221;left&#8221; bottom_padding=&#8221;100&#8243; overlay_strength=&#8221;0.3&#8243; shape_divider_position=&#8221;bottom&#8221; bg_image_animation=&#8221;none&#8221; shape_type=&#8221;&#8221;][vc_column column_padding=&#8221;no-extra-padding&#8221; column_padding_position=&#8221;all&#8221; background_color_opacity=&#8221;1&#8243; background_hover_color_opacity=&#8221;1&#8243; column_link_target=&#8221;_self&#8221; column_shadow=&#8221;none&#8221; column_border_radius=&#8221;none&#8221; width=&#8221;1\/1&#8243; tablet_width_inherit=&#8221;default&#8221; tablet_text_alignment=&#8221;default&#8221; phone_text_alignment=&#8221;default&#8221; column_border_width=&#8221;none&#8221; column_border_style=&#8221;solid&#8221; bg_image_animation=&#8221;none&#8221;][vc_column_text css=&#8221;.vc_custom_1523522842724{padding-bottom: 20px !important;}&#8221;]\n<h2><b>Le tue domande su come acquistare e sul reso<\/b><\/h2>\n[\/vc_column_text][toggles style=&#8221;minimal&#8221;][toggle color=&#8221;Default&#8221; title=&#8221;Vendete i vostri prodotti anche offline? Se s\u00ec dove posso trovarli?&#8221;][vc_column_text]Puoi trovare i nostri prodotti sullo shop online, oppure dai nostri rivenditori autorizzati:<\/p>\n<p>Per l\u2019Italia<\/p>\n<ul>\n<li>Naturas\u00ec: supporto@naturasi.it<\/li>\n<li>Peters TeaHouse: info@peters-teahouse.it<\/li>\n<li><\/li>\n<\/ul>\n<p>Per il Brasile<\/p>\n<ul>\n<li>Gr\u00e3o Gourmet: contato@graogourmet.com<\/li>\n<\/ul>\n[\/vc_column_text][\/toggle][toggle color=&#8221;Default&#8221; title=&#8221;Non ho paypal, posso pagare in altro modo?&#8221;][vc_column_text]S\u00ec certo, con Carta di credito Visa, Mastercard e American Express.[\/vc_column_text][\/toggle][toggle color=&#8221;Default&#8221; title=&#8221;Come faccio a restituire il prodotto che ho comprato?&#8221;][vc_column_text]Puoi leggere la nostra<a href=\"https:\/\/www.compatible-capsules.com\/right-of-withdrawal\/\"> policy per la restituzione<\/a> alla pagina Right of withdrawal, ci sono tutti i dettagli.[\/vc_column_text][\/toggle][toggle color=&#8221;Default&#8221; title=&#8221;Come faccio a calcolare le spese di spedizione?&#8221;][vc_column_text]Se acquisti un qualsiasi prodotto sul nostro ecommerce, le spese di spedizione sono calcolate in 10,00 \u20ac per l\u2019Europa, gli Stati uniti e il Canada, 7,00 \u20ac per l\u2019Italia, 12,00 \u20ac per il resto del mondo.<\/p>\n<p>Per gli ordini superiori ai 49,00 \u20ac per l\u2019Europa, gli Stati uniti e il Canada la consegna \u00e8 gratuita.[\/vc_column_text][\/toggle][toggle color=&#8221;Default&#8221; title=&#8221;In quanto tempo parte la spedizione e dopo quanti giorni arriva?&#8221;][vc_column_text]Prendiamo in carico il tuo ordine il giorno dopo che l\u2019hai fatto, lo spediamo entro 3 giorni. In genere \u00a0in Italia e nel resto del mondo arriva in 5\/7 giorni.[\/vc_column_text][\/toggle][\/toggles][vc_column_text css=&#8221;.vc_custom_1523524614593{margin-top: 80px !important;}&#8221;]\n<h2><b>Le tue domande se sei un distributore<\/b><\/h2>\n[\/vc_column_text][toggles style=&#8221;minimal&#8221;][toggle color=&#8221;Default&#8221; title=&#8221;Sono un distributore come vi contatto? Sono un negoziante come vi contatto?&#8221;][vc_column_text]Scrivici una email a \u00a0<a href=\"mailto:info@waycap.com\">info@waycap.com<\/a> oppure compila il form nella pagina Contatti, ti risponderemo nel tempo di un caff\u00e8 o due.[\/vc_column_text][\/toggle][\/toggles][\/vc_column][\/vc_row]\n","protected":false},"excerpt":{"rendered":"<p>[vc_row type=&#8221;full_width_background&#8221; full_screen_row_position=&#8221;middle&#8221; bg_color=&#8221;#f7f7f7&#8243; scene_position=&#8221;center&#8221; text_color=&#8221;dark&#8221; text_align=&#8221;left&#8221; top_padding=&#8221;100&#8243; bottom_padding=&#8221;100&#8243; overlay_strength=&#8221;0.3&#8243; shape_divider_position=&#8221;bottom&#8221; bg_image_animation=&#8221;none&#8221;][vc_column column_padding=&#8221;no-extra-padding&#8221; column_padding_position=&#8221;all&#8221; background_color_opacity=&#8221;1&#8243; background_hover_color_opacity=&#8221;1&#8243; column_link_target=&#8221;_self&#8221; column_shadow=&#8221;none&#8221; column_border_radius=&#8221;none&#8221; width=&#8221;1\/1&#8243; tablet_width_inherit=&#8221;default&#8221; tablet_text_alignment=&#8221;default&#8221; phone_text_alignment=&#8221;default&#8221; column_border_width=&#8221;none&#8221; column_border_style=&#8221;solid&#8221; bg_image_animation=&#8221;none&#8221;][vc_column_text css=&#8221;.vc_custom_1523521767435{padding-bottom: 20px !important;}&#8221;] Le&#8230;<\/p>\n","protected":false},"author":1,"featured_media":0,"parent":0,"menu_order":0,"comment_status":"closed","ping_status":"closed","template":"","meta":{"footnotes":""},"class_list":["post-10489","page","type-page","status-publish"],"yoast_head":"<!-- This site is optimized with the Yoast SEO plugin v26.0 - https:\/\/yoast.com\/wordpress\/plugins\/seo\/ -->\n<title>FAQ - WayCap<\/title>\n<meta name=\"robots\" content=\"index, follow, max-snippet:-1, max-image-preview:large, max-video-preview:-1\" \/>\n<link rel=\"canonical\" href=\"https:\/\/www.compatible-capsules.com\/it\/faq\/\" \/>\n<meta property=\"og:locale\" content=\"it_IT\" \/>\n<meta property=\"og:type\" content=\"article\" \/>\n<meta property=\"og:title\" content=\"FAQ - WayCap\" \/>\n<meta property=\"og:description\" content=\"[vc_row type=&#8221;full_width_background&#8221; full_screen_row_position=&#8221;middle&#8221; bg_color=&#8221;#f7f7f7&#8243; scene_position=&#8221;center&#8221; text_color=&#8221;dark&#8221; text_align=&#8221;left&#8221; top_padding=&#8221;100&#8243; bottom_padding=&#8221;100&#8243; overlay_strength=&#8221;0.3&#8243; shape_divider_position=&#8221;bottom&#8221; bg_image_animation=&#8221;none&#8221;][vc_column column_padding=&#8221;no-extra-padding&#8221; column_padding_position=&#8221;all&#8221; background_color_opacity=&#8221;1&#8243; background_hover_color_opacity=&#8221;1&#8243; column_link_target=&#8221;_self&#8221; column_shadow=&#8221;none&#8221; column_border_radius=&#8221;none&#8221; width=&#8221;1\/1&#8243; tablet_width_inherit=&#8221;default&#8221; tablet_text_alignment=&#8221;default&#8221; phone_text_alignment=&#8221;default&#8221; column_border_width=&#8221;none&#8221; column_border_style=&#8221;solid&#8221; bg_image_animation=&#8221;none&#8221;][vc_column_text css=&#8221;.vc_custom_1523521767435{padding-bottom: 20px !important;}&#8221;] Le...\" \/>\n<meta property=\"og:url\" content=\"https:\/\/www.compatible-capsules.com\/it\/faq\/\" \/>\n<meta property=\"og:site_name\" content=\"WayCap\" \/>\n<meta property=\"article:publisher\" content=\"https:\/\/www.facebook.com\/waycapcoffee\/\" \/>\n<meta property=\"article:modified_time\" content=\"2019-05-27T15:45:42+00:00\" \/>\n<meta name=\"twitter:card\" content=\"summary_large_image\" \/>\n<meta name=\"twitter:site\" content=\"@waycapcoffee\" \/>\n<meta name=\"twitter:label1\" content=\"Tempo di lettura stimato\" \/>\n\t<meta name=\"twitter:data1\" content=\"6 minuti\" \/>\n<script type=\"application\/ld+json\" class=\"yoast-schema-graph\">{\"@context\":\"https:\/\/schema.org\",\"@graph\":[{\"@type\":\"WebPage\",\"@id\":\"https:\/\/www.compatible-capsules.com\/it\/faq\/\",\"url\":\"https:\/\/www.compatible-capsules.com\/it\/faq\/\",\"name\":\"FAQ - WayCap\",\"isPartOf\":{\"@id\":\"https:\/\/www.compatible-capsules.com\/#website\"},\"datePublished\":\"2018-04-12T08:38:51+00:00\",\"dateModified\":\"2019-05-27T15:45:42+00:00\",\"breadcrumb\":{\"@id\":\"https:\/\/www.compatible-capsules.com\/it\/faq\/#breadcrumb\"},\"inLanguage\":\"it-IT\",\"potentialAction\":[{\"@type\":\"ReadAction\",\"target\":[\"https:\/\/www.compatible-capsules.com\/it\/faq\/\"]}]},{\"@type\":\"BreadcrumbList\",\"@id\":\"https:\/\/www.compatible-capsules.com\/it\/faq\/#breadcrumb\",\"itemListElement\":[{\"@type\":\"ListItem\",\"position\":1,\"name\":\"Home\",\"item\":\"https:\/\/www.compatible-capsules.com\/it\/\"},{\"@type\":\"ListItem\",\"position\":2,\"name\":\"FAQ\"}]},{\"@type\":\"WebSite\",\"@id\":\"https:\/\/www.compatible-capsules.com\/#website\",\"url\":\"https:\/\/www.compatible-capsules.com\/\",\"name\":\"WayCap\",\"description\":\"Compatible Capsules for Nespresso Systems\",\"publisher\":{\"@id\":\"https:\/\/www.compatible-capsules.com\/#organization\"},\"potentialAction\":[{\"@type\":\"SearchAction\",\"target\":{\"@type\":\"EntryPoint\",\"urlTemplate\":\"https:\/\/www.compatible-capsules.com\/?s={search_term_string}\"},\"query-input\":{\"@type\":\"PropertyValueSpecification\",\"valueRequired\":true,\"valueName\":\"search_term_string\"}}],\"inLanguage\":\"it-IT\"},{\"@type\":\"Organization\",\"@id\":\"https:\/\/www.compatible-capsules.com\/#organization\",\"name\":\"WAYCAP SRLS\",\"url\":\"https:\/\/www.compatible-capsules.com\/\",\"logo\":{\"@type\":\"ImageObject\",\"inLanguage\":\"it-IT\",\"@id\":\"https:\/\/www.compatible-capsules.com\/#\/schema\/logo\/image\/\",\"url\":\"https:\/\/www.compatible-capsules.com\/wp-content\/uploads\/2015\/11\/logo_menu_200px.png\",\"contentUrl\":\"https:\/\/www.compatible-capsules.com\/wp-content\/uploads\/2015\/11\/logo_menu_200px.png\",\"width\":200,\"height\":200,\"caption\":\"WAYCAP SRLS\"},\"image\":{\"@id\":\"https:\/\/www.compatible-capsules.com\/#\/schema\/logo\/image\/\"},\"sameAs\":[\"https:\/\/www.facebook.com\/waycapcoffee\/\",\"https:\/\/x.com\/waycapcoffee\",\"https:\/\/www.youtube.com\/channel\/UCi6AsQOPaPIVku3lqfWf4Dg\"]}]}<\/script>\n<!-- \/ Yoast SEO plugin. -->","yoast_head_json":{"title":"FAQ - WayCap","robots":{"index":"index","follow":"follow","max-snippet":"max-snippet:-1","max-image-preview":"max-image-preview:large","max-video-preview":"max-video-preview:-1"},"canonical":"https:\/\/www.compatible-capsules.com\/it\/faq\/","og_locale":"it_IT","og_type":"article","og_title":"FAQ - WayCap","og_description":"[vc_row type=&#8221;full_width_background&#8221; full_screen_row_position=&#8221;middle&#8221; bg_color=&#8221;#f7f7f7&#8243; scene_position=&#8221;center&#8221; text_color=&#8221;dark&#8221; text_align=&#8221;left&#8221; top_padding=&#8221;100&#8243; bottom_padding=&#8221;100&#8243; overlay_strength=&#8221;0.3&#8243; shape_divider_position=&#8221;bottom&#8221; bg_image_animation=&#8221;none&#8221;][vc_column column_padding=&#8221;no-extra-padding&#8221; column_padding_position=&#8221;all&#8221; background_color_opacity=&#8221;1&#8243; background_hover_color_opacity=&#8221;1&#8243; column_link_target=&#8221;_self&#8221; column_shadow=&#8221;none&#8221; column_border_radius=&#8221;none&#8221; width=&#8221;1\/1&#8243; tablet_width_inherit=&#8221;default&#8221; tablet_text_alignment=&#8221;default&#8221; phone_text_alignment=&#8221;default&#8221; column_border_width=&#8221;none&#8221; column_border_style=&#8221;solid&#8221; bg_image_animation=&#8221;none&#8221;][vc_column_text css=&#8221;.vc_custom_1523521767435{padding-bottom: 20px !important;}&#8221;] Le...","og_url":"https:\/\/www.compatible-capsules.com\/it\/faq\/","og_site_name":"WayCap","article_publisher":"https:\/\/www.facebook.com\/waycapcoffee\/","article_modified_time":"2019-05-27T15:45:42+00:00","twitter_card":"summary_large_image","twitter_site":"@waycapcoffee","twitter_misc":{"Tempo di lettura stimato":"6 minuti"},"schema":{"@context":"https:\/\/schema.org","@graph":[{"@type":"WebPage","@id":"https:\/\/www.compatible-capsules.com\/it\/faq\/","url":"https:\/\/www.compatible-capsules.com\/it\/faq\/","name":"FAQ - WayCap","isPartOf":{"@id":"https:\/\/www.compatible-capsules.com\/#website"},"datePublished":"2018-04-12T08:38:51+00:00","dateModified":"2019-05-27T15:45:42+00:00","breadcrumb":{"@id":"https:\/\/www.compatible-capsules.com\/it\/faq\/#breadcrumb"},"inLanguage":"it-IT","potentialAction":[{"@type":"ReadAction","target":["https:\/\/www.compatible-capsules.com\/it\/faq\/"]}]},{"@type":"BreadcrumbList","@id":"https:\/\/www.compatible-capsules.com\/it\/faq\/#breadcrumb","itemListElement":[{"@type":"ListItem","position":1,"name":"Home","item":"https:\/\/www.compatible-capsules.com\/it\/"},{"@type":"ListItem","position":2,"name":"FAQ"}]},{"@type":"WebSite","@id":"https:\/\/www.compatible-capsules.com\/#website","url":"https:\/\/www.compatible-capsules.com\/","name":"WayCap","description":"Compatible Capsules for Nespresso Systems","publisher":{"@id":"https:\/\/www.compatible-capsules.com\/#organization"},"potentialAction":[{"@type":"SearchAction","target":{"@type":"EntryPoint","urlTemplate":"https:\/\/www.compatible-capsules.com\/?s={search_term_string}"},"query-input":{"@type":"PropertyValueSpecification","valueRequired":true,"valueName":"search_term_string"}}],"inLanguage":"it-IT"},{"@type":"Organization","@id":"https:\/\/www.compatible-capsules.com\/#organization","name":"WAYCAP SRLS","url":"https:\/\/www.compatible-capsules.com\/","logo":{"@type":"ImageObject","inLanguage":"it-IT","@id":"https:\/\/www.compatible-capsules.com\/#\/schema\/logo\/image\/","url":"https:\/\/www.compatible-capsules.com\/wp-content\/uploads\/2015\/11\/logo_menu_200px.png","contentUrl":"https:\/\/www.compatible-capsules.com\/wp-content\/uploads\/2015\/11\/logo_menu_200px.png","width":200,"height":200,"caption":"WAYCAP SRLS"},"image":{"@id":"https:\/\/www.compatible-capsules.com\/#\/schema\/logo\/image\/"},"sameAs":["https:\/\/www.facebook.com\/waycapcoffee\/","https:\/\/x.com\/waycapcoffee","https:\/\/www.youtube.com\/channel\/UCi6AsQOPaPIVku3lqfWf4Dg"]}]}},"_links":{"self":[{"href":"https:\/\/www.compatible-capsules.com\/it\/wp-json\/wp\/v2\/pages\/10489","targetHints":{"allow":["GET"]}}],"collection":[{"href":"https:\/\/www.compatible-capsules.com\/it\/wp-json\/wp\/v2\/pages"}],"about":[{"href":"https:\/\/www.compatible-capsules.com\/it\/wp-json\/wp\/v2\/types\/page"}],"author":[{"embeddable":true,"href":"https:\/\/www.compatible-capsules.com\/it\/wp-json\/wp\/v2\/users\/1"}],"replies":[{"embeddable":true,"href":"https:\/\/www.compatible-capsules.com\/it\/wp-json\/wp\/v2\/comments?post=10489"}],"version-history":[{"count":5,"href":"https:\/\/www.compatible-capsules.com\/it\/wp-json\/wp\/v2\/pages\/10489\/revisions"}],"predecessor-version":[{"id":19455,"href":"https:\/\/www.compatible-capsules.com\/it\/wp-json\/wp\/v2\/pages\/10489\/revisions\/19455"}],"wp:attachment":[{"href":"https:\/\/www.compatible-capsules.com\/it\/wp-json\/wp\/v2\/media?parent=10489"}],"curies":[{"name":"wp","href":"https:\/\/api.w.org\/{rel}","templated":true}]}}