{"id":6810,"date":"2016-01-27T17:27:59","date_gmt":"2016-01-27T17:27:59","guid":{"rendered":"http:\/\/www.compatible-capsules.com\/it\/?page_id=6810"},"modified":"2018-05-03T14:22:23","modified_gmt":"2018-05-03T14:22:23","slug":"ecologica","status":"publish","type":"page","link":"https:\/\/www.compatible-capsules.com\/it\/ecologica\/","title":{"rendered":"Ecologica"},"content":{"rendered":"[vc_row type=&#8221;full_width_content&#8221; full_screen_row_position=&#8221;middle&#8221; vertically_center_columns=&#8221;true&#8221; scene_position=&#8221;center&#8221; text_color=&#8221;dark&#8221; text_align=&#8221;left&#8221; top_padding=&#8221;1%&#8221; bottom_padding=&#8221;1%&#8221; disable_element=&#8221;yes&#8221; overlay_strength=&#8221;0.3&#8243; shape_divider_position=&#8221;bottom&#8221; shape_type=&#8221;&#8221;][vc_column column_padding=&#8221;padding-4-percent&#8221; column_padding_position=&#8221;all&#8221; background_color_opacity=&#8221;1&#8243; background_hover_color_opacity=&#8221;1&#8243; column_shadow=&#8221;none&#8221; column_border_radius=&#8221;none&#8221; width=&#8221;1\/2&#8243; tablet_text_alignment=&#8221;default&#8221; phone_text_alignment=&#8221;default&#8221; column_border_width=&#8221;none&#8221; column_border_style=&#8221;solid&#8221;][vc_column_text]\n<h3><strong>I NOSTRI VALORI<\/strong><\/h3>\n<p>&nbsp;<\/p>\n<p style=\"text-align: justify;\">Il sistema di valori di WayCap prevede che gli interessi generali debbano prevalere rispetto a quelli dell\u2019impresa.<\/p>\n<p style=\"text-align: justify;\">Questo \u00e8 uno dei punti cardine della nostra filosofia, ci crediamo fermamente ed operiamo ogni giorno tenendone conto.<\/p>\n<p style=\"text-align: justify;\">Il nostro obiettivo \u00e8 quello di creare un prodotto sostenibile, rispettiamo l\u2019ambiente in tutte le fasi di produzione e vogliamo aiutare i nostri clienti ad adottare un approccio consapevole nella scelta delle soluzioni a loro disposizione.<\/p>\n<p style=\"text-align: justify;\">WayCap nasce dall\u2019intuizione che non si possa continuare a generare tonnellate di rifiuti difficilmente riciclabili, semplicemente per esaudire il desiderio di un buon caff\u00e8 espresso fatto in casa.<\/p>\n<p style=\"text-align: justify;\">Nel nostro piccolo vogliamo contribuire a migliorare la qualit\u00e0 della nostra vita e di quella delle generazioni a venire.<\/p>\n<p><!--\n\n\n<p style=\"text-align: center;\">[button color=\"extra-color-1\" hover_text_color_override=\"#fff\" image=\"default-arrow\" size=\"large\" url=\"https:\/\/www.compatible-capsules.com\/kickstarter\/\" text=\"PRENOTA SU\u00a0KICKSTARTER ORA!\" color_override=\"#2ADE73\"]\n\n\n-->[\/vc_column_text][\/vc_column][vc_column column_padding=&#8221;padding-5-percent&#8221; column_padding_position=&#8221;all&#8221; background_color_opacity=&#8221;0.1&#8243; background_hover_color_opacity=&#8221;0.1&#8243; background_image=&#8221;7339&#8243; font_color=&#8221;#ffffff&#8221; column_shadow=&#8221;none&#8221; column_border_radius=&#8221;none&#8221; width=&#8221;1\/2&#8243; tablet_text_alignment=&#8221;default&#8221; phone_text_alignment=&#8221;default&#8221; column_border_width=&#8221;none&#8221; column_border_style=&#8221;solid&#8221;][vc_column_text]\n<p style=\"text-align: center;\">[divider line_type=&#8221;Full Width Line&#8221; custom_height=&#8221;20&#8243;]\n<h3 style=\"text-align: center;\"><strong><span style=\"color: #ffffff;\">WAYCAP<\/span><\/strong><\/h3>\n<p style=\"text-align: center;\"><strong>Non Inquina<\/strong><\/p>\n<p style=\"text-align: center;\">[divider line_type=&#8221;Full Width Line&#8221; custom_height=&#8221;20&#8243;]\n<img loading=\"lazy\" decoding=\"async\" class=\"size-full wp-image-6258 aligncenter\" src=\"https:\/\/www.compatible-capsules.com\/wp-content\/uploads\/2015\/11\/freccia.png\" alt=\"freccia\" width=\"45\" height=\"24\" \/><\/p>\n[\/vc_column_text][\/vc_column][\/vc_row][vc_row type=&#8221;full_width_background&#8221; full_screen_row_position=&#8221;middle&#8221; bg_image=&#8221;7334&#8243; bg_position=&#8221;left center&#8221; bg_repeat=&#8221;no-repeat&#8221; scene_position=&#8221;center&#8221; text_color=&#8221;light&#8221; text_align=&#8221;left&#8221; top_padding=&#8221;1%&#8221; bottom_padding=&#8221;1%&#8221; disable_element=&#8221;yes&#8221; overlay_strength=&#8221;0.3&#8243; shape_divider_position=&#8221;bottom&#8221; shape_type=&#8221;&#8221;][vc_column column_padding=&#8221;padding-15-percent&#8221; column_padding_position=&#8221;top-bottom&#8221; background_color_opacity=&#8221;1&#8243; background_hover_color_opacity=&#8221;1&#8243; column_shadow=&#8221;none&#8221; column_border_radius=&#8221;none&#8221; width=&#8221;1\/1&#8243; tablet_text_alignment=&#8221;default&#8221; phone_text_alignment=&#8221;default&#8221; column_border_width=&#8221;none&#8221; column_border_style=&#8221;solid&#8221;][heading]\n<h2 style=\"text-align: center;\"><strong>Waycap \u00e8 la soluzione in assoluto pi\u00f9 ecologica tra tutte le capsule in commercio, che risolve in maniera radicale il problema dei rifiuti derivanti dallo smaltimento delle capsule usa e getta.<\/strong><\/h2>\n[\/heading][\/vc_column][\/vc_row][vc_row type=&#8221;in_container&#8221; full_screen_row_position=&#8221;middle&#8221; scene_position=&#8221;center&#8221; text_color=&#8221;dark&#8221; text_align=&#8221;left&#8221; top_padding=&#8221;3%&#8221; bottom_padding=&#8221;1%&#8221; disable_element=&#8221;yes&#8221; overlay_strength=&#8221;0.3&#8243; shape_divider_position=&#8221;bottom&#8221; shape_type=&#8221;&#8221;][vc_column column_padding=&#8221;no-extra-padding&#8221; column_padding_position=&#8221;all&#8221; background_color_opacity=&#8221;1&#8243; background_hover_color_opacity=&#8221;1&#8243; column_shadow=&#8221;none&#8221; column_border_radius=&#8221;none&#8221; width=&#8221;1\/1&#8243; tablet_text_alignment=&#8221;default&#8221; phone_text_alignment=&#8221;default&#8221; column_border_width=&#8221;none&#8221; column_border_style=&#8221;solid&#8221;][vc_column_text]\n<p style=\"text-align: justify;\">La <strong>capsula compatibile<\/strong> in acciaio inox \u00e8 progettata per durare, \u00e8 ricaricabile e dunque riutilizzabile un\u2019infinit\u00e0 di volte. Non genera rifiuti diversi dal semplice caff\u00e8 esausto ed il suo impatto ambientale \u00e8 minimo in ogni fase del processo produttivo.<\/p>\n<p style=\"text-align: justify;\">Ogni elemento della capsula, compresa la guarnizione, \u00e8 prodotto nelle immediate vicinanze del magazzino di stoccaggio e fa un solo viaggio per arrivare a casa tua. Gli imballi sono ridotti al minimo e sono tutti realizzati in materiale riciclabile.<\/p>\n<p style=\"text-align: justify;\">Il volume di ingombro inoltre \u00e8 minimo e questo ne riduce ulteriormente l\u2019impatto ambientale per quanto concerne lo stoccaggio ed il trasporto. Il caff\u00e8 esausto pu\u00f2 inoltre essere riutilizzato in svariate maniere, soprattutto in ambiente domestico. L\u2019esempio pi\u00f9 comune \u00e8 il compost, ma ha anche una notevole efficacia come sgrassatore, pu\u00f2 essere utilizzato per ridurre le righe nei mobili o come deodorante per ambiente, piuttosto che per un efficace massaggio rivitalizzante per la pelle.<\/p>\n<p><!--\n\n\n<p style=\"text-align: center;\">[button color=\"extra-color-1\" hover_text_color_override=\"#fff\" image=\"default-arrow\" size=\"large\" url=\"https:\/\/www.compatible-capsules.com\/kickstarter\/\" text=\"PRENOTA SU\u00a0KICKSTARTER ORA!\" color_override=\"#2ADE73\"]\n\n\n-->[\/vc_column_text][\/vc_column][\/vc_row][vc_row type=&#8221;full_width_content&#8221; full_screen_row_position=&#8221;middle&#8221; vertically_center_columns=&#8221;true&#8221; scene_position=&#8221;center&#8221; text_color=&#8221;dark&#8221; text_align=&#8221;left&#8221; top_padding=&#8221;1%&#8221; bottom_padding=&#8221;1%&#8221; overlay_strength=&#8221;0.3&#8243; shape_divider_position=&#8221;bottom&#8221; shape_type=&#8221;&#8221;][vc_column column_padding=&#8221;padding-4-percent&#8221; column_padding_position=&#8221;all&#8221; background_color_opacity=&#8221;1&#8243; background_hover_color_opacity=&#8221;1&#8243; column_shadow=&#8221;none&#8221; column_border_radius=&#8221;none&#8221; width=&#8221;1\/2&#8243; tablet_text_alignment=&#8221;default&#8221; phone_text_alignment=&#8221;default&#8221; column_border_width=&#8221;none&#8221; column_border_style=&#8221;solid&#8221;][vc_column_text]\n<h3><strong>WAYCAP E&#8217; LA SOLUZIONE GREEN CHE CERCAVI SENZA INQUINARE<br \/>\n<\/strong><\/h3>\n<p>&nbsp;<\/p>\n<p>WayCap \u00e8 un prodotto sostenibile che rispetta l\u2019ambiente in tutte le fasi di produzione.<\/p>\n<p>Abbiamo pensato ad una <strong>capsula ricaricabile<\/strong> per aiutarti a fare meglio ci\u00f2 che ami, cio\u00e8 prenderti cura del pianeta, cosa che piace fare anche a noi.<\/p>\n<p>Con un piccolo gesto eviti di generare un mucchio di rifiuti e fai bene a tutti, all\u2019ambiente e alle generazioni future. Basta un buon caff\u00e8 espresso per dare il tuo contributo e migliorare la qualit\u00e0 della vita di tutti, ci avevi mai pensato?<\/p>\n<p>WayCap la<strong> capsula compatibile in acciaio inox<\/strong> \u00e8 pensata per non generare rifiuti a parte il caff\u00e8.<\/p>\n<p>Caff\u00e8 che puoi riutilizzare come sgrassatore, per il compost, come deodorante per ambiente, per un massaggio rivitalizzante o picchiettato su un batuffolo d\u2019ovatta per coprire i graffi sulle superfici in legno.<\/p>\n<p>Le <strong>cialde<\/strong> WayCap sono progettate per essere usate un\u2019<strong>infinit\u00e0 di volte<\/strong>.<br \/>\nL\u2019<strong>impatto ambientale \u00e8 minimo<\/strong> in ogni fase del processo produttivo:<\/p>\n<ul>\n<li>Ogni elemento della capsula, comprese le guarnizioni, sono prodotte nelle immediate vicinanze del magazzino di stoccaggio e fanno un solo viaggio per arrivare a casa tua.<\/li>\n<li>Gli imballi sono ridotti al minimo e sono tutti realizzati in materiale riciclabile.<\/li>\n<li>Il volume di ingombro \u00e8 minimo per ridurre l\u2019impatto ambientale anche durante lo stoccaggio ed il trasporto.<\/li>\n<\/ul>\n<p>&nbsp;<\/p>\n<p><!--\n\n\n<p style=\"text-align: center;\">[button color=\"extra-color-1\" hover_text_color_override=\"#fff\" image=\"default-arrow\" size=\"large\" url=\"https:\/\/www.compatible-capsules.com\/kickstarter\/\" text=\"PRENOTA SU\u00a0KICKSTARTER ORA!\" color_override=\"#2ADE73\"]\n\n\n-->[\/vc_column_text][\/vc_column][vc_column column_padding=&#8221;padding-5-percent&#8221; column_padding_position=&#8221;all&#8221; background_color_opacity=&#8221;0.1&#8243; background_hover_color_opacity=&#8221;0.1&#8243; background_image=&#8221;7339&#8243; font_color=&#8221;#ffffff&#8221; column_shadow=&#8221;none&#8221; column_border_radius=&#8221;none&#8221; width=&#8221;1\/2&#8243; tablet_text_alignment=&#8221;default&#8221; phone_text_alignment=&#8221;default&#8221; column_border_width=&#8221;none&#8221; column_border_style=&#8221;solid&#8221;][vc_column_text][divider line_type=&#8221;No Line&#8221; custom_height=&#8221;200&#8243;][\/vc_column_text][\/vc_column][\/vc_row][vc_row type=&#8221;in_container&#8221; full_screen_row_position=&#8221;middle&#8221; scene_position=&#8221;center&#8221; text_color=&#8221;dark&#8221; text_align=&#8221;left&#8221; top_padding=&#8221;40&#8243; disable_element=&#8221;yes&#8221; overlay_strength=&#8221;0.3&#8243; shape_divider_position=&#8221;bottom&#8221; shape_type=&#8221;&#8221;][vc_column column_padding=&#8221;no-extra-padding&#8221; column_padding_position=&#8221;all&#8221; background_color_opacity=&#8221;1&#8243; background_hover_color_opacity=&#8221;1&#8243; column_shadow=&#8221;none&#8221; column_border_radius=&#8221;none&#8221; width=&#8221;1\/1&#8243; tablet_text_alignment=&#8221;default&#8221; phone_text_alignment=&#8221;default&#8221; column_border_width=&#8221;none&#8221; column_border_style=&#8221;solid&#8221;][vc_column_text]WayCap la<strong> capsula compatibile in acciaio inox<\/strong> \u00e8 pensata per non generare rifiuti a parte il caff\u00e8.<br \/>\nCaff\u00e8 che puoi riutilizzare come sgrassatore, per il compost, come deodorante per ambiente, per un massaggio rivitalizzante o picchiettato su un batuffolo d\u2019ovatta per coprire i graffi sulle superfici in legno.<\/p>\n<p>Le <strong>cialde<\/strong> WayCap sono progettate per essere usate un\u2019<strong>infinit\u00e0 di volte<\/strong>.<br \/>\nL\u2019<strong>impatto ambientale \u00e8 minimo<\/strong> in ogni fase del processo produttivo:<\/p>\n<ul>\n<li>Ogni elemento della capsula, comprese le guarnizioni, sono prodotte nelle immediate vicinanze del magazzino di stoccaggio e fanno un solo viaggio per arrivare a casa tua.<\/li>\n<li>Gli imballi sono ridotti al minimo e sono tutti realizzati in materiale riciclabile.<\/li>\n<li>Il volume di ingombro \u00e8 minimo per ridurre l\u2019impatto ambientale anche durante lo stoccaggio ed il trasporto.<\/li>\n<\/ul>\n[\/vc_column_text][\/vc_column][\/vc_row]\n","protected":false},"excerpt":{"rendered":"<p>[vc_row type=&#8221;full_width_content&#8221; full_screen_row_position=&#8221;middle&#8221; vertically_center_columns=&#8221;true&#8221; scene_position=&#8221;center&#8221; text_color=&#8221;dark&#8221; text_align=&#8221;left&#8221; top_padding=&#8221;1%&#8221; bottom_padding=&#8221;1%&#8221; disable_element=&#8221;yes&#8221; overlay_strength=&#8221;0.3&#8243; shape_divider_position=&#8221;bottom&#8221; shape_type=&#8221;&#8221;][vc_column column_padding=&#8221;padding-4-percent&#8221; column_padding_position=&#8221;all&#8221; background_color_opacity=&#8221;1&#8243; background_hover_color_opacity=&#8221;1&#8243; column_shadow=&#8221;none&#8221; column_border_radius=&#8221;none&#8221; width=&#8221;1\/2&#8243; tablet_text_alignment=&#8221;default&#8221; phone_text_alignment=&#8221;default&#8221; column_border_width=&#8221;none&#8221; column_border_style=&#8221;solid&#8221;][vc_column_text] I NOSTRI VALORI &nbsp; Il sistema&#8230;<\/p>\n","protected":false},"author":1,"featured_media":0,"parent":0,"menu_order":0,"comment_status":"closed","ping_status":"closed","template":"","meta":{"footnotes":""},"class_list":["post-6810","page","type-page","status-publish"],"yoast_head":"<!-- This site is optimized with the Yoast SEO plugin v26.0 - https:\/\/yoast.com\/wordpress\/plugins\/seo\/ -->\n<title>Capsula Nespresso Compatibile Ecologica - WayCap<\/title>\n<meta name=\"description\" content=\"Le capsule compatibili WayCap sono ecologiche, in quanto realizzate in accioaio inox, ricaricabili e riutilizzabili all&#039;infinito. Prenditi cura del pianeta.\" \/>\n<meta name=\"robots\" content=\"index, follow, max-snippet:-1, max-image-preview:large, max-video-preview:-1\" \/>\n<link rel=\"canonical\" href=\"https:\/\/www.compatible-capsules.com\/it\/ecologica\/\" \/>\n<meta property=\"og:locale\" content=\"it_IT\" \/>\n<meta property=\"og:type\" content=\"article\" \/>\n<meta property=\"og:title\" content=\"Capsula Nespresso Compatibile Ecologica - WayCap\" \/>\n<meta property=\"og:description\" content=\"Le capsule compatibili WayCap sono ecologiche, in quanto realizzate in accioaio inox, ricaricabili e riutilizzabili all&#039;infinito. Prenditi cura del pianeta.\" \/>\n<meta property=\"og:url\" content=\"https:\/\/www.compatible-capsules.com\/it\/ecologica\/\" \/>\n<meta property=\"og:site_name\" content=\"WayCap\" \/>\n<meta property=\"article:publisher\" content=\"https:\/\/www.facebook.com\/waycapcoffee\/\" \/>\n<meta property=\"article:modified_time\" content=\"2018-05-03T14:22:23+00:00\" \/>\n<meta property=\"og:image\" content=\"https:\/\/www.compatible-capsules.com\/wp-content\/uploads\/2015\/11\/freccia.png\" \/>\n<meta name=\"twitter:card\" content=\"summary_large_image\" \/>\n<meta name=\"twitter:site\" content=\"@waycapcoffee\" \/>\n<meta name=\"twitter:label1\" content=\"Tempo di lettura stimato\" \/>\n\t<meta name=\"twitter:data1\" content=\"6 minuti\" \/>\n<script type=\"application\/ld+json\" class=\"yoast-schema-graph\">{\"@context\":\"https:\/\/schema.org\",\"@graph\":[{\"@type\":\"WebPage\",\"@id\":\"https:\/\/www.compatible-capsules.com\/it\/ecologica\/\",\"url\":\"https:\/\/www.compatible-capsules.com\/it\/ecologica\/\",\"name\":\"Capsula Nespresso Compatibile Ecologica - WayCap\",\"isPartOf\":{\"@id\":\"https:\/\/www.compatible-capsules.com\/#website\"},\"primaryImageOfPage\":{\"@id\":\"https:\/\/www.compatible-capsules.com\/it\/ecologica\/#primaryimage\"},\"image\":{\"@id\":\"https:\/\/www.compatible-capsules.com\/it\/ecologica\/#primaryimage\"},\"thumbnailUrl\":\"https:\/\/www.compatible-capsules.com\/wp-content\/uploads\/2015\/11\/freccia.png\",\"datePublished\":\"2016-01-27T17:27:59+00:00\",\"dateModified\":\"2018-05-03T14:22:23+00:00\",\"description\":\"Le capsule compatibili WayCap sono ecologiche, in quanto realizzate in accioaio inox, ricaricabili e riutilizzabili all'infinito. Prenditi cura del pianeta.\",\"breadcrumb\":{\"@id\":\"https:\/\/www.compatible-capsules.com\/it\/ecologica\/#breadcrumb\"},\"inLanguage\":\"it-IT\",\"potentialAction\":[{\"@type\":\"ReadAction\",\"target\":[\"https:\/\/www.compatible-capsules.com\/it\/ecologica\/\"]}]},{\"@type\":\"ImageObject\",\"inLanguage\":\"it-IT\",\"@id\":\"https:\/\/www.compatible-capsules.com\/it\/ecologica\/#primaryimage\",\"url\":\"https:\/\/www.compatible-capsules.com\/wp-content\/uploads\/2015\/11\/freccia.png\",\"contentUrl\":\"https:\/\/www.compatible-capsules.com\/wp-content\/uploads\/2015\/11\/freccia.png\"},{\"@type\":\"BreadcrumbList\",\"@id\":\"https:\/\/www.compatible-capsules.com\/it\/ecologica\/#breadcrumb\",\"itemListElement\":[{\"@type\":\"ListItem\",\"position\":1,\"name\":\"Home\",\"item\":\"https:\/\/www.compatible-capsules.com\/it\/\"},{\"@type\":\"ListItem\",\"position\":2,\"name\":\"Ecologica\"}]},{\"@type\":\"WebSite\",\"@id\":\"https:\/\/www.compatible-capsules.com\/#website\",\"url\":\"https:\/\/www.compatible-capsules.com\/\",\"name\":\"WayCap\",\"description\":\"Compatible Capsules for Nespresso Systems\",\"publisher\":{\"@id\":\"https:\/\/www.compatible-capsules.com\/#organization\"},\"potentialAction\":[{\"@type\":\"SearchAction\",\"target\":{\"@type\":\"EntryPoint\",\"urlTemplate\":\"https:\/\/www.compatible-capsules.com\/?s={search_term_string}\"},\"query-input\":{\"@type\":\"PropertyValueSpecification\",\"valueRequired\":true,\"valueName\":\"search_term_string\"}}],\"inLanguage\":\"it-IT\"},{\"@type\":\"Organization\",\"@id\":\"https:\/\/www.compatible-capsules.com\/#organization\",\"name\":\"WAYCAP SRLS\",\"url\":\"https:\/\/www.compatible-capsules.com\/\",\"logo\":{\"@type\":\"ImageObject\",\"inLanguage\":\"it-IT\",\"@id\":\"https:\/\/www.compatible-capsules.com\/#\/schema\/logo\/image\/\",\"url\":\"https:\/\/www.compatible-capsules.com\/wp-content\/uploads\/2015\/11\/logo_menu_200px.png\",\"contentUrl\":\"https:\/\/www.compatible-capsules.com\/wp-content\/uploads\/2015\/11\/logo_menu_200px.png\",\"width\":200,\"height\":200,\"caption\":\"WAYCAP SRLS\"},\"image\":{\"@id\":\"https:\/\/www.compatible-capsules.com\/#\/schema\/logo\/image\/\"},\"sameAs\":[\"https:\/\/www.facebook.com\/waycapcoffee\/\",\"https:\/\/x.com\/waycapcoffee\",\"https:\/\/www.youtube.com\/channel\/UCi6AsQOPaPIVku3lqfWf4Dg\"]}]}<\/script>\n<!-- \/ Yoast SEO plugin. -->","yoast_head_json":{"title":"Capsula Nespresso Compatibile Ecologica - WayCap","description":"Le capsule compatibili WayCap sono ecologiche, in quanto realizzate in accioaio inox, ricaricabili e riutilizzabili all'infinito. Prenditi cura del pianeta.","robots":{"index":"index","follow":"follow","max-snippet":"max-snippet:-1","max-image-preview":"max-image-preview:large","max-video-preview":"max-video-preview:-1"},"canonical":"https:\/\/www.compatible-capsules.com\/it\/ecologica\/","og_locale":"it_IT","og_type":"article","og_title":"Capsula Nespresso Compatibile Ecologica - WayCap","og_description":"Le capsule compatibili WayCap sono ecologiche, in quanto realizzate in accioaio inox, ricaricabili e riutilizzabili all'infinito. Prenditi cura del pianeta.","og_url":"https:\/\/www.compatible-capsules.com\/it\/ecologica\/","og_site_name":"WayCap","article_publisher":"https:\/\/www.facebook.com\/waycapcoffee\/","article_modified_time":"2018-05-03T14:22:23+00:00","og_image":[{"url":"https:\/\/www.compatible-capsules.com\/wp-content\/uploads\/2015\/11\/freccia.png","type":"","width":"","height":""}],"twitter_card":"summary_large_image","twitter_site":"@waycapcoffee","twitter_misc":{"Tempo di lettura stimato":"6 minuti"},"schema":{"@context":"https:\/\/schema.org","@graph":[{"@type":"WebPage","@id":"https:\/\/www.compatible-capsules.com\/it\/ecologica\/","url":"https:\/\/www.compatible-capsules.com\/it\/ecologica\/","name":"Capsula Nespresso Compatibile Ecologica - WayCap","isPartOf":{"@id":"https:\/\/www.compatible-capsules.com\/#website"},"primaryImageOfPage":{"@id":"https:\/\/www.compatible-capsules.com\/it\/ecologica\/#primaryimage"},"image":{"@id":"https:\/\/www.compatible-capsules.com\/it\/ecologica\/#primaryimage"},"thumbnailUrl":"https:\/\/www.compatible-capsules.com\/wp-content\/uploads\/2015\/11\/freccia.png","datePublished":"2016-01-27T17:27:59+00:00","dateModified":"2018-05-03T14:22:23+00:00","description":"Le capsule compatibili WayCap sono ecologiche, in quanto realizzate in accioaio inox, ricaricabili e riutilizzabili all'infinito. Prenditi cura del pianeta.","breadcrumb":{"@id":"https:\/\/www.compatible-capsules.com\/it\/ecologica\/#breadcrumb"},"inLanguage":"it-IT","potentialAction":[{"@type":"ReadAction","target":["https:\/\/www.compatible-capsules.com\/it\/ecologica\/"]}]},{"@type":"ImageObject","inLanguage":"it-IT","@id":"https:\/\/www.compatible-capsules.com\/it\/ecologica\/#primaryimage","url":"https:\/\/www.compatible-capsules.com\/wp-content\/uploads\/2015\/11\/freccia.png","contentUrl":"https:\/\/www.compatible-capsules.com\/wp-content\/uploads\/2015\/11\/freccia.png"},{"@type":"BreadcrumbList","@id":"https:\/\/www.compatible-capsules.com\/it\/ecologica\/#breadcrumb","itemListElement":[{"@type":"ListItem","position":1,"name":"Home","item":"https:\/\/www.compatible-capsules.com\/it\/"},{"@type":"ListItem","position":2,"name":"Ecologica"}]},{"@type":"WebSite","@id":"https:\/\/www.compatible-capsules.com\/#website","url":"https:\/\/www.compatible-capsules.com\/","name":"WayCap","description":"Compatible Capsules for Nespresso Systems","publisher":{"@id":"https:\/\/www.compatible-capsules.com\/#organization"},"potentialAction":[{"@type":"SearchAction","target":{"@type":"EntryPoint","urlTemplate":"https:\/\/www.compatible-capsules.com\/?s={search_term_string}"},"query-input":{"@type":"PropertyValueSpecification","valueRequired":true,"valueName":"search_term_string"}}],"inLanguage":"it-IT"},{"@type":"Organization","@id":"https:\/\/www.compatible-capsules.com\/#organization","name":"WAYCAP SRLS","url":"https:\/\/www.compatible-capsules.com\/","logo":{"@type":"ImageObject","inLanguage":"it-IT","@id":"https:\/\/www.compatible-capsules.com\/#\/schema\/logo\/image\/","url":"https:\/\/www.compatible-capsules.com\/wp-content\/uploads\/2015\/11\/logo_menu_200px.png","contentUrl":"https:\/\/www.compatible-capsules.com\/wp-content\/uploads\/2015\/11\/logo_menu_200px.png","width":200,"height":200,"caption":"WAYCAP SRLS"},"image":{"@id":"https:\/\/www.compatible-capsules.com\/#\/schema\/logo\/image\/"},"sameAs":["https:\/\/www.facebook.com\/waycapcoffee\/","https:\/\/x.com\/waycapcoffee","https:\/\/www.youtube.com\/channel\/UCi6AsQOPaPIVku3lqfWf4Dg"]}]}},"_links":{"self":[{"href":"https:\/\/www.compatible-capsules.com\/it\/wp-json\/wp\/v2\/pages\/6810","targetHints":{"allow":["GET"]}}],"collection":[{"href":"https:\/\/www.compatible-capsules.com\/it\/wp-json\/wp\/v2\/pages"}],"about":[{"href":"https:\/\/www.compatible-capsules.com\/it\/wp-json\/wp\/v2\/types\/page"}],"author":[{"embeddable":true,"href":"https:\/\/www.compatible-capsules.com\/it\/wp-json\/wp\/v2\/users\/1"}],"replies":[{"embeddable":true,"href":"https:\/\/www.compatible-capsules.com\/it\/wp-json\/wp\/v2\/comments?post=6810"}],"version-history":[{"count":6,"href":"https:\/\/www.compatible-capsules.com\/it\/wp-json\/wp\/v2\/pages\/6810\/revisions"}],"predecessor-version":[{"id":11029,"href":"https:\/\/www.compatible-capsules.com\/it\/wp-json\/wp\/v2\/pages\/6810\/revisions\/11029"}],"wp:attachment":[{"href":"https:\/\/www.compatible-capsules.com\/it\/wp-json\/wp\/v2\/media?parent=6810"}],"curies":[{"name":"wp","href":"https:\/\/api.w.org\/{rel}","templated":true}]}}