{"id":6814,"date":"2016-01-27T17:29:51","date_gmt":"2016-01-27T17:29:51","guid":{"rendered":"http:\/\/www.compatible-capsules.com\/it\/?page_id=6814"},"modified":"2018-05-03T14:27:56","modified_gmt":"2018-05-03T14:27:56","slug":"capsula-compatibile-italiana","status":"publish","type":"page","link":"https:\/\/www.compatible-capsules.com\/it\/capsula-compatibile-italiana\/","title":{"rendered":"Italiana"},"content":{"rendered":"[vc_row type=&#8221;full_width_content&#8221; full_screen_row_position=&#8221;middle&#8221; vertically_center_columns=&#8221;true&#8221; scene_position=&#8221;center&#8221; text_color=&#8221;dark&#8221; text_align=&#8221;left&#8221; top_padding=&#8221;1%&#8221; bottom_padding=&#8221;1%&#8221; overlay_strength=&#8221;0.3&#8243; shape_divider_position=&#8221;bottom&#8221;][vc_column column_padding=&#8221;padding-4-percent&#8221; column_padding_position=&#8221;all&#8221; background_color_opacity=&#8221;1&#8243; background_hover_color_opacity=&#8221;1&#8243; column_shadow=&#8221;none&#8221; column_border_radius=&#8221;none&#8221; width=&#8221;1\/2&#8243; tablet_text_alignment=&#8221;default&#8221; phone_text_alignment=&#8221;default&#8221; column_border_width=&#8221;none&#8221; column_border_style=&#8221;solid&#8221;][vc_column_text]\n<h3>DESIGN E PRODUZIONE ITALIANA<strong><br \/>\n<\/strong><\/h3>\n<p>&nbsp;<\/p>\n<p>WayCap, la <strong>capsula compatibile Nespresso,<\/strong> \u00e8 un mezzo per scoprire la qualit\u00e0 del caff\u00e8 e del momento che gli dedichi.<\/p>\n<p>Non \u00e8 pranzo senza caff\u00e8, non \u00e8 chiacchiera, non \u00e8 pausa, non \u00e8 Italia.<br \/>\nWayCap \u00e8 un prodotto italiano, pensato in Italia per volare lontano. Perch\u00e9 il caff\u00e8 \u00e8 quel profumo che ti accompagna anche quando non lo bevi.<\/p>\n<p>A Torino \u00e8 nata l\u2019idea del caff\u00e8 espresso nel 1884, col torinese Angelo Moriondo. E noi volevamo un ottimo espresso, sostenibile, che assecondasse i gusti di tutti i nostri clienti, dei sapori che cercano e del tempo che si regalano.<\/p>\n<p>A Torino abbiamo affidato anche la nostra idea, alle imprese artigiane del nostro territorio nella prima cintura. Ci piaceva che il nostro prodotto facesse pochi chilometri anche quando lo si produce.<\/p>\n<p>Di Torino ci piaceva la tradizione che ha fatto incontrare la grande industria e i piccoli artigiani per portare la produzione meccanica a livelli di eccellenza internazionale.<br \/>\nWayCap \u00e8 nata e prodotta in Italia, pensata da\u00a0 Matteo, Davide e Matteo per unire design e artigiani locali.<\/p>\n<p>&nbsp;<\/p>\n<p><!--\n\n\n<p style=\"text-align: center;\">[button color=\"extra-color-1\" hover_text_color_override=\"#fff\" image=\"default-arrow\" size=\"large\" url=\"https:\/\/www.compatible-capsules.com\/kickstarter\/\" text=\"PRENOTA SU\u00a0KICKSTARTER ORA!\" color_override=\"#2ADE73\"]\n\n\n-->[\/vc_column_text][\/vc_column][vc_column centered_text=&#8221;true&#8221; column_padding=&#8221;padding-5-percent&#8221; column_padding_position=&#8221;all&#8221; background_color_opacity=&#8221;0.1&#8243; background_hover_color_opacity=&#8221;0.1&#8243; background_image=&#8221;7454&#8243; font_color=&#8221;#ffffff&#8221; column_shadow=&#8221;none&#8221; column_border_radius=&#8221;none&#8221; width=&#8221;1\/2&#8243; tablet_text_alignment=&#8221;default&#8221; phone_text_alignment=&#8221;default&#8221; column_border_width=&#8221;none&#8221; column_border_style=&#8221;solid&#8221;][vc_column_text][divider line_type=&#8221;No Line&#8221; custom_height=&#8221;200&#8243;][\/vc_column_text][\/vc_column][\/vc_row]\n","protected":false},"excerpt":{"rendered":"<p>[vc_row type=&#8221;full_width_content&#8221; full_screen_row_position=&#8221;middle&#8221; vertically_center_columns=&#8221;true&#8221; scene_position=&#8221;center&#8221; text_color=&#8221;dark&#8221; text_align=&#8221;left&#8221; top_padding=&#8221;1%&#8221; bottom_padding=&#8221;1%&#8221; overlay_strength=&#8221;0.3&#8243; shape_divider_position=&#8221;bottom&#8221;][vc_column column_padding=&#8221;padding-4-percent&#8221; column_padding_position=&#8221;all&#8221; background_color_opacity=&#8221;1&#8243; background_hover_color_opacity=&#8221;1&#8243; column_shadow=&#8221;none&#8221; column_border_radius=&#8221;none&#8221; width=&#8221;1\/2&#8243; tablet_text_alignment=&#8221;default&#8221; phone_text_alignment=&#8221;default&#8221; column_border_width=&#8221;none&#8221; column_border_style=&#8221;solid&#8221;][vc_column_text] DESIGN E PRODUZIONE ITALIANA &nbsp; WayCap, la capsula&#8230;<\/p>\n","protected":false},"author":1,"featured_media":0,"parent":0,"menu_order":0,"comment_status":"closed","ping_status":"closed","template":"","meta":{"footnotes":""},"class_list":["post-6814","page","type-page","status-publish"],"yoast_head":"<!-- This site is optimized with the Yoast SEO plugin v26.0 - https:\/\/yoast.com\/wordpress\/plugins\/seo\/ -->\n<title>Capsula Nespresso Compatibile Italiana - WayCap<\/title>\n<meta name=\"description\" content=\"Le capsule compatibili WayCap sono interamente prodotte in Italia, patria del caff\u00e8 espresso. Fino al 90% di risparmio rispettando l&#039;ambiente.\" \/>\n<meta name=\"robots\" content=\"index, follow, max-snippet:-1, max-image-preview:large, max-video-preview:-1\" \/>\n<link rel=\"canonical\" href=\"https:\/\/www.compatible-capsules.com\/it\/capsula-compatibile-italiana\/\" \/>\n<meta property=\"og:locale\" content=\"it_IT\" \/>\n<meta property=\"og:type\" content=\"article\" \/>\n<meta property=\"og:title\" content=\"Capsula Nespresso Compatibile Italiana - WayCap\" \/>\n<meta property=\"og:description\" content=\"Le capsule compatibili WayCap sono interamente prodotte in Italia, patria del caff\u00e8 espresso. Fino al 90% di risparmio rispettando l&#039;ambiente.\" \/>\n<meta property=\"og:url\" content=\"https:\/\/www.compatible-capsules.com\/it\/capsula-compatibile-italiana\/\" \/>\n<meta property=\"og:site_name\" content=\"WayCap\" \/>\n<meta property=\"article:publisher\" content=\"https:\/\/www.facebook.com\/waycapcoffee\/\" \/>\n<meta property=\"article:modified_time\" content=\"2018-05-03T14:27:56+00:00\" \/>\n<meta name=\"twitter:card\" content=\"summary_large_image\" \/>\n<meta name=\"twitter:site\" content=\"@waycapcoffee\" \/>\n<meta name=\"twitter:label1\" content=\"Tempo di lettura stimato\" \/>\n\t<meta name=\"twitter:data1\" content=\"2 minuti\" \/>\n<script type=\"application\/ld+json\" class=\"yoast-schema-graph\">{\"@context\":\"https:\/\/schema.org\",\"@graph\":[{\"@type\":\"WebPage\",\"@id\":\"https:\/\/www.compatible-capsules.com\/it\/capsula-compatibile-italiana\/\",\"url\":\"https:\/\/www.compatible-capsules.com\/it\/capsula-compatibile-italiana\/\",\"name\":\"Capsula Nespresso Compatibile Italiana - WayCap\",\"isPartOf\":{\"@id\":\"https:\/\/www.compatible-capsules.com\/#website\"},\"datePublished\":\"2016-01-27T17:29:51+00:00\",\"dateModified\":\"2018-05-03T14:27:56+00:00\",\"description\":\"Le capsule compatibili WayCap sono interamente prodotte in Italia, patria del caff\u00e8 espresso. Fino al 90% di risparmio rispettando l'ambiente.\",\"breadcrumb\":{\"@id\":\"https:\/\/www.compatible-capsules.com\/it\/capsula-compatibile-italiana\/#breadcrumb\"},\"inLanguage\":\"it-IT\",\"potentialAction\":[{\"@type\":\"ReadAction\",\"target\":[\"https:\/\/www.compatible-capsules.com\/it\/capsula-compatibile-italiana\/\"]}]},{\"@type\":\"BreadcrumbList\",\"@id\":\"https:\/\/www.compatible-capsules.com\/it\/capsula-compatibile-italiana\/#breadcrumb\",\"itemListElement\":[{\"@type\":\"ListItem\",\"position\":1,\"name\":\"Home\",\"item\":\"https:\/\/www.compatible-capsules.com\/it\/\"},{\"@type\":\"ListItem\",\"position\":2,\"name\":\"Italiana\"}]},{\"@type\":\"WebSite\",\"@id\":\"https:\/\/www.compatible-capsules.com\/#website\",\"url\":\"https:\/\/www.compatible-capsules.com\/\",\"name\":\"WayCap\",\"description\":\"Compatible Capsules for Nespresso Systems\",\"publisher\":{\"@id\":\"https:\/\/www.compatible-capsules.com\/#organization\"},\"potentialAction\":[{\"@type\":\"SearchAction\",\"target\":{\"@type\":\"EntryPoint\",\"urlTemplate\":\"https:\/\/www.compatible-capsules.com\/?s={search_term_string}\"},\"query-input\":{\"@type\":\"PropertyValueSpecification\",\"valueRequired\":true,\"valueName\":\"search_term_string\"}}],\"inLanguage\":\"it-IT\"},{\"@type\":\"Organization\",\"@id\":\"https:\/\/www.compatible-capsules.com\/#organization\",\"name\":\"WAYCAP SRLS\",\"url\":\"https:\/\/www.compatible-capsules.com\/\",\"logo\":{\"@type\":\"ImageObject\",\"inLanguage\":\"it-IT\",\"@id\":\"https:\/\/www.compatible-capsules.com\/#\/schema\/logo\/image\/\",\"url\":\"https:\/\/www.compatible-capsules.com\/wp-content\/uploads\/2015\/11\/logo_menu_200px.png\",\"contentUrl\":\"https:\/\/www.compatible-capsules.com\/wp-content\/uploads\/2015\/11\/logo_menu_200px.png\",\"width\":200,\"height\":200,\"caption\":\"WAYCAP SRLS\"},\"image\":{\"@id\":\"https:\/\/www.compatible-capsules.com\/#\/schema\/logo\/image\/\"},\"sameAs\":[\"https:\/\/www.facebook.com\/waycapcoffee\/\",\"https:\/\/x.com\/waycapcoffee\",\"https:\/\/www.youtube.com\/channel\/UCi6AsQOPaPIVku3lqfWf4Dg\"]}]}<\/script>\n<!-- \/ Yoast SEO plugin. -->","yoast_head_json":{"title":"Capsula Nespresso Compatibile Italiana - WayCap","description":"Le capsule compatibili WayCap sono interamente prodotte in Italia, patria del caff\u00e8 espresso. Fino al 90% di risparmio rispettando l'ambiente.","robots":{"index":"index","follow":"follow","max-snippet":"max-snippet:-1","max-image-preview":"max-image-preview:large","max-video-preview":"max-video-preview:-1"},"canonical":"https:\/\/www.compatible-capsules.com\/it\/capsula-compatibile-italiana\/","og_locale":"it_IT","og_type":"article","og_title":"Capsula Nespresso Compatibile Italiana - WayCap","og_description":"Le capsule compatibili WayCap sono interamente prodotte in Italia, patria del caff\u00e8 espresso. Fino al 90% di risparmio rispettando l'ambiente.","og_url":"https:\/\/www.compatible-capsules.com\/it\/capsula-compatibile-italiana\/","og_site_name":"WayCap","article_publisher":"https:\/\/www.facebook.com\/waycapcoffee\/","article_modified_time":"2018-05-03T14:27:56+00:00","twitter_card":"summary_large_image","twitter_site":"@waycapcoffee","twitter_misc":{"Tempo di lettura stimato":"2 minuti"},"schema":{"@context":"https:\/\/schema.org","@graph":[{"@type":"WebPage","@id":"https:\/\/www.compatible-capsules.com\/it\/capsula-compatibile-italiana\/","url":"https:\/\/www.compatible-capsules.com\/it\/capsula-compatibile-italiana\/","name":"Capsula Nespresso Compatibile Italiana - WayCap","isPartOf":{"@id":"https:\/\/www.compatible-capsules.com\/#website"},"datePublished":"2016-01-27T17:29:51+00:00","dateModified":"2018-05-03T14:27:56+00:00","description":"Le capsule compatibili WayCap sono interamente prodotte in Italia, patria del caff\u00e8 espresso. Fino al 90% di risparmio rispettando l'ambiente.","breadcrumb":{"@id":"https:\/\/www.compatible-capsules.com\/it\/capsula-compatibile-italiana\/#breadcrumb"},"inLanguage":"it-IT","potentialAction":[{"@type":"ReadAction","target":["https:\/\/www.compatible-capsules.com\/it\/capsula-compatibile-italiana\/"]}]},{"@type":"BreadcrumbList","@id":"https:\/\/www.compatible-capsules.com\/it\/capsula-compatibile-italiana\/#breadcrumb","itemListElement":[{"@type":"ListItem","position":1,"name":"Home","item":"https:\/\/www.compatible-capsules.com\/it\/"},{"@type":"ListItem","position":2,"name":"Italiana"}]},{"@type":"WebSite","@id":"https:\/\/www.compatible-capsules.com\/#website","url":"https:\/\/www.compatible-capsules.com\/","name":"WayCap","description":"Compatible Capsules for Nespresso Systems","publisher":{"@id":"https:\/\/www.compatible-capsules.com\/#organization"},"potentialAction":[{"@type":"SearchAction","target":{"@type":"EntryPoint","urlTemplate":"https:\/\/www.compatible-capsules.com\/?s={search_term_string}"},"query-input":{"@type":"PropertyValueSpecification","valueRequired":true,"valueName":"search_term_string"}}],"inLanguage":"it-IT"},{"@type":"Organization","@id":"https:\/\/www.compatible-capsules.com\/#organization","name":"WAYCAP SRLS","url":"https:\/\/www.compatible-capsules.com\/","logo":{"@type":"ImageObject","inLanguage":"it-IT","@id":"https:\/\/www.compatible-capsules.com\/#\/schema\/logo\/image\/","url":"https:\/\/www.compatible-capsules.com\/wp-content\/uploads\/2015\/11\/logo_menu_200px.png","contentUrl":"https:\/\/www.compatible-capsules.com\/wp-content\/uploads\/2015\/11\/logo_menu_200px.png","width":200,"height":200,"caption":"WAYCAP SRLS"},"image":{"@id":"https:\/\/www.compatible-capsules.com\/#\/schema\/logo\/image\/"},"sameAs":["https:\/\/www.facebook.com\/waycapcoffee\/","https:\/\/x.com\/waycapcoffee","https:\/\/www.youtube.com\/channel\/UCi6AsQOPaPIVku3lqfWf4Dg"]}]}},"_links":{"self":[{"href":"https:\/\/www.compatible-capsules.com\/it\/wp-json\/wp\/v2\/pages\/6814","targetHints":{"allow":["GET"]}}],"collection":[{"href":"https:\/\/www.compatible-capsules.com\/it\/wp-json\/wp\/v2\/pages"}],"about":[{"href":"https:\/\/www.compatible-capsules.com\/it\/wp-json\/wp\/v2\/types\/page"}],"author":[{"embeddable":true,"href":"https:\/\/www.compatible-capsules.com\/it\/wp-json\/wp\/v2\/users\/1"}],"replies":[{"embeddable":true,"href":"https:\/\/www.compatible-capsules.com\/it\/wp-json\/wp\/v2\/comments?post=6814"}],"version-history":[{"count":5,"href":"https:\/\/www.compatible-capsules.com\/it\/wp-json\/wp\/v2\/pages\/6814\/revisions"}],"predecessor-version":[{"id":11034,"href":"https:\/\/www.compatible-capsules.com\/it\/wp-json\/wp\/v2\/pages\/6814\/revisions\/11034"}],"wp:attachment":[{"href":"https:\/\/www.compatible-capsules.com\/it\/wp-json\/wp\/v2\/media?parent=6814"}],"curies":[{"name":"wp","href":"https:\/\/api.w.org\/{rel}","templated":true}]}}